{"id":33,"date":"2019-05-24T15:38:58","date_gmt":"2019-05-24T18:38:58","guid":{"rendered":"https:\/\/www.ufsm.br\/template-laboratprio\/?page_id=33"},"modified":"2019-07-29T11:15:22","modified_gmt":"2019-07-29T14:15:22","slug":"producao-cientifica","status":"publish","type":"page","link":"https:\/\/www.ufsm.br\/laboratorios\/laserg\/producao-cientifica","title":{"rendered":"Produ\u00e7\u00e3o Cient\u00edfica"},"content":{"rendered":"\n<h5>Artigos cient\u00edficos<\/h5>\n<h4>2019<\/h4>\n<p><a href=\"https:\/\/www.ufsm.br\/laboratorios\/laserg\/requirements-of-project-of-a-self-propelled-aerosol-generator-for-application-of-insecticides-against-mosquitoes\/\">Requirements of project of a self-propelled aerosol generator for application of insecticides against mosquitoes<\/a><\/p>\n<p><a href=\"https:\/\/www.ufsm.br\/laboratorios\/laserg\/methodology-for-conception-of-cabins-of-agricultural-machines-informational-phase-applied-to-a-self-propelled-sprayer\/\">Methodology for conception of cabins of agricultural machines: informational phase applied to a self-propelled sprayer<\/a><\/p>\n<p><a href=\"https:\/\/www.ufsm.br\/laboratorios\/laserg\/analise-ergonomica-e-ambiental-de-uma-empresa-metalurgica-do-ramo-de-agroindustrias-e-derivados-de-cana-de-acucar\/\">An\u00e1lise ergon\u00f4mica e ambiental de uma empresa metal\u00fargica do ramo de agroind\u00fastrias e derivados de cana de a\u00e7\u00facar<\/a><\/p>\n<p><a href=\"https:\/\/www.ufsm.br\/laboratorios\/laserg\/caracterizacao-dos-criterios-tecnicos-para-selecao-de-motosserras-e-eletrosserras\/\">Caracteriza\u00e7\u00e3o dos crit\u00e9rios t\u00e9cnicos para sele\u00e7\u00e3o de motosserras e eletrosserras<\/a><\/p>\n<p><a href=\"https:\/\/www.ufsm.br\/laboratorios\/laserg\/analise-postural-de-operador-agricola-na-atividade-de-preparo-do-solo-em-areas-de-varzea\/\">An\u00e1lise postural de operador agr\u00edcola na atividade de preparo do solo em \u00e1reas de v\u00e1rzea<\/a><\/p>\n<h4>2018<\/h4>\n<p><a href=\"https:\/\/www.ufsm.br\/laboratorios\/laserg\/distribuicao-longitudinal-de-sementes-de-soja-com-diferentes-metodos-de-tratamento-fitossanitario-por-um-dosador-de-disco-alveolar-horizontal\/\">Distribui\u00e7\u00e3o longitudinal de sementes de soja com diferentes m\u00e9todos de tratamento fitossanit\u00e1rio por um dosador de disco alveolar horizontal<\/a><\/p>\n<p><a href=\"https:\/\/www.ufsm.br\/laboratorios\/laserg\/comparison-of-methods-for-postural-assessment-in-the-operation-of-agricultural-machinery\/\">Comparison of Methods for Postural Assessment in the Operation of Agricultural Machinery<\/a><\/p>\n<p><a href=\"https:\/\/www.ufsm.br\/laboratorios\/laserg\/use-of-safety-components-to-avoid-accidents-with-agricultural-tractors-in-public-roads\/\">Use of Safety Components to Avoid Accidents With Agricultural Tractors in Public Roads<\/a><\/p>\n<p><a href=\"https:\/\/www.ufsm.br\/laboratorios\/laserg\/qualidade-da-distribuicao-longitudinal-de-sementes-de-milho-por-um-dosador-apanhador-com-auxilio-pneumatico\/\">Qualidade da distribui\u00e7\u00e3o longitudinal de sementes de milho por um dosador-apanhador com aux\u00edlio pneum\u00e1tico<\/a><\/p>\n<p><a href=\"https:\/\/www.ufsm.br\/laboratorios\/laserg\/evolution-and-application-of-the-brazilian-legislation-for-the-traffic-of-tractors-on-public-roadways\/\">Evolution and Application of the Brazilian Legislation for the Traffic of Tractors on Public Roadways<\/a><\/p>\n<p><a href=\"https:\/\/www.ufsm.br\/laboratorios\/laserg\/distribuicao-longitudinal-de-sementes-de-soja-com-diferentes-tratamentos-fitossanitarios-e-densidades-de-semeadura\/\">Distribui\u00e7\u00e3o longitudinal de sementes de soja com diferentes tratamentos fitossanit\u00e1rios e densidades de semeadura<\/a><\/p>\n<p><a href=\"https:\/\/www.ufsm.br\/laboratorios\/laserg\/caracteristicas-dimensionais-e-ponderais-dos-pulverizadores-hidropneumaticos-brasileiros\/\">Caracter\u00edsticas dimensionais e ponderais dos pulverizadores hidropneum\u00e1ticos brasileiros<\/a><\/p>\n<h4>2017<\/h4>\n<p><a href=\"https:\/\/www.ufsm.br\/laboratorios\/laserg\/frota-atual-de-tratores-por-tempo-de-uso-no-brasil\/\">Frota atual de tratores por tempo de uso no Brasil<\/a><\/p>\n<p><a href=\"https:\/\/www.ufsm.br\/laboratorios\/laserg\/ergonomics-applied-to-aquaculture-a-case-study-of-postural-risk-analysis-in-the-manual-harvesting-of-cultivated-mussels\/\">Ergonomics applied to aquaculture: A case study of postural risk analysis in the manual harvesting of cultivated mussels<\/a><\/p>\n<h4>2016<\/h4>\n<p><a href=\"https:\/\/www.ufsm.br\/laboratorios\/laserg\/specific-demands-to-the-traction-of-cutting-discs-and-furrow-openers-for-the-no-tillage-system\/\">Specific demands to the traction of cutting discs and furrow openers for the no-tillage system<\/a><\/p>\n<p><a href=\"https:\/\/www.ufsm.br\/laboratorios\/laserg\/forca-de-tracao-e-potencia-demandada-por-mecanismo-de-corte-e-sulcadores-de-semeadora-adubadora\/\">For\u00e7a de tra\u00e7\u00e3o e pot\u00eancia demandada por mecanismo de corte e sulcadores de semeadora-adubadora<\/a><\/p>\n<p><a href=\"https:\/\/www.ufsm.br\/laboratorios\/laserg\/disturbance-of-ultisol-soil-based-on-interactions-between-furrow-openers-and-coulters-for-the-no-tillage-system\/\">Disturbance of Ultisol soil based on interactions between furrow openers and coulters for the no-tillage system<\/a><\/p>\n<h4>2015<\/h4>\n<p><a href=\"https:\/\/www.ufsm.br\/laboratorios\/laserg\/comportamento-operacional-de-associacoes-entre-sulcadores-e-discos-de-corte-para-sistema-de-semeadura-direta\/\">Comportamento operacional de associa\u00e7\u00f5es entre sulcadores e discos de corte para sistema de semeadura direta<\/a><\/p>\n<h2>Teses<\/h2>\n<div class=\"item-page\">\n<div>\n<h3>2017<\/h3>\n<p><strong>T\u00edtulo:<\/strong>\u00a0Comportamento operacional de elementos sulcadores de fertilizantes em fun\u00e7\u00e3o da dist\u00e2ncia dos mesmos para o mecanismo de corte<\/p>\n<p><strong>Autor:<\/strong>\u00a0Tiago Rodrigo Francetto<\/p>\n<p><strong>Orientador:<\/strong>\u00a0Prof. Airton dos Santos Alon\u00e7o (Dr. Eng. &#8211; UFSM)<\/p>\n<p><strong>Co-orientador:<\/strong>\u00a0Prof\u00aa. Catize Brandelero (Dr\u00aa. Eng\u00aa. &#8211; UFSM)<\/p>\n<h5><a href=\"http:\/\/repositorio.ufsm.br\/handle\/1\/11570\">Download<\/a><\/h5>\n<h3>2016<\/h3>\n<p><strong>T\u00edtulo:<\/strong>\u00a0Desenvolvimento e avalia\u00e7\u00e3o de mecanismo acondicionador de palhada para descompacta\u00e7\u00e3o do solo em semeadura direta<\/p>\n<p><strong>Autor:<\/strong>\u00a0Mateus Potrich Bell\u00e9<\/p>\n<p><strong>Orientador:<\/strong>\u00a0Prof. Airton dos Santos Alon\u00e7o (Dr. Eng. &#8211; UFSM)<\/p>\n<p><strong>Co-orientador:<\/strong>\u00a0Prof\u00aa. Catize Brandelero (Dr\u00aa. Eng\u00aa. &#8211; UFSM), M\u00e1rcia Xavier peiter (Dr\u00aa &#8211; UFSM)<\/p>\n<h5><a href=\"http:\/\/repositorio.ufsm.br\/handle\/1\/3640\">Download<\/a><\/h5>\n<h3>2014<\/h3>\n<p><strong>T\u00edtulo:<\/strong>\u00a0Acur\u00e1cia e tempos de resposta de semeadora de milho \u00e0 taxa vari\u00e1vel em regimes estacion\u00e1rio e transit\u00f3rio de acionamento<\/p>\n<p><strong>Autor:<\/strong>\u00a0Ot\u00e1vio Dias da Costa Machado<\/p>\n<p><strong>Orientador:<\/strong>\u00a0Prof. Airton dos Santos Alon\u00e7o (Dr. Eng. &#8211; UFSM)<\/p>\n<h5><a href=\"http:\/\/repositorio.ufsm.br\/handle\/1\/3619\">Download<\/a><\/h5>\n<h3>2013<\/h3>\n<p><strong>T\u00edtulo:<\/strong>\u00a0Manualiza\u00e7\u00e3o virtual interativa de m\u00e1quinas agr\u00edcolas (MA VIMAG)<\/p>\n<p><strong>Autor:<\/strong>\u00a0Iria Brucker Roggia<\/p>\n<p><strong>Orientador:<\/strong>\u00a0Prof. Airton dos Santos Alon\u00e7o (Dr. Eng. &#8211; UFSM)<\/p>\n<p><strong>Co-orientador:<\/strong>\u00a0Prof\u00aa. Roseclea Duarte Medina (Dr\u00aa)<\/p>\n<h5><a href=\"http:\/\/w3.ufsm.br\/laserg\/images\/Teses\/Iria_Brucker_Roggia.pdf\">Download<\/a><\/h5>\n<h3>2012<\/h3>\n<p><strong>T\u00edtulo:<\/strong>\u00a0Tamanho amostral para ensaios em esteira de distribui\u00e7\u00e3o longitudinal de sementes de milho e soja<\/p>\n<p><strong>Autor:<\/strong>\u00a0Vilnei de Oliveira Dias<\/p>\n<p><strong>Orientador:<\/strong>\u00a0Prof. Airton dos Santos Alon\u00e7o (Dr. Eng. &#8211; UFSM)<\/p>\n<h5><a href=\"http:\/\/repositorio.ufsm.br\/handle\/1\/3604\">Download<\/a><\/h5>\n<p><strong>T\u00edtulo:<\/strong>\u00a0Metodologia para concep\u00e7\u00e3o de cabines de m\u00e1quinas agr\u00edcolas com enfoque na seguran\u00e7a e ergonomia<\/p>\n<p><strong>Autor:<\/strong>\u00a0Ulisses Benedetti Baumhardt<\/p>\n<p><strong>Orientador:<\/strong>\u00a0Prof. Airton dos Santos Alon\u00e7o (Dr. Eng. &#8211; UFSM)<\/p>\n<p><strong>Co-orientador:<\/strong>\u00a0Prof. Marcos Alves dos Reis<\/p>\n<h5><a href=\"http:\/\/repositorio.ufsm.br\/handle\/1\/3602\">Download<\/a><\/h5>\n<h3>2011<\/h3>\n<p><strong>T\u00edtulo:<\/strong>\u00a0Avalia\u00e7\u00e3o de ferramenta para escarifica\u00e7\u00e3o do solo em camadas de forma simult\u00e2nea<\/p>\n<p><strong>Autor:<\/strong>\u00a0Jos\u00e9 Ren\u00ea Freitas Gassen<\/p>\n<p><strong>Orientador:<\/strong>\u00a0Prof. Airton dos Santos Alon\u00e7o (Dr. Eng. &#8211; UFSM)<\/p>\n<h5><a href=\"http:\/\/repositorio.ufsm.br\/handle\/1\/3600\">Download<\/a><\/h5>\n<h2>Disserta\u00e7\u00f5es<\/h2>\n<div class=\"item-page\">\n<div>\n<h3>2018<\/h3>\n<p><strong>T\u00edtulo:<\/strong>\u00a0Avalia\u00e7\u00e3o de mecanismos dosadores na distribui\u00e7\u00e3o longitudinal de sementes de feij\u00e3o-caupi (Vigna unguiculata (L.) Walp)<\/p>\n<p><strong>Autor:<\/strong>\u00a0Antonio Robson Moreira<\/p>\n<p><strong>Orientador:<\/strong>\u00a0Prof. Airton dos Santos Alon\u00e7o (Dr. Eng. &#8211; UFSM)<\/p>\n<p><strong>Co-orientador:<\/strong>\u00a0Prof\u00aa. Catize Brandelero (Dr\u00aa. Eng\u00aa. &#8211; UFSM)<\/p>\n<h5><a href=\"https:\/\/repositorio.ufsm.br\/bitstream\/handle\/1\/14209\/DIS_PPGEA_2018_MOREIRA_ANTONIO.pdf?sequence=1&amp;isAllowed=y\">Download<\/a><\/h5>\n<p><strong>T\u00edtulo:<\/strong>\u00a0Compara\u00e7\u00e3o de m\u00e9todos para avalia\u00e7\u00e3o postural em opera\u00e7\u00f5es de m\u00e1quinas agr\u00edcolas<\/p>\n<p><strong>Autor:<\/strong>\u00a0Gessieli Possebom<\/p>\n<p><strong>Orientador:<\/strong>\u00a0Prof. Airton dos Santos Alon\u00e7o (Dr. Eng. &#8211; UFSM)<\/p>\n<h5><a href=\"https:\/\/repositorio.ufsm.br\/bitstream\/handle\/1\/13821\/DIS_PPGEA_2018_POSSEBOM_GESSIELI.pdf?sequence=1&amp;isAllowed=y\">Download<\/a><\/h5>\n<p><strong>T\u00edtulo:<\/strong>\u00a0Identifica\u00e7\u00e3o e levantamento da presen\u00e7a dos dispositivos de ilumina\u00e7\u00e3o e sinaliza\u00e7\u00e3o para tr\u00e1fego, em tratores agr\u00edcolas<\/p>\n<p><strong>Autor:<\/strong>\u00a0Sabrina Dalla Corte Bellochio<\/p>\n<p><strong>Orientador:<\/strong>\u00a0Prof. Airton dos Santos Alon\u00e7o (Dr. Eng. &#8211; UFSM)<\/p>\n<h5><a href=\"http:\/\/w3.ufsm.br\/laserg\/images\/Dissertacoes\/Sabrina_Bellochio.pdf\">Download<\/a><\/h5>\n<h3>2014<\/h3>\n<p><strong>T\u00edtulo:<\/strong>\u00a0Distribui\u00e7\u00e3o longitudinal de sementes de milho e soja em fun\u00e7\u00e3o do tubo condutro, mecanismo dosador e densidade de semeadura<\/p>\n<p><strong>Autor:<\/strong>\u00a0Dauto Pivetta Carpes<\/p>\n<p><strong>Orientador:<\/strong>\u00a0Prof. Airton dos Santos Alon\u00e7o (Dr. Eng. &#8211; UFSM)<\/p>\n<p><strong>Co-orientador:<\/strong>\u00a0Prof\u00aa. Catize Brandelero (Dr\u00aa. Eng\u00aa. &#8211; UFSM)<\/p>\n<h5><a href=\"http:\/\/repositorio.ufsm.br\/handle\/1\/7575\">Download<\/a><\/h5>\n<p><strong>T\u00edtulo:<\/strong>\u00a0Modelagem matem\u00e1tica para dosadores de fertilizantes por delineamento composto central rotacional<\/p>\n<p><strong>Autor:<\/strong>\u00a0Cristian Josue Franck<\/p>\n<p><strong>Orientador:<\/strong>\u00a0Prof. Airton dos Santos Alon\u00e7o (Dr. Eng. &#8211; UFSM)<\/p>\n<p><strong>Co-orientador:<\/strong>\u00a0Prof\u00aa. Catize Brandelero (Dr\u00aa. Eng\u00aa. &#8211; UFSM)<\/p>\n<h5><a href=\"http:\/\/repositorio.ufsm.br\/handle\/1\/7592\">Download<\/a><\/h5>\n<p><strong>T\u00edtulo:<\/strong>\u00a0Desempenho de mecanismos de corte dos res\u00edduos culturais e abertura de sulco para a semeadura direta<\/p>\n<p><strong>Autor:<\/strong>\u00a0Tiago Rodrigo Francetto<\/p>\n<p><strong>Orientador:<\/strong>\u00a0Prof. Airton dos Santos Alon\u00e7o (Dr. Eng. &#8211; UFSM)<\/p>\n<p><strong>Co-orientador:<\/strong>\u00a0Prof\u00aa. Catize Brandelero (Dr\u00aa. Eng\u00aa. &#8211; UFSM), Prof. Regis Durigon (Dr. Eng. &#8211; UFSM)<\/p>\n<h5><a href=\"http:\/\/repositorio.ufsm.br\/handle\/1\/7580\">Download<\/a><\/h5>\n<h3>2013<\/h3>\n<p><strong>T\u00edtulo:<\/strong>\u00a0Desempenho de elementos descompactadores para escarifica\u00e7\u00e3o em sistema de semeadura direta<\/p>\n<p><strong>Autor:<\/strong>\u00a0Mateus Potrich Bell\u00e9<\/p>\n<p><strong>Orientador:<\/strong>\u00a0Prof. Airton dos Santos Alon\u00e7o (Dr. Eng. &#8211; UFSM)<\/p>\n<p><strong>Co-orientador:<\/strong>\u00a0Prof\u00ba. Oni Reasilva de Almeida Oliveira Sichonany, Prof\u00ba.\u00a0 Regis Durigon (Dr. Eng. &#8211; UFSM)<\/p>\n<h5><a href=\"http:\/\/repositorio.ufsm.br\/handle\/1\/7563\">Download<\/a><\/h5>\n<h3>2012<\/h3>\n<p><strong>T\u00edtulo:<\/strong>\u00a0Desempenho de dosadores de fertilizantes de semeadoras \u2013 adubadoras em linha<\/p>\n<p><strong>Autor:<\/strong>\u00a0Gustavo Jos\u00e9 Bonotto<\/p>\n<p><strong>Orientador:<\/strong>\u00a0Prof. Airton dos Santos Alon\u00e7o (Dr. Eng. &#8211; UFSM)<\/p>\n<h5><a href=\"http:\/\/repositorio.ufsm.br\/handle\/1\/7570\">Download<\/a><\/h5>\n<h3>2009<\/h3>\n<p><strong>T\u00edtulo:<\/strong>\u00a0Desempenho de dois prot\u00f3tipos de semeadoras-adubadoras para plantio direto<\/p>\n<p><strong>Autor:<\/strong>\u00a0Vilnei de Oliveira Dias<\/p>\n<p><strong>Orientador:<\/strong>\u00a0Prof. Airton dos Santos Alon\u00e7o (Dr. Eng. &#8211; UFSM)<\/p>\n<h5><a href=\"http:\/\/repositorio.ufsm.br\/handle\/1\/7511\">Download<\/a><\/h5>\n<p><strong>T\u00edtulo:<\/strong>\u00a0Projeto de um nebulizador autopropelido para aplica\u00e7\u00e3o de inseticidas no combate aos mosquitos: fases informacional e conceitual<\/p>\n<p><strong>Autor:<\/strong>\u00a0Ulisses Benedetti Baumhardt<\/p>\n<p><strong>Orientador:<\/strong>\u00a0Prof. Airton dos Santos Alon\u00e7o (Dr. Eng. &#8211; UFSM)<\/p>\n<h5><a href=\"http:\/\/repositorio.ufsm.br\/handle\/1\/7545\">Download<\/a><\/h5>\n<p><strong>T\u00edtulo:<\/strong>\u00a0Efeito da inclina\u00e7\u00e3o e da velocidade de deslocamento da semeadora no desempenho de dosadores pneum\u00e1ticos de sementes<\/p>\n<p><strong>Autor:<\/strong>\u00a0Hendrigo Alberto Torchelsen da Silveira<\/p>\n<p><strong>Orientador:<\/strong>\u00a0Prof. Airton dos Santos Alon\u00e7o (Dr. Eng. &#8211; UFSM)<\/p>\n<h5>Download<\/h5>\n<h3>2008<\/h3>\n<p><strong>T\u00edtulo:<\/strong>\u00a0Uso da metodologia \u00e1rvore de causas na investiga\u00e7\u00e3o de acidente rural<\/p>\n<p>Autor: Daniel Biazus Massoco<\/p>\n<p>Orientador: Prof. Airton dos Santos Alon\u00e7o (Dr. Eng. &#8211; UFSM)<\/p>\n<h5><a href=\"http:\/\/w3.ufsm.br\/laserg\/images\/Dissertacoes\/Daniel_Biazus_Massoco.pdf\">Download<\/a><\/h5>\n<p><strong>T\u00edtulo:<\/strong>\u00a0Levantamento e identifica\u00e7\u00e3o de s\u00edmbolos gr\u00e1ficos utilizados para caracterizar comandos e controles de tratores agr\u00edcolas<\/p>\n<p><strong>Autor:<\/strong>\u00a0M\u00f4nica Regina Gonzatti Balestra<\/p>\n<p><strong>Orientador:<\/strong>\u00a0Prof. Airton dos Santos Alon\u00e7o (Dr. Eng. &#8211; UFSM)<\/p>\n<h5><a href=\"http:\/\/repositorio.ufsm.br\/handle\/1\/7497\">Download<\/a><\/h5>\n<p><strong>T\u00edtulo:<\/strong>\u00a0Estudo ergon\u00f4mico na linha de montagem de tratores agr\u00edcolas<\/p>\n<p><strong>Autor:<\/strong>\u00a0Wilson Valente da Costa Neto<\/p>\n<p><strong>Orientador:<\/strong>\u00a0Prof. Airton dos Santos Alon\u00e7o (Dr. Eng. &#8211; UFSM)<\/p>\n<h5><a href=\"http:\/\/repositorio.ufsm.br\/handle\/1\/7504\">Download<\/a><\/h5>\n<h3>2007<\/h3>\n<p><strong>T\u00edtulo:<\/strong>\u00a0Desenvolvimento de um ve\u00edculo a\u00e9reo n\u00e3o tripulado para aplica\u00e7\u00e3o em agricultura de precis\u00e3o<\/p>\n<p><strong>Autor:<\/strong>\u00a0Fabricio Ardais Medeiros<\/p>\n<p><strong>Orientador:<\/strong>\u00a0Prof. Airton dos Santos Alon\u00e7o (Dr. Eng. &#8211; UFSM)<\/p>\n<h5><a href=\"http:\/\/w3.ufsm.br\/laserg\/images\/Dissertacoes\/Fabricio_Ardais_Medeiros.pdf\">Download<\/a><\/h5>\n<p><strong>T\u00edtulo:<\/strong>\u00a0Projeto de um nebulizador autopropelido para aplica\u00e7\u00e3o de inseticidas no combate aos mosquitos: Fases informacional e conceitual<\/p>\n<p><strong>Autor:<\/strong>\u00a0Ulisses Benedetti Baumhardt<\/p>\n<p><strong>Orientador:<\/strong>\u00a0Prof. Airton dos Santos Alon\u00e7o (Dr. Eng. &#8211; UFSM)<\/p>\n<h5>Download<\/h5>\n<p><strong>T\u00edtulo:<\/strong>\u00a0An\u00e1lise do n\u00edvel de vibra\u00e7\u00f5es verticais no assento de um trator agr\u00edcola<\/p>\n<p><strong>Autor:<\/strong>\u00a0Danilo Franchini<\/p>\n<p><strong>Orientador:<\/strong>\u00a0Prof. Airton dos Santos Alon\u00e7o (Dr. Eng. &#8211; UFSM)<\/p>\n<h5><a href=\"http:\/\/repositorio.ufsm.br\/bitstream\/handle\/1\/7590\/Danilo.pdf\">Download<\/a><\/h5>\n<\/div>\n<\/div>\n<\/div>\n<\/div>\n","protected":false},"excerpt":{"rendered":"<p>Artigos cient\u00edficos 2019 Requirements of project of a self-propelled aerosol generator for application of insecticides against mosquitoes Methodology for conception of cabins of agricultural machines: informational phase applied to a self-propelled sprayer An\u00e1lise ergon\u00f4mica e ambiental de uma empresa metal\u00fargica do ramo de agroind\u00fastrias e derivados de cana de a\u00e7\u00facar Caracteriza\u00e7\u00e3o dos crit\u00e9rios t\u00e9cnicos para [&hellip;]<\/p>\n","protected":false},"author":25,"featured_media":0,"parent":0,"menu_order":0,"comment_status":"closed","ping_status":"closed","template":"","meta":{"footnotes":""},"categories":[],"tags":[],"class_list":["post-33","page","type-page","status-publish","hentry"],"acf":[],"_links":{"self":[{"href":"https:\/\/www.ufsm.br\/laboratorios\/laserg\/wp-json\/wp\/v2\/pages\/33","targetHints":{"allow":["GET"]}}],"collection":[{"href":"https:\/\/www.ufsm.br\/laboratorios\/laserg\/wp-json\/wp\/v2\/pages"}],"about":[{"href":"https:\/\/www.ufsm.br\/laboratorios\/laserg\/wp-json\/wp\/v2\/types\/page"}],"author":[{"embeddable":true,"href":"https:\/\/www.ufsm.br\/laboratorios\/laserg\/wp-json\/wp\/v2\/users\/25"}],"replies":[{"embeddable":true,"href":"https:\/\/www.ufsm.br\/laboratorios\/laserg\/wp-json\/wp\/v2\/comments?post=33"}],"version-history":[{"count":0,"href":"https:\/\/www.ufsm.br\/laboratorios\/laserg\/wp-json\/wp\/v2\/pages\/33\/revisions"}],"wp:attachment":[{"href":"https:\/\/www.ufsm.br\/laboratorios\/laserg\/wp-json\/wp\/v2\/media?parent=33"}],"wp:term":[{"taxonomy":"category","embeddable":true,"href":"https:\/\/www.ufsm.br\/laboratorios\/laserg\/wp-json\/wp\/v2\/categories?post=33"},{"taxonomy":"post_tag","embeddable":true,"href":"https:\/\/www.ufsm.br\/laboratorios\/laserg\/wp-json\/wp\/v2\/tags?post=33"}],"curies":[{"name":"wp","href":"https:\/\/api.w.org\/{rel}","templated":true}]}}