{"id":53,"date":"2019-07-29T10:47:58","date_gmt":"2019-07-29T13:47:58","guid":{"rendered":"https:\/\/www.ufsm.br\/laboratorios\/laserg\/?page_id=53"},"modified":"2019-07-29T10:48:00","modified_gmt":"2019-07-29T13:48:00","slug":"analise-ergonomica-e-ambiental-de-uma-empresa-metalurgica-do-ramo-de-agroindustrias-e-derivados-de-cana-de-acucar","status":"publish","type":"page","link":"https:\/\/www.ufsm.br\/laboratorios\/laserg\/analise-ergonomica-e-ambiental-de-uma-empresa-metalurgica-do-ramo-de-agroindustrias-e-derivados-de-cana-de-acucar","title":{"rendered":"An\u00e1lise ergon\u00f4mica e ambiental de uma empresa metal\u00fargica do ramo de agroind\u00fastrias e derivados de cana de a\u00e7\u00facar"},"content":{"rendered":"\n<div class=\"item-page\" style=\"min-height: 450px;color: #666666;font-family: Helvetica, Arial, sans-serif;font-size: 13px\">\n<div>\n<p style=\"margin-top: 0px;margin-bottom: 10px\"><span style=\"color: #000000;font-size: 10pt;font-family: helvetica\">Dentre as linhas de atua\u00e7\u00e3o da an\u00e1lise ergon\u00f4mica do trabalho, h\u00e1 a avalia\u00e7\u00e3o dos fatores de realiza\u00e7\u00e3o de uma determinada tarefa. As condi\u00e7\u00f5es de trabalho podem influenciar diretamente no aumento de produtividade, lucros, redu\u00e7\u00e3o de perdas, al\u00e9m de proporcionar conforto e seguran\u00e7a dos trabalhadores. Desse modo, este trabalho teve por objetivo avaliar as posturas realizadas durante uma jornada de trabalho, bem como as condi\u00e7\u00f5es ambientais, elaborando diagn\u00f3sticos e poss\u00edveis recomenda\u00e7\u00f5es, em cinco setores de uma empresa metal\u00fargica no munic\u00edpio de Jaguari \u2013 RS. Foi aplicado um question\u00e1rio para verifica\u00e7\u00e3o do funcionamento geral da empresa e observadas as condi\u00e7\u00f5es de ilumina\u00e7\u00e3o e ru\u00eddo para realiza\u00e7\u00e3o das tarefas de cinco funcion\u00e1rios. A an\u00e1lise postural foi realizada atrav\u00e9s da observa\u00e7\u00e3o no ambiente de trabalho e tamb\u00e9m atrav\u00e9s de imagens com o aux\u00edlio do software Ergol\u00e2ndia 5.0, com a utiliza\u00e7\u00e3o dos m\u00e9todos RULA e OWAS. Atrav\u00e9s das an\u00e1lises, foi observado que apenas um posto de trabalho n\u00e3o estava conforme a norma para ilumin\u00e2ncia de interiores, e nenhum dos postos atendia \u00e0 norma de refer\u00eancia para ru\u00eddo. Ainda, a maioria dos funcion\u00e1rios realizavam algum tipo de esfor\u00e7o para o carregamento de pe\u00e7as, o que corrobora para os resultados dos m\u00e9todos posturais que apresentaram necessidade de investiga\u00e7\u00e3o e corre\u00e7\u00f5es em alguns postos de trabalho. Assim, concluiu-se que existe a necessidade da ado\u00e7\u00e3o de mudan\u00e7as em alguns postos de trabalho, principalmente no que se refere \u00e0s condi\u00e7\u00f5es posturais de realiza\u00e7\u00e3o das tarefas.<\/span><\/p>\n<p style=\"margin-top: 0px;margin-bottom: 10px\"><span style=\"font-family: helvetica;font-size: 10pt\"><span style=\"color: #000000\">Palavras-chave: An\u00e1lise postural do trabalho, RULA, OWAS<\/span>.<\/span><\/p>\n<p style=\"margin-top: 0px;margin-bottom: 10px\">\u00a0<\/p>\n<p style=\"margin-top: 0px;margin-bottom: 10px;font-size: 13px\">Texto completo:\u00a0<a style=\"background: 0px 0px;color: #4782b2\" href=\"https:\/\/online.unisc.br\/seer\/index.php\/tecnologica\/article\/view\/12382\/7899\">PDF<\/a><a style=\"background: 0px 0px;color: #4782b2\" href=\"http:\/\/www.ccsenet.org\/journal\/index.php\/jas\/article\/download\/75000\/42694\"><br \/><\/a><\/p>\n<p style=\"margin-top: 0px;margin-bottom: 10px;font-size: 13px\">DOI:<a style=\"background: 0px 0px;color: #4782b2\" href=\"http:\/\/dx.doi.org\/10.17058\/tecnolog.v23i1.12382\">http:\/\/dx.doi.org\/10.17058\/tecnolog.v23i1.12382<\/a><\/p>\n<p style=\"margin-top: 0px;margin-bottom: 10px;font-size: 13px\">Autores: Dauto Pivetta Carpes, Airton dos Santos Alon\u00e7o, Gessieli Possebom, Ant\u00f4nio Robson Moreira, Rafael Sobroza Becker, Bruno Cristiano Correa Ruiz Zart, Tiago Gon\u00e7alves Lopes.<\/p>\n<div>\u00a0<\/div>\n<\/div>\n<\/div>\n","protected":false},"excerpt":{"rendered":"<p>Dentre as linhas de atua\u00e7\u00e3o da an\u00e1lise ergon\u00f4mica do trabalho, h\u00e1 a avalia\u00e7\u00e3o dos fatores de realiza\u00e7\u00e3o de uma determinada tarefa. As condi\u00e7\u00f5es de trabalho podem influenciar diretamente no aumento de produtividade, lucros, redu\u00e7\u00e3o de perdas, al\u00e9m de proporcionar conforto e seguran\u00e7a dos trabalhadores. Desse modo, este trabalho teve por objetivo avaliar as posturas realizadas [&hellip;]<\/p>\n","protected":false},"author":115,"featured_media":0,"parent":0,"menu_order":0,"comment_status":"closed","ping_status":"closed","template":"","meta":{"footnotes":""},"categories":[],"tags":[],"class_list":["post-53","page","type-page","status-publish","hentry"],"acf":[],"_links":{"self":[{"href":"https:\/\/www.ufsm.br\/laboratorios\/laserg\/wp-json\/wp\/v2\/pages\/53","targetHints":{"allow":["GET"]}}],"collection":[{"href":"https:\/\/www.ufsm.br\/laboratorios\/laserg\/wp-json\/wp\/v2\/pages"}],"about":[{"href":"https:\/\/www.ufsm.br\/laboratorios\/laserg\/wp-json\/wp\/v2\/types\/page"}],"author":[{"embeddable":true,"href":"https:\/\/www.ufsm.br\/laboratorios\/laserg\/wp-json\/wp\/v2\/users\/115"}],"replies":[{"embeddable":true,"href":"https:\/\/www.ufsm.br\/laboratorios\/laserg\/wp-json\/wp\/v2\/comments?post=53"}],"version-history":[{"count":0,"href":"https:\/\/www.ufsm.br\/laboratorios\/laserg\/wp-json\/wp\/v2\/pages\/53\/revisions"}],"wp:attachment":[{"href":"https:\/\/www.ufsm.br\/laboratorios\/laserg\/wp-json\/wp\/v2\/media?parent=53"}],"wp:term":[{"taxonomy":"category","embeddable":true,"href":"https:\/\/www.ufsm.br\/laboratorios\/laserg\/wp-json\/wp\/v2\/categories?post=53"},{"taxonomy":"post_tag","embeddable":true,"href":"https:\/\/www.ufsm.br\/laboratorios\/laserg\/wp-json\/wp\/v2\/tags?post=53"}],"curies":[{"name":"wp","href":"https:\/\/api.w.org\/{rel}","templated":true}]}}