{"id":54,"date":"2019-07-29T10:48:35","date_gmt":"2019-07-29T13:48:35","guid":{"rendered":"https:\/\/www.ufsm.br\/laboratorios\/laserg\/?page_id=54"},"modified":"2019-07-29T10:48:37","modified_gmt":"2019-07-29T13:48:37","slug":"caracterizacao-dos-criterios-tecnicos-para-selecao-de-motosserras-e-eletrosserras","status":"publish","type":"page","link":"https:\/\/www.ufsm.br\/laboratorios\/laserg\/caracterizacao-dos-criterios-tecnicos-para-selecao-de-motosserras-e-eletrosserras","title":{"rendered":"Caracteriza\u00e7\u00e3o dos crit\u00e9rios t\u00e9cnicos para sele\u00e7\u00e3o de motosserras e eletrosserras"},"content":{"rendered":"\n<p style=\"margin-bottom: 10px;color: #666666;font-family: Helvetica, Arial, sans-serif;font-size: 13px\"><span style=\"color: #000000;font-size: 10pt;font-family: helvetica\">As motosserras e eletrosserras s\u00e3o intensamente utilizadas para o corte de \u00e1rvores por pequenos produtores rurais, assim como por grandes empresas reflorestadoras. O objetivo deste trabalho \u00e9 caracterizar os crit\u00e9rios t\u00e9cnicos para a sele\u00e7\u00e3o de motosserras e eletrosserras comercializadas no mercado brasileiro. Para isso, os dados foram coletados em cat\u00e1logos t\u00e9cnicos publicados pelas empresas fabricantes e montadoras dessas m\u00e1quinas no Brasil. As caracter\u00edsticas analisadas foram: marca, modelo, pot\u00eancia, massa, conjunto motor e de corte. Para a classifica\u00e7\u00e3o das motosserras e das eletrosserras adotou-se a literatura cl\u00e1ssica, em que s\u00e3o diferenciadas como leves, m\u00e9dias e pesadas, adaptando-se as classes de pot\u00eancia conforme modelos dispon\u00edveis. Os resultados identificaram 14 marcas de motosserras que produzem 155 modelos com motores de combust\u00e3o interna (dois tempos). Os resultados para as eletrosserras indicaram a exist\u00eancia de nove marcas que disponibilizam 44 modelos com alimenta\u00e7\u00e3o de energia por cabos ou baterias. Nas m\u00e1quinas de uso profissional, a pot\u00eancia varia de 2,30 a 5,20 kW. Nas m\u00e1quinas para o uso ocasional, as pot\u00eancias normalmente s\u00e3o inferiores a 2,20 kW. As classes m\u00e9dia e pesada apresentaram menores rela\u00e7\u00f5es massa\/pot\u00eancia, quando comparadas \u00e0 classe leve. Verificou-se que com o aumento da pot\u00eancia aumenta-se tamb\u00e9m a capacidade volum\u00e9trica do tanque de combust\u00edvel. Como crit\u00e9rios para a sele\u00e7\u00e3o das m\u00e1quinas estudadas, destaca-se a finalidade de uso, a rela\u00e7\u00e3o massa\/pot\u00eancia, o volume do tanque de combust\u00edvel e o comprimento do sabre.<\/span><\/p>\n<p style=\"margin-top: 0px;margin-bottom: 10px;color: #666666;font-family: Helvetica, Arial, sans-serif;font-size: 13px\"><span style=\"font-family: helvetica;font-size: 10pt;color: #000000\">Palavras-chave: Motor dois tempos, Pot\u00eancia, Corte semimecanizado.<\/span><\/p>\n<p style=\"margin-top: 0px;margin-bottom: 10px;color: #666666;font-family: Helvetica, Arial, sans-serif;font-size: 13px\"><span>\u00a0<\/span><\/p>\n<p style=\"margin-top: 0px;margin-bottom: 10px;color: #666666;font-family: Helvetica, Arial, sans-serif;font-size: 13px\">Texto completo:\u00a0<a style=\"background: 0px 0px;color: #4782b2\" href=\"https:\/\/online.unisc.br\/seer\/index.php\/tecnologica\/article\/view\/12154\/7895\">PDF<\/a><a style=\"background: 0px 0px;color: #4782b2\" href=\"http:\/\/www.ccsenet.org\/journal\/index.php\/jas\/article\/download\/75000\/42694\"><br \/><\/a><\/p>\n<p style=\"margin-top: 0px;margin-bottom: 10px;color: #666666;font-family: Helvetica, Arial, sans-serif;font-size: 13px\">DOI:<a style=\"background: 0px 0px;color: #4782b2\" href=\"http:\/\/dx.doi.org\/10.17058\/tecnolog.v23i1.12154\">http:\/\/dx.doi.org\/10.17058\/tecnolog.v23i1.12154<\/a><\/p>\n<p style=\"margin-top: 0px;margin-bottom: 10px;color: #666666;font-family: Helvetica, Arial, sans-serif;font-size: 13px\">Autores: Catize Brandelero, Valmir Werner, Marcelo Alberto Hilgert, Jaqueline Ottonelli, Bruno Bortoluzzi Benetti, Eliana Andreia Vogt, Tiago Rodrigo Francetto, Airton dos Santos Alon\u00e7o.<\/p>\n","protected":false},"excerpt":{"rendered":"<p>As motosserras e eletrosserras s\u00e3o intensamente utilizadas para o corte de \u00e1rvores por pequenos produtores rurais, assim como por grandes empresas reflorestadoras. O objetivo deste trabalho \u00e9 caracterizar os crit\u00e9rios t\u00e9cnicos para a sele\u00e7\u00e3o de motosserras e eletrosserras comercializadas no mercado brasileiro. Para isso, os dados foram coletados em cat\u00e1logos t\u00e9cnicos publicados pelas empresas fabricantes [&hellip;]<\/p>\n","protected":false},"author":115,"featured_media":0,"parent":0,"menu_order":0,"comment_status":"closed","ping_status":"closed","template":"","meta":{"footnotes":""},"categories":[],"tags":[],"class_list":["post-54","page","type-page","status-publish","hentry"],"acf":[],"_links":{"self":[{"href":"https:\/\/www.ufsm.br\/laboratorios\/laserg\/wp-json\/wp\/v2\/pages\/54","targetHints":{"allow":["GET"]}}],"collection":[{"href":"https:\/\/www.ufsm.br\/laboratorios\/laserg\/wp-json\/wp\/v2\/pages"}],"about":[{"href":"https:\/\/www.ufsm.br\/laboratorios\/laserg\/wp-json\/wp\/v2\/types\/page"}],"author":[{"embeddable":true,"href":"https:\/\/www.ufsm.br\/laboratorios\/laserg\/wp-json\/wp\/v2\/users\/115"}],"replies":[{"embeddable":true,"href":"https:\/\/www.ufsm.br\/laboratorios\/laserg\/wp-json\/wp\/v2\/comments?post=54"}],"version-history":[{"count":0,"href":"https:\/\/www.ufsm.br\/laboratorios\/laserg\/wp-json\/wp\/v2\/pages\/54\/revisions"}],"wp:attachment":[{"href":"https:\/\/www.ufsm.br\/laboratorios\/laserg\/wp-json\/wp\/v2\/media?parent=54"}],"wp:term":[{"taxonomy":"category","embeddable":true,"href":"https:\/\/www.ufsm.br\/laboratorios\/laserg\/wp-json\/wp\/v2\/categories?post=54"},{"taxonomy":"post_tag","embeddable":true,"href":"https:\/\/www.ufsm.br\/laboratorios\/laserg\/wp-json\/wp\/v2\/tags?post=54"}],"curies":[{"name":"wp","href":"https:\/\/api.w.org\/{rel}","templated":true}]}}