{"id":55,"date":"2019-07-29T10:49:04","date_gmt":"2019-07-29T13:49:04","guid":{"rendered":"https:\/\/www.ufsm.br\/laboratorios\/laserg\/?page_id=55"},"modified":"2019-07-29T10:49:06","modified_gmt":"2019-07-29T13:49:06","slug":"analise-postural-de-operador-agricola-na-atividade-de-preparo-do-solo-em-areas-de-varzea","status":"publish","type":"page","link":"https:\/\/www.ufsm.br\/laboratorios\/laserg\/analise-postural-de-operador-agricola-na-atividade-de-preparo-do-solo-em-areas-de-varzea","title":{"rendered":"An\u00e1lise postural de operador agr\u00edcola na atividade de preparo do solo em \u00e1reas de v\u00e1rzea"},"content":{"rendered":"\n<p>O trabalho do homem, quando executado de forma exaustiva, pode trazer consequ\u00eancias prejudiciais ao seu corpo, pela exig\u00eancia f\u00edsica, esfor\u00e7os transmitidos pelos equipamentos e, principalmente, pela postura necess\u00e1ria para o desenvolvimento de uma determinada atividade. Com isso, o objetivo do trabalho foi avaliar as posturas realizadas durante a jornada de trabalho de um operador de trator agr\u00edcola na atividade de preparo do solo em \u00e1rea de v\u00e1rzea. Para a coleta de dados, foi realizado o acompanhamento da atividade em uma propriedade rural, no munic\u00edpio de Ivor\u00e1 \u2013 RS, por meio de registros fotogr\u00e1ficos das posturas do operador ao longo da jornada de trabalho di\u00e1ria, al\u00e9m da contagem do n\u00famero de viradas do operador para tr\u00e1s e o tempo em que permanecia nessa posi\u00e7\u00e3o. A an\u00e1lise postural foi efetuada com os m\u00e9todos OWAS, RULA e REBA, sob uso do software Ergol\u00e2ndia 6.0. As an\u00e1lises permitiram observar que as posturas de rota\u00e7\u00e3o do tronco para tr\u00e1s diminu\u00edram ao longo da jornada de trabalho e foram impulsionadas, possivelmente, pela fadiga ocasionada pelo trabalho. Ainda, a an\u00e1lise geral dos m\u00e9todos demonstraram a necessidade de interven\u00e7\u00e3o ergon\u00f4mica \u00e0 curto prazo, como o apoio de membros superiores durante a realiza\u00e7\u00e3o da tarefa.<\/p>\n<p>Palavras-chave: Ergonomia, M\u00e9todos, Interven\u00e7\u00e3o.<\/p>\n<p>\u00a0<\/p>\n<p>Texto completo:\u00a0<a href=\"https:\/\/online.unisc.br\/seer\/index.php\/tecnologica\/article\/view\/12377\/7898\">PDF<\/a><a href=\"http:\/\/www.ccsenet.org\/journal\/index.php\/jas\/article\/download\/75000\/42694\"><br \/><\/a><\/p>\n<p>DOI:\u00a0<a href=\"http:\/\/dx.doi.org\/10.17058\/tecnolog.v23i1.12377\">http:\/\/dx.doi.org\/10.17058\/tecnolog.v23i1.12377<\/a><\/p>\n<p>Autores: Luan Pierre Pott, Juliano Depoi, Airton dos Santos Alon\u00e7o, Gessieli Possebom, Tiago Gon\u00e7alves Lopes, Rafael Sobroza Becker, Dauto Pivetta Carpes, Gabriel Donato<\/p>\n","protected":false},"excerpt":{"rendered":"<p>O trabalho do homem, quando executado de forma exaustiva, pode trazer consequ\u00eancias prejudiciais ao seu corpo, pela exig\u00eancia f\u00edsica, esfor\u00e7os transmitidos pelos equipamentos e, principalmente, pela postura necess\u00e1ria para o desenvolvimento de uma determinada atividade. Com isso, o objetivo do trabalho foi avaliar as posturas realizadas durante a jornada de trabalho de um operador de [&hellip;]<\/p>\n","protected":false},"author":115,"featured_media":0,"parent":0,"menu_order":0,"comment_status":"closed","ping_status":"closed","template":"","meta":{"footnotes":""},"categories":[],"tags":[],"class_list":["post-55","page","type-page","status-publish","hentry"],"acf":[],"_links":{"self":[{"href":"https:\/\/www.ufsm.br\/laboratorios\/laserg\/wp-json\/wp\/v2\/pages\/55","targetHints":{"allow":["GET"]}}],"collection":[{"href":"https:\/\/www.ufsm.br\/laboratorios\/laserg\/wp-json\/wp\/v2\/pages"}],"about":[{"href":"https:\/\/www.ufsm.br\/laboratorios\/laserg\/wp-json\/wp\/v2\/types\/page"}],"author":[{"embeddable":true,"href":"https:\/\/www.ufsm.br\/laboratorios\/laserg\/wp-json\/wp\/v2\/users\/115"}],"replies":[{"embeddable":true,"href":"https:\/\/www.ufsm.br\/laboratorios\/laserg\/wp-json\/wp\/v2\/comments?post=55"}],"version-history":[{"count":0,"href":"https:\/\/www.ufsm.br\/laboratorios\/laserg\/wp-json\/wp\/v2\/pages\/55\/revisions"}],"wp:attachment":[{"href":"https:\/\/www.ufsm.br\/laboratorios\/laserg\/wp-json\/wp\/v2\/media?parent=55"}],"wp:term":[{"taxonomy":"category","embeddable":true,"href":"https:\/\/www.ufsm.br\/laboratorios\/laserg\/wp-json\/wp\/v2\/categories?post=55"},{"taxonomy":"post_tag","embeddable":true,"href":"https:\/\/www.ufsm.br\/laboratorios\/laserg\/wp-json\/wp\/v2\/tags?post=55"}],"curies":[{"name":"wp","href":"https:\/\/api.w.org\/{rel}","templated":true}]}}