{"id":57,"date":"2019-07-29T10:50:45","date_gmt":"2019-07-29T13:50:45","guid":{"rendered":"https:\/\/www.ufsm.br\/laboratorios\/laserg\/?page_id=57"},"modified":"2019-07-29T10:50:47","modified_gmt":"2019-07-29T13:50:47","slug":"distribuicao-longitudinal-de-sementes-de-soja-com-diferentes-metodos-de-tratamento-fitossanitario-por-um-dosador-de-disco-alveolar-horizontal","status":"publish","type":"page","link":"https:\/\/www.ufsm.br\/laboratorios\/laserg\/distribuicao-longitudinal-de-sementes-de-soja-com-diferentes-metodos-de-tratamento-fitossanitario-por-um-dosador-de-disco-alveolar-horizontal","title":{"rendered":"Distribui\u00e7\u00e3o longitudinal de sementes de soja com diferentes m\u00e9todos de tratamento fitossanit\u00e1rio por um dosador de disco alveolar horizontal"},"content":{"rendered":"\n<p>A express\u00e3o do potencial gen\u00e9tico da cultura da soja, possui rela\u00e7\u00e3o direta com a qualidade da opera\u00e7\u00e3o de semeadura, bem como, a utiliza\u00e7\u00e3o de sementes de elevado vigor e qualidade sanit\u00e1ria. O tratamento fitossanit\u00e1rio de sementes, \u00e9 uma alternativa utilizada com a finalidade de proteger as sementes e pl\u00e2ntulas nos est\u00e1dios iniciais de desenvolvimento da cultura contra a a\u00e7\u00e3o de pat\u00f3genos causadores de danos. Deste modo, objetivou-se avaliar diferentes m\u00e9todos e produtos utilizados para o tratamento fitossanit\u00e1rio de sementes de soja, observando o seu efeito no desempenho de um dosador de disco alveolar horizontal. Os fatores observados foram os diferentes m\u00e9todos de tratamento fitossanit\u00e1rio de sementes em quatro n\u00edveis, tratamento em tambor rotativo, adi\u00e7\u00e3o de pol\u00edmeros em tratamento industrial, tratamento industrial com adi\u00e7\u00e3o de grafite e sementes sem adi\u00e7\u00e3o de produto (testemunha). O segundo fator, foram as diferentes densidades de semeadura em quatro n\u00edveis (12, 14, 16, 18 sem m-1). As vari\u00e1veis analisadas foram os espa\u00e7amentos entre sementes, aceit\u00e1veis, m\u00faltiplos, falhos e precis\u00e3o. Ap\u00f3s a an\u00e1lise e interpreta\u00e7\u00e3o dos dados concluiu-se que, tanto o lubrificante s\u00f3lido grafite como tamb\u00e9m os pol\u00edmeros de recobrimento, podem ser utilizados sem que ocorra redu\u00e7\u00e3o da qualidade de distribui\u00e7\u00e3o longitudinal de sementes com tratamento fitossanit\u00e1rio.<\/p>\n<p>Palavras-chave: densidade de semeadura, dosador de precis\u00e3o, pol\u00edmeros adesivos.<\/p>\n<p>Texto completo:\u00a0<a href=\"http:\/\/periodicoscientificos.ufmt.br\/ojs\/index.php\/nativa\/article\/view\/5696\/4773\">PDF<\/a><a href=\"http:\/\/www.ccsenet.org\/journal\/index.php\/jas\/article\/download\/75000\/42694\"><br \/><\/a><\/p>\n<p>DOI:<a href=\"http:\/\/dx.doi.org\/10.31413\/nativa.v6i5.5696\">http:\/\/dx.doi.org\/10.31413\/nativa.v6i5.5696<\/a><\/p>\n<p>Autores: Dauto Pivetta Carpes, Airton dos Santos Alon\u00e7o, Ant\u00f4nio Robson Moreira, Gessieli Possebom, Arthur de Lima Pires, Pablo do Amaral Alon\u00e7o, Bruno Cristiano Correa Ruiz Zart .<\/p>\n","protected":false},"excerpt":{"rendered":"<p>A express\u00e3o do potencial gen\u00e9tico da cultura da soja, possui rela\u00e7\u00e3o direta com a qualidade da opera\u00e7\u00e3o de semeadura, bem como, a utiliza\u00e7\u00e3o de sementes de elevado vigor e qualidade sanit\u00e1ria. O tratamento fitossanit\u00e1rio de sementes, \u00e9 uma alternativa utilizada com a finalidade de proteger as sementes e pl\u00e2ntulas nos est\u00e1dios iniciais de desenvolvimento da [&hellip;]<\/p>\n","protected":false},"author":115,"featured_media":0,"parent":0,"menu_order":0,"comment_status":"closed","ping_status":"closed","template":"","meta":{"footnotes":""},"categories":[],"tags":[],"class_list":["post-57","page","type-page","status-publish","hentry"],"acf":[],"_links":{"self":[{"href":"https:\/\/www.ufsm.br\/laboratorios\/laserg\/wp-json\/wp\/v2\/pages\/57","targetHints":{"allow":["GET"]}}],"collection":[{"href":"https:\/\/www.ufsm.br\/laboratorios\/laserg\/wp-json\/wp\/v2\/pages"}],"about":[{"href":"https:\/\/www.ufsm.br\/laboratorios\/laserg\/wp-json\/wp\/v2\/types\/page"}],"author":[{"embeddable":true,"href":"https:\/\/www.ufsm.br\/laboratorios\/laserg\/wp-json\/wp\/v2\/users\/115"}],"replies":[{"embeddable":true,"href":"https:\/\/www.ufsm.br\/laboratorios\/laserg\/wp-json\/wp\/v2\/comments?post=57"}],"version-history":[{"count":0,"href":"https:\/\/www.ufsm.br\/laboratorios\/laserg\/wp-json\/wp\/v2\/pages\/57\/revisions"}],"wp:attachment":[{"href":"https:\/\/www.ufsm.br\/laboratorios\/laserg\/wp-json\/wp\/v2\/media?parent=57"}],"wp:term":[{"taxonomy":"category","embeddable":true,"href":"https:\/\/www.ufsm.br\/laboratorios\/laserg\/wp-json\/wp\/v2\/categories?post=57"},{"taxonomy":"post_tag","embeddable":true,"href":"https:\/\/www.ufsm.br\/laboratorios\/laserg\/wp-json\/wp\/v2\/tags?post=57"}],"curies":[{"name":"wp","href":"https:\/\/api.w.org\/{rel}","templated":true}]}}