{"id":60,"date":"2019-07-29T10:52:55","date_gmt":"2019-07-29T13:52:55","guid":{"rendered":"https:\/\/www.ufsm.br\/laboratorios\/laserg\/?page_id=60"},"modified":"2019-07-29T10:52:57","modified_gmt":"2019-07-29T13:52:57","slug":"qualidade-da-distribuicao-longitudinal-de-sementes-de-milho-por-um-dosador-apanhador-com-auxilio-pneumatico","status":"publish","type":"page","link":"https:\/\/www.ufsm.br\/laboratorios\/laserg\/qualidade-da-distribuicao-longitudinal-de-sementes-de-milho-por-um-dosador-apanhador-com-auxilio-pneumatico","title":{"rendered":"Qualidade da distribui\u00e7\u00e3o longitudinal de sementes de milho por um dosador-apanhador com aux\u00edlio pneum\u00e1tico"},"content":{"rendered":"\n<p>O objetivo deste trabalho foi avaliar a qualidade da opera\u00e7\u00e3o de distribui\u00e7\u00e3o longitudinal de sementes de milho por um dosador-apanhador com aux\u00edlio pneum\u00e1tico a v\u00e1cuo, em diferentes velocidades angulares do disco e inclina\u00e7\u00f5es transversais do dosador, utilizando ferramentas de controle estat\u00edstico de processos (CEP). O experimento foi conduzido no Laborat\u00f3rio de Pesquisa e Desenvolvimento de M\u00e1quinas Agr\u00edcolas (LASERG), vinculado \u00e0 Universidade Federal de Santa Maria, em Santa Maria (RS). Foi utilizada uma bancada de ensaio de dosadores de sementes, que possui uma esteira carpetada em \u201cV\u201d que simula o deslocamento da semeadora no solo. A an\u00e1lise da distribui\u00e7\u00e3o deu-se pela coleta de 255 espa\u00e7amentos para cada uma das combina\u00e7\u00f5es de velocidades (5, 7,5 e 10 km h-1) e inclina\u00e7\u00f5es estudadas (11\u00ba \u00e0 esquerda, nivelado e 11\u00b0 \u00e0 direita). Para avaliar a regularidade de distribui\u00e7\u00e3o levou-se em considera\u00e7\u00e3o o percentual de espa\u00e7amentos aceit\u00e1veis, falhos e m\u00faltiplos. A qualidade das distribui\u00e7\u00f5es foi analisada por gr\u00e1ficos de controle da fra\u00e7\u00e3o defeituosa. A inclina\u00e7\u00e3o para a esquerda, nivelado e o aumento da velocidade angular reduziram o percentual de espa\u00e7amentos aceit\u00e1veis.<\/p>\n<p>Palavras-chave: Mecaniza\u00e7\u00e3o agr\u00edcola, semeadora-adubadora, carta de controle, gr\u00e1fico de controle, Controle de qualidade<\/p>\n<p>Texto completo:\u00a0<a href=\"http:\/\/www.seer.ufv.br\/seer\/index.php\/reveng\/article\/view\/850\/pdf\">PDF<\/a><\/p>\n<p><br \/>DOI:\u00a0<a href=\"https:\/\/doi.org\/10.13083\/reveng.v26i1.850\">https:\/\/doi.org\/10.13083\/reveng.v26i1.850<\/a>\u00a0\u00a0\u00a0<\/p>\n<p>\u00a0<\/p>\n<p>Autores: Dauto Pivetta Carpes, Airton Dos Santos Alon\u00e7o, Tiago Rodrigo Francetto, Ant\u00f4nio Robson Moreira, Gabriel Silveira Chagas<\/p>\n","protected":false},"excerpt":{"rendered":"<p>O objetivo deste trabalho foi avaliar a qualidade da opera\u00e7\u00e3o de distribui\u00e7\u00e3o longitudinal de sementes de milho por um dosador-apanhador com aux\u00edlio pneum\u00e1tico a v\u00e1cuo, em diferentes velocidades angulares do disco e inclina\u00e7\u00f5es transversais do dosador, utilizando ferramentas de controle estat\u00edstico de processos (CEP). O experimento foi conduzido no Laborat\u00f3rio de Pesquisa e Desenvolvimento de [&hellip;]<\/p>\n","protected":false},"author":115,"featured_media":0,"parent":0,"menu_order":0,"comment_status":"closed","ping_status":"closed","template":"","meta":{"footnotes":""},"categories":[],"tags":[],"class_list":["post-60","page","type-page","status-publish","hentry"],"acf":[],"_links":{"self":[{"href":"https:\/\/www.ufsm.br\/laboratorios\/laserg\/wp-json\/wp\/v2\/pages\/60","targetHints":{"allow":["GET"]}}],"collection":[{"href":"https:\/\/www.ufsm.br\/laboratorios\/laserg\/wp-json\/wp\/v2\/pages"}],"about":[{"href":"https:\/\/www.ufsm.br\/laboratorios\/laserg\/wp-json\/wp\/v2\/types\/page"}],"author":[{"embeddable":true,"href":"https:\/\/www.ufsm.br\/laboratorios\/laserg\/wp-json\/wp\/v2\/users\/115"}],"replies":[{"embeddable":true,"href":"https:\/\/www.ufsm.br\/laboratorios\/laserg\/wp-json\/wp\/v2\/comments?post=60"}],"version-history":[{"count":0,"href":"https:\/\/www.ufsm.br\/laboratorios\/laserg\/wp-json\/wp\/v2\/pages\/60\/revisions"}],"wp:attachment":[{"href":"https:\/\/www.ufsm.br\/laboratorios\/laserg\/wp-json\/wp\/v2\/media?parent=60"}],"wp:term":[{"taxonomy":"category","embeddable":true,"href":"https:\/\/www.ufsm.br\/laboratorios\/laserg\/wp-json\/wp\/v2\/categories?post=60"},{"taxonomy":"post_tag","embeddable":true,"href":"https:\/\/www.ufsm.br\/laboratorios\/laserg\/wp-json\/wp\/v2\/tags?post=60"}],"curies":[{"name":"wp","href":"https:\/\/api.w.org\/{rel}","templated":true}]}}