{"id":62,"date":"2019-07-29T10:59:38","date_gmt":"2019-07-29T13:59:38","guid":{"rendered":"https:\/\/www.ufsm.br\/laboratorios\/laserg\/?page_id=62"},"modified":"2019-07-29T10:59:40","modified_gmt":"2019-07-29T13:59:40","slug":"distribuicao-longitudinal-de-sementes-de-soja-com-diferentes-tratamentos-fitossanitarios-e-densidades-de-semeadura","status":"publish","type":"page","link":"https:\/\/www.ufsm.br\/laboratorios\/laserg\/distribuicao-longitudinal-de-sementes-de-soja-com-diferentes-tratamentos-fitossanitarios-e-densidades-de-semeadura","title":{"rendered":"Distribui\u00e7\u00e3o longitudinal de sementes de soja com diferentes tratamentos fitossanit\u00e1rios e densidades de semeadura"},"content":{"rendered":"\n<p>O processo de semeadura representa um dos mais importantes fatores que podem contribuir para o estabelecimento de uma cultura. Al\u00e9m disso, visando proteger as sementes e pl\u00e2ntulas em seus est\u00e1dios iniciais, tornou-se comum o tratamento fitossanit\u00e1rio na pr\u00e9-semeadura,que pode alterar a rugosidade e o coeficiente de atrito das sementes com os mecanismos das semeadoras. Assim, avaliou-se a distribui\u00e7\u00e3o longitudinal de sementes de soja com diferentes tratamentos fitossanit\u00e1rios em diferentes densidades de semeadura. Atrav\u00e9s de um delineamento bifatorial (4&#215;4), avaliou-se os espa\u00e7amentos aceit\u00e1veis, m\u00faltiplos e falhos, conforme as normas da ABNT, e determinou-se tamb\u00e9m a acur\u00e1cia e precis\u00e3o da distribui\u00e7\u00e3o de sementes em quatro modalidades de tratamento (SP, STR, STI e STG) e em quatro densidades de semeadura (12, 14, 16 e 18 sem m-1), com 4 repeti\u00e7\u00f5es. N\u00e3o ocorreram diferen\u00e7as significativas entre os tratamentos fitossanit\u00e1rios quanto ao espa\u00e7amento entre sementes e precis\u00e3o. Com o aumento da velocidade perif\u00e9rica, ocorreu redu\u00e7\u00e3o dos espa\u00e7amentos aceit\u00e1veis e da precis\u00e3o, e eleva\u00e7\u00e3o do percentual de espa\u00e7amentos m\u00faltiplos e falhos. Os melhores resultados para espa\u00e7amentos aceit\u00e1veis e precis\u00e3o ocorreram na menor densidade de semeadura.<\/p>\n<p>Palavras-chave: Espa\u00e7amento entre sementes, Precis\u00e3o, Acur\u00e1cia<\/p>\n<p>Texto completo:\u00a0<a href=\"http:\/\/www.seer.ufv.br\/seer\/index.php\/reveng\/article\/view\/851\/pdf\">PDF<\/a><\/p>\n<p><br \/>DOI:\u00a0<a href=\"https:\/\/doi.org\/10.13083\/reveng.v26i1.851\">https:\/\/doi.org\/10.13083\/reveng.v26i1.851<\/a><\/p>\n<p>\u00a0<\/p>\n<p>Autores:\u00a0<a href=\"http:\/\/lattes.cnpq.br\/5690373610947907\">Pablo do Amaral Alon\u00e7o<\/a>,\u00a0<a href=\"http:\/\/lattes.cnpq.br\/9734276321240323\">Airton dos Santos Alon\u00e7o<\/a>,\u00a0<a href=\"http:\/\/lattes.cnpq.br\/8373012477952538\">Antonio Robson Moreira<\/a>,\u00a0<a href=\"http:\/\/lattes.cnpq.br\/3854059900297298\">Dauto Pivetta Carpes<\/a>,\u00a0<a href=\"http:\/\/lattes.cnpq.br\/6994269307439209\">Arthur de Lima Pires<\/a><\/p>\n","protected":false},"excerpt":{"rendered":"<p>O processo de semeadura representa um dos mais importantes fatores que podem contribuir para o estabelecimento de uma cultura. Al\u00e9m disso, visando proteger as sementes e pl\u00e2ntulas em seus est\u00e1dios iniciais, tornou-se comum o tratamento fitossanit\u00e1rio na pr\u00e9-semeadura,que pode alterar a rugosidade e o coeficiente de atrito das sementes com os mecanismos das semeadoras. Assim, [&hellip;]<\/p>\n","protected":false},"author":115,"featured_media":0,"parent":0,"menu_order":0,"comment_status":"closed","ping_status":"closed","template":"","meta":{"footnotes":""},"categories":[],"tags":[],"class_list":["post-62","page","type-page","status-publish","hentry"],"acf":[],"_links":{"self":[{"href":"https:\/\/www.ufsm.br\/laboratorios\/laserg\/wp-json\/wp\/v2\/pages\/62","targetHints":{"allow":["GET"]}}],"collection":[{"href":"https:\/\/www.ufsm.br\/laboratorios\/laserg\/wp-json\/wp\/v2\/pages"}],"about":[{"href":"https:\/\/www.ufsm.br\/laboratorios\/laserg\/wp-json\/wp\/v2\/types\/page"}],"author":[{"embeddable":true,"href":"https:\/\/www.ufsm.br\/laboratorios\/laserg\/wp-json\/wp\/v2\/users\/115"}],"replies":[{"embeddable":true,"href":"https:\/\/www.ufsm.br\/laboratorios\/laserg\/wp-json\/wp\/v2\/comments?post=62"}],"version-history":[{"count":0,"href":"https:\/\/www.ufsm.br\/laboratorios\/laserg\/wp-json\/wp\/v2\/pages\/62\/revisions"}],"wp:attachment":[{"href":"https:\/\/www.ufsm.br\/laboratorios\/laserg\/wp-json\/wp\/v2\/media?parent=62"}],"wp:term":[{"taxonomy":"category","embeddable":true,"href":"https:\/\/www.ufsm.br\/laboratorios\/laserg\/wp-json\/wp\/v2\/categories?post=62"},{"taxonomy":"post_tag","embeddable":true,"href":"https:\/\/www.ufsm.br\/laboratorios\/laserg\/wp-json\/wp\/v2\/tags?post=62"}],"curies":[{"name":"wp","href":"https:\/\/api.w.org\/{rel}","templated":true}]}}