{"id":64,"date":"2019-07-29T11:00:53","date_gmt":"2019-07-29T14:00:53","guid":{"rendered":"https:\/\/www.ufsm.br\/laboratorios\/laserg\/?page_id=64"},"modified":"2019-07-29T11:00:55","modified_gmt":"2019-07-29T14:00:55","slug":"frota-atual-de-tratores-por-tempo-de-uso-no-brasil","status":"publish","type":"page","link":"https:\/\/www.ufsm.br\/laboratorios\/laserg\/frota-atual-de-tratores-por-tempo-de-uso-no-brasil","title":{"rendered":"Frota atual de tratores por tempo de uso no Brasil"},"content":{"rendered":"\n<p style=\"margin-bottom: 10px;color: #666666;font-family: Helvetica, Arial, sans-serif;font-size: 13px\">A agricultura \u00e9 fundamental para o desenvolvimento econ\u00f4mico e social do pa\u00eds. Desta forma, a mecaniza\u00e7\u00e3o agr\u00edcola permite ampliar as \u00e1reas cultivadas ou a escala de produ\u00e7\u00e3o, sendo que a manufatura das primeiras unidades de tratores no Brasil se iniciou em 1960, com a instala\u00e7\u00e3o da ind\u00fastria local. Isso possibilitou um novo direcionamento \u00e0s atividades produtivas do pa\u00eds, que passaram a incorporar novas t\u00e9cnicas e equipamentos mais produtivos, com vistas \u00e0 efici\u00eancia operacional. O objetivo deste estudo \u00e9 calcular e demonstrar a evolu\u00e7\u00e3o da composi\u00e7\u00e3o da frota brasileira de tratores, por faixas de tempo de uso, desde a instala\u00e7\u00e3o da ind\u00fastria de tratores no pa\u00eds at\u00e9 o ano de 2016. Para esta composi\u00e7\u00e3o, foram utilizados os dados anuais de vendas de tratores agr\u00edcolas, divulgados pela ANFAVEA. A an\u00e1lise demonstrou que as vendas acompanham os ciclos econ\u00f4micos, apresentando picos na d\u00e9cada de 70 e de 2010. Ainda \u00e9 poss\u00edvel observar que o Brasil apresenta quase um milh\u00e3o de tratores e atualmente, possui a frota mais jovem dos \u00faltimos 29 anos, a qual iniciou sua renova\u00e7\u00e3o a partir do ano 2000, por pol\u00edticas de acesso ao cr\u00e9dito.<\/p>\n<p style=\"margin-top: 0px;margin-bottom: 10px;color: #666666;font-family: Helvetica, Arial, sans-serif;font-size: 13px\">\u00a0<\/p>\n<p style=\"margin-top: 0px;margin-bottom: 10px;color: #666666;font-family: Helvetica, Arial, sans-serif;font-size: 13px\">Texto completo:\u00a0<a style=\"background: 0px 0px;color: #4782b2\" href=\"https:\/\/online.unisc.br\/seer\/index.php\/tecnologica\/article\/view\/8736\/7121\">PDF<\/a><\/p>\n<p style=\"margin-top: 0px;margin-bottom: 10px;color: #666666;font-family: Helvetica, Arial, sans-serif;font-size: 13px\">DOI:\u00a0<a style=\"background: 0px 0px;color: #4782b2\">http:\/\/dx.doi.org\/10.17058\/tecnolog.v22i1.8736<\/a><\/p>\n<p style=\"margin-top: 0px;margin-bottom: 10px;color: #666666;font-family: Helvetica, Arial, sans-serif;font-size: 13px\">Autores: Sabrina Dalla Corte Bellochio, Airton dos Santos Alon\u00e7o, Francieli de Vargas, Mar\u00edlia Boff de Oliveira<\/p>\n","protected":false},"excerpt":{"rendered":"<p>A agricultura \u00e9 fundamental para o desenvolvimento econ\u00f4mico e social do pa\u00eds. Desta forma, a mecaniza\u00e7\u00e3o agr\u00edcola permite ampliar as \u00e1reas cultivadas ou a escala de produ\u00e7\u00e3o, sendo que a manufatura das primeiras unidades de tratores no Brasil se iniciou em 1960, com a instala\u00e7\u00e3o da ind\u00fastria local. Isso possibilitou um novo direcionamento \u00e0s atividades [&hellip;]<\/p>\n","protected":false},"author":115,"featured_media":0,"parent":0,"menu_order":0,"comment_status":"closed","ping_status":"closed","template":"","meta":{"footnotes":""},"categories":[],"tags":[],"class_list":["post-64","page","type-page","status-publish","hentry"],"acf":[],"_links":{"self":[{"href":"https:\/\/www.ufsm.br\/laboratorios\/laserg\/wp-json\/wp\/v2\/pages\/64","targetHints":{"allow":["GET"]}}],"collection":[{"href":"https:\/\/www.ufsm.br\/laboratorios\/laserg\/wp-json\/wp\/v2\/pages"}],"about":[{"href":"https:\/\/www.ufsm.br\/laboratorios\/laserg\/wp-json\/wp\/v2\/types\/page"}],"author":[{"embeddable":true,"href":"https:\/\/www.ufsm.br\/laboratorios\/laserg\/wp-json\/wp\/v2\/users\/115"}],"replies":[{"embeddable":true,"href":"https:\/\/www.ufsm.br\/laboratorios\/laserg\/wp-json\/wp\/v2\/comments?post=64"}],"version-history":[{"count":0,"href":"https:\/\/www.ufsm.br\/laboratorios\/laserg\/wp-json\/wp\/v2\/pages\/64\/revisions"}],"wp:attachment":[{"href":"https:\/\/www.ufsm.br\/laboratorios\/laserg\/wp-json\/wp\/v2\/media?parent=64"}],"wp:term":[{"taxonomy":"category","embeddable":true,"href":"https:\/\/www.ufsm.br\/laboratorios\/laserg\/wp-json\/wp\/v2\/categories?post=64"},{"taxonomy":"post_tag","embeddable":true,"href":"https:\/\/www.ufsm.br\/laboratorios\/laserg\/wp-json\/wp\/v2\/tags?post=64"}],"curies":[{"name":"wp","href":"https:\/\/api.w.org\/{rel}","templated":true}]}}