{"id":67,"date":"2019-07-29T11:02:35","date_gmt":"2019-07-29T14:02:35","guid":{"rendered":"https:\/\/www.ufsm.br\/laboratorios\/laserg\/?page_id=67"},"modified":"2019-07-29T11:02:38","modified_gmt":"2019-07-29T14:02:38","slug":"forca-de-tracao-e-potencia-demandada-por-mecanismo-de-corte-e-sulcadores-de-semeadora-adubadora","status":"publish","type":"page","link":"https:\/\/www.ufsm.br\/laboratorios\/laserg\/forca-de-tracao-e-potencia-demandada-por-mecanismo-de-corte-e-sulcadores-de-semeadora-adubadora","title":{"rendered":"For\u00e7a de tra\u00e7\u00e3o e pot\u00eancia demandada por mecanismo de corte e sulcadores de semeadora-adubadora"},"content":{"rendered":"\n<p style=\"margin-bottom: 10px;color: #666666;font-family: Helvetica, Arial, sans-serif;font-size: 13px\">O objetivo foi avaliar a intera\u00e7\u00e3o entre diferentes mecanismos de corte de res\u00edduos culturais e sulcadores de semeadoras-adubadoras observando a demanda de tra\u00e7\u00e3o e o requerimento de pot\u00eancia na barra de tra\u00e7\u00e3o, em fun\u00e7\u00e3o da velocidade de deslocamento. Este trabalho foi realizado em propriedade agr\u00edcola situada no munic\u00edpio de Santa Maria (RS), em solo classificado como Argissolo Vermelho com textura franco arenosa. O experimento foi composto por 24 combina\u00e7\u00f5es de tratamentos, em um esquema fatorial de 2x3x4. Estes foram obtidos pela intera\u00e7\u00e3o dos fatores sulcadores (haste e disco), mecanismos de corte (sem disco, disco liso e ondulado) e velocidades (1,11, 1,67, 2,22 e 2,78 m s<span style=\"font-size: 9.75px;line-height: 0;vertical-align: baseline\">-1<\/span>). A combina\u00e7\u00e3o de mecanismos foi poss\u00edvel mediante o acoplamento em uma estrutura porta-ferramentas m\u00f3vel e utilizando um trator instrumentado como fonte de pot\u00eancia. O requerimento m\u00e9dio de tra\u00e7\u00e3o do sulcador tipo haste foi 22,28% superior que o solicitado pelo mecanismo de disco. A situa\u00e7\u00e3o sem disco de corte foi a que demandou a menor for\u00e7a de tra\u00e7\u00e3o e pot\u00eancia, seguido pelo disco liso e o ondulado, respectivamente. Para a vari\u00e1vel velocidade de deslocamento, as duas mais lentas, 1,11 e 1,67 m s<span style=\"font-size: 9.75px;line-height: 0;vertical-align: baseline\">-1<\/span>, n\u00e3o apresentaram diferen\u00e7a entre si na exig\u00eancia de tra\u00e7\u00e3o, assim como entre as mais r\u00e1pidas, 2,22 e 2,78 m s<span style=\"font-size: 9.75px;line-height: 0;vertical-align: baseline\">-1<\/span>. Com rela\u00e7\u00e3o \u00e0 demanda de pot\u00eancia, o incremento da velocidade de trabalho propiciou aumento significativo nesta vari\u00e1vel. Ambos sulcadores ao serem combinados com discos de corte, tiveram seus requerimentos aumentados. O emprego de disco de corte, associado a haste, mant\u00e9m a demanda de tra\u00e7\u00e3o e minimiza amplia\u00e7\u00e3o do requerimento de pot\u00eancia na barra com o acr\u00e9scimo da velocidade. O aumento da \u00e1rea de contato com o solo das associa\u00e7\u00f5es que empregam discos de corte, afeta proporcionalmente a demanda de tra\u00e7\u00e3o e pot\u00eancia quando associados ao sulcador disco duplo.<\/p>\n<p style=\"margin-top: 0px;margin-bottom: 10px;color: #666666;font-family: Helvetica, Arial, sans-serif;font-size: 13px\">\u00a0<\/p>\n<p style=\"margin-top: 0px;margin-bottom: 10px;color: #666666;font-family: Helvetica, Arial, sans-serif;font-size: 13px\">Texto completo:\u00a0<a style=\"background: 0px 0px;color: #4782b2\" href=\"http:\/\/energia.fca.unesp.br\/index.php\/energia\/article\/view\/1968\/pdf_72\">PDF<\/a><\/p>\n<p style=\"margin-top: 0px;margin-bottom: 10px;color: #666666;font-family: Helvetica, Arial, sans-serif;font-size: 13px\">DOI:<a style=\"background: 0px 0px;color: #4782b2\" href=\"http:\/\/dx.doi.org\/10.17224\/EnergAgric.2016v31n1p17-23\">http:\/\/dx.doi.org\/10.17224\/EnergAgric.2016v31n1p17-23<\/a><\/p>\n<p style=\"margin-top: 0px;margin-bottom: 10px;color: #666666;font-family: Helvetica, Arial, sans-serif;font-size: 13px\">\u00a0<\/p>\n<p style=\"margin-top: 0px;margin-bottom: 10px;color: #666666;font-family: Helvetica, Arial, sans-serif;font-size: 13px\">Autores: Tiago Rodrigo Francetto, Airton dos Santos Alon\u00e7o, Mateus Potrich Bell\u00e9, Andr\u00e9 Augusto Veit, Wagner Pires da Silva<\/p>\n","protected":false},"excerpt":{"rendered":"<p>O objetivo foi avaliar a intera\u00e7\u00e3o entre diferentes mecanismos de corte de res\u00edduos culturais e sulcadores de semeadoras-adubadoras observando a demanda de tra\u00e7\u00e3o e o requerimento de pot\u00eancia na barra de tra\u00e7\u00e3o, em fun\u00e7\u00e3o da velocidade de deslocamento. Este trabalho foi realizado em propriedade agr\u00edcola situada no munic\u00edpio de Santa Maria (RS), em solo classificado [&hellip;]<\/p>\n","protected":false},"author":115,"featured_media":0,"parent":0,"menu_order":0,"comment_status":"closed","ping_status":"closed","template":"","meta":{"footnotes":""},"categories":[],"tags":[],"class_list":["post-67","page","type-page","status-publish","hentry"],"acf":[],"_links":{"self":[{"href":"https:\/\/www.ufsm.br\/laboratorios\/laserg\/wp-json\/wp\/v2\/pages\/67","targetHints":{"allow":["GET"]}}],"collection":[{"href":"https:\/\/www.ufsm.br\/laboratorios\/laserg\/wp-json\/wp\/v2\/pages"}],"about":[{"href":"https:\/\/www.ufsm.br\/laboratorios\/laserg\/wp-json\/wp\/v2\/types\/page"}],"author":[{"embeddable":true,"href":"https:\/\/www.ufsm.br\/laboratorios\/laserg\/wp-json\/wp\/v2\/users\/115"}],"replies":[{"embeddable":true,"href":"https:\/\/www.ufsm.br\/laboratorios\/laserg\/wp-json\/wp\/v2\/comments?post=67"}],"version-history":[{"count":0,"href":"https:\/\/www.ufsm.br\/laboratorios\/laserg\/wp-json\/wp\/v2\/pages\/67\/revisions"}],"wp:attachment":[{"href":"https:\/\/www.ufsm.br\/laboratorios\/laserg\/wp-json\/wp\/v2\/media?parent=67"}],"wp:term":[{"taxonomy":"category","embeddable":true,"href":"https:\/\/www.ufsm.br\/laboratorios\/laserg\/wp-json\/wp\/v2\/categories?post=67"},{"taxonomy":"post_tag","embeddable":true,"href":"https:\/\/www.ufsm.br\/laboratorios\/laserg\/wp-json\/wp\/v2\/tags?post=67"}],"curies":[{"name":"wp","href":"https:\/\/api.w.org\/{rel}","templated":true}]}}