{"id":69,"date":"2019-07-29T11:05:15","date_gmt":"2019-07-29T14:05:15","guid":{"rendered":"https:\/\/www.ufsm.br\/laboratorios\/laserg\/?page_id=69"},"modified":"2019-07-29T11:05:18","modified_gmt":"2019-07-29T14:05:18","slug":"comportamento-operacional-de-associacoes-entre-sulcadores-e-discos-de-corte-para-sistema-de-semeadura-direta","status":"publish","type":"page","link":"https:\/\/www.ufsm.br\/laboratorios\/laserg\/comportamento-operacional-de-associacoes-entre-sulcadores-e-discos-de-corte-para-sistema-de-semeadura-direta","title":{"rendered":"Comportamento operacional de associa\u00e7\u00f5es entre sulcadores e discos de corte para sistema de semeadura direta"},"content":{"rendered":"\n<p style=\"margin-bottom: 10px;color: #666666;font-family: Helvetica, Arial, sans-serif;font-size: 13px\">O objetivo foi avaliar o desempenho operacional quanto ao requerimento de tra\u00e7\u00e3o, consumo energ\u00e9tico e efici\u00eancia de trabalho de associa\u00e7\u00f5es entre elementos de corte dos res\u00edduos culturais e de rompedores do solo, em fun\u00e7\u00e3o da velocidade de deslocamento. Este trabalho foi realizado em propriedade agr\u00edcola situada no munic\u00edpio de Santa Maria (RS), em solo classificado como Argissolo Vermelho e textura francoarenosa. O experimento foi composto por 24 combina\u00e7\u00f5es de tratamentos, em um esquema fatorial de 2x3x4. Estes foram obtidos pela intera\u00e7\u00e3o dos fatores sulcadores (haste e disco), discos de corte (sem disco, liso e ondulado) e velocidades (1,11; 1,67; 2,22 e 2,78 m s<span style=\"font-size: 9.75px;line-height: 0;vertical-align: baseline\">-1<\/span>). Os dados de desempenho do trator foram adquiridos com a utiliza\u00e7\u00e3o de instrumenta\u00e7\u00e3o eletr\u00f4nica. As associa\u00e7\u00f5es entre sulcador e disco apresentaram melhor desempenho nas velocidades de 1,11 e 1,67 m s<span style=\"font-size: 9.75px;line-height: 0;vertical-align: baseline\">-1<\/span>\u00a0por exigirem menor for\u00e7a de tra\u00e7\u00e3o e consumo de combust\u00edvel. Al\u00e9m disso, o uso de discos permitiu uma redu\u00e7\u00e3o da amplia\u00e7\u00e3o da for\u00e7a de tra\u00e7\u00e3o quando a velocidade passou de 1,11 para 2,78 m s<span style=\"font-size: 9.75px;line-height: 0;vertical-align: baseline\">-1<\/span>. A haste exigiu maior demanda de tra\u00e7\u00e3o do que os discos desencontrados, e ambos, ao serem combinados com os discos de corte, tiveram suas demandas aumentadas. Outrossim, a mobiliza\u00e7\u00e3o do solo n\u00e3o foi influenciada pela velocidade.<\/p>\n<p style=\"margin-top: 0px;margin-bottom: 10px;color: #666666;font-family: Helvetica, Arial, sans-serif;font-size: 13px\">\u00a0<\/p>\n<p style=\"margin-top: 0px;margin-bottom: 10px;color: #666666;font-family: Helvetica, Arial, sans-serif;font-size: 13px\">Texto completo:\u00a0<a style=\"background: 0px 0px;color: #4782b2\" href=\"http:\/\/www.scielo.br\/scielo.php?script=sci_arttext&amp;pid=S0100-69162015000300542&amp;lng=pt&amp;tlng=pt\">PDF<\/a><br \/>DOI:<a style=\"background: 0px 0px;color: #4782b2\" href=\"http:\/\/dx.doi.org\/10.1590\/1809-4430-Eng.Agric.v35n3p542-554\/2015\">http:\/\/dx.doi.org\/10.1590\/1809-4430-Eng.Agric.v35n3p542-554\/2015<\/a><\/p>\n<p style=\"margin-top: 0px;margin-bottom: 10px;color: #666666;font-family: Helvetica, Arial, sans-serif;font-size: 13px\">\u00a0<\/p>\n<p style=\"margin-top: 0px;margin-bottom: 10px;color: #666666;font-family: Helvetica, Arial, sans-serif;font-size: 13px\">Autores: Tiago R. Francetto, Airton dos S. Alon\u00e7o, Mateus P. Bell\u00e9, Cristian J. Franck, Dauto P. Carpes<\/p>\n","protected":false},"excerpt":{"rendered":"<p>O objetivo foi avaliar o desempenho operacional quanto ao requerimento de tra\u00e7\u00e3o, consumo energ\u00e9tico e efici\u00eancia de trabalho de associa\u00e7\u00f5es entre elementos de corte dos res\u00edduos culturais e de rompedores do solo, em fun\u00e7\u00e3o da velocidade de deslocamento. Este trabalho foi realizado em propriedade agr\u00edcola situada no munic\u00edpio de Santa Maria (RS), em solo classificado [&hellip;]<\/p>\n","protected":false},"author":115,"featured_media":0,"parent":0,"menu_order":0,"comment_status":"closed","ping_status":"closed","template":"","meta":{"footnotes":""},"categories":[],"tags":[],"class_list":["post-69","page","type-page","status-publish","hentry"],"acf":[],"_links":{"self":[{"href":"https:\/\/www.ufsm.br\/laboratorios\/laserg\/wp-json\/wp\/v2\/pages\/69","targetHints":{"allow":["GET"]}}],"collection":[{"href":"https:\/\/www.ufsm.br\/laboratorios\/laserg\/wp-json\/wp\/v2\/pages"}],"about":[{"href":"https:\/\/www.ufsm.br\/laboratorios\/laserg\/wp-json\/wp\/v2\/types\/page"}],"author":[{"embeddable":true,"href":"https:\/\/www.ufsm.br\/laboratorios\/laserg\/wp-json\/wp\/v2\/users\/115"}],"replies":[{"embeddable":true,"href":"https:\/\/www.ufsm.br\/laboratorios\/laserg\/wp-json\/wp\/v2\/comments?post=69"}],"version-history":[{"count":0,"href":"https:\/\/www.ufsm.br\/laboratorios\/laserg\/wp-json\/wp\/v2\/pages\/69\/revisions"}],"wp:attachment":[{"href":"https:\/\/www.ufsm.br\/laboratorios\/laserg\/wp-json\/wp\/v2\/media?parent=69"}],"wp:term":[{"taxonomy":"category","embeddable":true,"href":"https:\/\/www.ufsm.br\/laboratorios\/laserg\/wp-json\/wp\/v2\/categories?post=69"},{"taxonomy":"post_tag","embeddable":true,"href":"https:\/\/www.ufsm.br\/laboratorios\/laserg\/wp-json\/wp\/v2\/tags?post=69"}],"curies":[{"name":"wp","href":"https:\/\/api.w.org\/{rel}","templated":true}]}}