{"id":73,"date":"2019-07-29T11:29:39","date_gmt":"2019-07-29T14:29:39","guid":{"rendered":"https:\/\/www.ufsm.br\/laboratorios\/laserg\/?page_id=73"},"modified":"2019-07-29T11:29:41","modified_gmt":"2019-07-29T14:29:41","slug":"notas-laserg","status":"publish","type":"page","link":"https:\/\/www.ufsm.br\/laboratorios\/laserg\/notas-laserg","title":{"rendered":"Notas &#8211; LASERG"},"content":{"rendered":"\n<h6>Aproveitamento final (2019\/1) da disciplina EGR 1003 &#8211; M\u00e1quinas e Implementos Agr\u00edcolas (Zootecnia)<\/h6>\n<p><a href=\"https:\/\/www.ufsm.br\/laboratorios\/laserg\/wp-content\/uploads\/sites\/689\/2019\/07\/COMPLETA_1_2019.pdf\">Nota do aproveitamento final<\/a>, do primeiro semestre de 2019, disciplina EGR 1003 &#8211; M\u00e1quinas e Implementos Agr\u00edcolas (Zootecnia).<\/p>\n<h6>Notas segunda prova (2019\/1) da disciplina EGR 1003 &#8211; M\u00e1quinas e Implementos Agr\u00edcolas (Zootecnia)<\/h6>\n<p>Notas da segunda prova, do primeiro semestre de 2019, disciplina EGR 1003 &#8211; M\u00e1quinas e Implementos Agr\u00edcolas (Zootecnia).<\/p>\n<h6>Notas finais (2019\/1) da disciplina EGR 949 &#8211; M\u00e1quinas Agr\u00edcolas I (PPGEA)<\/h6>\n<p><a href=\"https:\/\/www.ufsm.br\/laboratorios\/laserg\/wp-content\/uploads\/sites\/689\/2019\/07\/NOTAS2019MaquinasAgrcolasPPGEA.pdf\">Notas finais<\/a>, do primeiro semestre de 2019, disciplina EGR 949 &#8211; M\u00e1quinas Agr\u00edcolas I do Programa de P\u00f3s-gradua\u00e7\u00e3o em Engenharia Agr\u00edcola.<\/p>\n<h6>Notas primeira prova (2019\/1) da disciplina EGR 1003 &#8211; M\u00e1quinas e Implementos Agr\u00edcolas (Zootecnia)<\/h6>\n<p><a href=\"https:\/\/www.ufsm.br\/laboratorios\/laserg\/wp-content\/uploads\/sites\/689\/2019\/07\/NOTAS_COMPLETA_1_2019.pdf\">Notas da primeira prova<\/a>, do primeiro semestre de 2019, disciplina EGR 1003 &#8211; M\u00e1quinas e Implementos Agr\u00edcolas (Zootecnia).<\/p>\n<h6>Notas segunda prova (2018\/2) da disciplina EGR 1003 &#8211; M\u00e1quinas e Implementos Agr\u00edcolas (Zootecnia)<\/h6>\n<p><a href=\"https:\/\/www.ufsm.br\/laboratorios\/laserg\/wp-content\/uploads\/sites\/689\/2019\/07\/NOTAS_COMPLETA_22_2018.pdf\">Notas da segunda prova<\/a>, do segundo semestre de 2018, disciplina EGR 1003 &#8211; M\u00e1quinas e Implementos Agr\u00edcolas (Zootecnia)<\/p>\n<h6>Notas primeira prova (2018\/2) da disciplina EGR 1003 &#8211; M\u00e1quinas e Implementos Agr\u00edcolas (Zootecnia)<\/h6>\n<p><a href=\"https:\/\/www.ufsm.br\/laboratorios\/laserg\/wp-content\/uploads\/sites\/689\/2019\/07\/NOTAS_COMPLETA_1_2018_2-1.pdf\">Notas da primeira prova<\/a>, do segundo semestre de 2018, disciplina EGR 1003 &#8211; M\u00e1quinas e Implementos Agr\u00edcolas (Zootecnia).<\/p>\n<h6>Aproveitamento final da disciplina EGR 1003 (2018\/1) &#8211; M\u00e1quinas e Implementos Agr\u00edcolas (Zootecnia)<\/h6>\n<p><a href=\"https:\/\/www.ufsm.br\/laboratorios\/laserg\/wp-content\/uploads\/sites\/689\/2019\/07\/Aproveitamento_1_2018.pdf\">Aproveitamento final da disciplina EGR 1003<\/a> &#8211; M\u00e1quinas e Implementos Agr\u00edcolas &#8211; Curso de Zootecnia &#8211; Primeiro Semestre de 2018<\/p>\n<h6>Notas segunda prova (2018\/1) da disciplina EGR 1003 &#8211; M\u00e1quinas e Implementos Agr\u00edcolas (Zootecnia)<\/h6>\n<p><a href=\"https:\/\/www.ufsm.br\/laboratorios\/laserg\/wp-content\/uploads\/sites\/689\/2019\/07\/NOTAS_COMPLETA_2_2018.pdf\">Notas da segunda prova<\/a>, do primeiro semestre de 2018, disciplina EGR 1003 &#8211; M\u00e1quinas e Implementos Agr\u00edcolas (Zootecnia)<\/p>\n<h6>Notas primeira prova (2018\/1) da disciplina EGR 1003 &#8211; M\u00e1quinas e Implementos Agr\u00edcolas (Zootecnia)<\/h6>\n<p><a href=\"https:\/\/www.ufsm.br\/laboratorios\/laserg\/wp-content\/uploads\/sites\/689\/2019\/07\/NOTAS_COMPLETA_1_2018-1.pdf\">Notas da primeira prova<\/a>, do primeiro semestre de 2018, disciplina EGR 1003 &#8211; M\u00e1quinas e Implementos Agr\u00edcolas (Zootecnia).<\/p>\n<h6>Notas primeira prova (2016\/2) da disciplina EGR 1003 &#8211; M\u00e1quinas e Implementos Agr\u00edcolas (Zootecnia)<\/h6>\n<p><a href=\"https:\/\/www.ufsm.br\/laboratorios\/laserg\/wp-content\/uploads\/sites\/689\/2019\/07\/NOTAS_COMPLETA_2_2016.pdf\">Notas da primeira prova<\/a>, do segundo semestre de 2016, disciplina EGR 1003 &#8211; M\u00e1quinas e Implementos Agr\u00edcolas (Zootecnia)<\/p>\n<h6>Notas primeira prova (2016\/2) da disciplina EGR 1003 &#8211; M\u00e1quinas e Implementos Agr\u00edcolas (Zootecnia)<\/h6>\n<p><a href=\"https:\/\/www.ufsm.br\/laboratorios\/laserg\/wp-content\/uploads\/sites\/689\/2019\/07\/NOTAS_COMPLETA_2_2016-1.pdf\">Notas da primeira prova<\/a>, do segundo semestre de 2016, disciplina EGR 1003 &#8211; M\u00e1quinas e Implementos Agr\u00edcolas (Zootecnia)<\/p>\n<h6>Notas segunda prova (2016\/1) da disciplina EGR 1003 &#8211; M\u00e1quinas e Implementos Agr\u00edcolas (Zootecnia)<\/h6>\n<p><a href=\"https:\/\/www.ufsm.br\/laboratorios\/laserg\/wp-content\/uploads\/sites\/689\/2019\/07\/NOTAS_COMPLETA_1_2016.pdf\">Notas da segunda prova<\/a>, do primeiro semestre de 2016, disciplina EGR 1003 &#8211; M\u00e1quinas e Implementos Agr\u00edcolas (Zootecnia).<\/p>\n","protected":false},"excerpt":{"rendered":"<p>Aproveitamento final (2019\/1) da disciplina EGR 1003 &#8211; M\u00e1quinas e Implementos Agr\u00edcolas (Zootecnia) Nota do aproveitamento final, do primeiro semestre de 2019, disciplina EGR 1003 &#8211; M\u00e1quinas e Implementos Agr\u00edcolas (Zootecnia). Notas segunda prova (2019\/1) da disciplina EGR 1003 &#8211; M\u00e1quinas e Implementos Agr\u00edcolas (Zootecnia) Notas da segunda prova, do primeiro semestre de 2019, disciplina [&hellip;]<\/p>\n","protected":false},"author":115,"featured_media":0,"parent":0,"menu_order":0,"comment_status":"closed","ping_status":"closed","template":"","meta":{"footnotes":""},"categories":[],"tags":[],"class_list":["post-73","page","type-page","status-publish","hentry"],"acf":[],"_links":{"self":[{"href":"https:\/\/www.ufsm.br\/laboratorios\/laserg\/wp-json\/wp\/v2\/pages\/73","targetHints":{"allow":["GET"]}}],"collection":[{"href":"https:\/\/www.ufsm.br\/laboratorios\/laserg\/wp-json\/wp\/v2\/pages"}],"about":[{"href":"https:\/\/www.ufsm.br\/laboratorios\/laserg\/wp-json\/wp\/v2\/types\/page"}],"author":[{"embeddable":true,"href":"https:\/\/www.ufsm.br\/laboratorios\/laserg\/wp-json\/wp\/v2\/users\/115"}],"replies":[{"embeddable":true,"href":"https:\/\/www.ufsm.br\/laboratorios\/laserg\/wp-json\/wp\/v2\/comments?post=73"}],"version-history":[{"count":0,"href":"https:\/\/www.ufsm.br\/laboratorios\/laserg\/wp-json\/wp\/v2\/pages\/73\/revisions"}],"wp:attachment":[{"href":"https:\/\/www.ufsm.br\/laboratorios\/laserg\/wp-json\/wp\/v2\/media?parent=73"}],"wp:term":[{"taxonomy":"category","embeddable":true,"href":"https:\/\/www.ufsm.br\/laboratorios\/laserg\/wp-json\/wp\/v2\/categories?post=73"},{"taxonomy":"post_tag","embeddable":true,"href":"https:\/\/www.ufsm.br\/laboratorios\/laserg\/wp-json\/wp\/v2\/tags?post=73"}],"curies":[{"name":"wp","href":"https:\/\/api.w.org\/{rel}","templated":true}]}}