{"id":23,"date":"2019-05-14T17:02:03","date_gmt":"2019-05-14T20:02:03","guid":{"rendered":"https:\/\/www.ufsm.br\/template-laboratprio\/?page_id=23"},"modified":"2019-07-18T10:27:41","modified_gmt":"2019-07-18T13:27:41","slug":"equipe","status":"publish","type":"page","link":"https:\/\/www.ufsm.br\/laboratorios\/later\/equipe","title":{"rendered":"Equipe"},"content":{"rendered":"\n<p><span style=\"color: #666666;font-family: arial, helvetica, sans-serif;font-size: 12pt\"><span style=\"font-weight: bold;color: #004074\"><img decoding=\"async\" class=\"size-thumbnail wp-image-39 alignleft\" src=\"https:\/\/www.ufsm.br\/laboratorios\/later\/wp-content\/uploads\/sites\/657\/2019\/07\/prof-150x150.jpg\" alt=\"\" width=\"150\" height=\"150\" \/>Prof\u00ba Em\u00e9rito Tit. Dr. Ayrton Figueiredo Martins<\/span>\u00a0<\/span><br style=\"color: #666666;font-family: Helvetica, Arial, sans-serif;font-size: 13px\" \/><span style=\"color: #666666;font-family: arial, helvetica, sans-serif;font-size: 12pt\">e-mail:\u00a0<span id=\"cloak3d799826e70863acf5b8a8725a8d9804\"><a style=\"background: 0px 0px;color: #4782b2\" href=\"mailto:ayrtonfm@gmail.com\">ayrtonfm@gmail.com<\/a><\/span>\u00a0<\/span><br style=\"color: #666666;font-family: Helvetica, Arial, sans-serif;font-size: 13px\" \/><span style=\"color: #666666;font-family: arial, helvetica, sans-serif;font-size: 12pt\"><a style=\"background: 0px 0px;color: #4782b2\" href=\"http:\/\/buscatextual.cnpq.br\/buscatextual\/visualizacv.do?metodo=apresentar&amp;id=K4787438A0\" target=\"_blank\" rel=\"noopener noreferrer\">Curr\u00edculo lattes\u00a0<\/a><\/span><\/p>\n<p>\u00a0<\/p>\n<p>Professor Em\u00e9rito da UFSM, possui Gradua\u00e7\u00e3o em Licenciatura em Qu\u00edmica (1969) e em Qu\u00edmica Industrial (1985) pela Universidade Federal de Santa Maria; Mestrado em Qu\u00edmica (Qu\u00edmica Anal\u00edtica Inorg\u00e2nica) pela Pontif\u00edcia Universidade Cat\u00f3lica do Rio de Janeiro (1974); Doutorado em Ci\u00eancias Naturais pela Universidade Livre de Berlim (1978) e P\u00f3s-Doutorado na Universidade Karlsruhe, Alemanha (1982\/3). Como Professor convidado esteve diversas vezes na Alemanha. Foi Coordenador-fundador do Programa de P\u00f3s-Gradua\u00e7\u00e3o em Qu\u00edmica da UFSM e pioneiro na \u00e1rea de An\u00e1lise de Tra\u00e7os e Qu\u00edmica Ambiental. Foi assessor de assuntos internacionais da UFSM (2003-5). Atualmente \u00e9 Pesquisador L\u00edder do Grupo de Pesquisa em Qu\u00edmica Anal\u00edtica Ambiental da UFSM\/CNPq. Coordena o Laborat\u00f3rio de Pesquisa em Tratamento de Efluentes e Res\u00edduos &#8211; LATER, do Departamento de Qu\u00edmica da UFSM. Bolsista Pesquisador do CNPq, atua, principalmente, nos seguintes temas: an\u00e1lise de microcontaminantes ambientais em \u00e1guas e efluentes, desenvolvimento de processos avan\u00e7ados de oxida\u00e7\u00e3o, processos de convers\u00e3o de biomassa e produ\u00e7\u00e3o de bioprodutos por meio de processos f\u00edsico-qu\u00edmicos, pir\u00f3lise e fermenta\u00e7\u00e3o. Atualmente dedica-se \u00e0 coordena\u00e7\u00e3o do LATER e \u00e0 intera\u00e7\u00e3o Universidade-Empresa na \u00e1rea de Convers\u00e3o de Biomassa e Tratamentos Avan\u00e7ados de Efluentes e Res\u00edduos. Atua em diversas \u00e1reas de interc\u00e2mbio, de consultoria acad\u00eamica e cient\u00edfica-tecnol\u00f3gica. \u00c9 membro da Academia Riograndense de Qu\u00edmica, editor brasileiro das revistas cient\u00edficas Clean &#8211; Soil, Air, Water (Wiley-Blackwell) e Sustainable Chemistry and Pharmacy (Elsevier).<\/p>\n<h2>Alunos<\/h2>\n<p><img decoding=\"async\" class=\"size-thumbnail wp-image-40 alignleft\" src=\"https:\/\/www.ufsm.br\/laboratorios\/later\/wp-content\/uploads\/sites\/657\/2019\/07\/1-4-150x150.jpg\" alt=\"\" width=\"150\" height=\"150\" \/><\/p>\n<p><strong>Darliana Mello Souza<\/strong><\/p>\n<p><strong>e-mail:\u00a0<\/strong><span id=\"cloak576b2810018e53fc184ef65954097a8d\"><a href=\"mailto:darliana.ms@gmail.com\"><strong>darliana.ms@gmail.com<\/strong><\/a><\/span><\/p>\n<p><a href=\"http:\/\/lattes.cnpq.br\/1017519522351875\"><strong>Curr\u00edculo lattes<\/strong><\/a><\/p>\n<p>\u00a0<\/p>\n<p><img decoding=\"async\" class=\"size-thumbnail wp-image-42 alignleft\" src=\"https:\/\/www.ufsm.br\/laboratorios\/later\/wp-content\/uploads\/sites\/657\/2019\/07\/2-2-150x150.jpg\" alt=\"\" width=\"150\" height=\"150\" \/><\/p>\n<p><strong>Giovanni Bressiani Pedroso<\/strong><\/p>\n<p><strong>e-mail:<\/strong><span id=\"cloak1f4bfb606124eceae1d550e1df255b84\"><a href=\"mailto:giobpedroso@gmail.com\"><strong>giobpedroso@gmail.com<\/strong><\/a><\/span><\/p>\n<p><strong><a href=\"http:\/\/lattes.cnpq.br\/4443243914622121\">Curr\u00edculo lattes<\/a><\/strong><\/p>\n<p>\u00a0<\/p>\n<p><img loading=\"lazy\" decoding=\"async\" class=\"size-thumbnail wp-image-43 alignleft\" src=\"https:\/\/www.ufsm.br\/laboratorios\/later\/wp-content\/uploads\/sites\/657\/2019\/07\/3-2-150x150.jpg\" alt=\"\" width=\"150\" height=\"150\" \/><\/p>\n<p><strong>Jaqueline Fabiane Reichert<\/strong><\/p>\n<p><strong>e-mail:\u00a0<\/strong><span id=\"cloaka632e164eeae6f838ae26080f8aafb4b\"><a href=\"mailto:jaquereichert@yahoo.com.br\"><strong>jaquereichert@yahoo.com.br<\/strong><\/a><\/span><\/p>\n<p><a href=\"http:\/\/lattes.cnpq.br\/8278974968183127\"><strong>Curr\u00edculo lattes<\/strong><\/a><\/p>\n<p>\u00a0<\/p>\n<p><img loading=\"lazy\" decoding=\"async\" class=\"size-thumbnail wp-image-44 alignleft\" src=\"https:\/\/www.ufsm.br\/laboratorios\/later\/wp-content\/uploads\/sites\/657\/2019\/07\/4-1-150x150.jpg\" alt=\"\" width=\"150\" height=\"150\" \/><\/p>\n<p><strong>Michael Rodrigo Philippsen<\/strong><\/p>\n<p><strong>e-mail:\u00a0<\/strong><span id=\"cloak9c1c51d731b040d6e966861355c9afbc\"><a href=\"mailto:michael.rodrigo.philippsen@gmail.com\"><strong>michael.rodrigo.philippsen@gmail.com<\/strong><\/a><\/span><strong>\u00a0\u00a0\u00a0\u00a0\u00a0\u00a0<\/strong><\/p>\n<p><a href=\"http:\/\/lattes.cnpq.br\/5440186499322850\"><strong>Curr\u00edculo lattes<\/strong><\/a><\/p>\n<p>\u00a0<\/p>\n<p><img loading=\"lazy\" decoding=\"async\" class=\"size-thumbnail wp-image-45 alignleft\" src=\"https:\/\/www.ufsm.br\/laboratorios\/later\/wp-content\/uploads\/sites\/657\/2019\/07\/5-1-150x150.jpg\" alt=\"\" width=\"150\" height=\"150\" \/><\/p>\n<p><strong>Raiara Boessio Araujo<\/strong><\/p>\n<p><strong>e-mail:\u00a0<\/strong><span id=\"cloak38e8a912f489a0eea659ccdcf169593e\"><a href=\"mailto:raiara_araujo@hotmail.com\"><strong>raiara_araujo@hotmail.com<\/strong><\/a><\/span><\/p>\n<p><a href=\"http:\/\/lattes.cnpq.br\/5869599826067118\"><strong>C\u00farriculo lattes<\/strong><\/a><\/p>\n<p>\u00a0<\/p>\n<p><img loading=\"lazy\" decoding=\"async\" class=\"size-thumbnail wp-image-46 alignleft\" src=\"https:\/\/www.ufsm.br\/laboratorios\/later\/wp-content\/uploads\/sites\/657\/2019\/07\/6-1-150x150.jpg\" alt=\"\" width=\"150\" height=\"150\" \/><\/p>\n<p><strong>Julia Antunes de Oliveira<\/strong><\/p>\n<p><strong>e-mail:\u00a0<\/strong><span id=\"cloakdafd0ed4ceff8f107fddc2639fab8806\"><a href=\"mailto:juliaantunes.oliveira@gmail.com\"><strong>juliaantunes.oliveira@gmail.com<\/strong><\/a><\/span><strong>\u00a0\u00a0\u00a0\u00a0\u00a0\u00a0\u00a0\u00a0<\/strong><\/p>\n<p><a href=\"http:\/\/lattes.cnpq.br\/6674987682101212\"><strong>Curr\u00edculo lattes<\/strong><\/a><\/p>\n<p>\u00a0<\/p>\n<p><img loading=\"lazy\" decoding=\"async\" class=\"size-full wp-image-47 alignleft\" src=\"https:\/\/www.ufsm.br\/laboratorios\/later\/wp-content\/uploads\/sites\/657\/2019\/07\/7.jpg\" alt=\"\" width=\"105\" height=\"129\" \/><\/p>\n<p><strong>Loisleini Fontoura Saldanha<\/strong><\/p>\n<p><strong>e-mail:\u00a0<\/strong><span id=\"cloak9598387a85677f7cdcb1e3f4aba027e2\"><a href=\"mailto:loisi_saldanha@hotmail.com\"><strong>loisi_saldanha@hotmail.com<\/strong><\/a><\/span><\/p>\n<p><a href=\"http:\/\/lattes.cnpq.br\/7631468700181864\"><strong>Curr\u00edculo lattes<\/strong><\/a><\/p>\n<p>\u00a0<\/p>\n<p><img loading=\"lazy\" decoding=\"async\" class=\"size-full wp-image-48 alignleft\" src=\"https:\/\/www.ufsm.br\/laboratorios\/later\/wp-content\/uploads\/sites\/657\/2019\/07\/8.jpg\" alt=\"\" width=\"106\" height=\"129\" \/><\/p>\n<p><strong>Thaise Heinen<\/strong><\/p>\n<p><strong>e-mail:\u00a0<\/strong><span id=\"cloak1fcac2b142468f1d4d0e92b1224a6452\"><a href=\"mailto:thaiseheinen@gmail.com\"><strong>thaiseheinen@gmail.com<\/strong><\/a><\/span><\/p>\n<p><a href=\"http:\/\/lattes.cnpq.br\/4477561715927090\"><strong>Curr\u00edculo lattes<\/strong><\/a><\/p>\n","protected":false},"excerpt":{"rendered":"<p>Prof\u00ba Em\u00e9rito Tit. Dr. Ayrton Figueiredo Martins\u00a0e-mail:\u00a0ayrtonfm@gmail.com\u00a0Curr\u00edculo lattes\u00a0 \u00a0 Professor Em\u00e9rito da UFSM, possui Gradua\u00e7\u00e3o em Licenciatura em Qu\u00edmica (1969) e em Qu\u00edmica Industrial (1985) pela Universidade Federal de Santa Maria; Mestrado em Qu\u00edmica (Qu\u00edmica Anal\u00edtica Inorg\u00e2nica) pela Pontif\u00edcia Universidade Cat\u00f3lica do Rio de Janeiro (1974); Doutorado em Ci\u00eancias Naturais pela Universidade Livre de Berlim [&hellip;]<\/p>\n","protected":false},"author":124,"featured_media":0,"parent":0,"menu_order":0,"comment_status":"closed","ping_status":"closed","template":"","meta":{"footnotes":""},"categories":[],"tags":[],"class_list":["post-23","page","type-page","status-publish","hentry"],"acf":[],"_links":{"self":[{"href":"https:\/\/www.ufsm.br\/laboratorios\/later\/wp-json\/wp\/v2\/pages\/23","targetHints":{"allow":["GET"]}}],"collection":[{"href":"https:\/\/www.ufsm.br\/laboratorios\/later\/wp-json\/wp\/v2\/pages"}],"about":[{"href":"https:\/\/www.ufsm.br\/laboratorios\/later\/wp-json\/wp\/v2\/types\/page"}],"author":[{"embeddable":true,"href":"https:\/\/www.ufsm.br\/laboratorios\/later\/wp-json\/wp\/v2\/users\/124"}],"replies":[{"embeddable":true,"href":"https:\/\/www.ufsm.br\/laboratorios\/later\/wp-json\/wp\/v2\/comments?post=23"}],"version-history":[{"count":0,"href":"https:\/\/www.ufsm.br\/laboratorios\/later\/wp-json\/wp\/v2\/pages\/23\/revisions"}],"wp:attachment":[{"href":"https:\/\/www.ufsm.br\/laboratorios\/later\/wp-json\/wp\/v2\/media?parent=23"}],"wp:term":[{"taxonomy":"category","embeddable":true,"href":"https:\/\/www.ufsm.br\/laboratorios\/later\/wp-json\/wp\/v2\/categories?post=23"},{"taxonomy":"post_tag","embeddable":true,"href":"https:\/\/www.ufsm.br\/laboratorios\/later\/wp-json\/wp\/v2\/tags?post=23"}],"curies":[{"name":"wp","href":"https:\/\/api.w.org\/{rel}","templated":true}]}}