{"id":23,"date":"2019-05-14T17:02:03","date_gmt":"2019-05-14T20:02:03","guid":{"rendered":"https:\/\/www.ufsm.br\/template-laboratprio\/?page_id=23"},"modified":"2019-07-10T15:44:40","modified_gmt":"2019-07-10T18:44:40","slug":"equipe","status":"publish","type":"page","link":"https:\/\/www.ufsm.br\/laboratorios\/latox\/equipe","title":{"rendered":"Equipe"},"content":{"rendered":"\n<table style=\"width: 100%\" width=\"100%\">\n<tbody>\n<tr>\n<td style=\"width: 100%\">\n<p><strong>Coordenadora<\/strong><\/p>\n<\/td>\n<\/tr>\n<tr>\n<td style=\"width: 100%\">\n<p><a href=\"mailto:sgarpom@ccs.ufsm.br\">Prof\u00aa Dr\u00aa Solange Cristina Garcia<\/a><\/p>\n<\/td>\n<\/tr>\n<tr>\n<td style=\"width: 100%\">\n<p>Pesquisadora do Laborat\u00f3rio de An\u00e1lises Toxicol\u00f3gicas (LATOX)<\/p>\n<\/td>\n<\/tr>\n<tr>\n<td style=\"width: 100%\">\n<p>\u00a0<\/p>\n<\/td>\n<\/tr>\n<tr>\n<td style=\"width: 100%\">\n<p><strong>Colaboradores<\/strong><\/p>\n<\/td>\n<\/tr>\n<tr>\n<td style=\"width: 100%\">\n<p><a href=\"mailto:ndenise@quimica.ufsm.br\">Prof\u00aa Dr\u00aa Denise Bohrer<\/a><\/p>\n<\/td>\n<\/tr>\n<tr>\n<td style=\"width: 100%\">\n<p>Pesquisadora\u00a0<a href=\"http:\/\/www.ufsm.br\/lachem\">(LACHEN)<\/a><\/p>\n<\/td>\n<\/tr>\n<tr>\n<td style=\"width: 100%\">\n<p>\u00a0<\/p>\n<\/td>\n<\/tr>\n<tr>\n<td style=\"width: 100%\">\n<p><a href=\"mailto:pomblumv@yahoo.de\">Prof Dr Valdeci Juarez Pomblum<\/a><\/p>\n<\/td>\n<\/tr>\n<tr>\n<td style=\"width: 100%\">\n<p>Pesquisador<\/p>\n<\/td>\n<\/tr>\n<tr>\n<td style=\"width: 100%\">\n<p>\u00a0<\/p>\n<\/td>\n<\/tr>\n<tr>\n<td style=\"width: 100%\">\n<p><a href=\"mailto:car.almeida@smail.ufsm.br\">Ms. Carlos A. A. Almeida<\/a><\/p>\n<\/td>\n<\/tr>\n<tr>\n<td style=\"width: 100%\">\n<p>Farmac\u00eautico-Bioqu\u00edmico<\/p>\n<\/td>\n<\/tr>\n<tr>\n<td style=\"width: 100%\">\n<p>\u00a0<\/p>\n<\/td>\n<\/tr>\n<tr>\n<td style=\"width: 100%\">\n<p><a href=\"mailto:...@...\">Prof Dr Leandro Machado De Carvalho<\/a><\/p>\n<\/td>\n<\/tr>\n<tr>\n<td style=\"width: 100%\">\n<p>Pesquisador\u00a0<a href=\"http:\/\/www.ufsm.br\/lachem\">(LACHEN)<\/a><\/p>\n<\/td>\n<\/tr>\n<tr>\n<td style=\"width: 100%\">\n<p>\u00a0<\/p>\n<\/td>\n<\/tr>\n<tr>\n<td style=\"width: 100%\">\n<p><strong>Mestrandos<\/strong><\/p>\n<\/td>\n<\/tr>\n<tr>\n<td style=\"width: 100%\">\n<p><a href=\"mailto:plaquetabr@yahoo.com.br\">Cl\u00f3vis Paniz<\/a><\/p>\n<\/td>\n<\/tr>\n<tr>\n<td style=\"width: 100%\">\n<p>Farmac\u00eautico-Bioqu\u00edmico<\/p>\n<\/td>\n<\/tr>\n<tr>\n<td style=\"width: 100%\">\n<p>\u00a0<\/p>\n<\/td>\n<\/tr>\n<tr>\n<td style=\"width: 100%\">\n<p><a href=\"mailto:denisegrotto@zipmail.com.br\">Denise Grotto<\/a><\/p>\n<\/td>\n<\/tr>\n<tr>\n<td style=\"width: 100%\">\n<p>Farmac\u00eautica-Bioqu\u00edmica<\/p>\n<\/td>\n<\/tr>\n<tr>\n<td style=\"width: 100%\">\n<p>\u00a0<\/p>\n<\/td>\n<\/tr>\n<tr>\n<td style=\"width: 100%\">\n<p><a href=\"mailto:gabrielaschmitt@terra.com.br\">Gabriela Cristina Schmitt<\/a><\/p>\n<\/td>\n<\/tr>\n<tr>\n<td style=\"width: 100%\">\n<p>Farmac\u00eautica-Bioqu\u00edmica<\/p>\n<\/td>\n<\/tr>\n<tr>\n<td style=\"width: 100%\">\n<p>\u00a0<\/p>\n<\/td>\n<\/tr>\n<tr>\n<td style=\"width: 100%\">\n<p><a href=\"mailto:juvalentini@mail.ufsm.br\">Juliana Valentini<\/a><\/p>\n<\/td>\n<\/tr>\n<tr>\n<td style=\"width: 100%\">\n<p>Farmac\u00eautica-Bioqu\u00edmica<\/p>\n<\/td>\n<\/tr>\n<tr>\n<td style=\"width: 100%\">\n<p>\u00a0<\/p>\n<\/td>\n<\/tr>\n<tr>\n<td style=\"width: 100%\">\n<p><a href=\"mailto:jutini@yahoo.com.br\">Juliana Vicentini<\/a><\/p>\n<\/td>\n<\/tr>\n<tr>\n<td style=\"width: 100%\">\n<p>Farmac\u00eautica-Bioqu\u00edmica<\/p>\n<\/td>\n<\/tr>\n<tr>\n<td style=\"width: 100%\">\n<p>\u00a0<\/p>\n<\/td>\n<\/tr>\n<tr>\n<td style=\"width: 100%\">\n<p><a href=\"mailto:rachelbulcao@yahoo.com.br\">Rachel Bulc\u00e3o<\/a><\/p>\n<\/td>\n<\/tr>\n<tr>\n<td style=\"width: 100%\">\n<p>Farmac\u00eautica-Bioqu\u00edmica<\/p>\n<\/td>\n<\/tr>\n<\/tbody>\n<\/table>\n<table width=\"100%\">\n<tbody>\n<tr>\n<td>\n<p><strong>Bolsistas de Inicia\u00e7\u00e3o Cient\u00edfica e\/ou Extens\u00e3o<\/strong><\/p>\n<\/td>\n<\/tr>\n<tr>\n<td>\n<p><a href=\"mailto:%20andrebairros@yahoo.com.br\">Andr\u00e9 Valle de Bairros<\/a><\/p>\n<\/td>\n<\/tr>\n<tr>\n<td>\n<p><a href=\"mailto:angelamariamoro@bol.com.br\">\u00c2ngela Maria Moro<\/a><\/p>\n<\/td>\n<\/tr>\n<tr>\n<td>\n<p><a href=\"mailto:lucasdorneles@yahoo.com.br\">Lucas Dorneles Santa Maria<\/a><\/p>\n<\/td>\n<\/tr>\n<tr>\n<td>\n<p><a href=\"mailto:marifeiffercharao@yahoo.com.br\">Mariele Feiffer Char\u00e3o<\/a><\/p>\n<\/td>\n<\/tr>\n<tr>\n<td>\n<p><a href=\"mailto:fernandaaxl@hotmail.com\">Fernanda L. De Almeida<\/a><\/p>\n<\/td>\n<\/tr>\n<tr>\n<td>\n<p><a href=\"mailto:silvespeter@yahoo.com.br\">Silvana P. Boeira<\/a><\/p>\n<\/td>\n<\/tr>\n<tr>\n<td>\n<p><a href=\"mailto:raqueltonello@hotmail.com\">Raquel Tonello<\/a><\/p>\n<\/td>\n<\/tr>\n<\/tbody>\n<\/table>\n<p>\u00a0<\/p>\n","protected":false},"excerpt":{"rendered":"<p>Coordenadora Prof\u00aa Dr\u00aa Solange Cristina Garcia Pesquisadora do Laborat\u00f3rio de An\u00e1lises Toxicol\u00f3gicas (LATOX) \u00a0 Colaboradores Prof\u00aa Dr\u00aa Denise Bohrer Pesquisadora\u00a0(LACHEN) \u00a0 Prof Dr Valdeci Juarez Pomblum Pesquisador \u00a0 Ms. Carlos A. A. Almeida Farmac\u00eautico-Bioqu\u00edmico \u00a0 Prof Dr Leandro Machado De Carvalho Pesquisador\u00a0(LACHEN) \u00a0 Mestrandos Cl\u00f3vis Paniz Farmac\u00eautico-Bioqu\u00edmico \u00a0 Denise Grotto Farmac\u00eautica-Bioqu\u00edmica \u00a0 Gabriela Cristina Schmitt [&hellip;]<\/p>\n","protected":false},"author":124,"featured_media":0,"parent":0,"menu_order":0,"comment_status":"closed","ping_status":"closed","template":"","meta":{"footnotes":""},"categories":[],"tags":[],"class_list":["post-23","page","type-page","status-publish","hentry"],"acf":[],"_links":{"self":[{"href":"https:\/\/www.ufsm.br\/laboratorios\/latox\/wp-json\/wp\/v2\/pages\/23","targetHints":{"allow":["GET"]}}],"collection":[{"href":"https:\/\/www.ufsm.br\/laboratorios\/latox\/wp-json\/wp\/v2\/pages"}],"about":[{"href":"https:\/\/www.ufsm.br\/laboratorios\/latox\/wp-json\/wp\/v2\/types\/page"}],"author":[{"embeddable":true,"href":"https:\/\/www.ufsm.br\/laboratorios\/latox\/wp-json\/wp\/v2\/users\/124"}],"replies":[{"embeddable":true,"href":"https:\/\/www.ufsm.br\/laboratorios\/latox\/wp-json\/wp\/v2\/comments?post=23"}],"version-history":[{"count":0,"href":"https:\/\/www.ufsm.br\/laboratorios\/latox\/wp-json\/wp\/v2\/pages\/23\/revisions"}],"wp:attachment":[{"href":"https:\/\/www.ufsm.br\/laboratorios\/latox\/wp-json\/wp\/v2\/media?parent=23"}],"wp:term":[{"taxonomy":"category","embeddable":true,"href":"https:\/\/www.ufsm.br\/laboratorios\/latox\/wp-json\/wp\/v2\/categories?post=23"},{"taxonomy":"post_tag","embeddable":true,"href":"https:\/\/www.ufsm.br\/laboratorios\/latox\/wp-json\/wp\/v2\/tags?post=23"}],"curies":[{"name":"wp","href":"https:\/\/api.w.org\/{rel}","templated":true}]}}