{"id":26,"date":"2019-05-14T17:03:27","date_gmt":"2019-05-14T20:03:27","guid":{"rendered":"https:\/\/www.ufsm.br\/template-laboratprio\/?page_id=26"},"modified":"2019-07-10T15:57:55","modified_gmt":"2019-07-10T18:57:55","slug":"contato","status":"publish","type":"page","link":"https:\/\/www.ufsm.br\/laboratorios\/latox\/contato","title":{"rendered":"Contato"},"content":{"rendered":"\n<p>Departamento de An\u00e1lises Cl\u00ednicas e Toxicol\u00f3gicas \u2013 Centro de Ci\u00eancias da Sa\u00fade\u00a0<br \/>Sala 1401 \u2013 Tel.: (55) 220-8941 \u2013 Fax: (55) 220-8753<\/p>\n<p>email: sgarpom@ccs.ufsm.br<\/p>\n","protected":false},"excerpt":{"rendered":"<p>Departamento de An\u00e1lises Cl\u00ednicas e Toxicol\u00f3gicas \u2013 Centro de Ci\u00eancias da Sa\u00fade\u00a0Sala 1401 \u2013 Tel.: (55) 220-8941 \u2013 Fax: (55) 220-8753 email: sgarpom@ccs.ufsm.br<\/p>\n","protected":false},"author":124,"featured_media":0,"parent":0,"menu_order":0,"comment_status":"closed","ping_status":"closed","template":"","meta":{"footnotes":""},"categories":[],"tags":[],"class_list":["post-26","page","type-page","status-publish","hentry"],"acf":[],"_links":{"self":[{"href":"https:\/\/www.ufsm.br\/laboratorios\/latox\/wp-json\/wp\/v2\/pages\/26","targetHints":{"allow":["GET"]}}],"collection":[{"href":"https:\/\/www.ufsm.br\/laboratorios\/latox\/wp-json\/wp\/v2\/pages"}],"about":[{"href":"https:\/\/www.ufsm.br\/laboratorios\/latox\/wp-json\/wp\/v2\/types\/page"}],"author":[{"embeddable":true,"href":"https:\/\/www.ufsm.br\/laboratorios\/latox\/wp-json\/wp\/v2\/users\/124"}],"replies":[{"embeddable":true,"href":"https:\/\/www.ufsm.br\/laboratorios\/latox\/wp-json\/wp\/v2\/comments?post=26"}],"version-history":[{"count":0,"href":"https:\/\/www.ufsm.br\/laboratorios\/latox\/wp-json\/wp\/v2\/pages\/26\/revisions"}],"wp:attachment":[{"href":"https:\/\/www.ufsm.br\/laboratorios\/latox\/wp-json\/wp\/v2\/media?parent=26"}],"wp:term":[{"taxonomy":"category","embeddable":true,"href":"https:\/\/www.ufsm.br\/laboratorios\/latox\/wp-json\/wp\/v2\/categories?post=26"},{"taxonomy":"post_tag","embeddable":true,"href":"https:\/\/www.ufsm.br\/laboratorios\/latox\/wp-json\/wp\/v2\/tags?post=26"}],"curies":[{"name":"wp","href":"https:\/\/api.w.org\/{rel}","templated":true}]}}