{"id":33,"date":"2019-05-24T15:38:58","date_gmt":"2019-05-24T18:38:58","guid":{"rendered":"https:\/\/www.ufsm.br\/template-laboratprio\/?page_id=33"},"modified":"2019-07-10T15:49:45","modified_gmt":"2019-07-10T18:49:45","slug":"producao-cientifica","status":"publish","type":"page","link":"https:\/\/www.ufsm.br\/laboratorios\/latox\/producao-cientifica","title":{"rendered":"Produ\u00e7\u00e3o Cient\u00edfica"},"content":{"rendered":"\n<p align=\"justify\"><span style=\"color: #0000cc\">Electrophoretic separation of ventricular myosin isoenzymes using a native polyacrylamide minigel system. Cell Biochem. Biophys;38(1):33-40, 2003.<\/span><\/p>\n<p align=\"justify\"><span style=\"color: #0000cc\">The isolated rabbit heart: comparison between five different modifications]<br \/>Herz. Dec;27(8):803-13, 2002. German.<\/span><\/p>\n<p align=\"justify\"><span style=\"color: #0000cc\">Contribution of the raw material to the aluminum contamination in parenterals.<br \/>JPEN J Parenter Enteral Nutr. Nov-Dec;26(6):382-8, 2002.<\/span><\/p>\n<p align=\"justify\"><span style=\"color: #0000ff\">Influence of the glass packing on the contamination of pharmaceutical products by aluminium. Part I: salts, glucose, heparin and albumin, J Trace Elem Med Biol, 15(2-3):95-101, 2001.<\/span><\/p>\n<p align=\"justify\"><span style=\"color: #0000ff\">Determination of nickel, manganese, copper and zinc in blood serum by atomic absorption spectrometry after desproteinization by microwave irradiation, Analytical Letters, 33(7):1265-1279, 2000.<\/span><\/p>\n<p align=\"justify\"><span style=\"color: #0000ff\">The microalbuminuria and its relationship with diabetes, arterial hypertension and cardiovascular diseases: a review, Jornal Brasileiro de Patologia, 36: 18-25, 2000.<\/span><\/p>\n<p align=\"justify\"><span style=\"color: #0000ff\">Deproteinization of blood serum by Acid-Microwave association for the determination of aluminium by graphite furnace atomic absorption spectrometry, Journal of Analytical Atomic Spectrometry, v. 13, 1998.<\/span><\/p>\n<p align=\"justify\"><span style=\"color: #0000ff\">Polarographic determination of cyanide as nickelcyanocomplex in blood plasma after selective extraction in a methyl blue unpregnated column, Fresenius Journal of Analytical Chemistry, 361, 1998.<\/span><\/p>\n<p align=\"justify\"><span style=\"color: #0000ff\">The Activity of Adenosin Deaminase (ADA) as auxiliary diagnostic in the hansenyase, Newslab, 1998.<\/span><\/p>\n<p align=\"justify\"><span style=\"color: #0000ff\">Liquid Chromatography with ultraviolet absorbance detection as an auxiliary cleanup step, Analyst, v. 122, August 1997.<\/span><\/p>\n<p align=\"justify\"><span style=\"color: #0000ff\">The problem of contamination in the Aluminium Trace Analysis, Qu\u00edmica Nova, V. 20 n\u00b0 04, 1997.<\/span><\/p>\n<p align=\"center\"><span style=\"color: #0000ff\"><br \/><strong><span style=\"color: #000099\">Trabalhos Apresentados em Congressos Internacionais:<\/span><\/strong><\/span><\/p>\n<p align=\"justify\"><span style=\"color: #0000ff\">Hydroxyl peroxide and peroxynitrite contribute differently to the ischemia-reperfusion injury in the rabbit myocardium. Heart Failure. Strasbourg (FRA), June\/2003.<\/span><\/p>\n<p align=\"justify\"><span style=\"color: #0000ff\">Correlation between protein oxidation and myocardial function after ischemia\/reperfusion in isolated hearts. Experimental Biology. San Diego (USA). April\/2003.<\/span><\/p>\n<p align=\"justify\"><span style=\"color: #0000ff\">Determination of Myosin Isoenzymes in Normoxic and Postichemic Myocardium; A New, Safe and Reliable Method, Experimental Biology, New Orleans (USA) April\/2002.<\/span><\/p>\n<p align=\"justify\"><span style=\"color: #0000ff\">The antioxidantive effects of the mannitol and glutathione on global myocardial function and MHC-isoenzyme distribution. Physiology-Kongress, T\u00fcbinguen (GER) M\u00e4rz\/2002.<\/span><\/p>\n<p align=\"justify\"><span style=\"color: #0000ff\">The effect of oxygen radical scaveging on postischemic ventricular function. Physiology-Kongress, T\u00fcbinguen (GER) M\u00e4rz\/2002.<\/span><\/p>\n<p align=\"justify\"><span style=\"color: #0000ff\">Myosin Isoenzymes; determination in normoxic and postischemic hearts, European Society of Cardiology, Winter Meeting \u201cFrom Hypertrophy to Failure\u201d, Isola (FRA) 2002.<\/span><\/p>\n<p align=\"justify\"><span style=\"color: #0000ff\">Different contribution of reactive oxygen species to microvascular stunning. Basic Res Cardiol 96(1), 5-5. 2001.<\/span><\/p>\n<p align=\"justify\"><span style=\"color: #0000ff\">Different contribution of hydroxyl peroxide and peroxynitrite to the ischemia-reperfusion injury in the rabbit myocardium, German J. Cardiol 90(5), 267, 2001.<\/span><\/p>\n<p align=\"justify\"><span style=\"color: #0000ff\">Myosin-isoenzymes in normoxic and postischemic rabbit hearts, German J. Cardiol 90(5) 272, Ulm (GER) 2001.<\/span><\/p>\n<p align=\"justify\"><span style=\"color: #0000ff\">Eine einfache und zuverl\u00e4ssige Methode zur Bestimmung des Myosin-Isoenzyme-Musters. German J. Cardiol 90(5), 74-74. Ulm (GER) 2001<\/span><\/p>\n<p align=\"justify\"><span style=\"color: #0000ff\">Endothelium and postischemic dysfunction, European Working Group on Myocardial Function, International Workshop Isola (FRA), 2000.<\/span><\/p>\n<p align=\"justify\"><span style=\"color: #0000ff\">Beitrag der endothelialen Dysfunktion zum vaskul\u00e4ren Stunning. Z. Kardiol. 89(6), 29-29. Munster (GER) 2000.<\/span><\/p>\n<p align=\"center\"><span style=\"color: #0000ff\"><br \/><strong><span style=\"color: #000099\">Trabalhos Apresentados em Congressos Nacionais<\/span><\/strong><\/span><\/p>\n<p align=\"justify\"><span style=\"color: #0000ff\">Evaluation of the toxicology analysis realized in Santa Maria: 1995-2002. Londrina \u2013 PR \/ Poster; September\/2003.<\/span><\/p>\n<p align=\"justify\"><span style=\"color: #0000ff\">Evaluation of the Microalbuminuria in diabetic patientes, hypertens-diabetcs and hypertens as an auxiliary signal in the nefropatie. Rio de Janeiro \u2013 RJ \/ Poster; September\/1998.<\/span><\/p>\n<p align=\"justify\"><span style=\"color: #0000ff\">Determination of Adenosine Deaminase (ADA) in the liquor : auxiliary to diagnostic of the infeccious disease. Porto Alegre \u2013 Rio Grande do Sul \/ Poster; Juni\/1998.<\/span><\/p>\n<p align=\"justify\"><span style=\"color: #0000ff\">Using of Adenosine Deaminase (ADA) activity as the marker of hansen disease. Belo Horizonte \u2013 Minas Gerais \/ Poster; September\/1997.<\/span><\/p>\n<p align=\"justify\"><span style=\"color: #0000ff\">Deproteinization of blood serum by the associated action of Acid-Microwave in order to determine the amount of aluminium by graphite AAS. S\u00e3o Carlos \u2013 S\u00e3o Paulo \/ Poster; August\/1997.<\/span><\/p>\n<p align=\"justify\"><span style=\"color: #0000ff\">The problem of contamination in the Al trace analysis. Belo Horizonte \u2013 Minas Gerais; September\/1997.<\/span><\/p>\n<p align=\"justify\"><span style=\"color: #0000ff\">The risk of contamination by aluminium in the dialysis with good quality water. Po\u00e7os de Caldas \u2013 Minas Gerais \/ Poster; Mai\/1997.<\/span><\/p>\n<p align=\"justify\"><span style=\"color: #0000ff\">The use of microwave deproteinization of blood serum and is applications in the analysis of agrotoxic residues. Po\u00e7os de Caldas \u2013 Minas Gerais<\/span><\/p>\n<p align=\"justify\"><span style=\"color: #0000ff\">Aluminium levels in the water of the UFSM Hospital used in the treatment of hemodialysis. Caxambu \u2013Minas Gerais \/ Poster; Mai\/1995.<\/span><\/p>\n<p align=\"justify\"><span style=\"color: #0000ff\">Teratogenic Agents \u2013 A Revision &#8211; Second Congress of Research of UFSM \u2013 Poster; OKtober\/1992.\u00a0<\/span><\/p>\n","protected":false},"excerpt":{"rendered":"<p>Electrophoretic separation of ventricular myosin isoenzymes using a native polyacrylamide minigel system. Cell Biochem. Biophys;38(1):33-40, 2003. The isolated rabbit heart: comparison between five different modifications]Herz. Dec;27(8):803-13, 2002. German. Contribution of the raw material to the aluminum contamination in parenterals.JPEN J Parenter Enteral Nutr. Nov-Dec;26(6):382-8, 2002. Influence of the glass packing on the contamination of pharmaceutical [&hellip;]<\/p>\n","protected":false},"author":25,"featured_media":0,"parent":0,"menu_order":0,"comment_status":"closed","ping_status":"closed","template":"","meta":{"footnotes":""},"categories":[],"tags":[],"class_list":["post-33","page","type-page","status-publish","hentry"],"acf":[],"_links":{"self":[{"href":"https:\/\/www.ufsm.br\/laboratorios\/latox\/wp-json\/wp\/v2\/pages\/33","targetHints":{"allow":["GET"]}}],"collection":[{"href":"https:\/\/www.ufsm.br\/laboratorios\/latox\/wp-json\/wp\/v2\/pages"}],"about":[{"href":"https:\/\/www.ufsm.br\/laboratorios\/latox\/wp-json\/wp\/v2\/types\/page"}],"author":[{"embeddable":true,"href":"https:\/\/www.ufsm.br\/laboratorios\/latox\/wp-json\/wp\/v2\/users\/25"}],"replies":[{"embeddable":true,"href":"https:\/\/www.ufsm.br\/laboratorios\/latox\/wp-json\/wp\/v2\/comments?post=33"}],"version-history":[{"count":0,"href":"https:\/\/www.ufsm.br\/laboratorios\/latox\/wp-json\/wp\/v2\/pages\/33\/revisions"}],"wp:attachment":[{"href":"https:\/\/www.ufsm.br\/laboratorios\/latox\/wp-json\/wp\/v2\/media?parent=33"}],"wp:term":[{"taxonomy":"category","embeddable":true,"href":"https:\/\/www.ufsm.br\/laboratorios\/latox\/wp-json\/wp\/v2\/categories?post=33"},{"taxonomy":"post_tag","embeddable":true,"href":"https:\/\/www.ufsm.br\/laboratorios\/latox\/wp-json\/wp\/v2\/tags?post=33"}],"curies":[{"name":"wp","href":"https:\/\/api.w.org\/{rel}","templated":true}]}}