{"id":45,"date":"2019-07-16T16:30:57","date_gmt":"2019-07-16T19:30:57","guid":{"rendered":"https:\/\/www.ufsm.br\/laboratorios\/latox\/?page_id=45"},"modified":"2019-07-16T16:30:59","modified_gmt":"2019-07-16T19:30:59","slug":"linhas-de-pesquisa","status":"publish","type":"page","link":"https:\/\/www.ufsm.br\/laboratorios\/latox\/linhas-de-pesquisa","title":{"rendered":"Linhas de pesquisa"},"content":{"rendered":"\n<table style=\"font-family: 'Times New Roman'\" border=\"0\" width=\"100%\">\n<tbody>\n<tr>\n<td style=\"text-align: left\">\n<div align=\"center\"><span style=\"color: #0000FF\">Estresse Oxidativo e seus Marcadores<\/span><\/div>\n<\/td>\n<\/tr>\n<tr>\n<td style=\"text-align: left\">\n<div align=\"center\"><span style=\"color: #0000FF\">Metais Essenciais e T\u00f3xicos: Estudo Metab\u00f3lico e M\u00e9todos de An\u00e1lise<\/span><\/div>\n<\/td>\n<\/tr>\n<tr>\n<td style=\"text-align: left\">\n<div align=\"center\"><span style=\"color: #0000FF\">Epidemiologia em An\u00e1lises Toxicol\u00f3gicas<\/span><\/div>\n<\/td>\n<\/tr>\n<\/tbody>\n<\/table>\n","protected":false},"excerpt":{"rendered":"<p>Estresse Oxidativo e seus Marcadores Metais Essenciais e T\u00f3xicos: Estudo Metab\u00f3lico e M\u00e9todos de An\u00e1lise Epidemiologia em An\u00e1lises Toxicol\u00f3gicas<\/p>\n","protected":false},"author":115,"featured_media":0,"parent":0,"menu_order":0,"comment_status":"closed","ping_status":"closed","template":"","meta":{"footnotes":""},"categories":[],"tags":[],"class_list":["post-45","page","type-page","status-publish","hentry"],"acf":[],"_links":{"self":[{"href":"https:\/\/www.ufsm.br\/laboratorios\/latox\/wp-json\/wp\/v2\/pages\/45","targetHints":{"allow":["GET"]}}],"collection":[{"href":"https:\/\/www.ufsm.br\/laboratorios\/latox\/wp-json\/wp\/v2\/pages"}],"about":[{"href":"https:\/\/www.ufsm.br\/laboratorios\/latox\/wp-json\/wp\/v2\/types\/page"}],"author":[{"embeddable":true,"href":"https:\/\/www.ufsm.br\/laboratorios\/latox\/wp-json\/wp\/v2\/users\/115"}],"replies":[{"embeddable":true,"href":"https:\/\/www.ufsm.br\/laboratorios\/latox\/wp-json\/wp\/v2\/comments?post=45"}],"version-history":[{"count":0,"href":"https:\/\/www.ufsm.br\/laboratorios\/latox\/wp-json\/wp\/v2\/pages\/45\/revisions"}],"wp:attachment":[{"href":"https:\/\/www.ufsm.br\/laboratorios\/latox\/wp-json\/wp\/v2\/media?parent=45"}],"wp:term":[{"taxonomy":"category","embeddable":true,"href":"https:\/\/www.ufsm.br\/laboratorios\/latox\/wp-json\/wp\/v2\/categories?post=45"},{"taxonomy":"post_tag","embeddable":true,"href":"https:\/\/www.ufsm.br\/laboratorios\/latox\/wp-json\/wp\/v2\/tags?post=45"}],"curies":[{"name":"wp","href":"https:\/\/api.w.org\/{rel}","templated":true}]}}