{"id":43,"date":"2019-07-17T10:40:42","date_gmt":"2019-07-17T13:40:42","guid":{"rendered":"https:\/\/www.ufsm.br\/laboratorios\/lcdpa\/?page_id=43"},"modified":"2019-07-17T10:40:45","modified_gmt":"2019-07-17T13:40:45","slug":"simposios","status":"publish","type":"page","link":"https:\/\/www.ufsm.br\/laboratorios\/lcdpa\/simposios","title":{"rendered":"Simp\u00f3sios"},"content":{"rendered":"\n<ul>\n<li>Simp\u00f3sio de Sanidade Av\u00edcola.<\/li>\n<li><a href=\"https:\/\/www.ufsm.br\/unidades-universitarias\/ccr\/eventos\/sgas\/\">Simp\u00f3sio Ga\u00facho de Animais Selvagens.<\/a><\/li>\n<\/ul>\n","protected":false},"excerpt":{"rendered":"<p>Simp\u00f3sio de Sanidade Av\u00edcola. Simp\u00f3sio Ga\u00facho de Animais Selvagens.<\/p>\n","protected":false},"author":115,"featured_media":0,"parent":0,"menu_order":0,"comment_status":"closed","ping_status":"closed","template":"","meta":{"footnotes":""},"categories":[],"tags":[],"class_list":["post-43","page","type-page","status-publish","hentry"],"acf":[],"_links":{"self":[{"href":"https:\/\/www.ufsm.br\/laboratorios\/lcdpa\/wp-json\/wp\/v2\/pages\/43","targetHints":{"allow":["GET"]}}],"collection":[{"href":"https:\/\/www.ufsm.br\/laboratorios\/lcdpa\/wp-json\/wp\/v2\/pages"}],"about":[{"href":"https:\/\/www.ufsm.br\/laboratorios\/lcdpa\/wp-json\/wp\/v2\/types\/page"}],"author":[{"embeddable":true,"href":"https:\/\/www.ufsm.br\/laboratorios\/lcdpa\/wp-json\/wp\/v2\/users\/115"}],"replies":[{"embeddable":true,"href":"https:\/\/www.ufsm.br\/laboratorios\/lcdpa\/wp-json\/wp\/v2\/comments?post=43"}],"version-history":[{"count":0,"href":"https:\/\/www.ufsm.br\/laboratorios\/lcdpa\/wp-json\/wp\/v2\/pages\/43\/revisions"}],"wp:attachment":[{"href":"https:\/\/www.ufsm.br\/laboratorios\/lcdpa\/wp-json\/wp\/v2\/media?parent=43"}],"wp:term":[{"taxonomy":"category","embeddable":true,"href":"https:\/\/www.ufsm.br\/laboratorios\/lcdpa\/wp-json\/wp\/v2\/categories?post=43"},{"taxonomy":"post_tag","embeddable":true,"href":"https:\/\/www.ufsm.br\/laboratorios\/lcdpa\/wp-json\/wp\/v2\/tags?post=43"}],"curies":[{"name":"wp","href":"https:\/\/api.w.org\/{rel}","templated":true}]}}