{"id":49,"date":"2019-07-17T10:51:26","date_gmt":"2019-07-17T13:51:26","guid":{"rendered":"https:\/\/www.ufsm.br\/laboratorios\/lcdpa\/?page_id=49"},"modified":"2019-07-17T10:51:27","modified_gmt":"2019-07-17T13:51:27","slug":"ex-integrantes","status":"publish","type":"page","link":"https:\/\/www.ufsm.br\/laboratorios\/lcdpa\/ex-integrantes","title":{"rendered":"Ex-Integrantes"},"content":{"rendered":"\n<p><strong>P\u00f3s-gradua\u00e7\u00e3o<\/strong><\/p>\n<ul>\n<li>Med Vet MSc\u00a0Larissa Q. Pereira<\/li>\n<li>Med Vet MSc Luciano Battisti<\/li>\n<li>Med Vet MSc\u00a0R\u00f3ger Boufleur<\/li>\n<li>Med Vet MSc Helton F. dos Santos<\/li>\n<li>Med Vet MSc Joana L. Bassan<\/li>\n<li>Med Vet MSc Stefanie Segabinazzi<\/li>\n<li>Med Vet MSc Fernanda Flores<\/li>\n<li>Med Vet MSc Isadora Mainieri de Oliveria Corr\u00eaa<\/li>\n<\/ul>\n<p><strong>Estagi\u00e1rios<\/strong><\/p>\n<ul>\n<li>M\u00e9d\u00aa Vet\u00aa Joice M. Brustolin<\/li>\n<li>M\u00e9d\u00aa Vet\u00aa Gabriela Adamy<\/li>\n<li>M\u00e9d Vet Fl\u00e1vio Silveira<\/li>\n<li>M\u00e9d Vet Rafael Bampi<\/li>\n<li>M\u00e9d Vet Rafael Lagaggio<\/li>\n<li>M\u00e9d Vet Michele M. Trindade<\/li>\n<li>M\u00e9d Vet F\u00e1bio Gazoni<\/li>\n<\/ul>\n","protected":false},"excerpt":{"rendered":"<p>P\u00f3s-gradua\u00e7\u00e3o Med Vet MSc\u00a0Larissa Q. Pereira Med Vet MSc Luciano Battisti Med Vet MSc\u00a0R\u00f3ger Boufleur Med Vet MSc Helton F. dos Santos Med Vet MSc Joana L. Bassan Med Vet MSc Stefanie Segabinazzi Med Vet MSc Fernanda Flores Med Vet MSc Isadora Mainieri de Oliveria Corr\u00eaa Estagi\u00e1rios M\u00e9d\u00aa Vet\u00aa Joice M. Brustolin M\u00e9d\u00aa Vet\u00aa Gabriela [&hellip;]<\/p>\n","protected":false},"author":115,"featured_media":0,"parent":0,"menu_order":0,"comment_status":"closed","ping_status":"closed","template":"","meta":{"footnotes":""},"categories":[],"tags":[],"class_list":["post-49","page","type-page","status-publish","hentry"],"acf":[],"_links":{"self":[{"href":"https:\/\/www.ufsm.br\/laboratorios\/lcdpa\/wp-json\/wp\/v2\/pages\/49","targetHints":{"allow":["GET"]}}],"collection":[{"href":"https:\/\/www.ufsm.br\/laboratorios\/lcdpa\/wp-json\/wp\/v2\/pages"}],"about":[{"href":"https:\/\/www.ufsm.br\/laboratorios\/lcdpa\/wp-json\/wp\/v2\/types\/page"}],"author":[{"embeddable":true,"href":"https:\/\/www.ufsm.br\/laboratorios\/lcdpa\/wp-json\/wp\/v2\/users\/115"}],"replies":[{"embeddable":true,"href":"https:\/\/www.ufsm.br\/laboratorios\/lcdpa\/wp-json\/wp\/v2\/comments?post=49"}],"version-history":[{"count":0,"href":"https:\/\/www.ufsm.br\/laboratorios\/lcdpa\/wp-json\/wp\/v2\/pages\/49\/revisions"}],"wp:attachment":[{"href":"https:\/\/www.ufsm.br\/laboratorios\/lcdpa\/wp-json\/wp\/v2\/media?parent=49"}],"wp:term":[{"taxonomy":"category","embeddable":true,"href":"https:\/\/www.ufsm.br\/laboratorios\/lcdpa\/wp-json\/wp\/v2\/categories?post=49"},{"taxonomy":"post_tag","embeddable":true,"href":"https:\/\/www.ufsm.br\/laboratorios\/lcdpa\/wp-json\/wp\/v2\/tags?post=49"}],"curies":[{"name":"wp","href":"https:\/\/api.w.org\/{rel}","templated":true}]}}