{"id":23,"date":"2019-05-14T17:02:03","date_gmt":"2019-05-14T20:02:03","guid":{"rendered":"https:\/\/www.ufsm.br\/template-laboratprio\/?page_id=23"},"modified":"2019-11-13T15:27:27","modified_gmt":"2019-11-13T18:27:27","slug":"equipe","status":"publish","type":"page","link":"https:\/\/www.ufsm.br\/laboratorios\/ldiv\/equipe","title":{"rendered":"Equipe"},"content":{"rendered":"\n<p align=\"justify\"><strong><span style=\"font-family: Arial, serif\"><span style=\"font-size: medium\">Professores respons\u00e1veis pelo Setor e docentes da UFSM, vinculados ao Departamento de Cl\u00ednica de Grandes Animais:<\/span><\/span><\/strong><\/p>\n<p align=\"justify\"><span style=\"font-family: Arial, serif\"><span style=\"font-size: medium\">Prof.<\/span><\/span><span style=\"font-family: Arial, serif\"><span style=\"font-size: medium\"> Dr. Marcus Antonio Rossi Feliciano (<a href=\"http:\/\/lattes.cnpq.br\/4890046762900137\">curr\u00edculo lattes<\/a>);\u00a0<\/span><\/span><\/p>\n<p align=\"justify\"><span style=\"font-family: Arial, serif\"><span style=\"font-size: medium\">Prof. Dr. Ricardo Pozzobon (<a href=\"http:\/\/lattes.cnpq.br\/4294670606057446\">curr\u00edculo lattes<\/a>);<\/span><\/span><\/p>\n<p align=\"justify\"><strong><span style=\"font-family: Arial, serif\"><span style=\"font-size: medium\">Profissionais de Medicina Veterin\u00e1ria:<\/span><\/span><\/strong><\/p>\n<p align=\"justify\"><span style=\"font-family: Arial, serif\"><span style=\"font-size: medium\"> Raquel Baumhardt (<a href=\"http:\/\/lattes.cnpq.br\/0605626660269237\">curr\u00edculo lattes<\/a>);\u00a0<\/span><\/span><\/p>\n<p align=\"justify\"><span style=\"font-family: Arial, serif\"><span style=\"font-size: medium\"> Bianca Bertoletti (<a href=\"http:\/\/lattes.cnpq.br\/0287157862692984\">curr\u00edculo lattes<\/a>);<\/span><\/span><\/p>\n<p align=\"justify\"><span style=\"font-family: Arial, serif\"><span style=\"font-size: medium\">E outros tr\u00eas t\u00e9cnicos em radiologia e quatro m\u00e9dicos veterin\u00e1rios residentes, todos respons\u00e1veis pela rotina do Setor. <\/span><\/span><\/p>\n","protected":false},"excerpt":{"rendered":"<p>Professores respons\u00e1veis pelo Setor e docentes da UFSM, vinculados ao Departamento de Cl\u00ednica de Grandes Animais: Prof. Dr. Marcus Antonio Rossi Feliciano (curr\u00edculo lattes);\u00a0 Prof. Dr. Ricardo Pozzobon (curr\u00edculo lattes); Profissionais de Medicina Veterin\u00e1ria: Raquel Baumhardt (curr\u00edculo lattes);\u00a0 Bianca Bertoletti (curr\u00edculo lattes); E outros tr\u00eas t\u00e9cnicos em radiologia e quatro m\u00e9dicos veterin\u00e1rios residentes, todos respons\u00e1veis [&hellip;]<\/p>\n","protected":false},"author":124,"featured_media":0,"parent":0,"menu_order":0,"comment_status":"closed","ping_status":"closed","template":"","meta":{"footnotes":""},"categories":[],"tags":[],"class_list":["post-23","page","type-page","status-publish","hentry"],"acf":[],"_links":{"self":[{"href":"https:\/\/www.ufsm.br\/laboratorios\/ldiv\/wp-json\/wp\/v2\/pages\/23","targetHints":{"allow":["GET"]}}],"collection":[{"href":"https:\/\/www.ufsm.br\/laboratorios\/ldiv\/wp-json\/wp\/v2\/pages"}],"about":[{"href":"https:\/\/www.ufsm.br\/laboratorios\/ldiv\/wp-json\/wp\/v2\/types\/page"}],"author":[{"embeddable":true,"href":"https:\/\/www.ufsm.br\/laboratorios\/ldiv\/wp-json\/wp\/v2\/users\/124"}],"replies":[{"embeddable":true,"href":"https:\/\/www.ufsm.br\/laboratorios\/ldiv\/wp-json\/wp\/v2\/comments?post=23"}],"version-history":[{"count":0,"href":"https:\/\/www.ufsm.br\/laboratorios\/ldiv\/wp-json\/wp\/v2\/pages\/23\/revisions"}],"wp:attachment":[{"href":"https:\/\/www.ufsm.br\/laboratorios\/ldiv\/wp-json\/wp\/v2\/media?parent=23"}],"wp:term":[{"taxonomy":"category","embeddable":true,"href":"https:\/\/www.ufsm.br\/laboratorios\/ldiv\/wp-json\/wp\/v2\/categories?post=23"},{"taxonomy":"post_tag","embeddable":true,"href":"https:\/\/www.ufsm.br\/laboratorios\/ldiv\/wp-json\/wp\/v2\/tags?post=23"}],"curies":[{"name":"wp","href":"https:\/\/api.w.org\/{rel}","templated":true}]}}