{"id":2,"date":"2019-05-14T15:59:30","date_gmt":"2019-05-14T18:59:30","guid":{"rendered":"https:\/\/www.ufsm.br\/laboratorios-larp\/?page_id=2"},"modified":"2020-01-02T09:20:25","modified_gmt":"2020-01-02T12:20:25","slug":"pagina-inicial","status":"publish","type":"page","link":"https:\/\/www.ufsm.br\/laboratorios\/leelmat\/","title":{"rendered":"P\u00e1gina inicial"},"content":{"rendered":"\t\t<div data-elementor-type=\"wp-post\" data-elementor-id=\"2\" class=\"elementor elementor-2\">\n\t\t\t\t\t\t<section class=\"elementor-section elementor-top-section elementor-element elementor-element-6e6b627 elementor-section-boxed elementor-section-height-default elementor-section-height-default\" data-id=\"6e6b627\" data-element_type=\"section\">\n\t\t\t\t\t\t<div class=\"elementor-container elementor-column-gap-default\">\n\t\t\t\t\t<div class=\"elementor-column elementor-col-100 elementor-top-column elementor-element elementor-element-e6a3f8d\" data-id=\"e6a3f8d\" data-element_type=\"column\">\n\t\t\t<div class=\"elementor-widget-wrap elementor-element-populated\">\n\t\t\t\t\t\t<div class=\"elementor-element elementor-element-e48e5ed elementor-widget elementor-widget-wp-widget-ufsm_noticias_widget\" data-id=\"e48e5ed\" data-element_type=\"widget\" data-widget_type=\"wp-widget-ufsm_noticias_widget.default\">\n\t\t\t\t<div class=\"elementor-widget-container\">\n\t\t\t<div id='ufsm-carousel-1775280140-606965633' class='carousel slide carousel-ufsm' data-bs-ride='carousel' aria-hidden='true'>\n    <div class='carousel-inner'>\n                    \n\n            <div class='carousel-item active' data-bs-interval='4000'>\n                                    <!-- Slider Image -->\n                    <img class='w-100'  style='max-height:250px; object-fit:cover;' alt=\"\" srcset=\"https:\/\/www.ufsm.br\/app\/uploads\/sites\/691\/2019\/07\/logo-leelmat-fig-azul-300x175.jpg 300w, https:\/\/www.ufsm.br\/app\/uploads\/sites\/691\/2019\/07\/logo-leelmat-fig-azul-768x447.jpg 768w, https:\/\/www.ufsm.br\/app\/uploads\/sites\/691\/2019\/07\/logo-leelmat-fig-azul-1024x596.jpg 1024w, https:\/\/www.ufsm.br\/app\/uploads\/sites\/691\/2019\/07\/logo-leelmat-fig-azul.jpg 1920w\">\n                \n                \n                                                            <\/div>\n                    <!-- Exibi Indicadores -->\n            <\/div>\n<\/div>\n<!-- Acessibilidade, apenas leitor de tela -->\n<ul class='visually-hidden'>\n    <li><a href='https:\/\/www.ufsm.br\/laboratorios\/leelmat\/2019\/05\/14\/banner1'>Banner1<\/a><\/li><\/ul>\n\t\t<\/div>\n\t\t\t\t<\/div>\n\t\t\t\t\t<\/div>\n\t\t<\/div>\n\t\t\t\t\t<\/div>\n\t\t<\/section>\n\t\t\t\t<section class=\"elementor-section elementor-top-section elementor-element elementor-element-31fda3f1 elementor-section-boxed elementor-section-height-default elementor-section-height-default\" data-id=\"31fda3f1\" data-element_type=\"section\">\n\t\t\t\t\t\t<div class=\"elementor-container elementor-column-gap-default\">\n\t\t\t\t\t<div class=\"elementor-column elementor-col-100 elementor-top-column elementor-element elementor-element-7c1b024\" data-id=\"7c1b024\" data-element_type=\"column\">\n\t\t\t<div class=\"elementor-widget-wrap elementor-element-populated\">\n\t\t\t\t\t\t<div class=\"elementor-element elementor-element-8d9b83a elementor-widget elementor-widget-heading\" data-id=\"8d9b83a\" data-element_type=\"widget\" data-widget_type=\"heading.default\">\n\t\t\t\t<div class=\"elementor-widget-container\">\n\t\t\t<h5 class=\"elementor-heading-title elementor-size-default\">Apresenta\u00e7\u00e3o<\/h5>\t\t<\/div>\n\t\t\t\t<\/div>\n\t\t\t\t<div class=\"elementor-element elementor-element-c8da605 elementor-widget elementor-widget-text-editor\" data-id=\"c8da605\" data-element_type=\"widget\" data-widget_type=\"text-editor.default\">\n\t\t\t\t<div class=\"elementor-widget-container\">\n\t\t\t\t\t\t\t<p>\u00a0O Laborat\u00f3rio de Estrutura Eletr\u00f4nica dos Materiais (LEELMAT) surgiu com a proposta de estudar as propriedades eletr\u00f4nicas, energ\u00e9ticas, estruturais, vibracionais e termodin\u00e2micas de nanomateriais. Para tanto, fazemos uso da \u00a0s\u00edntese da an\u00e1lise te\u00f3rica com a f\u00edsica computacional. Dessa \u00a0forma, nossa metodologia permite uma abordagem alternativa e complementar aos ensaios experimentais tradicionais.\u00a0Os materiais de interesse incluem tanto os j\u00e1 conhecidos, propiciando um entendimento mais profundo de suas propriedades, assim como materiais novos, ajudando na predi\u00e7\u00e3o de propriedades para um uso pr\u00e9-determinado.\u00a0Inicialmente, as estruturas estudadas eram \u00a0nanotubos, nanocones, pequenos \u201cclusters\u201d, metais e ligas met\u00e1licas.<\/p>\t\t\t\t\t\t<\/div>\n\t\t\t\t<\/div>\n\t\t\t\t\t<\/div>\n\t\t<\/div>\n\t\t\t\t\t<\/div>\n\t\t<\/section>\n\t\t\t\t<section class=\"elementor-section elementor-top-section elementor-element elementor-element-7416eee elementor-section-boxed elementor-section-height-default elementor-section-height-default\" data-id=\"7416eee\" data-element_type=\"section\">\n\t\t\t\t\t\t<div class=\"elementor-container elementor-column-gap-default\">\n\t\t\t\t\t<div class=\"elementor-column elementor-col-100 elementor-top-column elementor-element elementor-element-fff47c8\" data-id=\"fff47c8\" data-element_type=\"column\">\n\t\t\t<div class=\"elementor-widget-wrap elementor-element-populated\">\n\t\t\t\t\t\t<div class=\"elementor-element elementor-element-203a095 elementor-widget elementor-widget-wp-widget-ufsm_utilidades\" data-id=\"203a095\" data-element_type=\"widget\" data-widget_type=\"wp-widget-ufsm_utilidades.default\">\n\t\t\t\t<div class=\"elementor-widget-container\">\n\t\t\t\t\t<h5 class=\"card-title titulo-conteudos\">Utilidades<\/h5>\n\t\t\t\t\n\t\t<div class=\"row d-flex justify-content-around\">\n\t\t\t\t\t\t\t<div class=\"col-12 col-sm-6 col-md-2 mt-4 text-center\">\n\t\t\t\t\t\t\t\t\t\t\t<a href=\"https:\/\/www.ufsm.br\/laboratorios\/leelmat\/equipe\" class=\"item-utilidades d-block\">\n\t\t\t\t\t\t\t\t\t\t<i class=\"fa fa-group animation-pulse\" aria-hidden=\"true\"><\/i><b>Equipe<\/b><\/a>\n\t\t\t\t<\/div>\n\t\t\t\t\t\t\t<div class=\"col-12 col-sm-6 col-md-2 mt-4 text-center\">\n\t\t\t\t\t\t\t\t\t\t\t<a href=\"https:\/\/www.ufsm.br\/laboratorios\/leelmat\/producao-cientifica\" class=\"item-utilidades d-block\">\n\t\t\t\t\t\t\t\t\t\t<i class=\"fa fa-quote-right animation-pulse\" aria-hidden=\"true\"><\/i><b>Produ\u00e7\u00e3o Cient\u00edfica<\/b><\/a>\n\t\t\t\t<\/div>\n\t\t\t\t\t\t\t<div class=\"col-12 col-sm-6 col-md-2 mt-4 text-center\">\n\t\t\t\t\t\t\t\t\t\t\t<a href=\"https:\/\/www.ufsm.br\/laboratorios\/leelmat\/projetos\" class=\"item-utilidades d-block\">\n\t\t\t\t\t\t\t\t\t\t<i class=\"fa fa-thumb-tack animation-pulse\" aria-hidden=\"true\"><\/i><b>Projetos<\/b><\/a>\n\t\t\t\t<\/div>\n\t\t\t\t\t\t\t<div class=\"col-12 col-sm-6 col-md-2 mt-4 text-center\">\n\t\t\t\t\t\t\t\t\t\t\t<a href=\"https:\/\/www.ufsm.br\/laboratorios\/leelmat\/infraestrutura\" class=\"item-utilidades d-block\">\n\t\t\t\t\t\t\t\t\t\t<i class=\"fa fa-university animation-pulse\" aria-hidden=\"true\"><\/i><b>Infraestrutura<\/b><\/a>\n\t\t\t\t<\/div>\n\t\t\t\t\t<\/div>\n\t\t\t\t<\/div>\n\t\t\t\t<\/div>\n\t\t\t\t\t<\/div>\n\t\t<\/div>\n\t\t\t\t\t<\/div>\n\t\t<\/section>\n\t\t\t\t<section class=\"elementor-section elementor-top-section elementor-element elementor-element-399195b elementor-section-boxed elementor-section-height-default elementor-section-height-default\" data-id=\"399195b\" data-element_type=\"section\">\n\t\t\t\t\t\t<div class=\"elementor-container elementor-column-gap-default\">\n\t\t\t\t\t<div class=\"elementor-column elementor-col-100 elementor-top-column elementor-element elementor-element-8759219\" data-id=\"8759219\" data-element_type=\"column\">\n\t\t\t<div class=\"elementor-widget-wrap elementor-element-populated\">\n\t\t\t\t\t\t<div class=\"elementor-element elementor-element-b327021 elementor-widget elementor-widget-wp-widget-ufsm_noticias_widget\" data-id=\"b327021\" data-element_type=\"widget\" data-widget_type=\"wp-widget-ufsm_noticias_widget.default\">\n\t\t\t\t<div class=\"elementor-widget-container\">\n\t\t\t<h5 class='titulo-conteudos'>Not\u00edcias<\/h5><p>Nenhuma not\u00edcia encontrada para esta se\u00e7\u00e3o.<\/p><div class=\"leia-mais p-1\">\n                <a href=\"https:\/\/www.ufsm.br\/laboratorios\/leelmat\/busca\/?q=&area=post&orderby=date&sites%5B%5D=691\">\n            LEIA MAIS            <span class=\"icon-box\">\n                <span class=\"bg-ufsm-widget-icon\">\n                    <i class=\"fas fa-chevron-right\" aria-hidden=\"true\"><\/i>\n                <\/span>\n            <\/span>\n        <\/a>\n    <\/div>\n\t\t<\/div>\n\t\t\t\t<\/div>\n\t\t\t\t\t<\/div>\n\t\t<\/div>\n\t\t\t\t\t<\/div>\n\t\t<\/section>\n\t\t\t\t<\/div>\n\t\t","protected":false},"excerpt":{"rendered":"<p>Apresenta\u00e7\u00e3o &nbsp;O Laborat\u00f3rio de Estrutura Eletr\u00f4nica dos Materiais (LEELMAT) surgiu com a proposta de estudar as propriedades eletr\u00f4nicas, energ\u00e9ticas, estruturais, vibracionais e termodin\u00e2micas de nanomateriais. Para tanto, fazemos uso da &nbsp;s\u00edntese da an\u00e1lise te\u00f3rica com a f\u00edsica computacional. Dessa &nbsp;forma, nossa metodologia permite uma abordagem alternativa e complementar aos ensaios experimentais tradicionais.&nbsp;Os materiais de interesse [&hellip;]<\/p>\n","protected":false},"author":26,"featured_media":0,"parent":0,"menu_order":0,"comment_status":"closed","ping_status":"open","template":"","meta":{"footnotes":""},"categories":[],"tags":[],"class_list":["post-2","page","type-page","status-publish","hentry"],"acf":[],"_links":{"self":[{"href":"https:\/\/www.ufsm.br\/laboratorios\/leelmat\/wp-json\/wp\/v2\/pages\/2","targetHints":{"allow":["GET"]}}],"collection":[{"href":"https:\/\/www.ufsm.br\/laboratorios\/leelmat\/wp-json\/wp\/v2\/pages"}],"about":[{"href":"https:\/\/www.ufsm.br\/laboratorios\/leelmat\/wp-json\/wp\/v2\/types\/page"}],"author":[{"embeddable":true,"href":"https:\/\/www.ufsm.br\/laboratorios\/leelmat\/wp-json\/wp\/v2\/users\/26"}],"replies":[{"embeddable":true,"href":"https:\/\/www.ufsm.br\/laboratorios\/leelmat\/wp-json\/wp\/v2\/comments?post=2"}],"version-history":[{"count":0,"href":"https:\/\/www.ufsm.br\/laboratorios\/leelmat\/wp-json\/wp\/v2\/pages\/2\/revisions"}],"wp:attachment":[{"href":"https:\/\/www.ufsm.br\/laboratorios\/leelmat\/wp-json\/wp\/v2\/media?parent=2"}],"wp:term":[{"taxonomy":"category","embeddable":true,"href":"https:\/\/www.ufsm.br\/laboratorios\/leelmat\/wp-json\/wp\/v2\/categories?post=2"},{"taxonomy":"post_tag","embeddable":true,"href":"https:\/\/www.ufsm.br\/laboratorios\/leelmat\/wp-json\/wp\/v2\/tags?post=2"}],"curies":[{"name":"wp","href":"https:\/\/api.w.org\/{rel}","templated":true}]}}