{"id":23,"date":"2019-05-14T17:02:03","date_gmt":"2019-05-14T20:02:03","guid":{"rendered":"https:\/\/www.ufsm.br\/template-laboratprio\/?page_id=23"},"modified":"2019-07-17T09:54:26","modified_gmt":"2019-07-17T12:54:26","slug":"equipe","status":"publish","type":"page","link":"https:\/\/www.ufsm.br\/laboratorios\/leelmat\/equipe","title":{"rendered":"Equipe"},"content":{"rendered":"\n<p><span style=\"color: #000000;font-family: Arial, Verdana;font-size: 14px;text-align: justify\">O LEELMAT conta com uma equipe formada por professores doutores e estudantes nos n\u00edveis de doutorado, mestrado e inicia\u00e7\u00e3o cient\u00edfica.<\/span><\/p>\n<p><strong>Professores<\/strong>:<\/p>\n<ul>\n<li><a href=\"http:\/\/buscatextual.cnpq.br\/buscatextual\/visualizacv.do?id=K4775871P0\">Leandro Barros da Silva\u00a0<\/a><\/li>\n<li><a href=\"http:\/\/buscatextual.cnpq.br\/buscatextual\/visualizacv.do?id=K4782185U1\">Paulo C\u00e9sar Piquini\u00a0<\/a><\/li>\n<li><a href=\"http:\/\/buscatextual.cnpq.br\/buscatextual\/visualizacv.do?id=K4782775Y3\">Rog\u00e9rio Jos\u00e9 Baierle<\/a>\u00a0<\/li>\n<\/ul>\n<p><strong>Estudantes Doutorado<\/strong>:<\/p>\n<ul>\n<li>Guilherme Aluizio Steffens Lorenset<\/li>\n<li>Andressa da Cunha Bevilacqua<\/li>\n<li>Khayth Marrony Rabelo Nagata<\/li>\n<li>G\u00fcnther Luft Cardoso<\/li>\n<\/ul>\n<p><strong>Estudantes de Mestrado<\/strong>:<\/p>\n<ul>\n<li>Luiz Felipe Kremer<\/li>\n<li>Douglas Willian Duarte de Vargas<\/li>\n<li>S\u00e2mera Cristina Lauermann<\/li>\n<\/ul>\n<p><strong>Estudantes de Gradua\u00e7\u00e3o<\/strong>:<\/p>\n<ul>\n<li>Rafael Zahel (Engenharia El\u00e9trica)<\/li>\n<li>Vinicius do Nascimento da Rocha (F\u00edsica &#8211; Bacharelado)<\/li>\n<li>Luis Fernando Fontoura de Oliveira (F\u00edsica &#8211; Bacharelado)<\/li>\n<li>Alexandre Jardel Schweig Hackenhaar (Ci\u00eancias Biol\u00f3gicas)<\/li>\n<\/ul>\n<p><strong>Ex-Alunos:<\/strong><\/p>\n<ul>\n<li style=\"list-style-type: none\">\n<ul>\n<li>\u00a0 Alexandre Castro<\/li>\n<li>\u00a0\u00a0Ana Claudia Kipper<\/li>\n<li>\u00a0 Bruno de Oliveira Vendrusculo<\/li>\n<li>\u00a0 Carla A. Ramos Segatto<\/li>\n<li>\u00a0 Carmem M. de Almeida Granada<\/li>\n<li>\u00a0\u00a0Caroline Jaskulski Rupp<\/li>\n<li>\u00a0\u00a0Cibeli Marzari Bertagnolli<\/li>\n<li>\u00a0\u00a0Cl\u00e1udia Lange dos Santos<\/li>\n<li>\u00a0 Daniela Schittler<\/li>\n<li>\u00a0 Eduardo Fuzer Rosso<\/li>\n<li>\u00a0\u00a0Ernesto O. Wrasse<\/li>\n<li>\u00a0 Ivana Zanella da Silva<\/li>\n<li>\u00a0 Ivi Valentini Lara<\/li>\n<li>\u00a0 Jaciele Figueiredo<\/li>\n<li>\u00a0\u00a0Jeferson Coutinho<\/li>\n<li>\u00a0 Jonas Anversa\u00a0<\/li>\n<li>\u00a0 Jos\u00e9 Carlos Cechin<\/li>\n<li>\u00a0\u00a0Jussane Rossato<\/li>\n<li>\u00a0\u00a0Leandro Ant\u00f4nio Thesing<\/li>\n<li>\u00a0\u00a0Leandro Barros da Silva<\/li>\n<li>\u00a0 Leonardo Fernandes Sampaio<\/li>\n<li>\u00a0\u00a0\u00a0Mailing Berwanger<\/li>\n<li>\u00a0\u00a0M\u00e1rcio Luiz Colussi<\/li>\n<li>\u00a0 Marcelo Pereira Machado<\/li>\n<li>\u00a0 Mario R. Fialho Dorneles<\/li>\n<li>\u00a0\u00a0\u00a0Mateus H. K\u00f6hler<\/li>\n<li>\u00a0 Maur\u00edcio J. Piotrowski<\/li>\n<li>\u00a0 Raisi N. Baldez<\/li>\n<li>\u00a0 Rafael de Carvalho Barbosa<\/li>\n<li>\u00a0 Renata da Silva Bergoli<\/li>\n<li>\u00a0 Sandro Silva da Cunha<\/li>\n<li>\u00a0 Silvete Coradi Guerini<\/li>\n<li>\u00a0\u00a0Solange Binotto Fagan<\/li>\n<li>\u00a0 Suzana Bottega Peripolli<\/li>\n<li>\u00a0 Vagner Alexandre Rigo<\/li>\n<li>\u00a0\u00a0Vivian Machado de Menezes<\/li>\n<\/ul>\n<\/li>\n<\/ul>\n<p>\u00a0<\/p>\n","protected":false},"excerpt":{"rendered":"<p>O LEELMAT conta com uma equipe formada por professores doutores e estudantes nos n\u00edveis de doutorado, mestrado e inicia\u00e7\u00e3o cient\u00edfica. Professores: Leandro Barros da Silva\u00a0 Paulo C\u00e9sar Piquini\u00a0 Rog\u00e9rio Jos\u00e9 Baierle\u00a0 Estudantes Doutorado: Guilherme Aluizio Steffens Lorenset Andressa da Cunha Bevilacqua Khayth Marrony Rabelo Nagata G\u00fcnther Luft Cardoso Estudantes de Mestrado: Luiz Felipe Kremer Douglas [&hellip;]<\/p>\n","protected":false},"author":124,"featured_media":0,"parent":0,"menu_order":0,"comment_status":"closed","ping_status":"closed","template":"","meta":{"footnotes":""},"categories":[],"tags":[],"class_list":["post-23","page","type-page","status-publish","hentry"],"acf":[],"_links":{"self":[{"href":"https:\/\/www.ufsm.br\/laboratorios\/leelmat\/wp-json\/wp\/v2\/pages\/23","targetHints":{"allow":["GET"]}}],"collection":[{"href":"https:\/\/www.ufsm.br\/laboratorios\/leelmat\/wp-json\/wp\/v2\/pages"}],"about":[{"href":"https:\/\/www.ufsm.br\/laboratorios\/leelmat\/wp-json\/wp\/v2\/types\/page"}],"author":[{"embeddable":true,"href":"https:\/\/www.ufsm.br\/laboratorios\/leelmat\/wp-json\/wp\/v2\/users\/124"}],"replies":[{"embeddable":true,"href":"https:\/\/www.ufsm.br\/laboratorios\/leelmat\/wp-json\/wp\/v2\/comments?post=23"}],"version-history":[{"count":0,"href":"https:\/\/www.ufsm.br\/laboratorios\/leelmat\/wp-json\/wp\/v2\/pages\/23\/revisions"}],"wp:attachment":[{"href":"https:\/\/www.ufsm.br\/laboratorios\/leelmat\/wp-json\/wp\/v2\/media?parent=23"}],"wp:term":[{"taxonomy":"category","embeddable":true,"href":"https:\/\/www.ufsm.br\/laboratorios\/leelmat\/wp-json\/wp\/v2\/categories?post=23"},{"taxonomy":"post_tag","embeddable":true,"href":"https:\/\/www.ufsm.br\/laboratorios\/leelmat\/wp-json\/wp\/v2\/tags?post=23"}],"curies":[{"name":"wp","href":"https:\/\/api.w.org\/{rel}","templated":true}]}}