{"id":26,"date":"2019-05-14T17:03:27","date_gmt":"2019-05-14T20:03:27","guid":{"rendered":"https:\/\/www.ufsm.br\/template-laboratprio\/?page_id=26"},"modified":"2020-01-02T09:33:04","modified_gmt":"2020-01-02T12:33:04","slug":"contato","status":"publish","type":"page","link":"https:\/\/www.ufsm.br\/laboratorios\/leelmat\/contato","title":{"rendered":"Contato"},"content":{"rendered":"\n<p><strong>Entre em contato com os pesquisadores e estudantes do LEELMAT!<\/strong><\/p>\n<p><strong>Telefone: <\/strong>(55) 3220-8614<\/p>\n<p><strong>Endere\u00e7o postal:<\/strong><\/p>\n<p>Laborat\u00f3rio de Estrutura Eletr\u00f4nica dos Materiais<\/p>\n<p>Universidade Federal de Santa Maria<\/p>\n<p>Pr\u00e9dio 13, sala 1139 &#8211; Campus Universit\u00e1rio<\/p>\n<p>CEP: 97105-900\u00a0<\/p>\n<p>Santa Maria &#8211; RS &#8211; Brasil<\/p>\n","protected":false},"excerpt":{"rendered":"<p>Entre em contato com os pesquisadores e estudantes do LEELMAT! Telefone: (55) 3220-8614 Endere\u00e7o postal: Laborat\u00f3rio de Estrutura Eletr\u00f4nica dos Materiais Universidade Federal de Santa Maria Pr\u00e9dio 13, sala 1139 &#8211; Campus Universit\u00e1rio CEP: 97105-900\u00a0 Santa Maria &#8211; RS &#8211; Brasil<\/p>\n","protected":false},"author":124,"featured_media":0,"parent":0,"menu_order":0,"comment_status":"closed","ping_status":"closed","template":"","meta":{"footnotes":""},"categories":[],"tags":[],"class_list":["post-26","page","type-page","status-publish","hentry"],"acf":[],"_links":{"self":[{"href":"https:\/\/www.ufsm.br\/laboratorios\/leelmat\/wp-json\/wp\/v2\/pages\/26","targetHints":{"allow":["GET"]}}],"collection":[{"href":"https:\/\/www.ufsm.br\/laboratorios\/leelmat\/wp-json\/wp\/v2\/pages"}],"about":[{"href":"https:\/\/www.ufsm.br\/laboratorios\/leelmat\/wp-json\/wp\/v2\/types\/page"}],"author":[{"embeddable":true,"href":"https:\/\/www.ufsm.br\/laboratorios\/leelmat\/wp-json\/wp\/v2\/users\/124"}],"replies":[{"embeddable":true,"href":"https:\/\/www.ufsm.br\/laboratorios\/leelmat\/wp-json\/wp\/v2\/comments?post=26"}],"version-history":[{"count":0,"href":"https:\/\/www.ufsm.br\/laboratorios\/leelmat\/wp-json\/wp\/v2\/pages\/26\/revisions"}],"wp:attachment":[{"href":"https:\/\/www.ufsm.br\/laboratorios\/leelmat\/wp-json\/wp\/v2\/media?parent=26"}],"wp:term":[{"taxonomy":"category","embeddable":true,"href":"https:\/\/www.ufsm.br\/laboratorios\/leelmat\/wp-json\/wp\/v2\/categories?post=26"},{"taxonomy":"post_tag","embeddable":true,"href":"https:\/\/www.ufsm.br\/laboratorios\/leelmat\/wp-json\/wp\/v2\/tags?post=26"}],"curies":[{"name":"wp","href":"https:\/\/api.w.org\/{rel}","templated":true}]}}