{"id":41,"date":"2019-07-17T09:42:18","date_gmt":"2019-07-17T12:42:18","guid":{"rendered":"https:\/\/www.ufsm.br\/laboratorios\/leelmat\/?page_id=41"},"modified":"2019-07-17T09:42:20","modified_gmt":"2019-07-17T12:42:20","slug":"linhas-de-pesquisa","status":"publish","type":"page","link":"https:\/\/www.ufsm.br\/laboratorios\/leelmat\/linhas-de-pesquisa","title":{"rendered":"Linhas de pesquisa"},"content":{"rendered":"\n<p><strong>Linha de Pesquisa:\u00a0<\/strong>Estrutura eletr\u00f4nica de materiais semicondutores e nanoestruturas, nanomateriais, propriedades eletr\u00f4nicas e estruturais de metais e ligas, propriedades eletr\u00f4nicas e estruturais de nanoestruturas, propriedades eletr\u00f4nicas e estruturais de semicondutores, reatividade e espectroscopia de mol\u00e9culas e cristais moleculares<\/p>\n<p><strong>Palavras-chave:\u00a0<\/strong>semicondutores, nanoestruturas, metais e ligas, espectroscopia.<strong>\u00a0<\/strong><\/p>\n<p><strong>\u00c1reas de conhecimento:<\/strong>\u00a0Ci\u00eancias Exatas e da Terra &#8211; F\u00edsica da Mat\u00e9ria Condensada.<\/p>\n<p><strong>Participantes:<\/strong>\u00a0Paulo C\u00e9sar Piquini\u00a0(P), Jonas Anversa (P), Aline\u00a0Borowski Schoenhalz (PD),\u00a0Eduardo F. Rosso (PD),\u00a0Andressa Bevilacqua (ED),\u00a0Mailing Berwanger (ED), Raisi N. Baldez (ED), G\u00fcnther Luft Cardoso (EM),\u00a0Luiane R. dos Santos (IC), Rafael Zahel (IC).<\/p>\n<p>\u00a0<\/p>\n<hr \/>\n<p><strong>Linha de Pesquisa:\u00a0<\/strong>Funcionaliza\u00e7\u00e3o de nanotubos de carbono, propriedades eletr\u00f4nicas e estruturais de nanoestruturas, propriedades eletr\u00f4nicas e estruturais de semicondutores.<\/p>\n<p><strong>Palavras-chave:<\/strong>\u00a0nanotubos de carbono, nanoestruturas, semicondutores<strong>\u00a0<\/strong><\/p>\n<p><strong>\u00c1reas de conhecimento:<\/strong>\u00a0Ci\u00eancias Exatas e da Terra &#8211; F\u00edsica da Mat\u00e9ria Condensada.<\/p>\n<p><strong>Participantes:<\/strong>\u00a0Rog\u00e9rio Jos\u00e9 Baierle (P), Caroline J. Rupp (P),\u00a0Luiz Felipe Kramer (IC).<\/p>\n<p>\u00a0<\/p>\n<hr \/>\n<p><strong>Linha de Pesquisa:\u00a0<\/strong>Propriedades termodin\u00e2micas de materiais nanoestruturados e fluidos complexos.\u00a0Prop\u00f5e-se o estudo de propriedades din\u00e2micas e fen\u00f4menos de transporte de massa e energia em materiais nanoestruturados e fluidos confinados. A investiga\u00e7\u00e3o \u00e9 conduzida a partir de t\u00e9cnicas de simula\u00e7\u00e3o de din\u00e2mica molecular empregando descri\u00e7\u00f5es cl\u00e1ssicas e qu\u00e2nticas, bem como potenciais efetivos<\/p>\n<p><strong>Palavras-chave:\u00a0<\/strong>din\u00e2mica molecular, fen\u00f4menos de transporte, nanoestruturas, fluidos<\/p>\n<p><strong>\u00c1reas de conhecimento:<\/strong>\u00a0Ci\u00eancias Exatas e da Terra &#8211; F\u00edsica da Mat\u00e9ria Condensada.<\/p>\n<p><strong>Participantes:<\/strong>\u00a0Leandro Barros da Silva (P), Ana Claudia Kipper (ED), Guilherme Lorenset, (ED),\u00a0Jaciele Figueiredo (ED).<\/p>\n<p>\u00a0<\/p>\n<hr \/>\n<p><strong>Linha de Pesquisa:\u00a0<\/strong>Estrutura eletr\u00f4nica e simula\u00e7\u00e3o computacional, modelagem e simula\u00e7\u00e3o de biossistemas e nanomateriais, propriedades eletr\u00f4nicas e estruturais de nanoestruturas.<\/p>\n<p><strong>Palavras-chave:\u00a0<\/strong>simula\u00e7\u00e3o computacional, biossistemas e nanomateriais, nanoestruturas.<\/p>\n<p><strong>\u00c1reas de conhecimento:<\/strong>\u00a0Ci\u00eancias Exatas e da Terra &#8211; F\u00edsica da Mat\u00e9ria Condensada.<\/p>\n<p><strong>Participantes:<\/strong>\u00a0Solange Binotto Fagan\u00a0(P), Vivian Machado de Menezes\u00a0(P),\u00a0Ivi Valentini Lara (PD).<\/p>\n<p>\u00a0\u00a0<\/p>\n<p>(P) Professor\u00a0 (PD) P\u00f3s-Doutorado\u00a0\u00a0\u00a0(ED) Estudante de Doutorado\u00a0 (EM) Estudante de Mestrado\u00a0 (IC) Inicia\u00e7\u00e3o Cient\u00edfica\u00a0\u00a0<\/p>\n","protected":false},"excerpt":{"rendered":"<p>Linha de Pesquisa:\u00a0Estrutura eletr\u00f4nica de materiais semicondutores e nanoestruturas, nanomateriais, propriedades eletr\u00f4nicas e estruturais de metais e ligas, propriedades eletr\u00f4nicas e estruturais de nanoestruturas, propriedades eletr\u00f4nicas e estruturais de semicondutores, reatividade e espectroscopia de mol\u00e9culas e cristais moleculares Palavras-chave:\u00a0semicondutores, nanoestruturas, metais e ligas, espectroscopia.\u00a0 \u00c1reas de conhecimento:\u00a0Ci\u00eancias Exatas e da Terra &#8211; F\u00edsica da Mat\u00e9ria [&hellip;]<\/p>\n","protected":false},"author":115,"featured_media":0,"parent":0,"menu_order":0,"comment_status":"closed","ping_status":"closed","template":"","meta":{"footnotes":""},"categories":[],"tags":[],"class_list":["post-41","page","type-page","status-publish","hentry"],"acf":[],"_links":{"self":[{"href":"https:\/\/www.ufsm.br\/laboratorios\/leelmat\/wp-json\/wp\/v2\/pages\/41","targetHints":{"allow":["GET"]}}],"collection":[{"href":"https:\/\/www.ufsm.br\/laboratorios\/leelmat\/wp-json\/wp\/v2\/pages"}],"about":[{"href":"https:\/\/www.ufsm.br\/laboratorios\/leelmat\/wp-json\/wp\/v2\/types\/page"}],"author":[{"embeddable":true,"href":"https:\/\/www.ufsm.br\/laboratorios\/leelmat\/wp-json\/wp\/v2\/users\/115"}],"replies":[{"embeddable":true,"href":"https:\/\/www.ufsm.br\/laboratorios\/leelmat\/wp-json\/wp\/v2\/comments?post=41"}],"version-history":[{"count":0,"href":"https:\/\/www.ufsm.br\/laboratorios\/leelmat\/wp-json\/wp\/v2\/pages\/41\/revisions"}],"wp:attachment":[{"href":"https:\/\/www.ufsm.br\/laboratorios\/leelmat\/wp-json\/wp\/v2\/media?parent=41"}],"wp:term":[{"taxonomy":"category","embeddable":true,"href":"https:\/\/www.ufsm.br\/laboratorios\/leelmat\/wp-json\/wp\/v2\/categories?post=41"},{"taxonomy":"post_tag","embeddable":true,"href":"https:\/\/www.ufsm.br\/laboratorios\/leelmat\/wp-json\/wp\/v2\/tags?post=41"}],"curies":[{"name":"wp","href":"https:\/\/api.w.org\/{rel}","templated":true}]}}