{"id":47,"date":"2019-07-17T10:26:03","date_gmt":"2019-07-17T13:26:03","guid":{"rendered":"https:\/\/www.ufsm.br\/laboratorios\/leelmat\/?page_id=47"},"modified":"2020-01-02T09:43:52","modified_gmt":"2020-01-02T12:43:52","slug":"seminarios-e-eventos","status":"publish","type":"page","link":"https:\/\/www.ufsm.br\/laboratorios\/leelmat\/seminarios-e-eventos","title":{"rendered":"Semin\u00e1rios e eventos"},"content":{"rendered":"\n<h5><strong><span class=\"caption\">Semin\u00e1rios do<\/span>\u00a0LEELMAT\u00a01\/2016 &#8211; sexta-feira\/16:30 &#8211; pr\u00e9dio 13, sala 1139<\/strong><strong class=\"caption\"><br \/><\/strong><\/h5>\n<div id=\"mainmiddle\">\n<div id=\"mainmiddle-expand\">\n<div id=\"content\">\n<div id=\"content-shift\">\n<h6 class=\"floatbox\"><strong><a href=\"http:\/\/www.sbfisica.org.br\/~fisica2016\/\">Encontro de F\u00edsica 2016<\/a><\/strong><\/h6>\n<\/div>\n<div>\n<h6><strong>XV Escola Brasileira de Estrutura Eletr\u00f4nica<\/strong><\/h6>\n<h6><strong><a href=\"http:\/\/www.sbfisica.org.br\/~enfmc\/xxxviii\/\" target=\"_blank\" rel=\"noopener noreferrer\">XXXVIII Encontro Nacional de F\u00edsica da Mat\u00e9ria Condensada<\/a><a href=\"http:\/\/www.sbfisica.org.br\/~enfmc\/xxxviii\/\" target=\"_blank\" rel=\"noopener noreferrer\"><br \/><\/a><\/strong><\/h6>\n<h6><strong>\u00a0<\/strong><strong>III Escola Brasileira de Modelagem Molecular<\/strong><\/h6>\n<h6><strong><a href=\"https:\/\/sites.google.com\/site\/eifisicaufsm\/\" target=\"_blank\" rel=\"noopener noreferrer\">IV Escola de Inverno de F\u00edsica da UFSM (EIF-UFSM)<\/a><br \/><\/strong><\/h6>\n<h6><strong><a href=\"http:\/\/w3.ufsm.br\/jai\/\" target=\"_blank\" rel=\"noopener noreferrer\">XXX Jornada Acad\u00eamica Integrada (JAI) &#8211; UFSM<\/a><br \/><\/strong><\/h6>\n<h2><strong>\u00a0<\/strong><\/h2>\n<\/div>\n<\/div>\n<\/div>\n<\/div>\n","protected":false},"excerpt":{"rendered":"<p>Semin\u00e1rios do\u00a0LEELMAT\u00a01\/2016 &#8211; sexta-feira\/16:30 &#8211; pr\u00e9dio 13, sala 1139 Encontro de F\u00edsica 2016 XV Escola Brasileira de Estrutura Eletr\u00f4nica XXXVIII Encontro Nacional de F\u00edsica da Mat\u00e9ria Condensada \u00a0III Escola Brasileira de Modelagem Molecular IV Escola de Inverno de F\u00edsica da UFSM (EIF-UFSM) XXX Jornada Acad\u00eamica Integrada (JAI) &#8211; UFSM \u00a0<\/p>\n","protected":false},"author":115,"featured_media":0,"parent":0,"menu_order":0,"comment_status":"closed","ping_status":"closed","template":"","meta":{"footnotes":""},"categories":[],"tags":[],"class_list":["post-47","page","type-page","status-publish","hentry"],"acf":[],"_links":{"self":[{"href":"https:\/\/www.ufsm.br\/laboratorios\/leelmat\/wp-json\/wp\/v2\/pages\/47","targetHints":{"allow":["GET"]}}],"collection":[{"href":"https:\/\/www.ufsm.br\/laboratorios\/leelmat\/wp-json\/wp\/v2\/pages"}],"about":[{"href":"https:\/\/www.ufsm.br\/laboratorios\/leelmat\/wp-json\/wp\/v2\/types\/page"}],"author":[{"embeddable":true,"href":"https:\/\/www.ufsm.br\/laboratorios\/leelmat\/wp-json\/wp\/v2\/users\/115"}],"replies":[{"embeddable":true,"href":"https:\/\/www.ufsm.br\/laboratorios\/leelmat\/wp-json\/wp\/v2\/comments?post=47"}],"version-history":[{"count":0,"href":"https:\/\/www.ufsm.br\/laboratorios\/leelmat\/wp-json\/wp\/v2\/pages\/47\/revisions"}],"wp:attachment":[{"href":"https:\/\/www.ufsm.br\/laboratorios\/leelmat\/wp-json\/wp\/v2\/media?parent=47"}],"wp:term":[{"taxonomy":"category","embeddable":true,"href":"https:\/\/www.ufsm.br\/laboratorios\/leelmat\/wp-json\/wp\/v2\/categories?post=47"},{"taxonomy":"post_tag","embeddable":true,"href":"https:\/\/www.ufsm.br\/laboratorios\/leelmat\/wp-json\/wp\/v2\/tags?post=47"}],"curies":[{"name":"wp","href":"https:\/\/api.w.org\/{rel}","templated":true}]}}