{"id":23,"date":"2024-10-09T11:00:03","date_gmt":"2024-10-09T14:00:03","guid":{"rendered":"https:\/\/www.ufsm.br\/template-laboratprio\/?page_id=23"},"modified":"2024-10-09T11:42:29","modified_gmt":"2024-10-09T14:42:29","slug":"equipe","status":"publish","type":"page","link":"https:\/\/www.ufsm.br\/laboratorios\/lei\/equipe","title":{"rendered":"Equipe"},"content":{"rendered":"\n<div class=\"wp-block-group\"><div class=\"wp-block-group__inner-container is-layout-constrained wp-block-group-is-layout-constrained\">\n<p><span style=\"text-decoration: underline\">COORDENA\u00c7\u00c3O GERAL<\/span><\/p>\n<p><span style=\"color: #008000\">Adroaldo Dias Robaina<\/span><\/p>\n<p>Prof. Titular (DER\/CCR\/UFSM) &#8211; Mestre em Engenharia Civil (Hidrologia e Recursos H\u00eddricos) &#8211; IPH\/UFRGS e Doutor em Engenharia Civil (Hidr\u00e1ulica e Saneamento) &#8211; EESC\/USP<\/p>\n<p>Atua nas de Hidr\u00e1ulica Agr\u00edcola, Irriga\u00e7\u00e3o e Drenagem e Geom\u00e1tica<\/p>\n<p><span style=\"color: #008000\">\u00a0Marcia Xavier Peiter\u00a0<\/span><\/p>\n<p>Prof. Titular (DER\/CCR\/UFSM) &#8211; Mestre em Engenharia Agricola\/UFSM\u00a0 (Irriga\u00e7\u00e3o e Drenagem) e Doutora em Engenharia Civil (Hidr\u00e1ulica e Saneamento) &#8211; EESC\/USP<\/p>\n<p>Atua nas \u00e1reas de Hidr\u00e1ulica Agr\u00edcola, Irriga\u00e7\u00e3o e Drenagem e An\u00e1lise de Sistemas<\/p>\n<p><span style=\"text-decoration: underline\">DOUTORANDAS\/DOUTORANDOS<\/span><\/p>\n<p><a href=\"http:\/\/buscatextual.cnpq.br\/buscatextual\/visualizacv.do?id=K4451263D1\">Alex Fabiano Giuliani<\/a><\/p>\n<p>Engenheiro Agr\u00f4nomo &#8211; Doutorando em Engenharia Agr\u00edcola \u2013 PPGEA &#8211; UFSM<\/p>\n<p>\u00c1reas de interesse: Hidr\u00e1ulica\u00a0agr\u00edcola, Irriga\u00e7\u00e3o e Drenagem<\/p>\n<p><a href=\"http:\/\/buscatextual.cnpq.br\/buscatextual\/visualizacv.do?id=K4451263D1\">Diego Barreto Paredes<\/a><\/p>\n<p>Engenheiro Agr\u00edcola &#8211; Doutorando em Engenharia Agr\u00edcola \u2013 PPGEA &#8211; UFSM<\/p>\n<p>\u00c1reas de interesse: Hidr\u00e1ulica\u00a0agr\u00edcola, Irriga\u00e7\u00e3o e Drenagem<\/p>\n<p><a href=\"http:\/\/buscatextual.cnpq.br\/buscatextual\/visualizacv.do?id=K4451263D1\">Laura Dias Ferreira\u00a0<\/a><\/p>\n<p>Engenheira Agr\u00edcola &#8211; Doutoranda em Engenharia Agr\u00edcola \u2013 PPGEA &#8211; UFSM<\/p>\n<p>\u00c1reas de interesse: Hidr\u00e1ulica\u00a0agr\u00edcola, Irriga\u00e7\u00e3o e Drenagem<\/p>\n<p><a href=\"http:\/\/buscatextual.cnpq.br\/buscatextual\/visualizacv.do?id=K4451263D1\">Leandro de Moraes Pinto<\/a><\/p>\n<p>Engenheiro Agr\u00edcola &#8211; Doutorando em Engenharia Agr\u00edcola \u2013 PPGEA &#8211; UFSM<\/p>\n<p>\u00c1reas de interesse: Hidr\u00e1ulica\u00a0agr\u00edcola, Irriga\u00e7\u00e3o e Drenagem<\/p>\n<p><a href=\"http:\/\/buscatextual.cnpq.br\/buscatextual\/visualizacv.do?id=K4451263D1\">Narielen Moreira de Morais<\/a><\/p>\n<p>Engenheira Agr\u00f4noma &#8211; Doutorando em Engenharia Agr\u00edcola \u2013 PPGEA &#8211; UFSM<\/p>\n<p>\u00c1reas de interesse: Hidr\u00e1ulica\u00a0agr\u00edcola, Irriga\u00e7\u00e3o e Drenagem<\/p>\n<p><a href=\"http:\/\/buscatextual.cnpq.br\/buscatextual\/visualizacv.do?id=K4451263D1\">Vagner Ribeiro Gaier<\/a><\/p>\n<p>Engenheiro Agr\u00edcola &#8211; Doutorando em Engenharia Agr\u00edcola \u2013 PPGEA &#8211; UFSM<\/p>\n<p>\u00c1reas de interesse: Hidr\u00e1ulica\u00a0agr\u00edcola, Irriga\u00e7\u00e3o e Drenagem<\/p>\n<p><span style=\"text-decoration: underline\">MESTRANDAS\/MESTRANDOS<\/span>\u00a0<\/p>\n<p><a href=\"http:\/\/buscatextual.cnpq.br\/buscatextual\/visualizacv.do?id=K4451263D1\">Carina Lopes Djadjo<\/a><\/p>\n<p>Engenheira Agron\u00f4ma &#8211; Mestranda em Engenharia Agr\u00edcola \u2013 PPGEA &#8211; UFSM<\/p>\n<p>\u00c1reas de interesse: Hidr\u00e1ulica\u00a0agr\u00edcola, Irriga\u00e7\u00e3o e Drenagem<\/p>\n<p><a href=\"http:\/\/buscatextual.cnpq.br\/buscatextual\/visualizacv.do?id=K4451263D1\">Maria Arlete Ferreira Guasque<\/a><\/p>\n<p>Engenheira Agron\u00f4ma &#8211; Mestranda em Engenharia Agr\u00edcola \u2013 PPGEA &#8211; UFSM<\/p>\n<p>\u00c1reas de interesse: Hidr\u00e1ulica\u00a0agr\u00edcola, Irriga\u00e7\u00e3o e Drenagem<\/p>\n<p><span style=\"text-decoration: underline\">INICIA\u00c7\u00c3O CIENT\u00cdFICA<\/span><\/p>\n<p><a href=\"http:\/\/buscatextual.cnpq.br\/buscatextual\/visualizacv.do?id=K4451263D1\">Nicolas Moreira Girotto<\/a><\/p>\n<p>Graduando em Agronomia &#8211; UFSM<\/p>\n<p><span style=\"text-decoration: underline\">MONITORIA<\/span><\/p>\n<p><a href=\"http:\/\/buscatextual.cnpq.br\/buscatextual\/visualizacv.do?id=K4451263D1\">Beatriz Maria Cauduro Poche<\/a><\/p>\n<p>Graduanda em Agronomia &#8211; UFSM<\/p>\n<\/div><\/div>\n\n\n\n\n","protected":false},"excerpt":{"rendered":"<p>COORDENA\u00c7\u00c3O GERAL Adroaldo Dias Robaina Prof. Titular (DER\/CCR\/UFSM) &#8211; Mestre em Engenharia Civil (Hidrologia e Recursos H\u00eddricos) &#8211; IPH\/UFRGS e Doutor em Engenharia Civil (Hidr\u00e1ulica e Saneamento) &#8211; EESC\/USP Atua nas de Hidr\u00e1ulica Agr\u00edcola, Irriga\u00e7\u00e3o e Drenagem e Geom\u00e1tica \u00a0Marcia Xavier Peiter\u00a0 Prof. Titular (DER\/CCR\/UFSM) &#8211; Mestre em Engenharia Agricola\/UFSM\u00a0 (Irriga\u00e7\u00e3o e Drenagem) e Doutora [&hellip;]<\/p>\n","protected":false},"author":5904,"featured_media":0,"parent":0,"menu_order":0,"comment_status":"closed","ping_status":"closed","template":"","meta":{"footnotes":""},"categories":[],"tags":[],"class_list":["post-23","page","type-page","status-publish","hentry"],"acf":[],"_links":{"self":[{"href":"https:\/\/www.ufsm.br\/laboratorios\/lei\/wp-json\/wp\/v2\/pages\/23","targetHints":{"allow":["GET"]}}],"collection":[{"href":"https:\/\/www.ufsm.br\/laboratorios\/lei\/wp-json\/wp\/v2\/pages"}],"about":[{"href":"https:\/\/www.ufsm.br\/laboratorios\/lei\/wp-json\/wp\/v2\/types\/page"}],"author":[{"embeddable":true,"href":"https:\/\/www.ufsm.br\/laboratorios\/lei\/wp-json\/wp\/v2\/users\/5904"}],"replies":[{"embeddable":true,"href":"https:\/\/www.ufsm.br\/laboratorios\/lei\/wp-json\/wp\/v2\/comments?post=23"}],"version-history":[{"count":0,"href":"https:\/\/www.ufsm.br\/laboratorios\/lei\/wp-json\/wp\/v2\/pages\/23\/revisions"}],"wp:attachment":[{"href":"https:\/\/www.ufsm.br\/laboratorios\/lei\/wp-json\/wp\/v2\/media?parent=23"}],"wp:term":[{"taxonomy":"category","embeddable":true,"href":"https:\/\/www.ufsm.br\/laboratorios\/lei\/wp-json\/wp\/v2\/categories?post=23"},{"taxonomy":"post_tag","embeddable":true,"href":"https:\/\/www.ufsm.br\/laboratorios\/lei\/wp-json\/wp\/v2\/tags?post=23"}],"curies":[{"name":"wp","href":"https:\/\/api.w.org\/{rel}","templated":true}]}}