{"id":33,"date":"2019-05-24T15:38:58","date_gmt":"2019-05-24T18:38:58","guid":{"rendered":"https:\/\/www.ufsm.br\/template-laboratprio\/?page_id=33"},"modified":"2024-10-09T12:46:02","modified_gmt":"2024-10-09T15:46:02","slug":"producao-cientifica","status":"publish","type":"page","link":"https:\/\/www.ufsm.br\/laboratorios\/lei\/producao-cientifica","title":{"rendered":"Produ\u00e7\u00e3o Cient\u00edfica"},"content":{"rendered":"\n<p><a href=\"https:\/\/www.ufsm.br\/laboratorios\/lei\/dissertacoes-de-mestrado\/\">Disserta\u00e7\u00f5es de Mestrado<\/a><\/p>\n<p><a href=\"https:\/\/www.ufsm.br\/laboratorios\/lei\/teses-de-doutorado\/\">Teses de Doutorado<\/a><\/p>\n<p><a href=\"https:\/\/www.ufsm.br\/laboratorios\/lei\/monografias-de-especializacao\/\">Monografias de Especializa\u00e7\u00e3o<\/a><\/p>\n<p><a href=\"https:\/\/www.ufsm.br\/laboratorios\/lei\/iniciacao-cientifica\/\">Inicia\u00e7\u00e3o Cient\u00edfica <\/a><\/p>\n<p>Artigos Publicados<\/p>\n<p>\u00a0<\/p>\n<p><strong>Programa de Extens\u00e3o<\/strong><\/p>\n<p>T\u00e9cnicas de uso eficiente de recursos h\u00eddricos para agricultura familiar: transfer\u00eancia de tecnologia via meio digital<\/p>\n<p>\u00c1REA TEM\u00c1TICA: TECNOLOGIA E PRODU\u00c7\u00c3O Linhas de Extens\u00e3o Envolvidas: RECURSOS H\u00cdDRICOS INOVA\u00c7\u00c3O TECNOL\u00d3GICA<\/p>\n<p>Resumo<\/p>\n<p><span lang=\"pt-BR\">\u00a0\u00a0<\/span><span lang=\"pt-BR\">Dentre as diretrizes estabelecidas pelos governos federal e estadual a fim de promover a seguran\u00e7a alimentar e evitar as perdas ocorridas nos \u00faltimos anos em fun\u00e7\u00e3o da distribui\u00e7\u00e3o pluvial irregular, encontra-se o fomento \u00e0 agricultura irrigada e a reconvers\u00e3o de \u00e1reas atualmente irrigadas a m\u00e9todos e sistemas apropriados, que permitam a utiliza\u00e7\u00e3o do recurso \u00e1gua com maior efici\u00eancia. No caso da agricultura familiar, o incentivo \u00e0 irriga\u00e7\u00e3o reflete mais um apoio \u00e0 uma forma de gest\u00e3o sustent\u00e1vel. O objetivo geral do presente programa \u00e9 a transfer\u00eancia cont\u00ednua de tecnologias e informa\u00e7\u00f5es relacionadas ao uso e conserva\u00e7\u00e3o de recursos h\u00eddricos\u00a0<\/span><span lang=\"pt-BR\">no meio rural ao segmento produtivo de pequeno e m\u00e9dio porte, visando o uso eficiente de \u00e1gua e solos na agropecu\u00e1ria. Ser\u00e1 elaborada uma p\u00e1gina eletr\u00f4nica para divulga\u00e7\u00e3o de informa\u00e7\u00f5es resultantes de trabalhos de pesquisa do Laborat\u00f3rio de Engenharia de Irriga\u00e7\u00e3o, adaptadas \u00e0 pequenas e m\u00e9dias propriedades. Tamb\u00e9m ser\u00e3o elaborados folders com procedimentos relativos \u00e0 irriga\u00e7\u00e3o e uso eficiente da \u00e1gua no meio rural ilustrados com desenhos e fotos, de forma a permitir o correto entendimento por parte de um p\u00fablico sem forma\u00e7\u00e3o acad\u00eamica. Os tratamentos de imagens ser\u00e3o realizados nos softwares Corel Draw 12 e Adobe Photoshop 7.0 for Windows. Este<\/span><span lang=\"pt-BR\">\u00a0material ser\u00e1 distribu\u00eddo gratuitamente via web e em feiras e exposi\u00e7\u00f5es agropecu\u00e1rias. Como principais resultados esperados pretende-se que haja: (i) incentivo ao uso de t\u00e9cnicas que visam a efici\u00eancia do uso da \u00e1gua e da energia no meio rural; (ii) incentivo ao uso da irriga\u00e7\u00e3o; (iii) participa\u00e7\u00e3o efetiva dos setores envolvidos e da Universidade Federal de Santa Maria em rela\u00e7\u00e3o \u00e0s pol\u00edticas p\u00fablicas federais e estaduais que tem por objetivo o aumento da \u00e1rea irrigada e a melhoria da efici\u00eancia de uso da \u00e1gua nos sistemas j\u00e1 existentes; e (iv) inclus\u00e3o digital de irrigantes que, por interesse em acessar<\/span><span lang=\"pt-BR\">\u00a0as informa\u00e7\u00f5es contidas na p\u00e1gina, vir\u00e3o a desenvolver habilidades de pesquisa atrav\u00e9s da internet.<\/span><\/p>\n","protected":false},"excerpt":{"rendered":"<p>Disserta\u00e7\u00f5es de Mestrado Teses de Doutorado Monografias de Especializa\u00e7\u00e3o Inicia\u00e7\u00e3o Cient\u00edfica Artigos Publicados \u00a0 Programa de Extens\u00e3o T\u00e9cnicas de uso eficiente de recursos h\u00eddricos para agricultura familiar: transfer\u00eancia de tecnologia via meio digital \u00c1REA TEM\u00c1TICA: TECNOLOGIA E PRODU\u00c7\u00c3O Linhas de Extens\u00e3o Envolvidas: RECURSOS H\u00cdDRICOS INOVA\u00c7\u00c3O TECNOL\u00d3GICA Resumo \u00a0\u00a0Dentre as diretrizes estabelecidas pelos governos federal e [&hellip;]<\/p>\n","protected":false},"author":25,"featured_media":0,"parent":0,"menu_order":0,"comment_status":"closed","ping_status":"closed","template":"","meta":{"footnotes":""},"categories":[],"tags":[],"class_list":["post-33","page","type-page","status-publish","hentry"],"acf":[],"_links":{"self":[{"href":"https:\/\/www.ufsm.br\/laboratorios\/lei\/wp-json\/wp\/v2\/pages\/33","targetHints":{"allow":["GET"]}}],"collection":[{"href":"https:\/\/www.ufsm.br\/laboratorios\/lei\/wp-json\/wp\/v2\/pages"}],"about":[{"href":"https:\/\/www.ufsm.br\/laboratorios\/lei\/wp-json\/wp\/v2\/types\/page"}],"author":[{"embeddable":true,"href":"https:\/\/www.ufsm.br\/laboratorios\/lei\/wp-json\/wp\/v2\/users\/25"}],"replies":[{"embeddable":true,"href":"https:\/\/www.ufsm.br\/laboratorios\/lei\/wp-json\/wp\/v2\/comments?post=33"}],"version-history":[{"count":0,"href":"https:\/\/www.ufsm.br\/laboratorios\/lei\/wp-json\/wp\/v2\/pages\/33\/revisions"}],"wp:attachment":[{"href":"https:\/\/www.ufsm.br\/laboratorios\/lei\/wp-json\/wp\/v2\/media?parent=33"}],"wp:term":[{"taxonomy":"category","embeddable":true,"href":"https:\/\/www.ufsm.br\/laboratorios\/lei\/wp-json\/wp\/v2\/categories?post=33"},{"taxonomy":"post_tag","embeddable":true,"href":"https:\/\/www.ufsm.br\/laboratorios\/lei\/wp-json\/wp\/v2\/tags?post=33"}],"curies":[{"name":"wp","href":"https:\/\/api.w.org\/{rel}","templated":true}]}}