{"id":60,"date":"2019-07-03T12:29:22","date_gmt":"2019-07-03T15:29:22","guid":{"rendered":"https:\/\/www.ufsm.br\/laboratorios\/lei\/?page_id=60"},"modified":"2019-07-03T12:29:24","modified_gmt":"2019-07-03T15:29:24","slug":"dissertacoes-de-mestrado","status":"publish","type":"page","link":"https:\/\/www.ufsm.br\/laboratorios\/lei\/dissertacoes-de-mestrado","title":{"rendered":"Disserta\u00e7\u00f5es de Mestrado"},"content":{"rendered":"\n<ol>\n<li style=\"font-weight: 400\">Fl\u00e1via Barzotto. Nitrog\u00eanio e \u00e1gua como fatores de produtividade da soja (Glycine max (L.) Merrill. 2015. Disserta\u00e7\u00e3o (Mestrado em Engenharia Agr\u00edcola) &#8211; Universidade Federal de Santa Maria, Coordena\u00e7\u00e3o de Aperfei\u00e7oamento de Pessoal de N\u00edvel Superior. Orientador: Adroaldo Dias Robaina.<\/li>\n<li style=\"font-weight: 400\">Ta\u00edse Cristine Buske. Comportamento da umidade do solo determinada por m\u00e9todos expeditos. 2013. Disserta\u00e7\u00e3o (Mestrado em Engenharia Agr\u00edcola) &#8211; Universidade Federal de Santa Maria, Coordena\u00e7\u00e3o de Aperfei\u00e7oamento de Pessoal de N\u00edvel Superior. Orientador: Adroaldo Dias Robaina.<\/li>\n<li style=\"font-weight: 400\">Wagner Danton de Bittencourt Bilhalva. Batimetria de pequenos reservat\u00f3rios atrav\u00e9s de metodologia convencional e alternativa. 2013. Disserta\u00e7\u00e3o (Mestrado em Geom\u00e1tica) &#8211; Universidade Federal de Santa Maria. Orientador: Adroaldo Dias Robaina.<\/li>\n<li style=\"font-weight: 400\">Tonismar dos Santos Pereira. Avalia\u00e7\u00e3o de desempenho de diferentes m\u00e9todos de an\u00e1lise de estabilidade de taludes em barragens de terra. 2013. Disserta\u00e7\u00e3o (Mestrado em Engenharia Agr\u00edcola) &#8211; Universidade Federal de Santa Maria, Coordena\u00e7\u00e3o de Aperfei\u00e7oamento de Pessoal de N\u00edvel Superior. Orientador: Adroaldo Dias Robaina.<\/li>\n<li style=\"font-weight: 400\">Ang\u00e9lica Rossana Castro de Souza. An\u00e1lise ambiental e paisag\u00edstica da arboriza\u00e7\u00e3o urbana da cidade de Santiago &#8211; RS. 2012. Disserta\u00e7\u00e3o (Mestrado em Geom\u00e1tica) &#8211; Universidade Federal de Santa Maria, Coordena\u00e7\u00e3o de Aperfei\u00e7oamento de Pessoal de N\u00edvel Superior. Orientador: Adroaldo Dias Robaina.<\/li>\n<li style=\"font-weight: 400\">Leandro de Mello Pinto. Altimetria com topografia convencional e sensoriamento remoto. 2012. Disserta\u00e7\u00e3o (Mestrado em P\u00f3s Gradua\u00e7\u00e3o em Geom\u00e1tica) &#8211; Universidade Federal de Santa Maria. Orientador: Adroaldo Dias Robaina.<\/li>\n<li style=\"font-weight: 400\">Charles Seidel. Influ\u00eancia ambiental na qualidade da \u00e1gua do Arroio Doze Passos, Ouro &#8211; SC. 2012. Disserta\u00e7\u00e3o (Mestrado em P\u00f3s &#8211; Gradua\u00e7\u00e3o em Engenharia Agr\u00edcola) &#8211; Universidade Federal de Santa Maria, Empresa Brasileira de Pesquisa Agropecu\u00e1ria. Orientador: Adroaldo Dias Robaina.<\/li>\n<li style=\"font-weight: 400\">Mario dos Santos Nunes. Desempenho e aplicabilidade do irrig\u00e2metro para a cultura da soja na regi\u00e3o de Bossoroca, RS. 2011. Disserta\u00e7\u00e3o (Mestrado em P\u00f3s &#8211; Gradua\u00e7\u00e3o em Engenharia Agr\u00edcola) &#8211; Universidade Federal de Santa Maria, Coordena\u00e7\u00e3o de Aperfei\u00e7oamento de Pessoal de N\u00edvel Superior. Orientador: Adroaldo Dias Robaina.<\/li>\n<li style=\"font-weight: 400\">Rafael Camargo Ferraz. Desenvolvimento de um sistema web para estimativa num\u00e9rica de dados meteorol\u00f3gicos no Estado do Rio Grande do Sul. 2010. Disserta\u00e7\u00e3o (Mestrado em P\u00f3s Gradua\u00e7\u00e3o em Geom\u00e1tica) &#8211; Universidade Federal de Santa Maria. Orientador: Adroaldo Dias Robaina.<\/li>\n<li style=\"font-weight: 400\">Karine Lan\u00e7anova dos Santos. Influ\u00eancia de l\u00e2minas de irriga\u00e7\u00e3o sobre a produtividade da rebrota da Hemarthria alt\u00edssima. 2009. Disserta\u00e7\u00e3o (Mestrado em Engenharia Agr\u00edcola) &#8211; Universidade Federal de Santa Maria, Coordena\u00e7\u00e3o de Aperfei\u00e7oamento de Pessoal de N\u00edvel Superior. Orientador: Adroaldo Dias Robaina.<\/li>\n<li style=\"font-weight: 400\">Luis Roberto Telechea Z\u00e1s. Compara\u00e7\u00e3o de procedimentos para integra\u00e7\u00e3o de levantamentos topogr\u00e1ficos e levantamentos com GPS. 2009. Disserta\u00e7\u00e3o (Mestrado em Geom\u00e1tica) &#8211; Universidade Federal de Santa Maria. Orientador: Adroaldo Dias Robaina.<\/li>\n<li style=\"font-weight: 400\">Alexandro Luiz Vielmo. Limite superior da reten\u00e7\u00e3o da \u00e1gua no solo: m\u00e9todo de campo e m\u00e9todo de estimativa.. 2008. Disserta\u00e7\u00e3o (Mestrado em Engenharia Agr\u00edcola) &#8211; Universidade Federal de Santa Maria. Orientador: Adroaldo Dias Robaina.<\/li>\n<li style=\"font-weight: 400\">Rafaela Carvalho Pereira. Coordenadas de pontos GPS utilizando o c\u00f3digo e formas de corre\u00e7\u00e3o ionosf\u00e9rica e troposf\u00e9rica. 2008. Disserta\u00e7\u00e3o (Mestrado em Geom\u00e1tica) &#8211; Universidade Federal de Santa Maria. Orientador: Adroaldo Dias Robaina.<\/li>\n<li style=\"font-weight: 400\">Ana Carla dos Santos Gomes. Efeito de diferentes estrat\u00e9gias de irriga\u00e7\u00e3o sob a cultura da soja (Glycine max (L.) Merrill) na regi\u00e3o de Santiago, RS. 2007. Disserta\u00e7\u00e3o (Mestrado em Engenharia Agr\u00edcola) &#8211; Universidade Federal de Santa Maria, Coordena\u00e7\u00e3o de Aperfei\u00e7oamento de Pessoal de N\u00edvel Superior. Orientador: Adroaldo Dias Robaina.<\/li>\n<li style=\"font-weight: 400\">Ana Rita Costenaro Parizi. Efeito de diferentes estrat\u00e9gias de irriga\u00e7\u00e3o sob as culturas de feij\u00e3o (Phaseolus vulgaris L.) e milho (Zea mays L.) na regi\u00e3o de Santiago, RS. 2007. Disserta\u00e7\u00e3o (Mestrado em Engenharia Agr\u00edcola) &#8211; Universidade Federal de Santa Maria, Coordena\u00e7\u00e3o de Aperfei\u00e7oamento de Pessoal de N\u00edvel Superior. Orientador: Adroaldo Dias Robaina.<\/li>\n<li style=\"font-weight: 400\">Adriana Biassus Guimar\u00e3es. Medidor de vaz\u00e3o proporcional para quantifica\u00e7\u00e3o do uso de \u00e1gua na irriga\u00e7\u00e3o.. 2007. Disserta\u00e7\u00e3o (Mestrado em Engenharia Agr\u00edcola) &#8211; Universidade Federal de Santa Maria, Coordena\u00e7\u00e3o de Aperfei\u00e7oamento de Pessoal de N\u00edvel Superior. Orientador: Adroaldo Dias Robaina.<\/li>\n<li style=\"font-weight: 400\">Gilberto Jesus Colinski Girardon. Modelagem da eleva\u00e7\u00e3o do terreno com altimetria convencional e GPS. 2006. Disserta\u00e7\u00e3o (Mestrado em P\u00f3s Gradua\u00e7\u00e3o em Geom\u00e1tica) &#8211; Universidade Federal de Santa Maria. Orientador: Adroaldo Dias Robaina.<\/li>\n<li style=\"font-weight: 400\">Erika Silva Dockhorn. Compara\u00e7\u00e3o de dois tipos de solu\u00e7\u00e3o no posicionamento com receptores GPS. 2006. Disserta\u00e7\u00e3o (Mestrado em P\u00f3s Gradua\u00e7\u00e3o em Geom\u00e1tica) &#8211; Universidade Federal de Santa Maria. Orientador: Adroaldo Dias Robaina.<\/li>\n<li style=\"font-weight: 400\">Delcio de Jesus Colin Benvegnu. Avalia\u00e7\u00e3o do Processo de Pontos Obtidos com GPS utilizando diferentes Bases e Temos de ocupa\u00e7\u00e3o. 2005. Disserta\u00e7\u00e3o (Mestrado em P\u00f3s &#8211; Gradua\u00e7\u00e3o em Engenharia Agr\u00edcola) &#8211; Universidade Federal de Santa Maria. Orientador: Adroaldo Dias Robaina.<\/li>\n<li style=\"font-weight: 400\">Tatiane Bernardon. Componentes da Produtividade de Gr\u00e3os de Milho (Zea mays, L.) visando obter Par\u00e2metros para Agricultura de Precis\u00e3o. 2005. Disserta\u00e7\u00e3o (Mestrado em Geom\u00e1tica) &#8211; Universidade Federal de Santa Maria . Orientador: Adroaldo Dias Robaina.<\/li>\n<li style=\"font-weight: 400\">Luiz Felipe Dias de Carvalho. Altimetria de Pequenas Barragens com o Sistema de Posicionamento Global. 2004. 0 f. Disserta\u00e7\u00e3o (Mestrado em Geom\u00e1tica) &#8211; Universidade Federal de Santa Maria. Orientador: Adroaldo Dias Robaina.<\/li>\n<li style=\"font-weight: 400\">Selso Vieira Costa. Desenvolvimento e Calibra\u00e7\u00e3o de um Mini-Tanque Evaporim\u00e9trico. 2004. 0 f. Disserta\u00e7\u00e3o (Mestrado em Engenharia Agr\u00edcola) &#8211; Universidade Federal de Santa Maria. Orientador: Adroaldo Dias Robaina.<\/li>\n<li style=\"font-weight: 400\">Caren Andreis. Estudo da Din\u00e2mica H\u00eddrica de um Reservat\u00f3rio Afetado pela Constru\u00e7\u00e3o de um Segundo Reservat\u00f3rio a Montante. 2004. Disserta\u00e7\u00e3o (Mestrado em P\u00f3s &#8211; Gradua\u00e7\u00e3o em Engenharia Agr\u00edcola) &#8211; Universidade Federal de Santa Maria. Orientador: Adroaldo Dias Robaina.<\/li>\n<li style=\"font-weight: 400\">Paulo da Silva e Souza Filho. Comparativo de Custos de Diferentes Fontes de Energia para Irriga\u00e7\u00e3o por Gotejamento. 2003. 0 f. Disserta\u00e7\u00e3o (Mestrado em Engenharia Agr\u00edcola) &#8211; Universidade Federal de Santa Maria. Orientador: Adroaldo Dias Robaina.<\/li>\n<li style=\"font-weight: 400\">Marcelo Calgaro. Curvas de Desempenho Operacional de Bombas Centr\u00edfugas Determinadas a Partir das Caracter\u00edsticas F\u00edsicas do Rotor. 2002. 0 f. Disserta\u00e7\u00e3o (Mestrado em Engenharia Agr\u00edcola) &#8211; Universidade Federal de Santa Maria, Conselho Nacional de Desenvolvimento Cient\u00edfico e Tecnol\u00f3gico. Orientador: Adroaldo Dias Robaina.<\/li>\n<li style=\"font-weight: 400\">Cl\u00e1udia Weber Corseuil. Reconstitui\u00e7\u00e3o de uma Poligonal Topogr\u00e1fica pelo Sistema de Posicionamento Global. 2001. 0 f. Disserta\u00e7\u00e3o (Mestrado em Engenharia Agr\u00edcola) &#8211; Universidade Federal de Santa Maria. Orientador: Adroaldo Dias Robaina.<\/li>\n<li style=\"font-weight: 400\">\u00c9lio Marcolin. Efici\u00eancia no Consumo de Energia para Bombeamento de \u00c1gua em Lavouras de Arroz Inundado.. 2000. 0 f. Disserta\u00e7\u00e3o (Mestrado em Engenharia Agr\u00edcola) &#8211; Universidade Federal de Santa Maria. Orientador: Adroaldo Dias Robaina.<\/li>\n<li style=\"font-weight: 400\">Clairto Dal Forno. Comportamento Morfofisiol\u00f3gico de plantas de milho submetidas a diferentes n\u00edveis de manejo de irriga\u00e7\u00e3o. 1998. 0 f. Disserta\u00e7\u00e3o (Mestrado em Engenharia Agr\u00edcola) &#8211; Universidade Federal de Santa Maria. Orientador: Adroaldo Dias Robaina.<\/li>\n<li style=\"font-weight: 400\">Fernando Dornelles Fagundes. Influ\u00eancia de Diferentes Configura\u00e7\u00f5es na Uniformidade de Distribui\u00e7\u00e3o da \u00c1gua de um Sistema de Irriga\u00e7\u00e3o por Asper\u00e7\u00e3o.. 1998. 0 f. Disserta\u00e7\u00e3o (Mestrado em Engenharia Agr\u00edcola) &#8211; Universidade Federal de Santa Maria. Orientador: Adroaldo Dias Robaina.<\/li>\n<li style=\"font-weight: 400\">Vitor Hugo Cainelli. Uniformidade e Efici\u00eancia de Aplica\u00e7\u00e3o de um Sistema de Irriga\u00e7\u00e3o Piv\u00f4 Central. 1996. 0 f. Disserta\u00e7\u00e3o (Mestrado em Engenharia Agr\u00edcola) &#8211; Universidade Federal de Santa Maria. Orientador: Adroaldo Dias Robaina.<\/li>\n<li style=\"font-weight: 400\">Gelson Lauro Dall Forno. Modelo Semi-anal\u00edtico para An\u00e1lise de Vertedouros de Pequenas Barragens de Terra. 1996. 0 f. Disserta\u00e7\u00e3o (Mestrado em Engenharia Agr\u00edcola) &#8211; Universidade Federal de Santa Maria. Orientador: Adroaldo Dias Robaina.<\/li>\n<li style=\"font-weight: 400\">James Luiz Berto. Modelo de Simula\u00e7\u00e3o de Extra\u00e7\u00e3o da \u00c1gua do Solo para a Cultura da Soja.. 1995. 0 f. Disserta\u00e7\u00e3o (Mestrado em Engenharia Agr\u00edcola) &#8211; Universidade Federal de Santa Maria. Orientador: Adroaldo Dias Robaina.<\/li>\n<li style=\"font-weight: 400\">Rita de C\u00e1ssia Fraga Dam\u00e9. Condutividade Hidr\u00e1ulica em Solo n\u00e3o Saturado: M\u00e9todo do Perfil Instant\u00e2neo e Modelos de Previs\u00e3o.. 1991. 0 f. Disserta\u00e7\u00e3o (Mestrado em Engenharia Agr\u00edcola) &#8211; Universidade Federal de Santa Maria. Orientador: Adroaldo Dias Robaina.<\/li>\n<li style=\"font-weight: 400\">Ricardo Benetti Rosso. Influ\u00eancia da altura da l\u00e2mina de \u00e1gua sob o desempenho da produ\u00e7\u00e3o na cultura do arroz irrigado. 2014. Disserta\u00e7\u00e3o (Mestrado em Engenharia Agr\u00edcola) &#8211; Universidade Federal de Santa Maria, Coordena\u00e7\u00e3o de Aperfei\u00e7oamento de Pessoal de N\u00edvel Superior. Orientador: Marcia Xavier Peiter.<\/li>\n<li style=\"font-weight: 400\">Rog\u00e9rio Ricalde Torres. Resposta \u00e0 irriga\u00e7\u00e3o e \u00e0 aduba\u00e7\u00e3o nitrogenada em cobertura da cultura do girassol. 2014. Disserta\u00e7\u00e3o (Mestrado em Engenharia Agr\u00edcola) &#8211; Universidade Federal de Santa Maria, Coordena\u00e7\u00e3o de Aperfei\u00e7oamento de Pessoal de N\u00edvel Superior. Orientador: Marcia Xavier Peiter.<\/li>\n<li style=\"font-weight: 400\">Leonita Beatriz Girardi. Disponibilidade h\u00eddrica no cultivo de gipsofila (Gypsophila paniculata) em vaso com substrato de casca de arroz carbonizada. 2012. Disserta\u00e7\u00e3o (Mestrado em Programa de P\u00f3s-Gradua\u00e7\u00e3o em Engenharia Agr\u00edcola) &#8211; Universidade Federal de Santa Maria, Coordena\u00e7\u00e3o de Aperfei\u00e7oamento de Pessoal de N\u00edvel Superior. Orientador: Marcia Xavier Peiter.<\/li>\n<li style=\"font-weight: 400\">Nat\u00e1lia Teixeira Schwab. Disponibilidade h\u00eddrica no cultivo de cravina em vaso cultivada com substrato de cinzas e casca de arroz carbonizado. 2011. Disserta\u00e7\u00e3o (Mestrado em Engenharia Agr\u00edcola) &#8211; Universidade Federal de Santa Maria, Coordena\u00e7\u00e3o de Aperfei\u00e7oamento de Pessoal de N\u00edvel Superior. Orientador: Marcia Xavier Peiter.<\/li>\n<li style=\"font-weight: 400\">F\u00e1tima Cib\u00e9le Soares. An\u00e1lise de viabilidade da irriga\u00e7\u00e3o de precis\u00e3o na cultura do milho (Zea mays L.). 2010. Disserta\u00e7\u00e3o (Mestrado em Engenharia Agr\u00edcola) &#8211; Universidade Federal de Santa Maria. Orientador: Marcia Xavier Peiter.<\/li>\n<li style=\"font-weight: 400\">Gisele Aparecida Vivan. Resposta da irriga\u00e7\u00e3o suplementar em diferentes cen\u00e1rios para a cultura da Soja na microrregi\u00e3o de Passo Fundo &#8211; RS. 2010. Disserta\u00e7\u00e3o (Mestrado em Programa de P\u00f3s-Gradua\u00e7\u00e3o em Engenharia Agr\u00edcola) &#8211; Universidade Federal de Santa Maria, Conselho Nacional de Desenvolvimento Cient\u00edfico e Tecnol\u00f3gico. Orientador: Marcia Xavier Peiter.<\/li>\n<li style=\"font-weight: 400\">Lu\u00eds Garcia Guimar\u00e3es. Diagn\u00f3stico dos crimes ambientais e das a\u00e7\u00f5es de preven\u00e7\u00e3o na \u00e1rea de atua\u00e7\u00e3o do 2\u00ba Batalh\u00e3o Ambiental da Brigada Militar. 2009. Disserta\u00e7\u00e3o (Mestrado em Geom\u00e1tica) &#8211; Universidade Federal de Santa Maria . Orientador: Marcia Xavier Peiter.<\/li>\n<\/ol>\n","protected":false},"excerpt":{"rendered":"<p>Fl\u00e1via Barzotto. Nitrog\u00eanio e \u00e1gua como fatores de produtividade da soja (Glycine max (L.) Merrill. 2015. Disserta\u00e7\u00e3o (Mestrado em Engenharia Agr\u00edcola) &#8211; Universidade Federal de Santa Maria, Coordena\u00e7\u00e3o de Aperfei\u00e7oamento de Pessoal de N\u00edvel Superior. Orientador: Adroaldo Dias Robaina. Ta\u00edse Cristine Buske. Comportamento da umidade do solo determinada por m\u00e9todos expeditos. 2013. Disserta\u00e7\u00e3o (Mestrado em [&hellip;]<\/p>\n","protected":false},"author":115,"featured_media":0,"parent":0,"menu_order":0,"comment_status":"closed","ping_status":"closed","template":"","meta":{"footnotes":""},"categories":[],"tags":[],"class_list":["post-60","page","type-page","status-publish","hentry"],"acf":[],"_links":{"self":[{"href":"https:\/\/www.ufsm.br\/laboratorios\/lei\/wp-json\/wp\/v2\/pages\/60","targetHints":{"allow":["GET"]}}],"collection":[{"href":"https:\/\/www.ufsm.br\/laboratorios\/lei\/wp-json\/wp\/v2\/pages"}],"about":[{"href":"https:\/\/www.ufsm.br\/laboratorios\/lei\/wp-json\/wp\/v2\/types\/page"}],"author":[{"embeddable":true,"href":"https:\/\/www.ufsm.br\/laboratorios\/lei\/wp-json\/wp\/v2\/users\/115"}],"replies":[{"embeddable":true,"href":"https:\/\/www.ufsm.br\/laboratorios\/lei\/wp-json\/wp\/v2\/comments?post=60"}],"version-history":[{"count":0,"href":"https:\/\/www.ufsm.br\/laboratorios\/lei\/wp-json\/wp\/v2\/pages\/60\/revisions"}],"wp:attachment":[{"href":"https:\/\/www.ufsm.br\/laboratorios\/lei\/wp-json\/wp\/v2\/media?parent=60"}],"wp:term":[{"taxonomy":"category","embeddable":true,"href":"https:\/\/www.ufsm.br\/laboratorios\/lei\/wp-json\/wp\/v2\/categories?post=60"},{"taxonomy":"post_tag","embeddable":true,"href":"https:\/\/www.ufsm.br\/laboratorios\/lei\/wp-json\/wp\/v2\/tags?post=60"}],"curies":[{"name":"wp","href":"https:\/\/api.w.org\/{rel}","templated":true}]}}