{"id":61,"date":"2024-10-09T11:43:32","date_gmt":"2024-10-09T14:43:32","guid":{"rendered":"https:\/\/www.ufsm.br\/laboratorios\/lei\/?page_id=61"},"modified":"2024-10-09T13:05:43","modified_gmt":"2024-10-09T16:05:43","slug":"teses-de-doutorado","status":"publish","type":"page","link":"https:\/\/www.ufsm.br\/laboratorios\/lei\/producao-cientifica\/teses-de-doutorado","title":{"rendered":"Teses de Doutorado"},"content":{"rendered":"\n<p><strong><em><a href=\"https:\/\/repositorio.ufsm.br\/handle\/1\/3637\">Disponibilidade h\u00eddrica produ\u00e7\u00e3o de alstroemeria (Alstroemeria x hybrida) em vasos<\/a>.<\/em><\/strong><\/p>\n\n\n\n<p><strong><em>Autoria: Girardi, Leonita Beatriz&nbsp; Data:11\/03\/2016<\/em><\/strong><\/p>\n\n\n\n<p><strong><em><a href=\"https:\/\/repositorio.ufsm.br\/handle\/1\/3644\">Viabilidade do cultivo da cana-de-a\u00e7\u00facar irrigada para a produ\u00e7\u00e3o de etanol<\/a><\/em><\/strong><\/p>\n\n\n\n<p><strong><em>Autoria: Nogueira, Helena Maria Camilo de Moraes Data:07\/10\/2016<\/em><\/strong><\/p>\n\n\n\n<p><strong><em><a href=\"https:\/\/repositorio.ufsm.br\/handle\/1\/11390\">Uso de intelig\u00eancia artificial para estimativa da capacidade de suporte de carga do solo<\/a><\/em><\/strong><\/p>\n\n\n\n<p><strong><em>Autoria: Pereira, Tonismar dos Santos Data:13\/02\/2017<\/em><\/strong><\/p>\n\n\n\n<p><strong><em><a href=\"https:\/\/repositorio.ufsm.br\/handle\/1\/18657\">Uso de camalh\u00f5es de base larga como alternativa para o cultivo de soja em terras baixas<\/a><\/em><\/strong><\/p>\n\n\n\n<p><strong><em>Autoria: Rosso, Ricardo Benetti Data:02\/06\/2017<\/em><\/strong><\/p>\n\n\n\n<p><strong><em><a href=\"https:\/\/repositorio.ufsm.br\/handle\/1\/13528\">Modelagem da perda de produtividade da cultura do milho em fun\u00e7\u00e3o da defici\u00eancia h\u00eddrica<\/a><\/em><\/strong><\/p>\n\n\n\n<p><strong><em>Autoria: Buske, Taise Cristine Data:01\/09\/2017<\/em><\/strong><\/p>\n\n\n\n<p><strong><em><a href=\"https:\/\/repositorio.ufsm.br\/handle\/1\/14203\">Resposta da irriga\u00e7\u00e3o na produ\u00e7\u00e3o de forragem de milheto<\/a>. Autoria: Torres, Rog\u00e9rio Ricalde&nbsp; Data:16\/02\/2018<\/em><\/strong><\/p>\n\n\n\n<p><strong><em><a href=\"https:\/\/repositorio.ufsm.br\/handle\/1\/15166\">An\u00e1lise da viabilidade t\u00e9cnica e econ\u00f4mica da irriga\u00e7\u00e3o em h\u00edbridos de milho<\/a>. Autoria: Ben, Luis Humberto Bah\u00fa&nbsp; Data:10\/08\/2018<\/em><\/strong><\/p>\n\n\n\n<p><strong><em><a href=\"https:\/\/repositorio.ufsm.br\/handle\/1\/16397\">Aspectos produtivos e viabilidade econ\u00f4mico-financeira da irriga\u00e7\u00e3o em sorgo &nbsp;forrageiro<\/a>. Autoria: Kirchner, Jardel Henrique Data:22\/02\/2019<\/em><\/strong><\/p>\n\n\n\n<p><strong><em><a href=\"https:\/\/repositorio.ufsm.br\/handle\/1\/17297\">Estimativa dos par\u00e2metros de fun\u00e7\u00f5es de pedotransfer\u00eancia para os solos do Rio Grande do Sul<\/a>. Autoria: Kayser, Luiz Patric. Data:29\/04\/2019<\/em><\/strong><\/p>\n\n\n\n<p><strong><em><a href=\"https:\/\/repositorio.ufsm.br\/handle\/1\/23169\">Estimativa da produ\u00e7\u00e3o da cultura do milho irrigado atrav\u00e9s de simula\u00e7\u00e3o com o modelo AquaCrop e determina\u00e7\u00e3o da l\u00e2mina \u00f3tima econ\u00f4mica<\/a> Autoria:Concei\u00e7\u00e3o, Chaiane Guerra da. Data:04\/01\/2021<\/em><\/strong><\/p>\n\n\n\n<p><strong><em><a href=\"https:\/\/repositorio.ufsm.br\/handle\/1\/23343\">Viabilidade t\u00e9cnica e econ\u00f4mica da produ\u00e7\u00e3o de forragem do capim sud\u00e3o irrigado por aspers\u00e3o convencional<\/a>. Autoria:Mezzomo, Wellington. Data:09\/03\/2021<\/em><\/strong><\/p>\n\n\n\n<p><strong><em><a href=\"https:\/\/repositorio.ufsm.br\/handle\/1\/23341\">Rugosidade absoluta em tubula\u00e7\u00f5es utilizadas para distribui\u00e7\u00e3o de \u00e1gua<\/a>. Autoria:Pimenta, Bruna Dalcin. Data:23\/07<\/em><\/strong><\/p>\n\n\n\n<p><strong><em><a href=\"https:\/\/repositorio.ufsm.br\/handle\/1\/24637\">Energia fotovoltaica: an\u00e1lise t\u00e9cnica e econ\u00f4mica de sistema aut\u00f4nomo para irriga\u00e7\u00e3o<\/a>. Autoria:Bruning, Jhosefe. Data:25\/03\/2022<\/em><\/strong><\/p>\n\n\n\n<p><strong><em><a href=\"https:\/\/repositorio.ufsm.br\/handle\/1\/24925\">Produtividade, conte\u00fado de \u00f3leo e retorno econ\u00f4mico financeiro de cultivares de soja irrigada<\/a>. Autoria:Rodrigues, Silvana Antunes. Data:25\/03\/2022<\/em><\/strong><\/p>\n\n\n\n<p><strong><em><a href=\"https:\/\/repositorio.ufsm.br\/handle\/1\/24662\">Resposta de lisianthus (Eustoma grandiflorum (Raf.) Shinn.) ao manejo de irriga\u00e7\u00e3o, uso de pol\u00edmero hidroretentor e \u00e9poca de cultivo em ambiente climatizado<\/a>. Autoria:Piroli, J\u00e9ssica Dariane. Data:28\/03\/2022<\/em><\/strong><\/p>\n\n\n\n<p><strong><em><a href=\"https:\/\/repositorio.ufsm.br\/handle\/1\/25872\">Viabilidade econ\u00f4mica do uso de cereais irrigados na produ\u00e7\u00e3o de etanol<\/a>. Autoria:Chaiben Neto, Miguel. Data:01\/04\/2022<\/em><\/strong><\/p>\n\n\n\n<p><strong><em><a href=\"https:\/\/repositorio.ufsm.br\/handle\/1\/23169\">Estimativa da produ\u00e7\u00e3o da cultura do milho irrigado atrav\u00e9s de simula\u00e7\u00e3o com o modelo AquaCrop e determina\u00e7\u00e3o da l\u00e2mina \u00f3tima econ\u00f4mica<\/a>. Autoria: Concei\u00e7\u00e3o, Chaiane Guerra da. Data:04\/01\/2021<\/em><\/strong><\/p>\n\n\n\n<p><strong><em><a href=\"https:\/\/repositorio.ufsm.br\/handle\/1\/23343\">Viabilidade t\u00e9cnica e econ\u00f4mica da produ\u00e7\u00e3o de forragem do capim sud\u00e3o irrigado por aspers\u00e3o convencional<\/a>. Autoria: Mezzomo, Wellington. Data:09\/03\/2021<\/em><\/strong><\/p>\n\n\n\n<p><strong><em><a href=\"https:\/\/repositorio.ufsm.br\/handle\/1\/23341\">Rugosidade absoluta em tubula\u00e7\u00f5es utilizadas para distribui\u00e7\u00e3o de \u00e1gua<\/a>. Autoria:Pimenta, Bruna Dalcin. Data:23\/07\/2021<\/em><\/strong><\/p>\n\n\n\n<p><strong><em><a href=\"https:\/\/repositorio.ufsm.br\/handle\/1\/16397\">Aspectos produtivos e viabilidade econ\u00f4mico-financeira da irriga\u00e7\u00e3o em sorgo forrageiro<\/a>. Autoria: Kirchner, Jardel Henrique. Data:22\/02\/2019<\/em><\/strong><\/p>\n\n\n\n<p><strong><em><a href=\"https:\/\/repositorio.ufsm.br\/handle\/1\/17297\">Estimativa dos par\u00e2metros de fun\u00e7\u00f5es de pedotransfer\u00eancia para os solos do Rio Grande do Sul<\/a>. Autoria: Kayser, Luiz Patric. Data:29\/04\/2019<\/em><\/strong><\/p>\n\n\n\n<p><strong><em><a href=\"https:\/\/repositorio.ufsm.br\/handle\/1\/14203\">Resposta da irriga\u00e7\u00e3o na produ\u00e7\u00e3o de forragem de milheto<\/a>. Autoria: Torres, Rog\u00e9rio Ricalde. Data:16\/02\/2018<\/em><\/strong><\/p>\n\n\n\n<p><strong><em><a href=\"https:\/\/repositorio.ufsm.br\/handle\/1\/15166\">An\u00e1lise da viabilidade t\u00e9cnica e econ\u00f4mica da irriga\u00e7\u00e3o em h\u00edbridos de milho<\/a>. Autoria: Ben, Luis Humberto Bah\u00fa. Data:10\/08\/2018<\/em><\/strong><\/p>\n\n\n\n<p><strong><em><a href=\"https:\/\/repositorio.ufsm.br\/handle\/1\/11390\">Uso de intelig\u00eancia artificial para estimativa da capacidade de suporte de carga do solo<\/a>. Autoria: Pereira, Tonismar dos Santos. Data:13\/02\/2017<\/em><\/strong><\/p>\n\n\n\n<p><strong><em><a href=\"https:\/\/repositorio.ufsm.br\/handle\/1\/18657\">Uso de camalh\u00f5es de base larga como alternativa para o cultivo de soja em terras baixas<\/a>. Autoria: Rosso, Ricardo Benetti. Data:02\/06\/2017<\/em><\/strong><\/p>\n\n\n\n<p><strong><em><a href=\"https:\/\/repositorio.ufsm.br\/handle\/1\/13528\">Modelagem da perda de produtividade da cultura do milho em fun\u00e7\u00e3o da defici\u00eancia h\u00eddrica<\/a>. Autoria: Buske, Taise Cristine. Data:01\/09\/2017<\/em><\/strong><\/p>\n\n\n\n<p><strong><em><a href=\"https:\/\/repositorio.ufsm.br\/handle\/1\/3637\">Disponibilidade h\u00eddrica na produ\u00e7\u00e3o de alstroemeria (Alstroemeria x hybrida) em vasos<\/a>. Autoria: Girardi, Leonita Beatriz. Data:11\/03\/2016<\/em><\/strong><\/p>\n\n\n\n<p><strong><em><a href=\"https:\/\/repositorio.ufsm.br\/handle\/1\/3629\">\u00cdndices de desempenho para esta\u00e7\u00f5es de bombeamento em lavouras de arroz irrigado<\/a>. Autoria: K\u00f6pp, Luciana Marini. Data:08\/05\/2015<\/em><\/strong><\/p>\n\n\n\n<p><strong><em><a href=\"https:\/\/repositorio.ufsm.br\/handle\/1\/3622\">Compara\u00e7\u00e3o de m\u00e9todos via solo e via demanda evaporativa para manejo de irriga\u00e7\u00e3o da cultura da soja safrinha<\/a>. Autoria: Nunes, Mario Santos. Data:25\/08\/2014<\/em><\/strong><\/p>\n\n\n\n<p><strong><em><a href=\"https:\/\/repositorio.ufsm.br\/handle\/1\/3625\">Simula\u00e7\u00e3o din\u00e2mica da soja, milho e feij\u00e3o, cultivado sob diferentes regimes h\u00eddricos<\/a>. Autoria: Vivan, Gisele Aparecida. Data:15\/01\/2014<\/em><\/strong><\/p>\n\n\n\n<p><strong><em><a href=\"https:\/\/repositorio.ufsm.br\/handle\/1\/3618\">Estimativa dos par\u00e2metros da resist\u00eancia do solo ao cisalhamento atrav\u00e9s de pedotransfer\u00eancia<\/a>. Autoria: Braga, Fabiano de Vargas Arigony. Data:11\/07\/2014<\/em><\/strong><\/p>\n\n\n\n<p><strong><em><a href=\"https:\/\/repositorio.ufsm.br\/handle\/1\/3601\">Uso de diferentes metodologias na gera\u00e7\u00e3o de fun\u00e7\u00f5es de pedotransferencia para a reten\u00e7\u00e3o de \u00e1gua em solos do Rio Grande do Sul<\/a>. Autoria: Soares, F\u00e1tima Cib\u00e9le. Data:01\/02\/2013<\/em><\/strong><\/p>\n\n\n\n<p><strong><em><a href=\"https:\/\/repositorio.ufsm.br\/handle\/1\/3590\">\u00cdndice de qualidade e custos em fun\u00e7\u00e3o da variabilidade temporal da \u00e1gua de irriga\u00e7\u00e3o<\/a>. Autoria: Zamberlan, Jo\u00e3o Fernando. Data:15\/03\/2011<\/em><\/strong><\/p>\n\n\n\n<p><strong><em><a href=\"https:\/\/repositorio.ufsm.br\/handle\/1\/3589\">Estudo experimental e simulado da cultura da soja em fun\u00e7\u00e3o de diferentes n\u00edveis de irriga\u00e7\u00e3o<\/a>. Autoria: Gomes, Ana Carla dos Santos. Data:18\/03\/2011<\/em><\/strong><\/p>\n\n\n\n<p><strong><em><a href=\"https:\/\/repositorio.ufsm.br\/handle\/1\/3593\">Determina\u00e7\u00e3o das equa\u00e7\u00f5es de chuvas intensas em bacias hidrogr\u00e1ficas do Rio Grande do Sul<\/a>. Autoria: Sampaio, Marcela Vilar. Data:26\/04\/2011<\/em><\/strong><\/p>\n\n\n\n<p><strong><em><a href=\"https:\/\/repositorio.ufsm.br\/handle\/1\/3582\">Crit\u00e9rios para o aumento do \u00edndice de efici\u00eancia nos sistemas de irriga\u00e7\u00e3o tipo piv\u00f4 central<\/a>. Autoria: Schons, Ricardo Luis. Data:27\/01\/2010<\/em><\/strong><\/p>\n\n\n\n<p><strong><em><a href=\"https:\/\/repositorio.ufsm.br\/handle\/1\/3578\">Fun\u00e7\u00f5es de produ\u00e7\u00e3o das culturas de milho e feij\u00e3o atrav\u00e9s de estudo experimental e simulado<\/a>. Autoria: Parizi, Ana Rita Costenaro. Data:28\/01\/2010<\/em><\/strong><\/p>\n\n\n\n<p><strong><em><a href=\"https:\/\/repositorio.ufsm.br\/handle\/1\/3585\">Simula\u00e7\u00e3o de cen\u00e1rios de sustentabilidade h\u00eddrica da orizicultura na sub-bacia hidrogr\u00e1fica do Arroio Grande atrav\u00e9s da implanta\u00e7\u00e3o de barragens tempor\u00e1rias<\/a>. Autoria: Salbego,Adriana Gindri. Data:03\/09\/2010<\/em><\/strong><\/p>\n\n\n\n<p><strong><em><a href=\"https:\/\/repositorio.ufsm.br\/handle\/1\/3645\">An\u00e1lise da varia\u00e7\u00e3o espa\u00e7o-temporal dos par\u00e2metros para a modelagem estoc\u00e1stica da precipita\u00e7\u00e3o pluvial di\u00e1ria no Rio Grande do Sul<\/a>. Autoria: Calgaro, Marcelo. Data:24\/02\/2006<\/em><\/strong><\/p>\n\n\n\n<p><strong><em><a href=\"https:\/\/repositorio.ufsm.br\/handle\/1\/3575\">Impacto da aplica\u00e7\u00e3o da legisla\u00e7\u00e3o ambiental na produ\u00e7\u00e3o oriz\u00edcola da bacia hidrogr\u00e1fica do Arroio Grande &#8211; Santa Maria &#8211; RS<\/a>. Autoria: Santos, Alessandro Herbert de Oliveira. Data:28\/02\/200.<\/em><\/strong><\/p>\n\n\n\n<p><strong><em><a href=\"https:\/\/repositorio.ufsm.br\/handle\/1\/3561\">Valora\u00e7\u00e3o econ\u00f4mica e ambiental pelo uso da \u00e1gua como instrumento de gest\u00e3o de recursos h\u00eddricos<\/a>. Autoria: Kurtz, Fabio Char\u00e3o. Data:07\/12\/2004<\/em><\/strong><\/p>\n","protected":false},"excerpt":{"rendered":"<p>Disponibilidade h\u00eddrica produ\u00e7\u00e3o de alstroemeria (Alstroemeria x hybrida) em vasos. Autoria: Girardi, Leonita Beatriz&nbsp; Data:11\/03\/2016 Viabilidade do cultivo da cana-de-a\u00e7\u00facar irrigada para a produ\u00e7\u00e3o de etanol Autoria: Nogueira, Helena Maria Camilo de Moraes Data:07\/10\/2016 Uso de intelig\u00eancia artificial para estimativa da capacidade de suporte de carga do solo Autoria: Pereira, Tonismar dos Santos Data:13\/02\/2017 Uso [&hellip;]<\/p>\n","protected":false},"author":5904,"featured_media":0,"parent":33,"menu_order":0,"comment_status":"closed","ping_status":"closed","template":"","meta":{"footnotes":""},"categories":[],"tags":[],"class_list":["post-61","page","type-page","status-publish","hentry"],"acf":[],"_links":{"self":[{"href":"https:\/\/www.ufsm.br\/laboratorios\/lei\/wp-json\/wp\/v2\/pages\/61","targetHints":{"allow":["GET"]}}],"collection":[{"href":"https:\/\/www.ufsm.br\/laboratorios\/lei\/wp-json\/wp\/v2\/pages"}],"about":[{"href":"https:\/\/www.ufsm.br\/laboratorios\/lei\/wp-json\/wp\/v2\/types\/page"}],"author":[{"embeddable":true,"href":"https:\/\/www.ufsm.br\/laboratorios\/lei\/wp-json\/wp\/v2\/users\/5904"}],"replies":[{"embeddable":true,"href":"https:\/\/www.ufsm.br\/laboratorios\/lei\/wp-json\/wp\/v2\/comments?post=61"}],"version-history":[{"count":0,"href":"https:\/\/www.ufsm.br\/laboratorios\/lei\/wp-json\/wp\/v2\/pages\/61\/revisions"}],"up":[{"embeddable":true,"href":"https:\/\/www.ufsm.br\/laboratorios\/lei\/wp-json\/wp\/v2\/pages\/33"}],"wp:attachment":[{"href":"https:\/\/www.ufsm.br\/laboratorios\/lei\/wp-json\/wp\/v2\/media?parent=61"}],"wp:term":[{"taxonomy":"category","embeddable":true,"href":"https:\/\/www.ufsm.br\/laboratorios\/lei\/wp-json\/wp\/v2\/categories?post=61"},{"taxonomy":"post_tag","embeddable":true,"href":"https:\/\/www.ufsm.br\/laboratorios\/lei\/wp-json\/wp\/v2\/tags?post=61"}],"curies":[{"name":"wp","href":"https:\/\/api.w.org\/{rel}","templated":true}]}}