{"id":62,"date":"2019-07-03T12:30:24","date_gmt":"2019-07-03T15:30:24","guid":{"rendered":"https:\/\/www.ufsm.br\/laboratorios\/lei\/?page_id=62"},"modified":"2019-07-03T12:30:26","modified_gmt":"2019-07-03T15:30:26","slug":"monografias-de-especializacao","status":"publish","type":"page","link":"https:\/\/www.ufsm.br\/laboratorios\/lei\/monografias-de-especializacao","title":{"rendered":"Monografias de Especializa\u00e7\u00e3o"},"content":{"rendered":"\n<p class=\"MsoNormal\" style=\"margin-right: 0pt;margin-top: 0pt;margin-bottom: 14pt;font-family: 'Times New Roman';font-size: 10pt;color: #000000\"><span lang=\"pt-BR\" style=\"font-size: 9pt\">1. Sirley de F\u00e1tima Maraschin Balbinot. Reciclagem de Lixo, uma Op\u00e7\u00e3o Pr\u00e1tica em Educa\u00e7\u00e3o Ambiental. 2000. 0 f. Monografia. (Aperfei\u00e7oamento\/Especializa\u00e7\u00e3o em Especializa\u00e7\u00e3o Em Educa\u00e7\u00e3o Ambiental) &#8211; Universidade Federal de Santa Maria. Orientador: Adroaldo Dias Robaina.<\/span><\/p>\n<p class=\"MsoNormal\" style=\"margin-right: 0pt;margin-top: 0pt;margin-bottom: 14pt;font-family: 'Times New Roman';font-size: 10pt;color: #000000\"><span lang=\"pt-BR\" style=\"font-size: 9pt\">2. Niara Cabral Iserhard. Especializa\u00e7\u00e3o em Educa\u00e7\u00e3o Educa\u00e7\u00e3o Ambiental. 1998. Monografia. (Aperfei\u00e7oamento\/Especializa\u00e7\u00e3o em Especializa\u00e7\u00e3o em Educa\u00e7\u00e3o Ambiental) &#8211; Universidade Federal de Santa Maria. Orientador: Adroaldo Dias Robaina.<\/span><\/p>\n<p class=\"MsoNormal\" style=\"margin-right: 0pt;margin-top: 0pt;margin-bottom: 14pt;font-family: 'Times New Roman';font-size: 10pt;color: #000000\"><span lang=\"pt-BR\" style=\"font-size: 9pt\">3. Guilherme Cardoso da Silva. Espacializa\u00e7\u00e3o e valoriza\u00e7\u00e3o de terrenos no Bairro Camobi &#8211; Santa Maria, RS. 2012. Monografia. (Aperfei\u00e7oamento\/Especializa\u00e7\u00e3o em Geom\u00e1tica) &#8211; Universidade Federal de Santa Maria. Orientador: Marcia Xavier Peiter.<\/span><\/p>\n<p class=\"MsoNormal\" style=\"margin-right: 0pt;margin-top: 0pt;margin-bottom: 14pt;font-family: 'Times New Roman';font-size: 10pt;color: #000000\"><span lang=\"pt-BR\" style=\"font-size: 9pt\">4. Cisnara Pires Amaral. Enraizamento de Kalanchoe blossfeldiana Poelln. em diferentes substratos. 2007. Monografia. (Aperfei\u00e7oamento\/Especializa\u00e7\u00e3o em Curso de Especializa\u00e7\u00e3o em Ci\u00eancias Ambientais) &#8211; Universidade Regional Integrada do Alto Uruguai e das Miss\u00f5es. Orientador: Marcia Xavier Peiter.<\/span><\/p>\n<p class=\"MsoNormal\" style=\"margin-right: 0pt;margin-top: 0pt;margin-bottom: 14pt;font-family: 'Times New Roman';font-size: 10pt;color: #000000\"><span lang=\"pt-BR\" style=\"font-size: 9pt\">5. Jaqueline Martins. Diagn\u00f3stico qualitativo de recursos h\u00eddricos no Rio Jaguari. 2007. Monografia. (Aperfei\u00e7oamento\/Especializa\u00e7\u00e3o em Curso de Especializa\u00e7\u00e3o em Ci\u00eancias Ambientais) &#8211; Universidade Regional Integrada do Alto Uruguai e das Miss\u00f5es. Orientador: Marcia Xavier Peiter.<\/span><\/p>\n<p class=\"MsoNormal\" style=\"margin-right: 0pt;margin-top: 0pt;margin-bottom: 14pt;font-family: 'Times New Roman';font-size: 10pt;color: #000000\"><span lang=\"pt-BR\" style=\"font-size: 9pt\">6. Dairton Lewandowski. Levantamento de Par\u00e2metros H\u00eddricos e Solos da Microbacia Nascentes do Rio Itu. 2004. Monografia. (Aperfei\u00e7oamento\/Especializa\u00e7\u00e3o em Curso de Especializa\u00e7\u00e3o em Ci\u00eancias Ambientais) &#8211; Universidade Regional Integrada do Alto Uruguai e das Miss\u00f5es. Orientador: Marcia Xavier Peiter.<\/span><\/p>\n<p class=\"MsoNormal\" style=\"margin-right: 0pt;margin-top: 0pt;margin-bottom: 14pt;font-family: 'Times New Roman';font-size: 10pt;color: #000000\"><span lang=\"pt-BR\" style=\"font-size: 9pt\">7. Ana Carla dos Santos Gomes. Caracteriza\u00e7\u00e3o clim\u00e1tica de Santiago, RS para fins agr\u00edcolas. 2004. Monografia. (Aperfei\u00e7oamento\/Especializa\u00e7\u00e3o em Curso de Especializa\u00e7\u00e3o em Ci\u00eancias Ambientais) &#8211; Universidade Regional Integrada do Alto Uruguai e das Miss\u00f5es. Orientador: Marcia Xavier Peiter.<\/span><\/p>\n<p class=\"MsoNormal\" style=\"margin-right: 0pt;margin-top: 0pt;margin-bottom: 14pt;font-family: 'Times New Roman';font-size: 10pt;color: #000000\"><span lang=\"pt-BR\" style=\"font-size: 9pt\">8. Morgana Carlis. Diagn\u00f3stico e Proposta de Gerenciamento dos Res\u00edduos S\u00f3lidos da Cidade de Maximiliano de Almeida, RS. 2001. Monografia. (Aperfei\u00e7oamento\/Especializa\u00e7\u00e3o em Curso de Especializa\u00e7\u00e3o em Ci\u00eancias Ambientais) &#8211; Universidade Regional Integrada do Alto Uruguai e das Miss\u00f5es. Orientador: Marcia Xavier Peiter.<\/span><\/p>\n<p class=\"MsoNormal\" style=\"margin-right: 0pt;margin-top: 0pt;margin-bottom: 14pt;font-family: 'Times New Roman';font-size: 10pt;color: #000000\"><span lang=\"pt-BR\" style=\"font-size: 9pt\">9. Neiva Miotto. Diagn\u00f3stico e Proposta de Gerenciamento de Res\u00edduos S\u00f3lidos para a Cidade de Severiano de Almeida, RS. 2001. Monografia. (Aperfei\u00e7oamento\/Especializa\u00e7\u00e3o em Curso de Especializa\u00e7\u00e3o em Ci\u00eancias Ambientais) &#8211; Universidade Regional Integrada do Alto Uruguai e das Miss\u00f5es. Orientador: Marcia Xavier Peiter.<\/span><\/p>\n<p class=\"MsoNormal\" style=\"margin-right: 0pt;margin-top: 0pt;margin-bottom: 14pt;font-family: 'Times New Roman';font-size: 10pt;color: #000000\"><span lang=\"pt-BR\" style=\"font-size: 9pt\">10. Evandra F\u00e1tima Weber. An\u00e1lise do Sistema de Produ\u00e7\u00e3o de Esp\u00e9cies Ornamentais Garden Sul: um estudo de caso. 2001. Monografia. (Aperfei\u00e7oamento\/Especializa\u00e7\u00e3o em Curso de Especializa\u00e7\u00e3o em Ci\u00eancias Ambientais) &#8211; Universidade Regional Integrada do Alto Uruguai e das Miss\u00f5es. Orientador: Marcia Xavier Peiter.<\/span><\/p>\n","protected":false},"excerpt":{"rendered":"<p>1. Sirley de F\u00e1tima Maraschin Balbinot. Reciclagem de Lixo, uma Op\u00e7\u00e3o Pr\u00e1tica em Educa\u00e7\u00e3o Ambiental. 2000. 0 f. Monografia. (Aperfei\u00e7oamento\/Especializa\u00e7\u00e3o em Especializa\u00e7\u00e3o Em Educa\u00e7\u00e3o Ambiental) &#8211; Universidade Federal de Santa Maria. Orientador: Adroaldo Dias Robaina. 2. Niara Cabral Iserhard. Especializa\u00e7\u00e3o em Educa\u00e7\u00e3o Educa\u00e7\u00e3o Ambiental. 1998. Monografia. (Aperfei\u00e7oamento\/Especializa\u00e7\u00e3o em Especializa\u00e7\u00e3o em Educa\u00e7\u00e3o Ambiental) &#8211; Universidade Federal [&hellip;]<\/p>\n","protected":false},"author":115,"featured_media":0,"parent":0,"menu_order":0,"comment_status":"closed","ping_status":"closed","template":"","meta":{"footnotes":""},"categories":[],"tags":[],"class_list":["post-62","page","type-page","status-publish","hentry"],"acf":[],"_links":{"self":[{"href":"https:\/\/www.ufsm.br\/laboratorios\/lei\/wp-json\/wp\/v2\/pages\/62","targetHints":{"allow":["GET"]}}],"collection":[{"href":"https:\/\/www.ufsm.br\/laboratorios\/lei\/wp-json\/wp\/v2\/pages"}],"about":[{"href":"https:\/\/www.ufsm.br\/laboratorios\/lei\/wp-json\/wp\/v2\/types\/page"}],"author":[{"embeddable":true,"href":"https:\/\/www.ufsm.br\/laboratorios\/lei\/wp-json\/wp\/v2\/users\/115"}],"replies":[{"embeddable":true,"href":"https:\/\/www.ufsm.br\/laboratorios\/lei\/wp-json\/wp\/v2\/comments?post=62"}],"version-history":[{"count":0,"href":"https:\/\/www.ufsm.br\/laboratorios\/lei\/wp-json\/wp\/v2\/pages\/62\/revisions"}],"wp:attachment":[{"href":"https:\/\/www.ufsm.br\/laboratorios\/lei\/wp-json\/wp\/v2\/media?parent=62"}],"wp:term":[{"taxonomy":"category","embeddable":true,"href":"https:\/\/www.ufsm.br\/laboratorios\/lei\/wp-json\/wp\/v2\/categories?post=62"},{"taxonomy":"post_tag","embeddable":true,"href":"https:\/\/www.ufsm.br\/laboratorios\/lei\/wp-json\/wp\/v2\/tags?post=62"}],"curies":[{"name":"wp","href":"https:\/\/api.w.org\/{rel}","templated":true}]}}