{"id":63,"date":"2019-07-03T12:31:08","date_gmt":"2019-07-03T15:31:08","guid":{"rendered":"https:\/\/www.ufsm.br\/laboratorios\/lei\/?page_id=63"},"modified":"2019-07-03T12:31:11","modified_gmt":"2019-07-03T15:31:11","slug":"iniciacao-cientifica","status":"publish","type":"page","link":"https:\/\/www.ufsm.br\/laboratorios\/lei\/iniciacao-cientifica","title":{"rendered":"Inicia\u00e7\u00e3o Cient\u00edfica"},"content":{"rendered":"\n<ol>\n<li style=\"font-weight: 400\">Henrique Manoel Cegatti. An\u00e1lise do Rendimento de um Sistema Automatizado de Irriga\u00e7\u00e3o para Ambientes Protegidos. 2012. Inicia\u00e7\u00e3o Cient\u00edfica. (Graduando em Engenharia El\u00e9trica) &#8211; Universidade Federal de Santa Maria, Conselho Nacional de Desenvolvimento Cient\u00edfico e Tecnol\u00f3gico. Orientador: Adroaldo Dias Robaina.<\/li>\n<li style=\"font-weight: 400\">Henrique Manoel Cegatti. Calibra\u00e7\u00e3o de Sensores de Umidade e Aperfei\u00e7oamento de Controlador de Irriga\u00e7\u00e3o. 2012. Inicia\u00e7\u00e3o Cient\u00edfica. (Graduando em Engenharia El\u00e9trica) &#8211; Universidade Federal de Santa Maria, Fundo de Inova\u00e7\u00e3o Tecnol\u00f3gica &#8211; Universidade Federal de Santa Maria. Orientador: Adroaldo Dias Robaina.<\/li>\n<li style=\"font-weight: 400\">Henrique Manoel Cegatti. Desenvolvimento de um medidor port\u00e1til de umidade de solo e temperatura do ambiente protegido. 2011. Inicia\u00e7\u00e3o Cient\u00edfica. (Graduando em Engenharia El\u00e9trica) &#8211; Universidade Federal de Santa Maria, Fundo de Inova\u00e7\u00e3o Tecnol\u00f3gica &#8211; Universidade Federal de Santa Maria. Orientador: Adroaldo Dias Robaina.<\/li>\n<li style=\"font-weight: 400\">Eduardo Beltrame. Desenvolvimento de um M\u00f3dulo de Comunica\u00e7\u00e3o Serial para Controladores de Irriga\u00e7\u00e3o. 2011. Inicia\u00e7\u00e3o Cient\u00edfica. (Graduando em Engenharia El\u00e9trica) &#8211; Universidade Federal de Santa Maria. Orientador: Adroaldo Dias Robaina.<\/li>\n<li style=\"font-weight: 400\">Eduardo Beltrame. Desenvolvimento de um controlador automatizado para irriga\u00e7\u00e3o em ambientes protegidos. 2010. Inicia\u00e7\u00e3o Cient\u00edfica. (Graduando em Engenharia El\u00e9trica) &#8211; Universidade Federal de Santa Maria, Bolsa de inicia\u00e7\u00e3o \u00e0 inova\u00e7\u00e3o tecnol\u00f3gica. Orientador: Adroaldo Dias Robaina.<\/li>\n<li style=\"font-weight: 400\">Ta\u00edse Cristine Buske. Monitoria de Hidr\u00e1ulica Agr\u00edcola &#8211; EGR 415. 2010. Inicia\u00e7\u00e3o Cient\u00edfica. (Graduando em Agronomia) &#8211; Universidade Federal de Santa Maria, Universidade Federal de Santa Maria. Orientador: Adroaldo Dias Robaina.<\/li>\n<li style=\"font-weight: 400\">Ta\u00edse Cristine Buske. Diagn\u00f3stico dos recursos h\u00eddricos de \u00e1rea irrigada: a orizicultura na regi\u00e3o de V\u00e1rzea do Agudo Agudo, RS.. 2010. Inicia\u00e7\u00e3o Cient\u00edfica. (Graduando em Agronomia) &#8211; Universidade Federal de Santa Maria, Universidade Federal de Santa Maria. Orientador: Adroaldo Dias Robaina.<\/li>\n<li style=\"font-weight: 400\">Ta\u00edse Cristine Buske. Diagn\u00f3stico dos recursos h\u00eddricos de \u00e1rea irrigada: a orizicultura na regi\u00e3o de V\u00e1rzea do Agudo Agudo, RS.. 2009. Inicia\u00e7\u00e3o Cient\u00edfica. (Graduando em Agronomia) &#8211; Universidade Federal de Santa Maria, Universidade Federal de Santa Maria. Orientador: Adroaldo Dias Robaina.<\/li>\n<li style=\"font-weight: 400\">Emanuele Padilha Coimbra. T\u00e9cnicas de uso eficiente de recursos h\u00eddricos para agricultura familiar: tranfer\u00eancia de tecnologia via meio digital. 2008. Inicia\u00e7\u00e3o Cient\u00edfica. (Graduando em Letras Licenciatura Habilita\u00e7\u00e3o Espanhol e Literat) &#8211; Universidade Federal de Santa Maria, Fundo de Incentivo a Extens\u00e3o. Orientador: Adroaldo Dias Robaina.<\/li>\n<li style=\"font-weight: 400\">Carlos J\u00fanior de Oliveira. T\u00e9cnicas de uso eficiente de recursos h\u00eddricos para agricultura familiar: transfer\u00eancia de tecnologia via meio digital. 2008. Inicia\u00e7\u00e3o Cient\u00edfica. (Graduando em Artes Visuais &#8211; Bacharelado) &#8211; Universidade Federal de Santa Maria, Fundo de Incentivo a Extens\u00e3o. Orientador: Adroaldo Dias Robaina.<\/li>\n<li style=\"font-weight: 400\">Carlos J\u00fanior de Oliveira. T\u00e9cnicas de uso eficiente de recursos h\u00eddricos para agricultura familiar: transfer\u00eancia de tecnologia via meio digital. 2007. Inicia\u00e7\u00e3o Cient\u00edfica. (Graduando em Artes Visuais &#8211; Bacharelado) &#8211; Universidade Federal de Santa Maria, Fundo de Incentivo a Extens\u00e3o. Orientador: Adroaldo Dias Robaina.<\/li>\n<li style=\"font-weight: 400\">Ezequiel C\u00e9sar Miola. Classifica\u00e7\u00e3o do solo na microbacia do arroio Lobato &#8211; Santa Maria &#8211; RS, por sistemas de informa\u00e7\u00f5es geogr\u00e1ficas e imagens de sat\u00e9lite.. 2006. Inicia\u00e7\u00e3o Cient\u00edfica. (Graduando em Agronomia) &#8211; Universidade Federal de Santa Maria, Fundo de Incentivo a Pesquisa. Orientador: Adroaldo Dias Robaina.<\/li>\n<li style=\"font-weight: 400\">Alexandre Ten Caten. Determina\u00e7\u00e3o de um Modelo de Ondula\u00e7\u00e3o Geoidal local atrav\u00e9s do Sistema de Posicionamento Global. 2005. Inicia\u00e7\u00e3o Cient\u00edfica. (Graduando em Agronomia) &#8211; Universidade Federal de Santa Maria, Programa Instituciaonal de Bolsas de Inicia\u00e7\u00e3o Cient\u00edfica. Orientador: Adroaldo Dias Robaina.<\/li>\n<li style=\"font-weight: 400\">\u00cdtalo Ludke. Compara\u00e7\u00e3o de poligonais obtidas por diferentes tipos de GPS P\u00f3s-processados com rela\u00e7\u00e3o com rela\u00e7\u00e3o a bases distintas.. 2005. Inicia\u00e7\u00e3o Cient\u00edfica. (Graduando em Agronomia) &#8211; Universidade Federal de Santa Maria. Orientador: Adroaldo Dias Robaina.<\/li>\n<li style=\"font-weight: 400\">Alexande Ten Caten. Compara\u00e7\u00e3o de Poligonais Topogr\u00e1ficas Obtidas com Diferentes Tipos de GPS. 2004. Inicia\u00e7\u00e3o Cient\u00edfica. (Graduando em Agronomia) &#8211; Universidade Federal de Santa Maria, Programa Institucional de Bolsas de Inicia\u00e7\u00e3o Cient\u00edfica. Orientador: Adroaldo Dias Robaina.<\/li>\n<li style=\"font-weight: 400\">\u00cdtalo Lucke. Desenvolvimento e Calibra\u00e7\u00e3o de um Minitanque Evaporim\u00e9trico. 2004. Inicia\u00e7\u00e3o Cient\u00edfica. (Graduando em Agronomia) &#8211; Universidade Federal de Santa Maria, Fundo de Incentivo a Pesquisa. Orientador: Adroaldo Dias Robaina.<\/li>\n<li style=\"font-weight: 400\">Alexandre Ten Caten. Compara\u00e7\u00e3o de Poligonais Topogr\u00e1ficas Obtidas por Diferentes Tipos de GPS P\u00f3s-processados com Rela\u00e7\u00e3o a Bases Distintas. 2003. 0 f. Inicia\u00e7\u00e3o Cient\u00edfica. (Graduando em Agronomia) &#8211; Universidade Federal de Santa Maria, Conselho Nacional de Desenvolvimento Cient\u00edfico e Tecnol\u00f3gico. Orientador: Adroaldo Dias Robaina.<\/li>\n<li style=\"font-weight: 400\">Rog\u00e9rio Ricalde Torres. Balan\u00e7o h\u00eddrico no cultivo de gipsofila (Gipsofila paniculata) em vasos com substrato de cinza de casca de arroz. 2010. Inicia\u00e7\u00e3o Cient\u00edfica. (Graduando em Agronomia) &#8211; Universidade Federal de Santa Maria, Universidade Federal de Santa Maria. Orientador: Marcia Xavier Peiter.<\/li>\n<li style=\"font-weight: 400\">Lucas Cristiano Krebs. Avalia\u00e7\u00e3o da disponibilidade h\u00eddrica de substratos para cultivo de Dianthus chinensis em vaso. 2009. Inicia\u00e7\u00e3o Cient\u00edfica. (Graduando em Agronomia) &#8211; Universidade Federal de Santa Maria, Universidade Federal de Santa Maria. Orientador: Marcia Xavier Peiter.<\/li>\n<li style=\"font-weight: 400\">Gisele Noal. Avalia\u00e7\u00e3o do consumo de \u00e1gua para orizicultura no Distrito de Arroio Grande. 2009. Inicia\u00e7\u00e3o Cient\u00edfica. (Graduando em Agronomia) &#8211; Universidade Federal de Santa Maria, FIPE &#8211; Universidade Federal de Santa Maria. Orientador: Marcia Xavier Peiter.<\/li>\n<li style=\"font-weight: 400\">Rodison Sisti. Avalia\u00e7\u00e3o da viabilidade econ\u00f4mica e do comportamento das culturas de milho e sorgo para silagem sob diferentes n\u00edveis de manejo de irriga\u00e7\u00e3o. 2006. Inicia\u00e7\u00e3o Cient\u00edfica. (Graduando em Engenharia Agr\u00edcola) &#8211; Universidade Regional Integrada do Alto Uruguai e das Miss\u00f5es, Funda\u00e7\u00e3o de Amparo \u00e0 Pesquisa do Estado do Rio Grande do Sul. Orientador: Marcia Xavier Peiter.<\/li>\n<li style=\"font-weight: 400\">Ang\u00e9lica Rossana Castro de Souza. Influ\u00eancia de materiais alternativos para composi\u00e7\u00e3o de substratos sobre o balan\u00e7o h\u00eddrico de Kalanchoe (Kalanchoe blossfeldiana Poelln.). 2006. Inicia\u00e7\u00e3o Cient\u00edfica. (Graduando em Engenharia Agr\u00edcola) &#8211; Universidade Regional Integrada do Alto Uruguai e das Miss\u00f5es, Universidade Regional Integrada do Alto Uruguai e das Miss\u00f5es. Orientador: Marcia Xavier Peiter.<\/li>\n<li style=\"font-weight: 400\">F\u00e1tima Cibele Soares. An\u00e1lise da produtividade na cultura do milho visando a agricultura de precis\u00e3o. 2006. Inicia\u00e7\u00e3o Cient\u00edfica. (Graduando em Engenharia Agr\u00edcola) &#8211; Universidade Regional Integrada do Alto Uruguai e das Miss\u00f5es, Funda\u00e7\u00e3o de Amparo \u00e0 Pesquisa do Estado do Rio Grande do Sul. Orientador: Marcia Xavier Peiter.<\/li>\n<li style=\"font-weight: 400\">Vin\u00edcius Pinto Zinelli. An\u00e1lise da variabilidade espa\u00e7o-temporal da produ\u00e7\u00e3o de milho irrigado sob piv\u00f4 central. 2006. Inicia\u00e7\u00e3o Cient\u00edfica. (Graduando em Engenharia Agr\u00edcola) &#8211; Universidade Regional Integrada do Alto Uruguai e das Miss\u00f5es, Universidade Regional Integrada do Alto Uruguai e das Miss\u00f5es. Orientador: Marcia Xavier Peiter.<\/li>\n<li style=\"font-weight: 400\">F\u00e1tima Cibele Soares. Balan\u00e7o h\u00eddrico de Kalanchoe blossfeldiana Poelln. cultivado em diferentes \u00e9pocas de transplante e distintas estrat\u00e9gias de irriga\u00e7\u00e3o. 2005. Inicia\u00e7\u00e3o Cient\u00edfica. (Graduando em Engenharia Agr\u00edcola) &#8211; Universidade Regional Integrada do Alto Uruguai e das Miss\u00f5es, Universidade Regional Integrada do Alto Uruguai e das Miss\u00f5es. Orientador: Marcia Xavier Peiter.<\/li>\n<li style=\"font-weight: 400\">Ana Rita Costenaro Parizi. An\u00e1lise do efeito de diferentes l\u00e2minas de irriga\u00e7\u00e3o e doses de Nitrog\u00eanio sobre o tempo de cultivo e produ\u00e7\u00e3o final de Kalanchoe blossfeldiana Poelln.. 2004. Inicia\u00e7\u00e3o Cient\u00edfica. (Graduando em Engenharia Agr\u00edcola) &#8211; Universidade Regional Integrada do Alto Uruguai e das Miss\u00f5es, Universidade Regional Integrada do Alto Uruguai e das Miss\u00f5es. Orientador: Marcia Xavier Peiter.<\/li>\n<li style=\"font-weight: 400\">Taiane Amaral. Desempenho de Kalanchoe blossfeldiana Poelln cultivado sob diferentes \u00e9pocas de transplante em Santiago, RS. 2004. Inicia\u00e7\u00e3o Cient\u00edfica. (Graduando em Engenharia Agr\u00edcola) &#8211; Universidade Regional Integrada do Alto Uruguai e das Miss\u00f5es, Universidade Regional Integrada do Alto Uruguai e das Miss\u00f5es. Orientador: Marcia Xavier Peiter.<\/li>\n<li style=\"font-weight: 400\">Fatima Cibele Soares. Resposta de Kalanchoe blossfeldiana cultivado com diferentes \u00e9pocas de transplante e submetido a diferentes estrat\u00e9gias de irriga\u00e7\u00e3o. 2004. Inicia\u00e7\u00e3o Cient\u00edfica. (Graduando em Engenharia Agr\u00edcola) &#8211; Universidade Regional Integrada do Alto Uruguai e das Miss\u00f5es, Universidade Regional Integrada do Alto Uruguai e das Miss\u00f5es. Orientador: Marcia Xavier Peiter.<\/li>\n<li style=\"font-weight: 400\">Ana Rita Costenaro Parizi. Comportamento e consumo h\u00eddrico da flor da fortuna (Kalanchoe blossfeldiana Poelln.) sob diferentes n\u00edveis de manejo de irriga\u00e7\u00e3o em estufa. 2003. Inicia\u00e7\u00e3o Cient\u00edfica. (Graduando em Engenharia Agr\u00edcola) &#8211; Universidade Regional Integrada do Alto Uruguai e das Miss\u00f5es, Universidade Regional Integrada do Alto Uruguai e das Miss\u00f5es. Orientador: Marcia Xavier Peiter.<\/li>\n<li style=\"font-weight: 400\">Ana Rita Costenaro Parizi. Diagn\u00f3stico e Proposta de Gerenciamento de Res\u00edduos S\u00f3lidos para a Cidade de Santiago, RS. 2002. Inicia\u00e7\u00e3o Cient\u00edfica. (Graduando em Engenharia Agr\u00edcola) &#8211; Universidade Regional Integrada do Alto Uruguai e das Miss\u00f5es, Universidade Regional Integrada do Alto Uruguai e das Miss\u00f5es. Orientador: Marcia Xavier Peiter.<\/li>\n<li style=\"font-weight: 400\">Fabiano Becker Brum. Viabilidade Econ\u00f4mica de Feij\u00e3o Irrigado para a Regi\u00e3o de Santiago, RS. 2002. Inicia\u00e7\u00e3o Cient\u00edfica. (Graduando em Engenharia Agr\u00edcola) &#8211; Universidade Regional Integrada do Alto Uruguai e das Miss\u00f5es, Universidade Regional Integrada do Alto Uruguai e das Miss\u00f5es. Orientador: Marcia Xavier Peiter.<\/li>\n<li style=\"font-weight: 400\">Rog\u00e9rio Mazzardo. Avalia\u00e7\u00e3o do D\u00e9ficit H\u00eddrico e Viabilidade da Irriga\u00e7\u00e3o para Culturas Agr\u00edcolas no Munic\u00edpio de Erechim, RS. 2001. Inicia\u00e7\u00e3o Cient\u00edfica. (Graduando em Engenharia Agr\u00edcola) &#8211; Universidade Regional Integrada do Alto Uruguai e das Miss\u00f5es, Universidade Regional Integrada do Alto Uruguai e das Miss\u00f5es. Orientador: Marcia Xavier Peiter.<\/li>\n<li style=\"font-weight: 400\">Rovian Girelli. An\u00e1lise da Uniformidade Superficial e Sub-superficial de Aspersores em Fun\u00e7\u00e3o da Press\u00e3o de Opera\u00e7\u00e3o e Espa\u00e7amento. 2001. Inicia\u00e7\u00e3o Cient\u00edfica. (Graduando em Engenharia Agr\u00edcola) &#8211; Universidade Regional Integrada do Alto Uruguai e das Miss\u00f5es, Conselho Nacional de Desenvolvimento Cient\u00edfico e Tecnol\u00f3gico. Orientador: Marcia Xavier Peiter.<\/li>\n<li style=\"font-weight: 400\">Ana Carla dos Santos Gomes. Avalia\u00e7\u00e3o do D\u00e9ficit H\u00eddrico e da Necessidade de Irriga\u00e7\u00e3o para Culturas Agr\u00edcolas via An\u00e1lise do Balan\u00e7o H\u00eddrico no Munic\u00edpio de Santiago, RS. 2000. Inicia\u00e7\u00e3o Cient\u00edfica. (Graduando em Engenharia Agr\u00edcola) &#8211; Universidade Regional Integrada do Alto Uruguai e das Miss\u00f5es, Universidade Regional Integrada do Alto Uruguai e das Miss\u00f5es. Orientador: Marcia Xavier Peiter.<\/li>\n<li style=\"font-weight: 400\">Elisiana Alpe. Manejo da Irriga\u00e7\u00e3o da Cultura do Milho para Silagem atrav\u00e9s de Diferentes L\u00e2minas Cr\u00edticas. 2000. Inicia\u00e7\u00e3o Cient\u00edfica. (Graduando em Engenharia Agr\u00edcola) &#8211; Universidade Regional Integrada do Alto Uruguai e das Miss\u00f5es, Universidade Regional Integrada do Alto Uruguai e das Miss\u00f5es. Orientador: Marcia Xavier Peiter.<\/li>\n<\/ol>\n","protected":false},"excerpt":{"rendered":"<p>Henrique Manoel Cegatti. An\u00e1lise do Rendimento de um Sistema Automatizado de Irriga\u00e7\u00e3o para Ambientes Protegidos. 2012. Inicia\u00e7\u00e3o Cient\u00edfica. (Graduando em Engenharia El\u00e9trica) &#8211; Universidade Federal de Santa Maria, Conselho Nacional de Desenvolvimento Cient\u00edfico e Tecnol\u00f3gico. Orientador: Adroaldo Dias Robaina. Henrique Manoel Cegatti. Calibra\u00e7\u00e3o de Sensores de Umidade e Aperfei\u00e7oamento de Controlador de Irriga\u00e7\u00e3o. 2012. Inicia\u00e7\u00e3o [&hellip;]<\/p>\n","protected":false},"author":115,"featured_media":0,"parent":0,"menu_order":0,"comment_status":"closed","ping_status":"closed","template":"","meta":{"footnotes":""},"categories":[],"tags":[],"class_list":["post-63","page","type-page","status-publish","hentry"],"acf":[],"_links":{"self":[{"href":"https:\/\/www.ufsm.br\/laboratorios\/lei\/wp-json\/wp\/v2\/pages\/63","targetHints":{"allow":["GET"]}}],"collection":[{"href":"https:\/\/www.ufsm.br\/laboratorios\/lei\/wp-json\/wp\/v2\/pages"}],"about":[{"href":"https:\/\/www.ufsm.br\/laboratorios\/lei\/wp-json\/wp\/v2\/types\/page"}],"author":[{"embeddable":true,"href":"https:\/\/www.ufsm.br\/laboratorios\/lei\/wp-json\/wp\/v2\/users\/115"}],"replies":[{"embeddable":true,"href":"https:\/\/www.ufsm.br\/laboratorios\/lei\/wp-json\/wp\/v2\/comments?post=63"}],"version-history":[{"count":0,"href":"https:\/\/www.ufsm.br\/laboratorios\/lei\/wp-json\/wp\/v2\/pages\/63\/revisions"}],"wp:attachment":[{"href":"https:\/\/www.ufsm.br\/laboratorios\/lei\/wp-json\/wp\/v2\/media?parent=63"}],"wp:term":[{"taxonomy":"category","embeddable":true,"href":"https:\/\/www.ufsm.br\/laboratorios\/lei\/wp-json\/wp\/v2\/categories?post=63"},{"taxonomy":"post_tag","embeddable":true,"href":"https:\/\/www.ufsm.br\/laboratorios\/lei\/wp-json\/wp\/v2\/tags?post=63"}],"curies":[{"name":"wp","href":"https:\/\/api.w.org\/{rel}","templated":true}]}}