{"id":64,"date":"2019-07-03T12:33:26","date_gmt":"2019-07-03T15:33:26","guid":{"rendered":"https:\/\/www.ufsm.br\/laboratorios\/lei\/?page_id=64"},"modified":"2019-07-03T12:33:27","modified_gmt":"2019-07-03T15:33:27","slug":"servicos-a-comunidade","status":"publish","type":"page","link":"https:\/\/www.ufsm.br\/laboratorios\/lei\/servicos-a-comunidade","title":{"rendered":"Servi\u00e7os \u00e0 Comunidade"},"content":{"rendered":"\n<p class=\"MsoTitle3\" style=\"margin-right: 0pt;margin-top: 0pt;margin-bottom: 0pt;text-align: justify;font-family: 'Trebuchet MS';font-size: 24pt;color: #676a55;font-weight: bold\"><span lang=\"pt-BR\" style=\"font-size: 14pt;color: black;font-weight: normal\">O Laborat\u00f3rio de Engenharia de Irriga\u00e7\u00e3o oferece \u00e0 comunidade assessoria t\u00e9cnica especializada atrav\u00e9s da realiza\u00e7\u00e3o de laudos, per\u00edcias e avalia\u00e7\u00f5es e projetos nas seguintes \u00e1reas:<\/span><\/p>\n<p class=\"MsoTitle3\" style=\"margin-right: 0pt;margin-top: 0pt;margin-bottom: 0pt;text-align: justify;font-family: 'Trebuchet MS';font-size: 24pt;color: #676a55;font-weight: bold\"><span lang=\"pt-BR\" style=\"font-size: 14pt;color: black;font-weight: normal\">\u2022 Irriga\u00e7\u00e3o por aspers\u00e3o (piv\u00f4-central, autopropelido, deslocamento linear, aspers\u00e3o convencional e similares);<\/span><\/p>\n<p class=\"MsoTitle3\" style=\"margin-right: 0pt;margin-top: 0pt;margin-bottom: 0pt;text-align: justify;font-family: 'Trebuchet MS';font-size: 24pt;color: #676a55;font-weight: bold\"><span lang=\"pt-BR\" style=\"font-size: 14pt;color: black;font-weight: normal\">\u2022 Irriga\u00e7\u00e3o localizada (gotejamento e microaspers\u00e3o);<\/span><\/p>\n<p class=\"MsoTitle3\" style=\"margin-right: 0pt;margin-top: 0pt;margin-bottom: 0pt;text-align: justify;font-family: 'Trebuchet MS';font-size: 24pt;color: #676a55;font-weight: bold\"><span lang=\"pt-BR\" style=\"font-size: 14pt;color: black;font-weight: normal\">\u2022 Estruturas hidr\u00e1ulicas (reservat\u00f3rios, canais, redes de transporte de \u00e1gua para o meio rural e esta\u00e7\u00f5es de bombeamento);<\/span><\/p>\n<p class=\"MsoTitle3\" style=\"margin-right: 0pt;margin-top: 0pt;margin-bottom: 0pt;text-align: justify;font-family: 'Trebuchet MS';font-size: 24pt;color: #676a55;font-weight: bold\"><span lang=\"pt-BR\" style=\"font-size: 14pt;color: black;font-weight: normal\">Al\u00e9m de avalia\u00e7\u00f5es e projetos, tamb\u00e9m podem ser feitos licenciamentos para empreendimentos de irriga\u00e7\u00e3o e de estruturas hidr\u00e1ulicas.<\/span><\/p>\n","protected":false},"excerpt":{"rendered":"<p>O Laborat\u00f3rio de Engenharia de Irriga\u00e7\u00e3o oferece \u00e0 comunidade assessoria t\u00e9cnica especializada atrav\u00e9s da realiza\u00e7\u00e3o de laudos, per\u00edcias e avalia\u00e7\u00f5es e projetos nas seguintes \u00e1reas: \u2022 Irriga\u00e7\u00e3o por aspers\u00e3o (piv\u00f4-central, autopropelido, deslocamento linear, aspers\u00e3o convencional e similares); \u2022 Irriga\u00e7\u00e3o localizada (gotejamento e microaspers\u00e3o); \u2022 Estruturas hidr\u00e1ulicas (reservat\u00f3rios, canais, redes de transporte de \u00e1gua para o [&hellip;]<\/p>\n","protected":false},"author":115,"featured_media":0,"parent":0,"menu_order":0,"comment_status":"closed","ping_status":"closed","template":"","meta":{"footnotes":""},"categories":[],"tags":[],"class_list":["post-64","page","type-page","status-publish","hentry"],"acf":[],"_links":{"self":[{"href":"https:\/\/www.ufsm.br\/laboratorios\/lei\/wp-json\/wp\/v2\/pages\/64","targetHints":{"allow":["GET"]}}],"collection":[{"href":"https:\/\/www.ufsm.br\/laboratorios\/lei\/wp-json\/wp\/v2\/pages"}],"about":[{"href":"https:\/\/www.ufsm.br\/laboratorios\/lei\/wp-json\/wp\/v2\/types\/page"}],"author":[{"embeddable":true,"href":"https:\/\/www.ufsm.br\/laboratorios\/lei\/wp-json\/wp\/v2\/users\/115"}],"replies":[{"embeddable":true,"href":"https:\/\/www.ufsm.br\/laboratorios\/lei\/wp-json\/wp\/v2\/comments?post=64"}],"version-history":[{"count":0,"href":"https:\/\/www.ufsm.br\/laboratorios\/lei\/wp-json\/wp\/v2\/pages\/64\/revisions"}],"wp:attachment":[{"href":"https:\/\/www.ufsm.br\/laboratorios\/lei\/wp-json\/wp\/v2\/media?parent=64"}],"wp:term":[{"taxonomy":"category","embeddable":true,"href":"https:\/\/www.ufsm.br\/laboratorios\/lei\/wp-json\/wp\/v2\/categories?post=64"},{"taxonomy":"post_tag","embeddable":true,"href":"https:\/\/www.ufsm.br\/laboratorios\/lei\/wp-json\/wp\/v2\/tags?post=64"}],"curies":[{"name":"wp","href":"https:\/\/api.w.org\/{rel}","templated":true}]}}