{"id":68,"date":"2019-07-03T12:35:34","date_gmt":"2019-07-03T15:35:34","guid":{"rendered":"https:\/\/www.ufsm.br\/laboratorios\/lei\/?page_id=68"},"modified":"2019-07-03T12:35:36","modified_gmt":"2019-07-03T15:35:36","slug":"links-relacionados-a-recursos-hidricos-e-irrigacao","status":"publish","type":"page","link":"https:\/\/www.ufsm.br\/laboratorios\/lei\/links-relacionados-a-recursos-hidricos-e-irrigacao","title":{"rendered":"Links Relacionados a Recursos H\u00eddricos e Irriga\u00e7\u00e3o"},"content":{"rendered":"\n<p class=\"MsoTitle3\" style=\"margin-right: 0pt;margin-top: 0pt;margin-bottom: 0pt;text-align: justify;font-family: 'Trebuchet MS';font-size: 24pt;color: #676a55;font-weight: bold;line-height: 48px\"><a href=\"http:\/\/w3.ufsm.br\/ppgea\"><span lang=\"pt-BR\" style=\"font-size: 14pt;line-height: 28px;font-weight: normal\">Programa de P\u00f3s-Gradua\u00e7\u00e3o em Engenharia Agr\u00edcola &#8211; UFSM<\/span><\/a><\/p>\n<p class=\"MsoTitle3\" style=\"margin-right: 0pt;margin-top: 0pt;margin-bottom: 0pt;text-align: justify;font-family: 'Trebuchet MS';font-size: 24pt;color: #676a55;font-weight: bold;line-height: 48px\"><a href=\"http:\/\/www.abid.org.br\/\"><span lang=\"pt-BR\" style=\"font-size: 14pt;line-height: 28px;font-weight: normal\">Associa\u00e7\u00e3o Brasileira de Irriga\u00e7\u00e3o e Drenagem<\/span><\/a><\/p>\n<p class=\"MsoTitle3\" style=\"margin-right: 0pt;margin-top: 0pt;margin-bottom: 0pt;text-align: justify;font-family: 'Trebuchet MS';font-size: 24pt;color: #676a55;font-weight: bold;line-height: 48px\"><a href=\"http:\/\/www.irrigation.org\/\"><span lang=\"pt-BR\" style=\"font-size: 14pt;line-height: 28px;font-weight: normal\">Associa\u00e7\u00e3o Americana de Irriga\u00e7\u00e3o<\/span><\/a><\/p>\n<p class=\"MsoTitle3\" style=\"margin-right: 0pt;margin-top: 0pt;margin-bottom: 0pt;text-align: justify;font-family: 'Trebuchet MS';font-size: 24pt;color: #676a55;font-weight: bold;line-height: 48px\"><a href=\"http:\/\/www.asae.org\/\"><span lang=\"pt-BR\" style=\"font-size: 14pt;line-height: 28px;font-weight: normal\">Associa\u00e7\u00e3o Americana de Engenharia Agr\u00edcola, de Alimentos e Sistemas Biol\u00f3gicos<\/span><\/a><\/p>\n<p class=\"MsoTitle3\" style=\"margin-right: 0pt;margin-top: 0pt;margin-bottom: 0pt;text-align: justify;font-family: 'Trebuchet MS';font-size: 24pt;color: #676a55;font-weight: bold;line-height: 48px\"><a href=\"http:\/\/www.abrh.org.br\/\"><span lang=\"pt-BR\" style=\"font-size: 14pt;line-height: 28px;font-weight: normal\">Associa\u00e7\u00e3o Brasileira de Recursos H\u00eddricos<\/span><\/a><\/p>\n<p class=\"MsoTitle3\" style=\"margin-right: 0pt;margin-top: 0pt;margin-bottom: 0pt;text-align: justify;font-family: 'Trebuchet MS';font-size: 24pt;color: #676a55;font-weight: bold;line-height: 48px\"><a href=\"http:\/\/www.sbea.org.br\/\"><span lang=\"pt-BR\" style=\"font-size: 14pt;line-height: 28px;font-weight: normal\">Sociedade Brasileira de Engenharia Agr\u00edcola<\/span><\/a><\/p>\n<p class=\"MsoTitle3\" style=\"margin-right: 0pt;margin-top: 0pt;margin-bottom: 0pt;text-align: justify;font-family: 'Trebuchet MS';font-size: 24pt;color: #676a55;font-weight: bold;line-height: 48px\"><a href=\"http:\/\/www.abes-dn.org.br\/\"><span lang=\"pt-BR\" style=\"font-size: 14pt;line-height: 28px;font-weight: normal\">Associa\u00e7\u00e3o Brasileira de Engenharia Sanit\u00e1ria e Ambiental<\/span><\/a><\/p>\n<p class=\"MsoTitle3\" style=\"margin-right: 0pt;margin-top: 0pt;margin-bottom: 0pt;text-align: justify;font-family: 'Trebuchet MS';font-size: 24pt;color: #676a55;font-weight: bold;line-height: 48px\"><a href=\"http:\/\/www.crea-rs.org.br\/\"><span lang=\"pt-BR\" style=\"font-size: 14pt;line-height: 28px;font-weight: normal\">Conselho Regional de Engenharia, Arquitetura e Agronomia<\/span><\/a><\/p>\n<p class=\"MsoTitle3\" style=\"margin-right: 0pt;margin-top: 0pt;margin-bottom: 0pt;text-align: justify;font-family: 'Trebuchet MS';font-size: 24pt;color: #676a55;font-weight: bold;line-height: 48px\"><a href=\"http:\/\/www.sbagro.org.br\/\"><span lang=\"pt-BR\" style=\"font-size: 14pt;line-height: 28px;font-weight: normal\">Sociedade Brasileira de Agrometeorologia<\/span><\/a><\/p>\n<p class=\"MsoTitle3\" style=\"margin-right: 0pt;margin-top: 0pt;margin-bottom: 0pt;text-align: justify;font-family: 'Trebuchet MS';font-size: 24pt;color: #676a55;font-weight: bold;line-height: 48px\"><a href=\"http:\/\/www.ukia.org\/\"><span lang=\"pt-BR\" style=\"font-size: 14pt;line-height: 28px;font-weight: normal\">Associa\u00e7\u00e3o de Irriga\u00e7\u00e3o do Reino Unido<\/span><\/a><\/p>\n","protected":false},"excerpt":{"rendered":"<p>Programa de P\u00f3s-Gradua\u00e7\u00e3o em Engenharia Agr\u00edcola &#8211; UFSM Associa\u00e7\u00e3o Brasileira de Irriga\u00e7\u00e3o e Drenagem Associa\u00e7\u00e3o Americana de Irriga\u00e7\u00e3o Associa\u00e7\u00e3o Americana de Engenharia Agr\u00edcola, de Alimentos e Sistemas Biol\u00f3gicos Associa\u00e7\u00e3o Brasileira de Recursos H\u00eddricos Sociedade Brasileira de Engenharia Agr\u00edcola Associa\u00e7\u00e3o Brasileira de Engenharia Sanit\u00e1ria e Ambiental Conselho Regional de Engenharia, Arquitetura e Agronomia Sociedade Brasileira de [&hellip;]<\/p>\n","protected":false},"author":115,"featured_media":0,"parent":0,"menu_order":0,"comment_status":"closed","ping_status":"closed","template":"","meta":{"footnotes":""},"categories":[],"tags":[],"class_list":["post-68","page","type-page","status-publish","hentry"],"acf":[],"_links":{"self":[{"href":"https:\/\/www.ufsm.br\/laboratorios\/lei\/wp-json\/wp\/v2\/pages\/68","targetHints":{"allow":["GET"]}}],"collection":[{"href":"https:\/\/www.ufsm.br\/laboratorios\/lei\/wp-json\/wp\/v2\/pages"}],"about":[{"href":"https:\/\/www.ufsm.br\/laboratorios\/lei\/wp-json\/wp\/v2\/types\/page"}],"author":[{"embeddable":true,"href":"https:\/\/www.ufsm.br\/laboratorios\/lei\/wp-json\/wp\/v2\/users\/115"}],"replies":[{"embeddable":true,"href":"https:\/\/www.ufsm.br\/laboratorios\/lei\/wp-json\/wp\/v2\/comments?post=68"}],"version-history":[{"count":0,"href":"https:\/\/www.ufsm.br\/laboratorios\/lei\/wp-json\/wp\/v2\/pages\/68\/revisions"}],"wp:attachment":[{"href":"https:\/\/www.ufsm.br\/laboratorios\/lei\/wp-json\/wp\/v2\/media?parent=68"}],"wp:term":[{"taxonomy":"category","embeddable":true,"href":"https:\/\/www.ufsm.br\/laboratorios\/lei\/wp-json\/wp\/v2\/categories?post=68"},{"taxonomy":"post_tag","embeddable":true,"href":"https:\/\/www.ufsm.br\/laboratorios\/lei\/wp-json\/wp\/v2\/tags?post=68"}],"curies":[{"name":"wp","href":"https:\/\/api.w.org\/{rel}","templated":true}]}}