{"id":69,"date":"2019-07-03T12:51:09","date_gmt":"2019-07-03T15:51:09","guid":{"rendered":"https:\/\/www.ufsm.br\/laboratorios\/lei\/?page_id=69"},"modified":"2019-07-03T12:51:11","modified_gmt":"2019-07-03T15:51:11","slug":"downloads","status":"publish","type":"page","link":"https:\/\/www.ufsm.br\/laboratorios\/lei\/downloads","title":{"rendered":"Downloads"},"content":{"rendered":"\n<p><a href=\"https:\/\/www.ufsm.br\/laboratorios\/lei\/wp-content\/uploads\/sites\/693\/2019\/07\/ana-rita.pdf\">Cisternas para capta\u00e7\u00e3o de \u00e1guas para irriga\u00e7\u00e3o<\/a><\/p>\n<p><a href=\"https:\/\/www.ufsm.br\/laboratorios\/lei\/wp-content\/uploads\/sites\/693\/2019\/07\/Folder-Keko.pdf\">M\u00e9todos de irriga\u00e7\u00e3o localizada para pequena propriedade<\/a><\/p>\n<p><a href=\"https:\/\/www.ufsm.br\/laboratorios\/lei\/wp-content\/uploads\/sites\/693\/2019\/07\/Ricardo.pdf\">Irriga\u00e7\u00e3o: Formas de manejo<\/a><\/p>\n<p><a href=\"https:\/\/www.ufsm.br\/laboratorios\/lei\/wp-content\/uploads\/sites\/693\/2019\/07\/andrecopettifinal.pdf\">Tratamento de esgoto dom\u00e9stico para agricultura familiar<\/a><\/p>\n<p><a href=\"https:\/\/www.ufsm.br\/laboratorios\/lei\/wp-content\/uploads\/sites\/693\/2019\/07\/Poster-Alexandro.pdf\">Cultura de alface irrigada em t\u00fanel baixo<\/a><\/p>\n<p><a href=\"https:\/\/www.ufsm.br\/laboratorios\/lei\/wp-content\/uploads\/sites\/693\/2019\/07\/Pellegrini-11_12_07.pdf\">Qualidade de \u00e1gua de nascentes no meio rural<\/a><\/p>\n<p><a href=\"https:\/\/www.ufsm.br\/laboratorios\/lei\/wp-content\/uploads\/sites\/693\/2019\/07\/paulo-11_12_07-1.pdf\"><span lang=\"pt-BR\" style=\"font-size: 14pt;line-height: 28px;font-weight: normal\">R<\/span><span lang=\"pt-BR\" style=\"font-size: 14pt;line-height: 28px;font-weight: normal\">edu\u00e7\u00e3o do custo de energia el\u00e9trica na ilumina\u00e7\u00e3o no meio rural<\/span><\/a><\/p>\n<p><a href=\"https:\/\/www.ufsm.br\/laboratorios\/lei\/wp-content\/uploads\/sites\/693\/2019\/07\/marcela.pdf\"><span lang=\"pt-BR\" style=\"font-size: 14pt;line-height: 28px;font-weight: normal\">Procedimentos para pedido de outorga de uso da \u00e1gua para irriga\u00e7\u00e3o<\/span><\/a><\/p>\n<p><a href=\"https:\/\/www.ufsm.br\/laboratorios\/lei\/wp-content\/uploads\/sites\/693\/2019\/07\/folder_final_ADRIANA.pdf\"><span lang=\"pt-BR\" style=\"font-size: 14pt;line-height: 28px;font-weight: normal\">\u00c1reas de preserva\u00e7\u00e3o permanente segundo a legisla\u00e7\u00e3o ambiental<\/span><\/a><\/p>\n<p><a href=\"https:\/\/www.ufsm.br\/laboratorios\/lei\/wp-content\/uploads\/sites\/693\/2019\/07\/FOLDER-Karine.pdf\"><span lang=\"pt-BR\" style=\"font-size: 14pt;line-height: 28px;font-weight: normal\">Fatores a serem considerados para irriga\u00e7\u00e3o em pastagens<\/span><\/a><\/p>\n<p><a href=\"https:\/\/www.ufsm.br\/laboratorios\/lei\/wp-content\/uploads\/sites\/693\/2019\/07\/Folder_Luis.pdf\"><span lang=\"pt-BR\" style=\"font-size: 14pt;line-height: 28px;font-weight: normal\">Georreferenciamento de im\u00f3veis rurais &#8211; Luis<\/span><\/a><\/p>\n<p><a href=\"https:\/\/www.ufsm.br\/laboratorios\/lei\/wp-content\/uploads\/sites\/693\/2019\/07\/Folder-Fabiano.pdf\"><span lang=\"pt-BR\" style=\"font-size: 14pt;line-height: 28px;font-weight: normal\">Georreferenciamento de im\u00f3veis rurais &#8211; Fabiano<\/span><\/a><\/p>\n<p><a href=\"https:\/\/www.ufsm.br\/laboratorios\/lei\/wp-content\/uploads\/sites\/693\/2019\/07\/Henrique-Corel2.pdf\"><span lang=\"pt-BR\" style=\"font-size: 14pt;line-height: 28px;font-weight: normal\">Nucleo de estudos na agricultura familiar<\/span><\/a><\/p>\n","protected":false},"excerpt":{"rendered":"<p>Cisternas para capta\u00e7\u00e3o de \u00e1guas para irriga\u00e7\u00e3o M\u00e9todos de irriga\u00e7\u00e3o localizada para pequena propriedade Irriga\u00e7\u00e3o: Formas de manejo Tratamento de esgoto dom\u00e9stico para agricultura familiar Cultura de alface irrigada em t\u00fanel baixo Qualidade de \u00e1gua de nascentes no meio rural Redu\u00e7\u00e3o do custo de energia el\u00e9trica na ilumina\u00e7\u00e3o no meio rural Procedimentos para pedido de [&hellip;]<\/p>\n","protected":false},"author":115,"featured_media":0,"parent":0,"menu_order":0,"comment_status":"closed","ping_status":"closed","template":"","meta":{"footnotes":""},"categories":[],"tags":[],"class_list":["post-69","page","type-page","status-publish","hentry"],"acf":[],"_links":{"self":[{"href":"https:\/\/www.ufsm.br\/laboratorios\/lei\/wp-json\/wp\/v2\/pages\/69","targetHints":{"allow":["GET"]}}],"collection":[{"href":"https:\/\/www.ufsm.br\/laboratorios\/lei\/wp-json\/wp\/v2\/pages"}],"about":[{"href":"https:\/\/www.ufsm.br\/laboratorios\/lei\/wp-json\/wp\/v2\/types\/page"}],"author":[{"embeddable":true,"href":"https:\/\/www.ufsm.br\/laboratorios\/lei\/wp-json\/wp\/v2\/users\/115"}],"replies":[{"embeddable":true,"href":"https:\/\/www.ufsm.br\/laboratorios\/lei\/wp-json\/wp\/v2\/comments?post=69"}],"version-history":[{"count":0,"href":"https:\/\/www.ufsm.br\/laboratorios\/lei\/wp-json\/wp\/v2\/pages\/69\/revisions"}],"wp:attachment":[{"href":"https:\/\/www.ufsm.br\/laboratorios\/lei\/wp-json\/wp\/v2\/media?parent=69"}],"wp:term":[{"taxonomy":"category","embeddable":true,"href":"https:\/\/www.ufsm.br\/laboratorios\/lei\/wp-json\/wp\/v2\/categories?post=69"},{"taxonomy":"post_tag","embeddable":true,"href":"https:\/\/www.ufsm.br\/laboratorios\/lei\/wp-json\/wp\/v2\/tags?post=69"}],"curies":[{"name":"wp","href":"https:\/\/api.w.org\/{rel}","templated":true}]}}