{"id":299,"date":"2022-10-06T13:01:19","date_gmt":"2022-10-06T16:01:19","guid":{"rendered":"https:\/\/www.ufsm.br\/laboratorios\/lem\/?page_id=299"},"modified":"2022-10-18T16:52:54","modified_gmt":"2022-10-18T19:52:54","slug":"programa-lem-tocar-e-cantar-2","status":"publish","type":"page","link":"https:\/\/www.ufsm.br\/laboratorios\/lem\/programa-lem-tocar-e-cantar-2","title":{"rendered":"PROGRAMA LEM &#8211; Tocar e Cantar"},"content":{"rendered":"\t\t<div data-elementor-type=\"wp-page\" data-elementor-id=\"299\" class=\"elementor elementor-299\">\n\t\t\t\t\t\t<section class=\"elementor-section elementor-top-section elementor-element elementor-element-12b24d7 elementor-section-boxed elementor-section-height-default elementor-section-height-default\" data-id=\"12b24d7\" data-element_type=\"section\">\n\t\t\t\t\t\t<div class=\"elementor-container elementor-column-gap-default\">\n\t\t\t\t\t<div class=\"elementor-column elementor-col-100 elementor-top-column elementor-element elementor-element-4e55fa4\" data-id=\"4e55fa4\" data-element_type=\"column\">\n\t\t\t<div class=\"elementor-widget-wrap elementor-element-populated\">\n\t\t\t\t\t\t<div class=\"elementor-element elementor-element-13b3204 elementor-widget elementor-widget-text-editor\" data-id=\"13b3204\" data-element_type=\"widget\" data-widget_type=\"text-editor.default\">\n\t\t\t\t<div class=\"elementor-widget-container\">\n\t\t\t\t\t\t\t<p><strong>PROGRAMA DE EDUCA\u00c7\u00c3O MUSICAL do LEM: tocar, cantar e formar<\/strong><\/p><p><strong>Coordena\u00e7\u00e3o: Profa. Dra. Claudia Ribeiro Bellochio<\/strong><\/p><p><strong>Colabora\u00e7\u00e3o: Profa. Dra. Luciane Wilke Freitas Garbosa<\/strong><\/p><p>O <strong>PROGRAMA LEM &#8211; Tocar, Cantar e Formar<\/strong> \u00e9 uma das a\u00e7\u00f5es do Laborat\u00f3rio de Educa\u00e7\u00e3o Musical &#8211; LEM\/CE\/UFSM que t\u00eam sido desenvolvidas pela e para a forma\u00e7\u00e3o potencial de pr\u00e1ticas musicais e pedag\u00f3gico-musicais de professores e licenciandos. Tem como objetivo o desenvolvimento de a\u00e7\u00f5es formativas em m\u00fasica e educa\u00e7\u00e3o musical, atrav\u00e9s de oficinas e cursos, que passam pelo aprendizado de m\u00fasica, a\u00e7\u00f5es formativas e debates acerca da educa\u00e7\u00e3o musical. Tamb\u00e9m se preocupa com a forma\u00e7\u00e3o atrav\u00e9s de cursos, palestras e discuss\u00f5es com professores que tem doc\u00eancia com m\u00fasica, sejam licenciados na \u00e1rea ou n\u00e3o. \u00c9 um trabalho desenvolvido de forma compartilhada entre estudantes de gradua\u00e7\u00e3o, com destaque aos licenciandos em m\u00fasica e Pedagogia, mestrandos e doutorandos em Educa\u00e7\u00e3o (LP4 &#8211; Educa\u00e7\u00e3o Musical) e a comunidade de Santa Maria.<\/p>\t\t\t\t\t\t<\/div>\n\t\t\t\t<\/div>\n\t\t\t\t\t<\/div>\n\t\t<\/div>\n\t\t\t\t\t<\/div>\n\t\t<\/section>\n\t\t\t\t<section class=\"elementor-section elementor-top-section elementor-element elementor-element-9666455 elementor-section-boxed elementor-section-height-default elementor-section-height-default\" data-id=\"9666455\" data-element_type=\"section\">\n\t\t\t\t\t\t<div class=\"elementor-container elementor-column-gap-default\">\n\t\t\t\t\t<div class=\"elementor-column elementor-col-25 elementor-top-column elementor-element elementor-element-cdcb88e\" data-id=\"cdcb88e\" data-element_type=\"column\">\n\t\t\t<div class=\"elementor-widget-wrap elementor-element-populated\">\n\t\t\t\t\t\t<div class=\"elementor-element elementor-element-6f8fefb elementor-widget elementor-widget-image\" data-id=\"6f8fefb\" data-element_type=\"widget\" data-widget_type=\"image.default\">\n\t\t\t\t<div class=\"elementor-widget-container\">\n\t\t\t\t\t\t\t\t\t\t\t\t\t\t<a href=\"https:\/\/www.ufsm.br\/app\/uploads\/sites\/695\/2022\/10\/Imagem23.jpg\" data-elementor-open-lightbox=\"yes\" data-elementor-lightbox-title=\"Imagem23\" data-e-action-hash=\"#elementor-action%3Aaction%3Dlightbox%26settings%3DeyJpZCI6IjMwMiIsInVybCI6Imh0dHBzOlwvXC93d3cudWZzbS5iclwvYXBwXC91cGxvYWRzXC9zaXRlc1wvNjk1XC8yMDIyXC8xMFwvSW1hZ2VtMjMuanBnIn0%3D\">\n\t\t\t\t\t\t\t<img fetchpriority=\"high\" decoding=\"async\" width=\"347\" height=\"260\" src=\"https:\/\/www.ufsm.br\/app\/uploads\/sites\/695\/2022\/10\/Imagem23.jpg\" class=\"attachment-large size-large wp-image-302\" alt=\"\" srcset=\"https:\/\/www.ufsm.br\/app\/uploads\/sites\/695\/2022\/10\/Imagem23.jpg 347w, https:\/\/www.ufsm.br\/app\/uploads\/sites\/695\/2022\/10\/Imagem23-300x225.jpg 300w\" sizes=\"(max-width: 347px) 100vw, 347px\" \/>\t\t\t\t\t\t\t\t<\/a>\n\t\t\t\t\t\t\t\t\t\t\t\t\t<\/div>\n\t\t\t\t<\/div>\n\t\t\t\t\t<\/div>\n\t\t<\/div>\n\t\t\t\t<div class=\"elementor-column elementor-col-25 elementor-top-column elementor-element elementor-element-ccd4975\" data-id=\"ccd4975\" data-element_type=\"column\">\n\t\t\t<div class=\"elementor-widget-wrap elementor-element-populated\">\n\t\t\t\t\t\t<div class=\"elementor-element elementor-element-b07f919 elementor-widget elementor-widget-image\" data-id=\"b07f919\" data-element_type=\"widget\" data-widget_type=\"image.default\">\n\t\t\t\t<div class=\"elementor-widget-container\">\n\t\t\t\t\t\t\t\t\t\t\t\t\t\t<a href=\"https:\/\/www.ufsm.br\/app\/uploads\/sites\/695\/2022\/10\/Imagem26.jpg\" data-elementor-open-lightbox=\"yes\" data-elementor-lightbox-title=\"Imagem26\" data-e-action-hash=\"#elementor-action%3Aaction%3Dlightbox%26settings%3DeyJpZCI6IjMwMCIsInVybCI6Imh0dHBzOlwvXC93d3cudWZzbS5iclwvYXBwXC91cGxvYWRzXC9zaXRlc1wvNjk1XC8yMDIyXC8xMFwvSW1hZ2VtMjYuanBnIn0%3D\">\n\t\t\t\t\t\t\t<img decoding=\"async\" width=\"333\" height=\"250\" src=\"https:\/\/www.ufsm.br\/app\/uploads\/sites\/695\/2022\/10\/Imagem26.jpg\" class=\"attachment-large size-large wp-image-300\" alt=\"\" srcset=\"https:\/\/www.ufsm.br\/app\/uploads\/sites\/695\/2022\/10\/Imagem26.jpg 333w, https:\/\/www.ufsm.br\/app\/uploads\/sites\/695\/2022\/10\/Imagem26-300x225.jpg 300w\" sizes=\"(max-width: 333px) 100vw, 333px\" \/>\t\t\t\t\t\t\t\t<\/a>\n\t\t\t\t\t\t\t\t\t\t\t\t\t<\/div>\n\t\t\t\t<\/div>\n\t\t\t\t\t<\/div>\n\t\t<\/div>\n\t\t\t\t<div class=\"elementor-column elementor-col-25 elementor-top-column elementor-element elementor-element-a496ba8\" data-id=\"a496ba8\" data-element_type=\"column\">\n\t\t\t<div class=\"elementor-widget-wrap elementor-element-populated\">\n\t\t\t\t\t\t<div class=\"elementor-element elementor-element-94ec1b6 elementor-widget elementor-widget-image\" data-id=\"94ec1b6\" data-element_type=\"widget\" data-widget_type=\"image.default\">\n\t\t\t\t<div class=\"elementor-widget-container\">\n\t\t\t\t\t\t\t\t\t\t\t\t\t\t<a href=\"https:\/\/www.ufsm.br\/app\/uploads\/sites\/695\/2022\/10\/Imagem24.jpg\" data-elementor-open-lightbox=\"yes\" data-elementor-lightbox-title=\"Imagem24\" data-e-action-hash=\"#elementor-action%3Aaction%3Dlightbox%26settings%3DeyJpZCI6IjMwMyIsInVybCI6Imh0dHBzOlwvXC93d3cudWZzbS5iclwvYXBwXC91cGxvYWRzXC9zaXRlc1wvNjk1XC8yMDIyXC8xMFwvSW1hZ2VtMjQuanBnIn0%3D\">\n\t\t\t\t\t\t\t<img decoding=\"async\" width=\"345\" height=\"259\" src=\"https:\/\/www.ufsm.br\/app\/uploads\/sites\/695\/2022\/10\/Imagem24.jpg\" class=\"attachment-large size-large wp-image-303\" alt=\"\" srcset=\"https:\/\/www.ufsm.br\/app\/uploads\/sites\/695\/2022\/10\/Imagem24.jpg 345w, https:\/\/www.ufsm.br\/app\/uploads\/sites\/695\/2022\/10\/Imagem24-300x225.jpg 300w\" sizes=\"(max-width: 345px) 100vw, 345px\" \/>\t\t\t\t\t\t\t\t<\/a>\n\t\t\t\t\t\t\t\t\t\t\t\t\t<\/div>\n\t\t\t\t<\/div>\n\t\t\t\t\t<\/div>\n\t\t<\/div>\n\t\t\t\t<div class=\"elementor-column elementor-col-25 elementor-top-column elementor-element elementor-element-9daf8d6\" data-id=\"9daf8d6\" data-element_type=\"column\">\n\t\t\t<div class=\"elementor-widget-wrap elementor-element-populated\">\n\t\t\t\t\t\t<div class=\"elementor-element elementor-element-fc90569 elementor-widget elementor-widget-image\" data-id=\"fc90569\" data-element_type=\"widget\" data-widget_type=\"image.default\">\n\t\t\t\t<div class=\"elementor-widget-container\">\n\t\t\t\t\t\t\t\t\t\t\t\t\t\t<a href=\"https:\/\/www.ufsm.br\/app\/uploads\/sites\/695\/2022\/10\/Imagem25.jpg\" data-elementor-open-lightbox=\"yes\" data-elementor-lightbox-title=\"Imagem25\" data-e-action-hash=\"#elementor-action%3Aaction%3Dlightbox%26settings%3DeyJpZCI6IjMwNCIsInVybCI6Imh0dHBzOlwvXC93d3cudWZzbS5iclwvYXBwXC91cGxvYWRzXC9zaXRlc1wvNjk1XC8yMDIyXC8xMFwvSW1hZ2VtMjUuanBnIn0%3D\">\n\t\t\t\t\t\t\t<img loading=\"lazy\" decoding=\"async\" width=\"344\" height=\"258\" src=\"https:\/\/www.ufsm.br\/app\/uploads\/sites\/695\/2022\/10\/Imagem25.jpg\" class=\"attachment-large size-large wp-image-304\" alt=\"\" srcset=\"https:\/\/www.ufsm.br\/app\/uploads\/sites\/695\/2022\/10\/Imagem25.jpg 344w, https:\/\/www.ufsm.br\/app\/uploads\/sites\/695\/2022\/10\/Imagem25-300x225.jpg 300w\" sizes=\"(max-width: 344px) 100vw, 344px\" \/>\t\t\t\t\t\t\t\t<\/a>\n\t\t\t\t\t\t\t\t\t\t\t\t\t<\/div>\n\t\t\t\t<\/div>\n\t\t\t\t\t<\/div>\n\t\t<\/div>\n\t\t\t\t\t<\/div>\n\t\t<\/section>\n\t\t\t\t<section class=\"elementor-section elementor-top-section elementor-element elementor-element-30d29da elementor-section-boxed elementor-section-height-default elementor-section-height-default\" data-id=\"30d29da\" data-element_type=\"section\">\n\t\t\t\t\t\t<div class=\"elementor-container elementor-column-gap-default\">\n\t\t\t\t\t<div class=\"elementor-column elementor-col-50 elementor-top-column elementor-element elementor-element-c2d1da1\" data-id=\"c2d1da1\" data-element_type=\"column\">\n\t\t\t<div class=\"elementor-widget-wrap elementor-element-populated\">\n\t\t\t\t\t\t<div class=\"elementor-element elementor-element-bbe8ac9 elementor-widget elementor-widget-image\" data-id=\"bbe8ac9\" data-element_type=\"widget\" data-widget_type=\"image.default\">\n\t\t\t\t<div class=\"elementor-widget-container\">\n\t\t\t\t\t\t\t\t\t\t\t\t\t\t<a href=\"https:\/\/www.ufsm.br\/app\/uploads\/sites\/695\/2022\/10\/grupo-vocal-CE-Canta-Jessica.jpg\" data-elementor-open-lightbox=\"yes\" data-elementor-lightbox-title=\"grupo vocal CE Canta J\u00e9ssica\" data-e-action-hash=\"#elementor-action%3Aaction%3Dlightbox%26settings%3DeyJpZCI6IjM0OSIsInVybCI6Imh0dHBzOlwvXC93d3cudWZzbS5iclwvYXBwXC91cGxvYWRzXC9zaXRlc1wvNjk1XC8yMDIyXC8xMFwvZ3J1cG8tdm9jYWwtQ0UtQ2FudGEtSmVzc2ljYS5qcGcifQ%3D%3D\">\n\t\t\t\t\t\t\t<img loading=\"lazy\" decoding=\"async\" width=\"1024\" height=\"768\" src=\"https:\/\/www.ufsm.br\/app\/uploads\/sites\/695\/2022\/10\/grupo-vocal-CE-Canta-Jessica-1024x768.jpg\" class=\"attachment-large size-large wp-image-349\" alt=\"\" srcset=\"https:\/\/www.ufsm.br\/app\/uploads\/sites\/695\/2022\/10\/grupo-vocal-CE-Canta-Jessica-1024x768.jpg 1024w, https:\/\/www.ufsm.br\/app\/uploads\/sites\/695\/2022\/10\/grupo-vocal-CE-Canta-Jessica-300x225.jpg 300w, https:\/\/www.ufsm.br\/app\/uploads\/sites\/695\/2022\/10\/grupo-vocal-CE-Canta-Jessica-768x576.jpg 768w, https:\/\/www.ufsm.br\/app\/uploads\/sites\/695\/2022\/10\/grupo-vocal-CE-Canta-Jessica-1536x1152.jpg 1536w, https:\/\/www.ufsm.br\/app\/uploads\/sites\/695\/2022\/10\/grupo-vocal-CE-Canta-Jessica.jpg 1600w\" sizes=\"(max-width: 1024px) 100vw, 1024px\" \/>\t\t\t\t\t\t\t\t<\/a>\n\t\t\t\t\t\t\t\t\t\t\t\t\t<\/div>\n\t\t\t\t<\/div>\n\t\t\t\t\t<\/div>\n\t\t<\/div>\n\t\t\t\t<div class=\"elementor-column elementor-col-50 elementor-top-column elementor-element elementor-element-42a3067\" data-id=\"42a3067\" data-element_type=\"column\">\n\t\t\t<div class=\"elementor-widget-wrap elementor-element-populated\">\n\t\t\t\t\t\t<div class=\"elementor-element elementor-element-a8f4bca elementor-widget elementor-widget-image\" data-id=\"a8f4bca\" data-element_type=\"widget\" data-widget_type=\"image.default\">\n\t\t\t\t<div class=\"elementor-widget-container\">\n\t\t\t\t\t\t\t\t\t\t\t\t\t\t<a href=\"https:\/\/www.ufsm.br\/app\/uploads\/sites\/695\/2022\/10\/grupo-flautas-vanessa.jpg\" data-elementor-open-lightbox=\"yes\" data-elementor-lightbox-title=\"grupo flautas vanessa\" data-e-action-hash=\"#elementor-action%3Aaction%3Dlightbox%26settings%3DeyJpZCI6IjM1MSIsInVybCI6Imh0dHBzOlwvXC93d3cudWZzbS5iclwvYXBwXC91cGxvYWRzXC9zaXRlc1wvNjk1XC8yMDIyXC8xMFwvZ3J1cG8tZmxhdXRhcy12YW5lc3NhLmpwZyJ9\">\n\t\t\t\t\t\t\t<img loading=\"lazy\" decoding=\"async\" width=\"1024\" height=\"768\" src=\"https:\/\/www.ufsm.br\/app\/uploads\/sites\/695\/2022\/10\/grupo-flautas-vanessa-1024x768.jpg\" class=\"attachment-large size-large wp-image-351\" alt=\"\" srcset=\"https:\/\/www.ufsm.br\/app\/uploads\/sites\/695\/2022\/10\/grupo-flautas-vanessa-1024x768.jpg 1024w, https:\/\/www.ufsm.br\/app\/uploads\/sites\/695\/2022\/10\/grupo-flautas-vanessa-300x225.jpg 300w, https:\/\/www.ufsm.br\/app\/uploads\/sites\/695\/2022\/10\/grupo-flautas-vanessa-768x576.jpg 768w, https:\/\/www.ufsm.br\/app\/uploads\/sites\/695\/2022\/10\/grupo-flautas-vanessa-1536x1152.jpg 1536w, https:\/\/www.ufsm.br\/app\/uploads\/sites\/695\/2022\/10\/grupo-flautas-vanessa.jpg 1600w\" sizes=\"(max-width: 1024px) 100vw, 1024px\" \/>\t\t\t\t\t\t\t\t<\/a>\n\t\t\t\t\t\t\t\t\t\t\t\t\t<\/div>\n\t\t\t\t<\/div>\n\t\t\t\t\t<\/div>\n\t\t<\/div>\n\t\t\t\t\t<\/div>\n\t\t<\/section>\n\t\t\t\t<section class=\"elementor-section elementor-top-section elementor-element elementor-element-f54abda elementor-section-boxed elementor-section-height-default elementor-section-height-default\" data-id=\"f54abda\" data-element_type=\"section\">\n\t\t\t\t\t\t<div class=\"elementor-container elementor-column-gap-default\">\n\t\t\t\t\t<div class=\"elementor-column elementor-col-50 elementor-top-column elementor-element elementor-element-c84f19e\" data-id=\"c84f19e\" data-element_type=\"column\">\n\t\t\t<div class=\"elementor-widget-wrap elementor-element-populated\">\n\t\t\t\t\t\t<div class=\"elementor-element elementor-element-4cb7dae elementor-widget elementor-widget-image\" data-id=\"4cb7dae\" data-element_type=\"widget\" data-widget_type=\"image.default\">\n\t\t\t\t<div class=\"elementor-widget-container\">\n\t\t\t\t\t\t\t\t\t\t\t\t\t\t<a href=\"https:\/\/www.ufsm.br\/app\/uploads\/sites\/695\/2022\/10\/1171.jpg\" data-elementor-open-lightbox=\"yes\" data-elementor-lightbox-title=\"1171\" data-e-action-hash=\"#elementor-action%3Aaction%3Dlightbox%26settings%3DeyJpZCI6IjM1MiIsInVybCI6Imh0dHBzOlwvXC93d3cudWZzbS5iclwvYXBwXC91cGxvYWRzXC9zaXRlc1wvNjk1XC8yMDIyXC8xMFwvMTE3MS5qcGcifQ%3D%3D\">\n\t\t\t\t\t\t\t<img loading=\"lazy\" decoding=\"async\" width=\"1024\" height=\"498\" src=\"https:\/\/www.ufsm.br\/app\/uploads\/sites\/695\/2022\/10\/1171-1024x498.jpg\" class=\"attachment-large size-large wp-image-352\" alt=\"\" srcset=\"https:\/\/www.ufsm.br\/app\/uploads\/sites\/695\/2022\/10\/1171-1024x498.jpg 1024w, https:\/\/www.ufsm.br\/app\/uploads\/sites\/695\/2022\/10\/1171-300x146.jpg 300w, https:\/\/www.ufsm.br\/app\/uploads\/sites\/695\/2022\/10\/1171-768x373.jpg 768w, https:\/\/www.ufsm.br\/app\/uploads\/sites\/695\/2022\/10\/1171-1536x746.jpg 1536w, https:\/\/www.ufsm.br\/app\/uploads\/sites\/695\/2022\/10\/1171.jpg 1920w\" sizes=\"(max-width: 1024px) 100vw, 1024px\" \/>\t\t\t\t\t\t\t\t<\/a>\n\t\t\t\t\t\t\t\t\t\t\t\t\t<\/div>\n\t\t\t\t<\/div>\n\t\t\t\t\t<\/div>\n\t\t<\/div>\n\t\t\t\t<div class=\"elementor-column elementor-col-50 elementor-top-column elementor-element elementor-element-1221c85\" data-id=\"1221c85\" data-element_type=\"column\">\n\t\t\t<div class=\"elementor-widget-wrap elementor-element-populated\">\n\t\t\t\t\t\t<div class=\"elementor-element elementor-element-b9a5ced elementor-widget elementor-widget-image\" data-id=\"b9a5ced\" data-element_type=\"widget\" data-widget_type=\"image.default\">\n\t\t\t\t<div class=\"elementor-widget-container\">\n\t\t\t\t\t\t\t\t\t\t\t\t\t\t<a href=\"https:\/\/www.ufsm.br\/app\/uploads\/sites\/695\/2022\/10\/1180.jpg\" data-elementor-open-lightbox=\"yes\" data-elementor-lightbox-title=\"1180\" data-e-action-hash=\"#elementor-action%3Aaction%3Dlightbox%26settings%3DeyJpZCI6IjM1MCIsInVybCI6Imh0dHBzOlwvXC93d3cudWZzbS5iclwvYXBwXC91cGxvYWRzXC9zaXRlc1wvNjk1XC8yMDIyXC8xMFwvMTE4MC5qcGcifQ%3D%3D\">\n\t\t\t\t\t\t\t<img decoding=\"async\" src=\"https:\/\/www.ufsm.br\/app\/uploads\/sites\/695\/elementor\/thumbs\/1180-pwerctr5aityr08c7tyueovx3fzaddus0mu8i803oo.jpg\" title=\"1180\" alt=\"1180\" loading=\"lazy\" \/>\t\t\t\t\t\t\t\t<\/a>\n\t\t\t\t\t\t\t\t\t\t\t\t\t<\/div>\n\t\t\t\t<\/div>\n\t\t\t\t\t<\/div>\n\t\t<\/div>\n\t\t\t\t\t<\/div>\n\t\t<\/section>\n\t\t\t\t<section class=\"elementor-section elementor-top-section elementor-element elementor-element-ab41cb7 elementor-section-boxed elementor-section-height-default elementor-section-height-default\" data-id=\"ab41cb7\" data-element_type=\"section\">\n\t\t\t\t\t\t<div class=\"elementor-container elementor-column-gap-default\">\n\t\t\t\t\t<div class=\"elementor-column elementor-col-50 elementor-top-column elementor-element elementor-element-45060b3\" data-id=\"45060b3\" data-element_type=\"column\">\n\t\t\t<div class=\"elementor-widget-wrap elementor-element-populated\">\n\t\t\t\t\t\t<div class=\"elementor-element elementor-element-0a4773a elementor-widget elementor-widget-image\" data-id=\"0a4773a\" data-element_type=\"widget\" data-widget_type=\"image.default\">\n\t\t\t\t<div class=\"elementor-widget-container\">\n\t\t\t\t\t\t\t\t\t\t\t\t\t\t<a href=\"https:\/\/www.ufsm.br\/app\/uploads\/sites\/695\/2022\/10\/Imagem27.jpg\" data-elementor-open-lightbox=\"yes\" data-elementor-lightbox-title=\"Imagem27\" data-e-action-hash=\"#elementor-action%3Aaction%3Dlightbox%26settings%3DeyJpZCI6IjMwMSIsInVybCI6Imh0dHBzOlwvXC93d3cudWZzbS5iclwvYXBwXC91cGxvYWRzXC9zaXRlc1wvNjk1XC8yMDIyXC8xMFwvSW1hZ2VtMjcuanBnIn0%3D\">\n\t\t\t\t\t\t\t<img loading=\"lazy\" decoding=\"async\" width=\"698\" height=\"257\" src=\"https:\/\/www.ufsm.br\/app\/uploads\/sites\/695\/2022\/10\/Imagem27.jpg\" class=\"attachment-large size-large wp-image-301\" alt=\"\" srcset=\"https:\/\/www.ufsm.br\/app\/uploads\/sites\/695\/2022\/10\/Imagem27.jpg 698w, https:\/\/www.ufsm.br\/app\/uploads\/sites\/695\/2022\/10\/Imagem27-300x110.jpg 300w\" sizes=\"(max-width: 698px) 100vw, 698px\" \/>\t\t\t\t\t\t\t\t<\/a>\n\t\t\t\t\t\t\t\t\t\t\t\t\t<\/div>\n\t\t\t\t<\/div>\n\t\t\t\t\t<\/div>\n\t\t<\/div>\n\t\t\t\t<div class=\"elementor-column elementor-col-50 elementor-top-column elementor-element elementor-element-76c27c7\" data-id=\"76c27c7\" data-element_type=\"column\">\n\t\t\t<div class=\"elementor-widget-wrap elementor-element-populated\">\n\t\t\t\t\t\t<div class=\"elementor-element elementor-element-e53fee0 elementor-widget elementor-widget-image\" data-id=\"e53fee0\" data-element_type=\"widget\" data-widget_type=\"image.default\">\n\t\t\t\t<div class=\"elementor-widget-container\">\n\t\t\t\t\t\t\t\t\t\t\t\t\t\t<a href=\"https:\/\/www.ufsm.br\/app\/uploads\/sites\/695\/2022\/10\/IMG-20181023-WA0011.jpg\" data-elementor-open-lightbox=\"yes\" data-elementor-lightbox-title=\"IMG-20181023-WA0011\" data-e-action-hash=\"#elementor-action%3Aaction%3Dlightbox%26settings%3DeyJpZCI6IjM0OCIsInVybCI6Imh0dHBzOlwvXC93d3cudWZzbS5iclwvYXBwXC91cGxvYWRzXC9zaXRlc1wvNjk1XC8yMDIyXC8xMFwvSU1HLTIwMTgxMDIzLVdBMDAxMS5qcGcifQ%3D%3D\">\n\t\t\t\t\t\t\t<img loading=\"lazy\" decoding=\"async\" width=\"225\" height=\"300\" src=\"https:\/\/www.ufsm.br\/app\/uploads\/sites\/695\/2022\/10\/IMG-20181023-WA0011-225x300.jpg\" class=\"attachment-medium size-medium wp-image-348\" alt=\"\" srcset=\"https:\/\/www.ufsm.br\/app\/uploads\/sites\/695\/2022\/10\/IMG-20181023-WA0011-225x300.jpg 225w, https:\/\/www.ufsm.br\/app\/uploads\/sites\/695\/2022\/10\/IMG-20181023-WA0011-768x1024.jpg 768w, https:\/\/www.ufsm.br\/app\/uploads\/sites\/695\/2022\/10\/IMG-20181023-WA0011.jpg 960w\" sizes=\"(max-width: 225px) 100vw, 225px\" \/>\t\t\t\t\t\t\t\t<\/a>\n\t\t\t\t\t\t\t\t\t\t\t\t\t<\/div>\n\t\t\t\t<\/div>\n\t\t\t\t\t<\/div>\n\t\t<\/div>\n\t\t\t\t\t<\/div>\n\t\t<\/section>\n\t\t\t\t<\/div>\n\t\t","protected":false},"excerpt":{"rendered":"<p>PROGRAMA DE EDUCA\u00c7\u00c3O MUSICAL do LEM: tocar, cantar e formar Coordena\u00e7\u00e3o: Profa. Dra. Claudia Ribeiro Bellochio Colabora\u00e7\u00e3o: Profa. Dra. Luciane Wilke Freitas Garbosa O PROGRAMA LEM &#8211; Tocar, Cantar e Formar \u00e9 uma das a\u00e7\u00f5es do Laborat\u00f3rio de Educa\u00e7\u00e3o Musical &#8211; LEM\/CE\/UFSM que t\u00eam sido desenvolvidas pela e para a forma\u00e7\u00e3o potencial de pr\u00e1ticas musicais [&hellip;]<\/p>\n","protected":false},"author":867,"featured_media":0,"parent":0,"menu_order":0,"comment_status":"closed","ping_status":"closed","template":"","meta":{"footnotes":""},"categories":[],"tags":[],"class_list":["post-299","page","type-page","status-publish","hentry"],"acf":[],"_links":{"self":[{"href":"https:\/\/www.ufsm.br\/laboratorios\/lem\/wp-json\/wp\/v2\/pages\/299","targetHints":{"allow":["GET"]}}],"collection":[{"href":"https:\/\/www.ufsm.br\/laboratorios\/lem\/wp-json\/wp\/v2\/pages"}],"about":[{"href":"https:\/\/www.ufsm.br\/laboratorios\/lem\/wp-json\/wp\/v2\/types\/page"}],"author":[{"embeddable":true,"href":"https:\/\/www.ufsm.br\/laboratorios\/lem\/wp-json\/wp\/v2\/users\/867"}],"replies":[{"embeddable":true,"href":"https:\/\/www.ufsm.br\/laboratorios\/lem\/wp-json\/wp\/v2\/comments?post=299"}],"version-history":[{"count":0,"href":"https:\/\/www.ufsm.br\/laboratorios\/lem\/wp-json\/wp\/v2\/pages\/299\/revisions"}],"wp:attachment":[{"href":"https:\/\/www.ufsm.br\/laboratorios\/lem\/wp-json\/wp\/v2\/media?parent=299"}],"wp:term":[{"taxonomy":"category","embeddable":true,"href":"https:\/\/www.ufsm.br\/laboratorios\/lem\/wp-json\/wp\/v2\/categories?post=299"},{"taxonomy":"post_tag","embeddable":true,"href":"https:\/\/www.ufsm.br\/laboratorios\/lem\/wp-json\/wp\/v2\/tags?post=299"}],"curies":[{"name":"wp","href":"https:\/\/api.w.org\/{rel}","templated":true}]}}