{"id":32,"date":"2019-05-24T15:38:39","date_gmt":"2019-05-24T18:38:39","guid":{"rendered":"https:\/\/www.ufsm.br\/template-laboratprio\/?page_id=32"},"modified":"2019-08-06T15:08:18","modified_gmt":"2019-08-06T18:08:18","slug":"projetos","status":"publish","type":"page","link":"https:\/\/www.ufsm.br\/laboratorios\/lem\/projetos","title":{"rendered":"Projetos"},"content":{"rendered":"\n<p><a class=\"row-title\" href=\"https:\/\/www.ufsm.br\/laboratorios\/lem\/wp-admin\/post.php?post=40&amp;action=edit\" aria-label=\"\u201cAtividades de Ensino (Gradua\u00e7\u00e3o)\u201d (Editar)\">Atividades de Ensino (Gradua\u00e7\u00e3o)<\/a><\/p>\n<p><a href=\"https:\/\/www.ufsm.br\/laboratorios\/lem\/wp-admin\/post.php?post=41&amp;action=edit\" aria-label=\"\u201cAtividades de Ensino (P\u00f3s-Gradua\u00e7\u00e3o)\u201d (Editar)\">Atividades de Ensino (P\u00f3s-Gradua\u00e7\u00e3o)<\/a><\/p>\n<p><a class=\"row-title\" href=\"https:\/\/www.ufsm.br\/laboratorios\/lem\/wp-admin\/post.php?post=42&amp;action=edit\" aria-label=\"\u201cGrupo de Pesquisa \u2013 FAPEM\u201d (Editar)\">Grupo de Pesquisa \u2013 FAPEM<\/a><\/p>\n","protected":false},"excerpt":{"rendered":"<p>Atividades de Ensino (Gradua\u00e7\u00e3o) Atividades de Ensino (P\u00f3s-Gradua\u00e7\u00e3o) Grupo de Pesquisa \u2013 FAPEM<\/p>\n","protected":false},"author":25,"featured_media":0,"parent":0,"menu_order":0,"comment_status":"closed","ping_status":"closed","template":"","meta":{"footnotes":""},"categories":[],"tags":[],"class_list":["post-32","page","type-page","status-publish","hentry"],"acf":[],"_links":{"self":[{"href":"https:\/\/www.ufsm.br\/laboratorios\/lem\/wp-json\/wp\/v2\/pages\/32","targetHints":{"allow":["GET"]}}],"collection":[{"href":"https:\/\/www.ufsm.br\/laboratorios\/lem\/wp-json\/wp\/v2\/pages"}],"about":[{"href":"https:\/\/www.ufsm.br\/laboratorios\/lem\/wp-json\/wp\/v2\/types\/page"}],"author":[{"embeddable":true,"href":"https:\/\/www.ufsm.br\/laboratorios\/lem\/wp-json\/wp\/v2\/users\/25"}],"replies":[{"embeddable":true,"href":"https:\/\/www.ufsm.br\/laboratorios\/lem\/wp-json\/wp\/v2\/comments?post=32"}],"version-history":[{"count":0,"href":"https:\/\/www.ufsm.br\/laboratorios\/lem\/wp-json\/wp\/v2\/pages\/32\/revisions"}],"wp:attachment":[{"href":"https:\/\/www.ufsm.br\/laboratorios\/lem\/wp-json\/wp\/v2\/media?parent=32"}],"wp:term":[{"taxonomy":"category","embeddable":true,"href":"https:\/\/www.ufsm.br\/laboratorios\/lem\/wp-json\/wp\/v2\/categories?post=32"},{"taxonomy":"post_tag","embeddable":true,"href":"https:\/\/www.ufsm.br\/laboratorios\/lem\/wp-json\/wp\/v2\/tags?post=32"}],"curies":[{"name":"wp","href":"https:\/\/api.w.org\/{rel}","templated":true}]}}