{"id":394,"date":"2022-10-18T21:06:57","date_gmt":"2022-10-19T00:06:57","guid":{"rendered":"https:\/\/www.ufsm.br\/laboratorios\/lem\/?page_id=394"},"modified":"2025-04-08T10:24:55","modified_gmt":"2025-04-08T13:24:55","slug":"formacoes-em-vale-veneto","status":"publish","type":"page","link":"https:\/\/www.ufsm.br\/laboratorios\/lem\/formacoes-em-vale-veneto","title":{"rendered":"Festival Internacional de Inverno: forma\u00e7\u00f5es em Vale V\u00eaneto"},"content":{"rendered":"\t\t<div data-elementor-type=\"wp-page\" data-elementor-id=\"394\" class=\"elementor elementor-394\">\n\t\t\t\t\t\t<section class=\"elementor-section elementor-top-section elementor-element elementor-element-047f224 elementor-section-boxed elementor-section-height-default elementor-section-height-default\" data-id=\"047f224\" data-element_type=\"section\">\n\t\t\t\t\t\t<div class=\"elementor-container elementor-column-gap-default\">\n\t\t\t\t\t<div class=\"elementor-column elementor-col-100 elementor-top-column elementor-element elementor-element-b589d2e\" data-id=\"b589d2e\" data-element_type=\"column\">\n\t\t\t<div class=\"elementor-widget-wrap elementor-element-populated\">\n\t\t\t\t\t\t<div class=\"elementor-element elementor-element-c167e0d elementor-widget elementor-widget-text-editor\" data-id=\"c167e0d\" data-element_type=\"widget\" data-widget_type=\"text-editor.default\">\n\t\t\t\t<div class=\"elementor-widget-container\">\n\t\t\t\t\t\t\t<p>Desde o ano de 2011, o Laborat\u00f3rio de Educa\u00e7\u00e3o Musical &#8211; LEM, juntamente com o Programa de P\u00f3s Gradua\u00e7\u00e3o em Educa\u00e7\u00e3o &#8211; PPGE, promove oficinas de m\u00fasica para professores de Educa\u00e7\u00e3o B\u00e1sica no <strong>Festival Internacional de Inverno de Vale V\u00eaneto<\/strong>, criado em 1986. O curso \u00e9 destinado a professores de <strong>Educa\u00e7\u00e3o Infantil<\/strong> e <strong>Anos Iniciais do Ensino Fundamental<\/strong> e organizado em um encontro, totalizando 06 horas, no qual s\u00e3o discutidos aspectos te\u00f3rico-pr\u00e1ticos da m\u00fasica na inf\u00e2ncia e o papel do professor n\u00e3o especialista na \u00e1rea. Al\u00e9m disso, s\u00e3o propostas atividades pr\u00e1ticas, cujas experi\u00eancias servem de subs\u00eddio para o professor em sala de aula. O curso \u00e9 realizado ao longo do dia (manh\u00e3 e tarde) e \u00e9 ministrado por professores, mestrandos e doutorandos vinculados ao Programa de P\u00f3s-Gradua\u00e7\u00e3o em Educa\u00e7\u00e3o da UFSM &#8211; Linha de Pesquisa: Educa\u00e7\u00e3o e Artes.<\/p><p>Al\u00e9m de forma\u00e7\u00e3o para professores, o LEM promove, durante o Festival, <strong>Oficina para Crian\u00e7as de Educa\u00e7\u00e3o Infantil <\/strong>vinculadas \u00e0 escolas de Santa Maria. Nas oficinas as crian\u00e7as podem conhecer instrumentos musicais da orquestra, al\u00e9m de participarem de jogos e brincadeiras musicais.<\/p>\t\t\t\t\t\t<\/div>\n\t\t\t\t<\/div>\n\t\t\t\t\t<\/div>\n\t\t<\/div>\n\t\t\t\t\t<\/div>\n\t\t<\/section>\n\t\t\t\t<section class=\"elementor-section elementor-top-section elementor-element elementor-element-3c4cd8a elementor-section-boxed elementor-section-height-default elementor-section-height-default\" data-id=\"3c4cd8a\" data-element_type=\"section\">\n\t\t\t\t\t\t<div class=\"elementor-container elementor-column-gap-default\">\n\t\t\t\t\t<div class=\"elementor-column elementor-col-33 elementor-top-column elementor-element elementor-element-f82c0e6\" data-id=\"f82c0e6\" data-element_type=\"column\">\n\t\t\t<div class=\"elementor-widget-wrap elementor-element-populated\">\n\t\t\t\t\t\t<div class=\"elementor-element elementor-element-5b5bab7 elementor-widget elementor-widget-image\" data-id=\"5b5bab7\" data-element_type=\"widget\" data-widget_type=\"image.default\">\n\t\t\t\t<div class=\"elementor-widget-container\">\n\t\t\t\t\t\t\t\t\t\t\t\t\t<img fetchpriority=\"high\" decoding=\"async\" width=\"761\" height=\"571\" src=\"https:\/\/www.ufsm.br\/app\/uploads\/sites\/695\/2022\/10\/Imagem9-2.jpg\" class=\"attachment-large size-large wp-image-395\" alt=\"\" srcset=\"https:\/\/www.ufsm.br\/app\/uploads\/sites\/695\/2022\/10\/Imagem9-2.jpg 761w, https:\/\/www.ufsm.br\/app\/uploads\/sites\/695\/2022\/10\/Imagem9-2-300x225.jpg 300w\" sizes=\"(max-width: 761px) 100vw, 761px\" \/>\t\t\t\t\t\t\t\t\t\t\t\t\t<\/div>\n\t\t\t\t<\/div>\n\t\t\t\t\t<\/div>\n\t\t<\/div>\n\t\t\t\t<div class=\"elementor-column elementor-col-33 elementor-top-column elementor-element elementor-element-e05e236\" data-id=\"e05e236\" data-element_type=\"column\">\n\t\t\t<div class=\"elementor-widget-wrap elementor-element-populated\">\n\t\t\t\t\t\t<div class=\"elementor-element elementor-element-7481aa1 elementor-widget elementor-widget-image\" data-id=\"7481aa1\" data-element_type=\"widget\" data-widget_type=\"image.default\">\n\t\t\t\t<div class=\"elementor-widget-container\">\n\t\t\t\t\t\t\t\t\t\t\t\t\t<img decoding=\"async\" width=\"761\" height=\"570\" src=\"https:\/\/www.ufsm.br\/app\/uploads\/sites\/695\/2022\/10\/Imagem10-2.jpg\" class=\"attachment-large size-large wp-image-396\" alt=\"\" srcset=\"https:\/\/www.ufsm.br\/app\/uploads\/sites\/695\/2022\/10\/Imagem10-2.jpg 761w, https:\/\/www.ufsm.br\/app\/uploads\/sites\/695\/2022\/10\/Imagem10-2-300x225.jpg 300w\" sizes=\"(max-width: 761px) 100vw, 761px\" \/>\t\t\t\t\t\t\t\t\t\t\t\t\t<\/div>\n\t\t\t\t<\/div>\n\t\t\t\t\t<\/div>\n\t\t<\/div>\n\t\t\t\t<div class=\"elementor-column elementor-col-33 elementor-top-column elementor-element elementor-element-5a77873\" data-id=\"5a77873\" data-element_type=\"column\">\n\t\t\t<div class=\"elementor-widget-wrap elementor-element-populated\">\n\t\t\t\t\t\t<div class=\"elementor-element elementor-element-2c85d0e elementor-widget elementor-widget-image\" data-id=\"2c85d0e\" data-element_type=\"widget\" data-widget_type=\"image.default\">\n\t\t\t\t<div class=\"elementor-widget-container\">\n\t\t\t\t\t\t\t\t\t\t\t\t\t<img decoding=\"async\" width=\"761\" height=\"429\" src=\"https:\/\/www.ufsm.br\/app\/uploads\/sites\/695\/2022\/10\/Imagem11-2.jpg\" class=\"attachment-large size-large wp-image-397\" alt=\"\" srcset=\"https:\/\/www.ufsm.br\/app\/uploads\/sites\/695\/2022\/10\/Imagem11-2.jpg 761w, https:\/\/www.ufsm.br\/app\/uploads\/sites\/695\/2022\/10\/Imagem11-2-300x169.jpg 300w\" sizes=\"(max-width: 761px) 100vw, 761px\" \/>\t\t\t\t\t\t\t\t\t\t\t\t\t<\/div>\n\t\t\t\t<\/div>\n\t\t\t\t\t<\/div>\n\t\t<\/div>\n\t\t\t\t\t<\/div>\n\t\t<\/section>\n\t\t\t\t<section class=\"elementor-section elementor-top-section elementor-element elementor-element-299bf7e elementor-section-boxed elementor-section-height-default elementor-section-height-default\" data-id=\"299bf7e\" data-element_type=\"section\">\n\t\t\t\t\t\t<div class=\"elementor-container elementor-column-gap-default\">\n\t\t\t\t\t<div class=\"elementor-column elementor-col-33 elementor-top-column elementor-element elementor-element-5cab8f4\" data-id=\"5cab8f4\" data-element_type=\"column\">\n\t\t\t<div class=\"elementor-widget-wrap elementor-element-populated\">\n\t\t\t\t\t\t<div class=\"elementor-element elementor-element-7504f40 elementor-widget elementor-widget-image\" data-id=\"7504f40\" data-element_type=\"widget\" data-widget_type=\"image.default\">\n\t\t\t\t<div class=\"elementor-widget-container\">\n\t\t\t\t\t\t\t\t\t\t\t\t\t<img loading=\"lazy\" decoding=\"async\" width=\"761\" height=\"429\" src=\"https:\/\/www.ufsm.br\/app\/uploads\/sites\/695\/2022\/10\/Imagem12-3.jpg\" class=\"attachment-large size-large wp-image-398\" alt=\"\" srcset=\"https:\/\/www.ufsm.br\/app\/uploads\/sites\/695\/2022\/10\/Imagem12-3.jpg 761w, https:\/\/www.ufsm.br\/app\/uploads\/sites\/695\/2022\/10\/Imagem12-3-300x169.jpg 300w\" sizes=\"(max-width: 761px) 100vw, 761px\" \/>\t\t\t\t\t\t\t\t\t\t\t\t\t<\/div>\n\t\t\t\t<\/div>\n\t\t\t\t\t<\/div>\n\t\t<\/div>\n\t\t\t\t<div class=\"elementor-column elementor-col-33 elementor-top-column elementor-element elementor-element-fae607a\" data-id=\"fae607a\" data-element_type=\"column\">\n\t\t\t<div class=\"elementor-widget-wrap elementor-element-populated\">\n\t\t\t\t\t\t<div class=\"elementor-element elementor-element-e311f0d elementor-widget elementor-widget-image\" data-id=\"e311f0d\" data-element_type=\"widget\" data-widget_type=\"image.default\">\n\t\t\t\t<div class=\"elementor-widget-container\">\n\t\t\t\t\t\t\t\t\t\t\t\t\t<img loading=\"lazy\" decoding=\"async\" width=\"300\" height=\"225\" src=\"https:\/\/www.ufsm.br\/app\/uploads\/sites\/695\/2022\/10\/Imagem13-2-300x225.jpg\" class=\"attachment-medium size-medium wp-image-399\" alt=\"\" srcset=\"https:\/\/www.ufsm.br\/app\/uploads\/sites\/695\/2022\/10\/Imagem13-2-300x225.jpg 300w, https:\/\/www.ufsm.br\/app\/uploads\/sites\/695\/2022\/10\/Imagem13-2.jpg 737w\" sizes=\"(max-width: 300px) 100vw, 300px\" \/>\t\t\t\t\t\t\t\t\t\t\t\t\t<\/div>\n\t\t\t\t<\/div>\n\t\t\t\t\t<\/div>\n\t\t<\/div>\n\t\t\t\t<div class=\"elementor-column elementor-col-33 elementor-top-column elementor-element elementor-element-0f78862\" data-id=\"0f78862\" data-element_type=\"column\">\n\t\t\t<div class=\"elementor-widget-wrap elementor-element-populated\">\n\t\t\t\t\t\t<div class=\"elementor-element elementor-element-e3f2e1c elementor-widget elementor-widget-image\" data-id=\"e3f2e1c\" data-element_type=\"widget\" data-widget_type=\"image.default\">\n\t\t\t\t<div class=\"elementor-widget-container\">\n\t\t\t\t\t\t\t\t\t\t\t\t\t<img loading=\"lazy\" decoding=\"async\" width=\"721\" height=\"407\" src=\"https:\/\/www.ufsm.br\/app\/uploads\/sites\/695\/2022\/10\/Imagem14-2.jpg\" class=\"attachment-large size-large wp-image-400\" alt=\"\" srcset=\"https:\/\/www.ufsm.br\/app\/uploads\/sites\/695\/2022\/10\/Imagem14-2.jpg 721w, https:\/\/www.ufsm.br\/app\/uploads\/sites\/695\/2022\/10\/Imagem14-2-300x169.jpg 300w\" sizes=\"(max-width: 721px) 100vw, 721px\" \/>\t\t\t\t\t\t\t\t\t\t\t\t\t<\/div>\n\t\t\t\t<\/div>\n\t\t\t\t\t<\/div>\n\t\t<\/div>\n\t\t\t\t\t<\/div>\n\t\t<\/section>\n\t\t\t\t<section class=\"elementor-section elementor-top-section elementor-element elementor-element-8e7509d elementor-section-boxed elementor-section-height-default elementor-section-height-default\" data-id=\"8e7509d\" data-element_type=\"section\">\n\t\t\t\t\t\t<div class=\"elementor-container elementor-column-gap-default\">\n\t\t\t\t\t<div class=\"elementor-column elementor-col-33 elementor-top-column elementor-element elementor-element-57c105c\" data-id=\"57c105c\" data-element_type=\"column\">\n\t\t\t<div class=\"elementor-widget-wrap elementor-element-populated\">\n\t\t\t\t\t\t<div class=\"elementor-element elementor-element-3cc8a3c elementor-widget elementor-widget-image\" data-id=\"3cc8a3c\" data-element_type=\"widget\" data-widget_type=\"image.default\">\n\t\t\t\t<div class=\"elementor-widget-container\">\n\t\t\t\t\t\t\t\t\t\t\t\t\t<img loading=\"lazy\" decoding=\"async\" width=\"726\" height=\"408\" src=\"https:\/\/www.ufsm.br\/app\/uploads\/sites\/695\/2022\/10\/Imagem15-2.jpg\" class=\"attachment-large size-large wp-image-401\" alt=\"\" srcset=\"https:\/\/www.ufsm.br\/app\/uploads\/sites\/695\/2022\/10\/Imagem15-2.jpg 726w, https:\/\/www.ufsm.br\/app\/uploads\/sites\/695\/2022\/10\/Imagem15-2-300x169.jpg 300w\" sizes=\"(max-width: 726px) 100vw, 726px\" \/>\t\t\t\t\t\t\t\t\t\t\t\t\t<\/div>\n\t\t\t\t<\/div>\n\t\t\t\t\t<\/div>\n\t\t<\/div>\n\t\t\t\t<div class=\"elementor-column elementor-col-33 elementor-top-column elementor-element elementor-element-c83ad34\" data-id=\"c83ad34\" data-element_type=\"column\">\n\t\t\t<div class=\"elementor-widget-wrap elementor-element-populated\">\n\t\t\t\t\t\t<div class=\"elementor-element elementor-element-ba16629 elementor-widget elementor-widget-image\" data-id=\"ba16629\" data-element_type=\"widget\" data-widget_type=\"image.default\">\n\t\t\t\t<div class=\"elementor-widget-container\">\n\t\t\t\t\t\t\t\t\t\t\t\t\t<img loading=\"lazy\" decoding=\"async\" width=\"724\" height=\"407\" src=\"https:\/\/www.ufsm.br\/app\/uploads\/sites\/695\/2022\/10\/Imagem16-2.jpg\" class=\"attachment-medium_large size-medium_large wp-image-402\" alt=\"\" srcset=\"https:\/\/www.ufsm.br\/app\/uploads\/sites\/695\/2022\/10\/Imagem16-2.jpg 724w, https:\/\/www.ufsm.br\/app\/uploads\/sites\/695\/2022\/10\/Imagem16-2-300x169.jpg 300w\" sizes=\"(max-width: 724px) 100vw, 724px\" \/>\t\t\t\t\t\t\t\t\t\t\t\t\t<\/div>\n\t\t\t\t<\/div>\n\t\t\t\t\t<\/div>\n\t\t<\/div>\n\t\t\t\t<div class=\"elementor-column elementor-col-33 elementor-top-column elementor-element elementor-element-0ffb54f\" data-id=\"0ffb54f\" data-element_type=\"column\">\n\t\t\t<div class=\"elementor-widget-wrap elementor-element-populated\">\n\t\t\t\t\t\t<div class=\"elementor-element elementor-element-f770d68 elementor-widget elementor-widget-image\" data-id=\"f770d68\" data-element_type=\"widget\" data-widget_type=\"image.default\">\n\t\t\t\t<div class=\"elementor-widget-container\">\n\t\t\t\t\t\t\t\t\t\t\t\t\t<img loading=\"lazy\" decoding=\"async\" width=\"783\" height=\"440\" src=\"https:\/\/www.ufsm.br\/app\/uploads\/sites\/695\/2022\/10\/Imagem18-2.jpg\" class=\"attachment-large size-large wp-image-404\" alt=\"\" srcset=\"https:\/\/www.ufsm.br\/app\/uploads\/sites\/695\/2022\/10\/Imagem18-2.jpg 783w, https:\/\/www.ufsm.br\/app\/uploads\/sites\/695\/2022\/10\/Imagem18-2-300x169.jpg 300w, https:\/\/www.ufsm.br\/app\/uploads\/sites\/695\/2022\/10\/Imagem18-2-768x432.jpg 768w\" sizes=\"(max-width: 783px) 100vw, 783px\" \/>\t\t\t\t\t\t\t\t\t\t\t\t\t<\/div>\n\t\t\t\t<\/div>\n\t\t\t\t\t<\/div>\n\t\t<\/div>\n\t\t\t\t\t<\/div>\n\t\t<\/section>\n\t\t\t\t<section class=\"elementor-section elementor-top-section elementor-element elementor-element-d53e278 elementor-section-boxed elementor-section-height-default elementor-section-height-default\" data-id=\"d53e278\" data-element_type=\"section\">\n\t\t\t\t\t\t<div class=\"elementor-container elementor-column-gap-default\">\n\t\t\t\t\t<div class=\"elementor-column elementor-col-33 elementor-top-column elementor-element elementor-element-7d7e4b3\" data-id=\"7d7e4b3\" data-element_type=\"column\">\n\t\t\t<div class=\"elementor-widget-wrap elementor-element-populated\">\n\t\t\t\t\t\t<div class=\"elementor-element elementor-element-c8b914c elementor-widget elementor-widget-image\" data-id=\"c8b914c\" data-element_type=\"widget\" data-widget_type=\"image.default\">\n\t\t\t\t<div class=\"elementor-widget-container\">\n\t\t\t\t\t\t\t\t\t\t\t\t\t<img loading=\"lazy\" decoding=\"async\" width=\"777\" height=\"437\" src=\"https:\/\/www.ufsm.br\/app\/uploads\/sites\/695\/2022\/10\/Imagem19.jpg\" class=\"attachment-large size-large wp-image-405\" alt=\"\" srcset=\"https:\/\/www.ufsm.br\/app\/uploads\/sites\/695\/2022\/10\/Imagem19.jpg 777w, https:\/\/www.ufsm.br\/app\/uploads\/sites\/695\/2022\/10\/Imagem19-300x169.jpg 300w, https:\/\/www.ufsm.br\/app\/uploads\/sites\/695\/2022\/10\/Imagem19-768x432.jpg 768w\" sizes=\"(max-width: 777px) 100vw, 777px\" \/>\t\t\t\t\t\t\t\t\t\t\t\t\t<\/div>\n\t\t\t\t<\/div>\n\t\t\t\t\t<\/div>\n\t\t<\/div>\n\t\t\t\t<div class=\"elementor-column elementor-col-33 elementor-top-column elementor-element elementor-element-f3e3d08\" data-id=\"f3e3d08\" data-element_type=\"column\">\n\t\t\t<div class=\"elementor-widget-wrap elementor-element-populated\">\n\t\t\t\t\t\t<div class=\"elementor-element elementor-element-af5b6d2 elementor-widget elementor-widget-image\" data-id=\"af5b6d2\" data-element_type=\"widget\" data-widget_type=\"image.default\">\n\t\t\t\t<div class=\"elementor-widget-container\">\n\t\t\t\t\t\t\t\t\t\t\t\t\t<img loading=\"lazy\" decoding=\"async\" width=\"768\" height=\"418\" src=\"https:\/\/www.ufsm.br\/app\/uploads\/sites\/695\/2022\/10\/Imagem20-768x418.jpg\" class=\"attachment-medium_large size-medium_large wp-image-406\" alt=\"\" srcset=\"https:\/\/www.ufsm.br\/app\/uploads\/sites\/695\/2022\/10\/Imagem20-768x418.jpg 768w, https:\/\/www.ufsm.br\/app\/uploads\/sites\/695\/2022\/10\/Imagem20-300x163.jpg 300w, https:\/\/www.ufsm.br\/app\/uploads\/sites\/695\/2022\/10\/Imagem20-1024x558.jpg 1024w, https:\/\/www.ufsm.br\/app\/uploads\/sites\/695\/2022\/10\/Imagem20-1536x837.jpg 1536w, https:\/\/www.ufsm.br\/app\/uploads\/sites\/695\/2022\/10\/Imagem20.jpg 1599w\" sizes=\"(max-width: 768px) 100vw, 768px\" \/>\t\t\t\t\t\t\t\t\t\t\t\t\t<\/div>\n\t\t\t\t<\/div>\n\t\t\t\t\t<\/div>\n\t\t<\/div>\n\t\t\t\t<div class=\"elementor-column elementor-col-33 elementor-top-column elementor-element elementor-element-b1d4ebd\" data-id=\"b1d4ebd\" data-element_type=\"column\">\n\t\t\t<div class=\"elementor-widget-wrap elementor-element-populated\">\n\t\t\t\t\t\t<div class=\"elementor-element elementor-element-3c4a3e4 elementor-widget elementor-widget-image\" data-id=\"3c4a3e4\" data-element_type=\"widget\" data-widget_type=\"image.default\">\n\t\t\t\t<div class=\"elementor-widget-container\">\n\t\t\t\t\t\t\t\t\t\t\t\t\t<img loading=\"lazy\" decoding=\"async\" width=\"748\" height=\"561\" src=\"https:\/\/www.ufsm.br\/app\/uploads\/sites\/695\/2022\/10\/Imagem21.jpg\" class=\"attachment-medium_large size-medium_large wp-image-407\" alt=\"\" srcset=\"https:\/\/www.ufsm.br\/app\/uploads\/sites\/695\/2022\/10\/Imagem21.jpg 748w, https:\/\/www.ufsm.br\/app\/uploads\/sites\/695\/2022\/10\/Imagem21-300x225.jpg 300w\" sizes=\"(max-width: 748px) 100vw, 748px\" \/>\t\t\t\t\t\t\t\t\t\t\t\t\t<\/div>\n\t\t\t\t<\/div>\n\t\t\t\t\t<\/div>\n\t\t<\/div>\n\t\t\t\t\t<\/div>\n\t\t<\/section>\n\t\t\t\t<section class=\"elementor-section elementor-top-section elementor-element elementor-element-201adab elementor-section-boxed elementor-section-height-default elementor-section-height-default\" data-id=\"201adab\" data-element_type=\"section\">\n\t\t\t\t\t\t<div class=\"elementor-container elementor-column-gap-default\">\n\t\t\t\t\t<div class=\"elementor-column elementor-col-33 elementor-top-column elementor-element elementor-element-2a6a868\" data-id=\"2a6a868\" data-element_type=\"column\">\n\t\t\t<div class=\"elementor-widget-wrap elementor-element-populated\">\n\t\t\t\t\t\t<div class=\"elementor-element elementor-element-3722367 elementor-widget elementor-widget-image\" data-id=\"3722367\" data-element_type=\"widget\" data-widget_type=\"image.default\">\n\t\t\t\t<div class=\"elementor-widget-container\">\n\t\t\t\t\t\t\t\t\t\t\t\t\t<img loading=\"lazy\" decoding=\"async\" width=\"748\" height=\"561\" src=\"https:\/\/www.ufsm.br\/app\/uploads\/sites\/695\/2022\/10\/Imagem22.jpg\" class=\"attachment-medium_large size-medium_large wp-image-408\" alt=\"\" srcset=\"https:\/\/www.ufsm.br\/app\/uploads\/sites\/695\/2022\/10\/Imagem22.jpg 748w, https:\/\/www.ufsm.br\/app\/uploads\/sites\/695\/2022\/10\/Imagem22-300x225.jpg 300w\" sizes=\"(max-width: 748px) 100vw, 748px\" \/>\t\t\t\t\t\t\t\t\t\t\t\t\t<\/div>\n\t\t\t\t<\/div>\n\t\t\t\t\t<\/div>\n\t\t<\/div>\n\t\t\t\t<div class=\"elementor-column elementor-col-33 elementor-top-column elementor-element elementor-element-e3621c0\" data-id=\"e3621c0\" data-element_type=\"column\">\n\t\t\t<div class=\"elementor-widget-wrap elementor-element-populated\">\n\t\t\t\t\t\t<div class=\"elementor-element elementor-element-fec26bc elementor-widget elementor-widget-image\" data-id=\"fec26bc\" data-element_type=\"widget\" data-widget_type=\"image.default\">\n\t\t\t\t<div class=\"elementor-widget-container\">\n\t\t\t\t\t\t\t\t\t\t\t\t\t<img loading=\"lazy\" decoding=\"async\" width=\"317\" height=\"422\" src=\"https:\/\/www.ufsm.br\/app\/uploads\/sites\/695\/2022\/10\/Imagem23-1.jpg\" class=\"attachment-medium_large size-medium_large wp-image-409\" alt=\"\" srcset=\"https:\/\/www.ufsm.br\/app\/uploads\/sites\/695\/2022\/10\/Imagem23-1.jpg 317w, https:\/\/www.ufsm.br\/app\/uploads\/sites\/695\/2022\/10\/Imagem23-1-225x300.jpg 225w\" sizes=\"(max-width: 317px) 100vw, 317px\" \/>\t\t\t\t\t\t\t\t\t\t\t\t\t<\/div>\n\t\t\t\t<\/div>\n\t\t\t\t\t<\/div>\n\t\t<\/div>\n\t\t\t\t<div class=\"elementor-column elementor-col-33 elementor-top-column elementor-element elementor-element-27ec2c3\" data-id=\"27ec2c3\" data-element_type=\"column\">\n\t\t\t<div class=\"elementor-widget-wrap elementor-element-populated\">\n\t\t\t\t\t\t<div class=\"elementor-element elementor-element-2012012 elementor-widget elementor-widget-image\" data-id=\"2012012\" data-element_type=\"widget\" data-widget_type=\"image.default\">\n\t\t\t\t<div class=\"elementor-widget-container\">\n\t\t\t\t\t\t\t\t\t\t\t\t\t<img loading=\"lazy\" decoding=\"async\" width=\"542\" height=\"305\" src=\"https:\/\/www.ufsm.br\/app\/uploads\/sites\/695\/2022\/10\/Imagem17-2.jpg\" class=\"attachment-medium_large size-medium_large wp-image-410\" alt=\"\" srcset=\"https:\/\/www.ufsm.br\/app\/uploads\/sites\/695\/2022\/10\/Imagem17-2.jpg 542w, https:\/\/www.ufsm.br\/app\/uploads\/sites\/695\/2022\/10\/Imagem17-2-300x169.jpg 300w\" sizes=\"(max-width: 542px) 100vw, 542px\" \/>\t\t\t\t\t\t\t\t\t\t\t\t\t<\/div>\n\t\t\t\t<\/div>\n\t\t\t\t\t<\/div>\n\t\t<\/div>\n\t\t\t\t\t<\/div>\n\t\t<\/section>\n\t\t\t\t<\/div>\n\t\t","protected":false},"excerpt":{"rendered":"<p>Desde o ano de 2011, o Laborat\u00f3rio de Educa\u00e7\u00e3o Musical &#8211; LEM, juntamente com o Programa de P\u00f3s Gradua\u00e7\u00e3o em Educa\u00e7\u00e3o &#8211; PPGE, promove oficinas de m\u00fasica para professores de Educa\u00e7\u00e3o B\u00e1sica no Festival Internacional de Inverno de Vale V\u00eaneto, criado em 1986. O curso \u00e9 destinado a professores de Educa\u00e7\u00e3o Infantil e Anos Iniciais [&hellip;]<\/p>\n","protected":false},"author":867,"featured_media":0,"parent":0,"menu_order":0,"comment_status":"closed","ping_status":"closed","template":"","meta":{"footnotes":""},"categories":[],"tags":[],"class_list":["post-394","page","type-page","status-publish","hentry"],"acf":[],"_links":{"self":[{"href":"https:\/\/www.ufsm.br\/laboratorios\/lem\/wp-json\/wp\/v2\/pages\/394","targetHints":{"allow":["GET"]}}],"collection":[{"href":"https:\/\/www.ufsm.br\/laboratorios\/lem\/wp-json\/wp\/v2\/pages"}],"about":[{"href":"https:\/\/www.ufsm.br\/laboratorios\/lem\/wp-json\/wp\/v2\/types\/page"}],"author":[{"embeddable":true,"href":"https:\/\/www.ufsm.br\/laboratorios\/lem\/wp-json\/wp\/v2\/users\/867"}],"replies":[{"embeddable":true,"href":"https:\/\/www.ufsm.br\/laboratorios\/lem\/wp-json\/wp\/v2\/comments?post=394"}],"version-history":[{"count":0,"href":"https:\/\/www.ufsm.br\/laboratorios\/lem\/wp-json\/wp\/v2\/pages\/394\/revisions"}],"wp:attachment":[{"href":"https:\/\/www.ufsm.br\/laboratorios\/lem\/wp-json\/wp\/v2\/media?parent=394"}],"wp:term":[{"taxonomy":"category","embeddable":true,"href":"https:\/\/www.ufsm.br\/laboratorios\/lem\/wp-json\/wp\/v2\/categories?post=394"},{"taxonomy":"post_tag","embeddable":true,"href":"https:\/\/www.ufsm.br\/laboratorios\/lem\/wp-json\/wp\/v2\/tags?post=394"}],"curies":[{"name":"wp","href":"https:\/\/api.w.org\/{rel}","templated":true}]}}