{"id":527,"date":"2025-04-25T15:08:14","date_gmt":"2025-04-25T18:08:14","guid":{"rendered":"https:\/\/www.ufsm.br\/laboratorios\/lem\/?page_id=527"},"modified":"2025-04-25T15:08:16","modified_gmt":"2025-04-25T18:08:16","slug":"criamus","status":"publish","type":"page","link":"https:\/\/www.ufsm.br\/laboratorios\/lem\/criamus","title":{"rendered":"CriaMus"},"content":{"rendered":"\t\t<div data-elementor-type=\"wp-page\" data-elementor-id=\"527\" class=\"elementor elementor-527\">\n\t\t\t\t\t\t<section class=\"elementor-section elementor-top-section elementor-element elementor-element-71505405 elementor-section-boxed elementor-section-height-default elementor-section-height-default\" data-id=\"71505405\" data-element_type=\"section\">\n\t\t\t\t\t\t<div class=\"elementor-container elementor-column-gap-default\">\n\t\t\t\t\t<div class=\"elementor-column elementor-col-100 elementor-top-column elementor-element elementor-element-12da6b47\" data-id=\"12da6b47\" data-element_type=\"column\">\n\t\t\t<div class=\"elementor-widget-wrap elementor-element-populated\">\n\t\t\t\t\t\t<div class=\"elementor-element elementor-element-3dd552e3 elementor-widget elementor-widget-text-editor\" data-id=\"3dd552e3\" data-element_type=\"widget\" data-widget_type=\"text-editor.default\">\n\t\t\t\t<div class=\"elementor-widget-container\">\n\t\t\t\t\t\t\t<p><!-- wp:group {\"metadata\":{\"name\":\"Intro\",\"categories\":[\"about\"],\"patternName\":\"core\/intro-area-with-heading-and-image\"},\"align\":\"full\",\"className\":\"alignfull\",\"style\":{\"spacing\":{\"margin\":{\"top\":\"0\",\"bottom\":\"0\"}}},\"layout\":{\"type\":\"constrained\",\"justifyContent\":\"center\"}} --><\/p>\n<div style=\"margin-top: 0;margin-bottom: 0\">\n<div style=\"height: var(--wp--preset--spacing--20)\" aria-hidden=\"true\"><img decoding=\"async\" style=\"color: #000000;font-size: 1rem;font-weight: var( --e-global-typography-text-font-weight );background-color: white;text-align: var(--bs-body-text-align)\" src=\"https:\/\/www.ufsm.br\/app\/uploads\/sites\/695\/2024\/08\/CRIAMUS-1-1024x512.png\" alt=\"\" \/><\/div>\n<\/div>\n<h2>\u00a0<\/h2>\n<p>\u00a0<\/p>\n<div style=\"margin-top: 0;margin-bottom: 0\">\n<div>\n<div>\n<div>\n<h2>\u00a0<\/h2>\n<h2>\u00a0<\/h2>\n<h2>\u00a0<\/h2>\n<h2>\u00a0<\/h2>\n<h2 style=\"text-align: center\"><span style=\"font-size: 24pt\"><i><b>\u00a0<\/b><\/i><\/span><\/h2>\n<h2 style=\"text-align: center\"><span style=\"font-size: 24pt\"><i><b>\u00a0<\/b><\/i><\/span><\/h2>\n<h2 style=\"text-align: center\"><span style=\"font-size: 24pt\"><i><b>\u00a0<\/b><\/i><\/span><\/h2>\n<h2 style=\"text-align: center\">\u00a0<\/h2>\n<\/div>\n<div style=\"flex-basis: 40%\">\n<p>\u00a0 \u00a0 \u00a0 \u00a0 \u00a0 \u00a0 \u00a0 \u00a0O grupo CriaMus, vinculado ao Laborat\u00f3rio de Educa\u00e7\u00e3o Musical da UFSM, desempenha um papel fundamental na produ\u00e7\u00e3o de materiais pedag\u00f3gico-musicais para a Educa\u00e7\u00e3o B\u00e1sica. Com o objetivo de contribuir para a Educa\u00e7\u00e3o Musical em diversos contextos, incluindo a escola de Educa\u00e7\u00e3o B\u00e1sica, o CriaMus cria materiais alinhados \u00e0 BNCC, como podcasts, composi\u00e7\u00f5es musicais, livros infantis e outros recursos gr\u00e1ficos. A equipe do CriaMus \u00e9 composta por oito profissionais, incluindo professores de Educa\u00e7\u00e3o B\u00e1sica e Educa\u00e7\u00e3o Superior, que utilizam suas experi\u00eancias e conhecimentos de sala de aula na elabora\u00e7\u00e3o e finaliza\u00e7\u00e3o dos materiais.<\/p>\n<p><span style=\"font-weight: var( --e-global-typography-text-font-weight );text-align: var(--bs-body-text-align)\">\u00a0 \u00a0 \u00a0 \u00a0 \u00a0 \u00a0 \u00a0 \u00a0O CriaMus est\u00e1 vinculado ao programa REDE B\u00c1SICA, um programa criado em 2020 e vinculado ao Minist\u00e9rio da Educa\u00e7\u00e3o e \u00e0 Universidade Federal de Santa Maria (UFSM). O REDE B\u00c1SICA visa apoiar a Educa\u00e7\u00e3o B\u00e1sica por meio de a\u00e7\u00f5es integradas de extens\u00e3o, ensino e pesquisa, produzindo recursos e materiais did\u00e1ticos colaborativos para estudantes sem acesso \u00e0 internet, utilizando canais de TV abertos e programas de r\u00e1dio.<\/span><\/p>\n<div>\n<div><a>Equipe<\/a><\/div>\n<\/div>\n<\/div>\n<\/div>\n<\/div>\n<\/div>\n<figure><img alt=\"\" \/><\/figure>\n<p><!-- \/wp:group --><\/p>\n<p><!-- wp:image {\"className\":\"is-style-rounded\"} --><\/p>\n<figure><img alt=\"\" \/><\/figure>\n<p><!-- \/wp:image --><\/p>\n<p><!-- wp:image {\"className\":\"is-style-rounded\"} --><\/p>\n<figure><img alt=\"\" \/><\/figure>\n<div>\n<div style=\"min-height: 50px;padding: var(--wp--preset--spacing--30)\">\n<div>\n<p><!-- \/wp:image --><\/p>\n<\/div>\n<\/div>\n<p><!-- \/wp:cover --><\/p>\n<\/div>\n<p><!-- \/wp:group --><\/p>\t\t\t\t\t\t<\/div>\n\t\t\t\t<\/div>\n\t\t\t\t\t<\/div>\n\t\t<\/div>\n\t\t\t\t\t<\/div>\n\t\t<\/section>\n\t\t\t\t<section class=\"elementor-section elementor-top-section elementor-element elementor-element-9dd0281 elementor-section-boxed elementor-section-height-default elementor-section-height-default\" data-id=\"9dd0281\" data-element_type=\"section\">\n\t\t\t\t\t\t<div class=\"elementor-container elementor-column-gap-default\">\n\t\t\t\t\t<div class=\"elementor-column elementor-col-25 elementor-top-column elementor-element elementor-element-5752691\" data-id=\"5752691\" data-element_type=\"column\">\n\t\t\t<div class=\"elementor-widget-wrap elementor-element-populated\">\n\t\t\t\t\t\t<div class=\"elementor-element elementor-element-fde568e elementor-widget elementor-widget-button\" data-id=\"fde568e\" data-element_type=\"widget\" data-widget_type=\"button.default\">\n\t\t\t\t<div class=\"elementor-widget-container\">\n\t\t\t\t\t\t\t<div class=\"elementor-button-wrapper\">\n\t\t\t\t\t<a class=\"elementor-button elementor-button-link elementor-size-sm\" href=\"#\">\n\t\t\t\t\t\t<span class=\"elementor-button-content-wrapper\">\n\t\t\t\t\t\t\t\t\t<span class=\"elementor-button-text\">Clique aqui<\/span>\n\t\t\t\t\t<\/span>\n\t\t\t\t\t<\/a>\n\t\t\t\t<\/div>\n\t\t\t\t\t\t<\/div>\n\t\t\t\t<\/div>\n\t\t\t\t\t<\/div>\n\t\t<\/div>\n\t\t\t\t<div class=\"elementor-column elementor-col-25 elementor-top-column elementor-element elementor-element-4d23c59\" data-id=\"4d23c59\" data-element_type=\"column\">\n\t\t\t<div class=\"elementor-widget-wrap\">\n\t\t\t\t\t\t\t<\/div>\n\t\t<\/div>\n\t\t\t\t<div class=\"elementor-column elementor-col-25 elementor-top-column elementor-element elementor-element-cb5dd01\" data-id=\"cb5dd01\" data-element_type=\"column\">\n\t\t\t<div class=\"elementor-widget-wrap\">\n\t\t\t\t\t\t\t<\/div>\n\t\t<\/div>\n\t\t\t\t<div class=\"elementor-column elementor-col-25 elementor-top-column elementor-element elementor-element-f23c37a\" data-id=\"f23c37a\" data-element_type=\"column\">\n\t\t\t<div class=\"elementor-widget-wrap\">\n\t\t\t\t\t\t\t<\/div>\n\t\t<\/div>\n\t\t\t\t\t<\/div>\n\t\t<\/section>\n\t\t\t\t<\/div>\n\t\t","protected":false},"excerpt":{"rendered":"<p>\u00a0 \u00a0 \u00a0 \u00a0 \u00a0 \u00a0 \u00a0 \u00a0 \u00a0 \u00a0 \u00a0 \u00a0 \u00a0 \u00a0 \u00a0 \u00a0 \u00a0 \u00a0O grupo CriaMus, vinculado ao Laborat\u00f3rio de Educa\u00e7\u00e3o Musical da UFSM, desempenha um papel fundamental na produ\u00e7\u00e3o de materiais pedag\u00f3gico-musicais para a Educa\u00e7\u00e3o B\u00e1sica. Com o objetivo de contribuir para a Educa\u00e7\u00e3o Musical em diversos contextos, incluindo a [&hellip;]<\/p>\n","protected":false},"author":8186,"featured_media":0,"parent":0,"menu_order":0,"comment_status":"closed","ping_status":"closed","template":"","meta":{"footnotes":""},"categories":[],"tags":[],"class_list":["post-527","page","type-page","status-publish","hentry"],"acf":[],"_links":{"self":[{"href":"https:\/\/www.ufsm.br\/laboratorios\/lem\/wp-json\/wp\/v2\/pages\/527","targetHints":{"allow":["GET"]}}],"collection":[{"href":"https:\/\/www.ufsm.br\/laboratorios\/lem\/wp-json\/wp\/v2\/pages"}],"about":[{"href":"https:\/\/www.ufsm.br\/laboratorios\/lem\/wp-json\/wp\/v2\/types\/page"}],"author":[{"embeddable":true,"href":"https:\/\/www.ufsm.br\/laboratorios\/lem\/wp-json\/wp\/v2\/users\/8186"}],"replies":[{"embeddable":true,"href":"https:\/\/www.ufsm.br\/laboratorios\/lem\/wp-json\/wp\/v2\/comments?post=527"}],"version-history":[{"count":0,"href":"https:\/\/www.ufsm.br\/laboratorios\/lem\/wp-json\/wp\/v2\/pages\/527\/revisions"}],"wp:attachment":[{"href":"https:\/\/www.ufsm.br\/laboratorios\/lem\/wp-json\/wp\/v2\/media?parent=527"}],"wp:term":[{"taxonomy":"category","embeddable":true,"href":"https:\/\/www.ufsm.br\/laboratorios\/lem\/wp-json\/wp\/v2\/categories?post=527"},{"taxonomy":"post_tag","embeddable":true,"href":"https:\/\/www.ufsm.br\/laboratorios\/lem\/wp-json\/wp\/v2\/tags?post=527"}],"curies":[{"name":"wp","href":"https:\/\/api.w.org\/{rel}","templated":true}]}}