{"id":574,"date":"2025-04-12T20:05:42","date_gmt":"2025-04-12T23:05:42","guid":{"rendered":"https:\/\/www.ufsm.br\/laboratorios\/lem\/?page_id=574"},"modified":"2025-04-12T20:57:20","modified_gmt":"2025-04-12T23:57:20","slug":"luizinho-e-meia-suja","status":"publish","type":"page","link":"https:\/\/www.ufsm.br\/laboratorios\/lem\/luizinho-e-meia-suja","title":{"rendered":"Luizinho e Meia Suja"},"content":{"rendered":"\t\t<div data-elementor-type=\"wp-page\" data-elementor-id=\"574\" class=\"elementor elementor-574\">\n\t\t\t\t\t\t<section class=\"elementor-section elementor-top-section elementor-element elementor-element-f136576 elementor-section-boxed elementor-section-height-default elementor-section-height-default\" data-id=\"f136576\" data-element_type=\"section\">\n\t\t\t\t\t\t<div class=\"elementor-container elementor-column-gap-default\">\n\t\t\t\t\t<div class=\"elementor-column elementor-col-100 elementor-top-column elementor-element elementor-element-6aabeb0\" data-id=\"6aabeb0\" data-element_type=\"column\">\n\t\t\t<div class=\"elementor-widget-wrap elementor-element-populated\">\n\t\t\t\t\t\t<div class=\"elementor-element elementor-element-13efcd6 elementor-widget elementor-widget-image\" data-id=\"13efcd6\" data-element_type=\"widget\" data-widget_type=\"image.default\">\n\t\t\t\t<div class=\"elementor-widget-container\">\n\t\t\t\t\t\t\t\t\t\t\t\t\t<img decoding=\"async\" src=\"https:\/\/www.ufsm.br\/app\/uploads\/sites\/695\/elementor\/thumbs\/WhatsApp-Image-2025-03-19-at-11.34.25-r49t1oq3264f2rya7ktx9cyd4u78a4vm1txcviefmo.jpeg\" title=\"WhatsApp Image 2025-03-19 at 11.34.25\" alt=\"WhatsApp Image 2025-03-19 at 11.34.25\" loading=\"lazy\" \/>\t\t\t\t\t\t\t\t\t\t\t\t\t<\/div>\n\t\t\t\t<\/div>\n\t\t\t\t\t<\/div>\n\t\t<\/div>\n\t\t\t\t\t<\/div>\n\t\t<\/section>\n\t\t\t\t<section class=\"elementor-section elementor-top-section elementor-element elementor-element-1836f12 elementor-section-boxed elementor-section-height-default elementor-section-height-default\" data-id=\"1836f12\" data-element_type=\"section\">\n\t\t\t\t\t\t<div class=\"elementor-container elementor-column-gap-default\">\n\t\t\t\t\t<div class=\"elementor-column elementor-col-100 elementor-top-column elementor-element elementor-element-20ad31b\" data-id=\"20ad31b\" data-element_type=\"column\">\n\t\t\t<div class=\"elementor-widget-wrap elementor-element-populated\">\n\t\t\t\t\t\t<div class=\"elementor-element elementor-element-9226796 elementor-widget elementor-widget-text-editor\" data-id=\"9226796\" data-element_type=\"widget\" data-widget_type=\"text-editor.default\">\n\t\t\t\t<div class=\"elementor-widget-container\">\n\t\t\t\t\t\t\t<blockquote>\n<p style=\"text-align: center\"><em>&#8220;Luizinho diz que fez amizade com um grilorocker, mais conhecido como Meia Suja. Como eles se conheceram? Ser\u00e1 que esse grilo tem o esp\u00edrito do Rock n\u2019 Roll? \u00c0s vezes, a resposta est\u00e1 bem na nossa frente!<\/em><\/p>\n<p style=\"text-align: center\"><em>Dois amigos que se unem para trilhar uma busca incans\u00e1vel pela&nbsp;<\/em><em style=\"font-weight: var( --e-global-typography-text-font-weight )\">Banda de Rock perdida&#8230;<\/em><\/p>\n<p style=\"text-align: center\"><em>Com voc\u00eas, a banda Sophia Nelore: Mr. Hereford na guitarra! Segurando os graves no baixo, Charol\u00eas! Red Angus dedilhando o teclado! Com precis\u00e3o impec\u00e1vel, Boi Zebu na batera! E Bell pronto para dominar o palco com sua voz de outro mundo!!<\/em><\/p>\n<p style=\"text-align: center\"><em>Uma est\u00f3ria que vale a pena ouvir!&nbsp;<\/em><em style=\"font-weight: var( --e-global-typography-text-font-weight )\">E a\u00ed? Topa embarcar nessa aventura animal pelo mundo do Rock?&#8221;<\/em><\/p><\/blockquote>\t\t\t\t\t\t<\/div>\n\t\t\t\t<\/div>\n\t\t\t\t\t<\/div>\n\t\t<\/div>\n\t\t\t\t\t<\/div>\n\t\t<\/section>\n\t\t\t\t<section class=\"elementor-section elementor-top-section elementor-element elementor-element-0d13bb5 elementor-section-boxed elementor-section-height-default elementor-section-height-default\" data-id=\"0d13bb5\" data-element_type=\"section\">\n\t\t\t\t\t\t<div class=\"elementor-container elementor-column-gap-default\">\n\t\t\t\t\t<div class=\"elementor-column elementor-col-66 elementor-top-column elementor-element elementor-element-361f10b\" data-id=\"361f10b\" data-element_type=\"column\">\n\t\t\t<div class=\"elementor-widget-wrap elementor-element-populated\">\n\t\t\t\t\t\t<div class=\"elementor-element elementor-element-40606aa elementor-widget elementor-widget-heading\" data-id=\"40606aa\" data-element_type=\"widget\" data-widget_type=\"heading.default\">\n\t\t\t\t<div class=\"elementor-widget-container\">\n\t\t\t<h5 class=\"elementor-heading-title elementor-size-default\"><a href=\"https:\/\/www.ufsm.br\/laboratorios\/lem\/saiba-mais-sobre-a-colecao-2?preview_id=576&#038;preview_nonce=ae5b72040c&#038;preview=true\">SAIBA MAIS SOBRE A COLE\u00c7\u00c3O<\/a><\/h5>\t\t<\/div>\n\t\t\t\t<\/div>\n\t\t\t\t\t<\/div>\n\t\t<\/div>\n\t\t\t\t<div class=\"elementor-column elementor-col-33 elementor-top-column elementor-element elementor-element-4eb7014\" data-id=\"4eb7014\" data-element_type=\"column\">\n\t\t\t<div class=\"elementor-widget-wrap\">\n\t\t\t\t\t\t\t<\/div>\n\t\t<\/div>\n\t\t\t\t\t<\/div>\n\t\t<\/section>\n\t\t\t\t<\/div>\n\t\t","protected":false},"excerpt":{"rendered":"<p>&#8220;Luizinho diz que fez amizade com um grilorocker, mais conhecido como Meia Suja. Como eles se conheceram? Ser\u00e1 que esse grilo tem o esp\u00edrito do Rock n\u2019 Roll? \u00c0s vezes, a resposta est\u00e1 bem na nossa frente! Dois amigos que se unem para trilhar uma busca incans\u00e1vel pela&nbsp;Banda de Rock perdida&#8230; Com voc\u00eas, a banda [&hellip;]<\/p>\n","protected":false},"author":8186,"featured_media":0,"parent":0,"menu_order":0,"comment_status":"closed","ping_status":"closed","template":"","meta":{"footnotes":""},"categories":[],"tags":[],"class_list":["post-574","page","type-page","status-publish","hentry"],"acf":[],"_links":{"self":[{"href":"https:\/\/www.ufsm.br\/laboratorios\/lem\/wp-json\/wp\/v2\/pages\/574","targetHints":{"allow":["GET"]}}],"collection":[{"href":"https:\/\/www.ufsm.br\/laboratorios\/lem\/wp-json\/wp\/v2\/pages"}],"about":[{"href":"https:\/\/www.ufsm.br\/laboratorios\/lem\/wp-json\/wp\/v2\/types\/page"}],"author":[{"embeddable":true,"href":"https:\/\/www.ufsm.br\/laboratorios\/lem\/wp-json\/wp\/v2\/users\/8186"}],"replies":[{"embeddable":true,"href":"https:\/\/www.ufsm.br\/laboratorios\/lem\/wp-json\/wp\/v2\/comments?post=574"}],"version-history":[{"count":0,"href":"https:\/\/www.ufsm.br\/laboratorios\/lem\/wp-json\/wp\/v2\/pages\/574\/revisions"}],"wp:attachment":[{"href":"https:\/\/www.ufsm.br\/laboratorios\/lem\/wp-json\/wp\/v2\/media?parent=574"}],"wp:term":[{"taxonomy":"category","embeddable":true,"href":"https:\/\/www.ufsm.br\/laboratorios\/lem\/wp-json\/wp\/v2\/categories?post=574"},{"taxonomy":"post_tag","embeddable":true,"href":"https:\/\/www.ufsm.br\/laboratorios\/lem\/wp-json\/wp\/v2\/tags?post=574"}],"curies":[{"name":"wp","href":"https:\/\/api.w.org\/{rel}","templated":true}]}}