{"id":70,"date":"2021-11-19T09:33:21","date_gmt":"2021-11-19T12:33:21","guid":{"rendered":"https:\/\/www.ufsm.br\/laboratorios\/lem\/?page_id=70"},"modified":"2022-10-18T21:36:26","modified_gmt":"2022-10-19T00:36:26","slug":"ensino","status":"publish","type":"page","link":"https:\/\/www.ufsm.br\/laboratorios\/lem\/ensino","title":{"rendered":"Ensino"},"content":{"rendered":"\t\t<div data-elementor-type=\"wp-page\" data-elementor-id=\"70\" class=\"elementor elementor-70\">\n\t\t\t\t\t\t<section class=\"elementor-section elementor-top-section elementor-element elementor-element-e016cbc elementor-section-boxed elementor-section-height-default elementor-section-height-default\" data-id=\"e016cbc\" data-element_type=\"section\">\n\t\t\t\t\t\t<div class=\"elementor-container elementor-column-gap-default\">\n\t\t\t\t\t<div class=\"elementor-column elementor-col-100 elementor-top-column elementor-element elementor-element-0c362c5\" data-id=\"0c362c5\" data-element_type=\"column\">\n\t\t\t<div class=\"elementor-widget-wrap elementor-element-populated\">\n\t\t\t\t\t\t<div class=\"elementor-element elementor-element-60a03ec elementor-widget elementor-widget-text-editor\" data-id=\"60a03ec\" data-element_type=\"widget\" data-widget_type=\"text-editor.default\">\n\t\t\t\t<div class=\"elementor-widget-container\">\n\t\t\t\t\t\t\t<p>No Laborat\u00f3rio de Educa\u00e7\u00e3o Musical s\u00e3o ministradas disciplinas vinculadas \u00e0 gradua\u00e7\u00e3o e ao p\u00f3s-gradua\u00e7\u00e3o, envolvendo os cursos de Pedagogia, Educa\u00e7\u00e3o Especial e M\u00fasica &#8211; Licenciatura, al\u00e9m de Semin\u00e1rios da Linha de Pesquisa Educa\u00e7\u00e3o e Artes (Educa\u00e7\u00e3o Musical), do PPGE. Como laborat\u00f3rio, o espa\u00e7o conta com instrumentos musicais tradicionais e alternativos, equipamento de som, jogos e materiais did\u00e1ticos, al\u00e9m de importante acervo de livros, disserta\u00e7\u00f5es, teses e monografias. Al\u00e9m disso, no LEM s\u00e3o ofertadas oficinas, palestras e forma\u00e7\u00f5es para a comunidade acad\u00eamica e externa \u00e0 UFSM.<\/p>\t\t\t\t\t\t<\/div>\n\t\t\t\t<\/div>\n\t\t\t\t\t<\/div>\n\t\t<\/div>\n\t\t\t\t\t<\/div>\n\t\t<\/section>\n\t\t\t\t<section class=\"elementor-section elementor-top-section elementor-element elementor-element-657d938 elementor-section-boxed elementor-section-height-default elementor-section-height-default\" data-id=\"657d938\" data-element_type=\"section\">\n\t\t\t\t\t\t<div class=\"elementor-container elementor-column-gap-default\">\n\t\t\t\t\t<div class=\"elementor-column elementor-col-100 elementor-top-column elementor-element elementor-element-2c2af0b\" data-id=\"2c2af0b\" data-element_type=\"column\">\n\t\t\t<div class=\"elementor-widget-wrap elementor-element-populated\">\n\t\t\t\t\t\t<div class=\"elementor-element elementor-element-9ca4310 elementor-absolute elementor-widget elementor-widget-text-editor\" data-id=\"9ca4310\" data-element_type=\"widget\" data-settings=\"{&quot;_position&quot;:&quot;absolute&quot;}\" data-widget_type=\"text-editor.default\">\n\t\t\t\t<div class=\"elementor-widget-container\">\n\t\t\t\t\t\t\t<h3><strong>Disciplinas Ministradas<\/strong><\/h3>\t\t\t\t\t\t<\/div>\n\t\t\t\t<\/div>\n\t\t\t\t\t<\/div>\n\t\t<\/div>\n\t\t\t\t\t<\/div>\n\t\t<\/section>\n\t\t\t\t<section class=\"elementor-section elementor-top-section elementor-element elementor-element-6467f6f elementor-section-boxed elementor-section-height-default elementor-section-height-default\" data-id=\"6467f6f\" data-element_type=\"section\">\n\t\t\t\t\t\t<div class=\"elementor-container elementor-column-gap-default\">\n\t\t\t\t\t<div class=\"elementor-column elementor-col-33 elementor-top-column elementor-element elementor-element-4cb9796\" data-id=\"4cb9796\" data-element_type=\"column\">\n\t\t\t<div class=\"elementor-widget-wrap elementor-element-populated\">\n\t\t\t\t\t\t<div class=\"elementor-element elementor-element-063109b elementor-widget elementor-widget-text-editor\" data-id=\"063109b\" data-element_type=\"widget\" data-widget_type=\"text-editor.default\">\n\t\t\t\t<div class=\"elementor-widget-container\">\n\t\t\t\t\t\t\t<h4><strong>Pedagogia Diurno<\/strong><\/h4><ul><li><h6>M\u00fasica e Educa\u00e7\u00e3o &#8211; 45h<\/h6><\/li><li><h6>Educa\u00e7\u00e3o Musical A &#8211; 60h<\/h6><\/li><\/ul><p><strong><a href=\"https:\/\/www.ufsm.br\/cursos\/graduacao\/santa-maria\/pedagogia\/projeto-pedagogico\">\u00a0 \u00a0 \u00a0 \u00a0 Matriz Curricular<\/a><\/strong><\/p>\t\t\t\t\t\t<\/div>\n\t\t\t\t<\/div>\n\t\t\t\t\t<\/div>\n\t\t<\/div>\n\t\t\t\t<div class=\"elementor-column elementor-col-33 elementor-top-column elementor-element elementor-element-827dbcc\" data-id=\"827dbcc\" data-element_type=\"column\">\n\t\t\t<div class=\"elementor-widget-wrap elementor-element-populated\">\n\t\t\t\t\t\t<div class=\"elementor-element elementor-element-1fd3e71 elementor-widget elementor-widget-text-editor\" data-id=\"1fd3e71\" data-element_type=\"widget\" data-widget_type=\"text-editor.default\">\n\t\t\t\t<div class=\"elementor-widget-container\">\n\t\t\t\t\t\t\t<h4><strong>Pedagogia Noturno<\/strong><\/h4><ul><li><h6>M\u00fasica e Educa\u00e7\u00e3o A<\/h6><\/li><\/ul><p><strong><a href=\"https:\/\/www.ufsm.br\/app\/uploads\/sites\/458\/2021\/10\/Matriz-Curriculo-Versao-2019.pdf\">\u00a0 \u00a0 \u00a0 \u00a0Matriz curricular<\/a><\/strong><\/p>\t\t\t\t\t\t<\/div>\n\t\t\t\t<\/div>\n\t\t\t\t\t<\/div>\n\t\t<\/div>\n\t\t\t\t<div class=\"elementor-column elementor-col-33 elementor-top-column elementor-element elementor-element-5d216e2\" data-id=\"5d216e2\" data-element_type=\"column\">\n\t\t\t<div class=\"elementor-widget-wrap elementor-element-populated\">\n\t\t\t\t\t\t<div class=\"elementor-element elementor-element-161de24 elementor-widget elementor-widget-text-editor\" data-id=\"161de24\" data-element_type=\"widget\" data-widget_type=\"text-editor.default\">\n\t\t\t\t<div class=\"elementor-widget-container\">\n\t\t\t\t\t\t\t<h4><strong>Educa\u00e7\u00e3o Especial &#8211; Diurno<\/strong><\/h4><ul><li><h6>Educa\u00e7\u00e3o Musical I &#8211; 45h<\/h6><\/li><\/ul>\t\t\t\t\t\t<\/div>\n\t\t\t\t<\/div>\n\t\t\t\t\t<\/div>\n\t\t<\/div>\n\t\t\t\t\t<\/div>\n\t\t<\/section>\n\t\t\t\t<section class=\"elementor-section elementor-top-section elementor-element elementor-element-a07d432 elementor-section-boxed elementor-section-height-default elementor-section-height-default\" data-id=\"a07d432\" data-element_type=\"section\">\n\t\t\t\t\t\t<div class=\"elementor-container elementor-column-gap-default\">\n\t\t\t\t\t<div class=\"elementor-column elementor-col-33 elementor-top-column elementor-element elementor-element-7b9dfcc\" data-id=\"7b9dfcc\" data-element_type=\"column\">\n\t\t\t<div class=\"elementor-widget-wrap elementor-element-populated\">\n\t\t\t\t\t\t<div class=\"elementor-element elementor-element-5f6d0c5 elementor-widget elementor-widget-text-editor\" data-id=\"5f6d0c5\" data-element_type=\"widget\" data-widget_type=\"text-editor.default\">\n\t\t\t\t<div class=\"elementor-widget-container\">\n\t\t\t\t\t\t\t<h4><strong>Educa\u00e7\u00e3o Especial &#8211; Noturno<\/strong><\/h4><ul><li><span style=\"font-size: 10pt\">Educa\u00e7\u00e3o Musical &#8211; 30h<\/span><\/li><\/ul>\t\t\t\t\t\t<\/div>\n\t\t\t\t<\/div>\n\t\t\t\t\t<\/div>\n\t\t<\/div>\n\t\t\t\t<div class=\"elementor-column elementor-col-33 elementor-top-column elementor-element elementor-element-7bc45b3\" data-id=\"7bc45b3\" data-element_type=\"column\">\n\t\t\t<div class=\"elementor-widget-wrap elementor-element-populated\">\n\t\t\t\t\t\t<div class=\"elementor-element elementor-element-ce32b09 elementor-widget elementor-widget-text-editor\" data-id=\"ce32b09\" data-element_type=\"widget\" data-widget_type=\"text-editor.default\">\n\t\t\t\t<div class=\"elementor-widget-container\">\n\t\t\t\t\t\t\t<h4><strong>M\u00fasica Licenciatura<\/strong><\/h4><ul><li><a href=\"https:\/\/www.ufsm.br\/ementario\/disciplinas\/MEN1348\">Did\u00e1tica Musical A &#8211; 60h<\/a><\/li><li><a href=\"https:\/\/www.ufsm.br\/ementario\/disciplinas\/MEN1349\">Did\u00e1tica Musical B &#8211; 45h <\/a><\/li><li><a href=\"https:\/\/www.ufsm.br\/ementario\/disciplinas\/MEN1351\">Est\u00e1gio Supervisionado A &#8211; 105h <\/a><\/li><li><a href=\"https:\/\/www.ufsm.br\/ementario\/disciplinas\/MEN1352\">Est\u00e1gio Supervisionado B &#8211; 105h <\/a><\/li><li><a href=\"https:\/\/www.ufsm.br\/ementario\/disciplinas\/MEN1353\">Est\u00e1gio Supervisionado C &#8211; 105h<\/a><\/li><li><a href=\"http:\/\/- https:\/\/www.ufsm.br\/ementario\/disciplinas\/MEN1354\" data-wplink-url-error=\"true\">Est\u00e1gio Supervisionado D &#8211; 90h<\/a><\/li><\/ul>\t\t\t\t\t\t<\/div>\n\t\t\t\t<\/div>\n\t\t\t\t\t<\/div>\n\t\t<\/div>\n\t\t\t\t<div class=\"elementor-column elementor-col-33 elementor-top-column elementor-element elementor-element-eeffba6\" data-id=\"eeffba6\" data-element_type=\"column\">\n\t\t\t<div class=\"elementor-widget-wrap\">\n\t\t\t\t\t\t\t<\/div>\n\t\t<\/div>\n\t\t\t\t\t<\/div>\n\t\t<\/section>\n\t\t\t\t<section class=\"elementor-section elementor-top-section elementor-element elementor-element-579fcb3 elementor-section-boxed elementor-section-height-default elementor-section-height-default\" data-id=\"579fcb3\" data-element_type=\"section\">\n\t\t\t\t\t\t<div class=\"elementor-container elementor-column-gap-default\">\n\t\t\t\t\t<div class=\"elementor-column elementor-col-33 elementor-top-column elementor-element elementor-element-d644db3\" data-id=\"d644db3\" data-element_type=\"column\">\n\t\t\t<div class=\"elementor-widget-wrap elementor-element-populated\">\n\t\t\t\t\t\t<div class=\"elementor-element elementor-element-cf2ab9f elementor-widget elementor-widget-image\" data-id=\"cf2ab9f\" data-element_type=\"widget\" data-settings=\"{&quot;_animation&quot;:&quot;none&quot;}\" data-widget_type=\"image.default\">\n\t\t\t\t<div class=\"elementor-widget-container\">\n\t\t\t\t\t\t\t\t\t\t\t\t\t\t<a href=\"https:\/\/www.ufsm.br\/laboratorios\/lem\/pedagogia\/\">\n\t\t\t\t\t\t\t<img fetchpriority=\"high\" decoding=\"async\" width=\"1024\" height=\"768\" src=\"https:\/\/www.ufsm.br\/app\/uploads\/sites\/695\/2022\/10\/20220720_154506-1024x768.jpg\" class=\"attachment-large size-large wp-image-336\" alt=\"\" srcset=\"https:\/\/www.ufsm.br\/app\/uploads\/sites\/695\/2022\/10\/20220720_154506-1024x768.jpg 1024w, https:\/\/www.ufsm.br\/app\/uploads\/sites\/695\/2022\/10\/20220720_154506-300x225.jpg 300w, https:\/\/www.ufsm.br\/app\/uploads\/sites\/695\/2022\/10\/20220720_154506-768x576.jpg 768w, https:\/\/www.ufsm.br\/app\/uploads\/sites\/695\/2022\/10\/20220720_154506-1536x1152.jpg 1536w, https:\/\/www.ufsm.br\/app\/uploads\/sites\/695\/2022\/10\/20220720_154506.jpg 1920w\" sizes=\"(max-width: 1024px) 100vw, 1024px\" \/>\t\t\t\t\t\t\t\t<\/a>\n\t\t\t\t\t\t\t\t\t\t\t\t\t<\/div>\n\t\t\t\t<\/div>\n\t\t\t\t\t<\/div>\n\t\t<\/div>\n\t\t\t\t<div class=\"elementor-column elementor-col-33 elementor-top-column elementor-element elementor-element-5731652\" data-id=\"5731652\" data-element_type=\"column\">\n\t\t\t<div class=\"elementor-widget-wrap elementor-element-populated\">\n\t\t\t\t\t\t<div class=\"elementor-element elementor-element-635feab elementor-widget elementor-widget-image\" data-id=\"635feab\" data-element_type=\"widget\" data-widget_type=\"image.default\">\n\t\t\t\t<div class=\"elementor-widget-container\">\n\t\t\t\t\t\t\t\t\t\t\t\t\t\t<a href=\"https:\/\/www.ufsm.br\/laboratorios\/lem\/didatica-musical\">\n\t\t\t\t\t\t\t<img decoding=\"async\" width=\"1024\" height=\"768\" src=\"https:\/\/www.ufsm.br\/app\/uploads\/sites\/695\/2022\/10\/100_7424-1024x768-1.jpg\" class=\"attachment-large size-large wp-image-342\" alt=\"\" srcset=\"https:\/\/www.ufsm.br\/app\/uploads\/sites\/695\/2022\/10\/100_7424-1024x768-1.jpg 1024w, https:\/\/www.ufsm.br\/app\/uploads\/sites\/695\/2022\/10\/100_7424-1024x768-1-300x225.jpg 300w, https:\/\/www.ufsm.br\/app\/uploads\/sites\/695\/2022\/10\/100_7424-1024x768-1-768x576.jpg 768w\" sizes=\"(max-width: 1024px) 100vw, 1024px\" \/>\t\t\t\t\t\t\t\t<\/a>\n\t\t\t\t\t\t\t\t\t\t\t\t\t<\/div>\n\t\t\t\t<\/div>\n\t\t\t\t\t<\/div>\n\t\t<\/div>\n\t\t\t\t<div class=\"elementor-column elementor-col-33 elementor-top-column elementor-element elementor-element-2865ee6\" data-id=\"2865ee6\" data-element_type=\"column\">\n\t\t\t<div class=\"elementor-widget-wrap elementor-element-populated\">\n\t\t\t\t\t\t<div class=\"elementor-element elementor-element-33369be elementor-widget elementor-widget-image\" data-id=\"33369be\" data-element_type=\"widget\" data-widget_type=\"image.default\">\n\t\t\t\t<div class=\"elementor-widget-container\">\n\t\t\t\t\t\t\t\t\t\t\t\t\t<img decoding=\"async\" width=\"1024\" height=\"768\" src=\"https:\/\/www.ufsm.br\/app\/uploads\/sites\/695\/2022\/10\/20211207_093233-1024x768.jpg\" class=\"attachment-large size-large wp-image-251\" alt=\"\" srcset=\"https:\/\/www.ufsm.br\/app\/uploads\/sites\/695\/2022\/10\/20211207_093233-1024x768.jpg 1024w, https:\/\/www.ufsm.br\/app\/uploads\/sites\/695\/2022\/10\/20211207_093233-300x225.jpg 300w, https:\/\/www.ufsm.br\/app\/uploads\/sites\/695\/2022\/10\/20211207_093233-768x576.jpg 768w, https:\/\/www.ufsm.br\/app\/uploads\/sites\/695\/2022\/10\/20211207_093233-1536x1152.jpg 1536w, https:\/\/www.ufsm.br\/app\/uploads\/sites\/695\/2022\/10\/20211207_093233.jpg 1920w\" sizes=\"(max-width: 1024px) 100vw, 1024px\" \/>\t\t\t\t\t\t\t\t\t\t\t\t\t<\/div>\n\t\t\t\t<\/div>\n\t\t\t\t\t<\/div>\n\t\t<\/div>\n\t\t\t\t\t<\/div>\n\t\t<\/section>\n\t\t\t\t<section class=\"elementor-section elementor-top-section elementor-element elementor-element-3e02c6a elementor-section-boxed elementor-section-height-default elementor-section-height-default\" data-id=\"3e02c6a\" data-element_type=\"section\">\n\t\t\t\t\t\t<div class=\"elementor-container elementor-column-gap-default\">\n\t\t\t\t\t<div class=\"elementor-column elementor-col-33 elementor-top-column elementor-element elementor-element-b2199b2\" data-id=\"b2199b2\" data-element_type=\"column\">\n\t\t\t<div class=\"elementor-widget-wrap elementor-element-populated\">\n\t\t\t\t\t\t<div class=\"elementor-element elementor-element-6dd432a elementor-absolute elementor-widget elementor-widget-text-editor\" data-id=\"6dd432a\" data-element_type=\"widget\" data-settings=\"{&quot;_position&quot;:&quot;absolute&quot;}\" data-widget_type=\"text-editor.default\">\n\t\t\t\t<div class=\"elementor-widget-container\">\n\t\t\t\t\t\t\t<p style=\"text-align: center\"><strong><a href=\"https:\/\/www.ufsm.br\/laboratorios\/lem\/pedagogia\">Pedagogia e Educa\u00e7\u00e3o Especial<\/a><\/strong><\/p>\t\t\t\t\t\t<\/div>\n\t\t\t\t<\/div>\n\t\t\t\t\t<\/div>\n\t\t<\/div>\n\t\t\t\t<div class=\"elementor-column elementor-col-33 elementor-top-column elementor-element elementor-element-5aaf508\" data-id=\"5aaf508\" data-element_type=\"column\">\n\t\t\t<div class=\"elementor-widget-wrap elementor-element-populated\">\n\t\t\t\t\t\t<div class=\"elementor-element elementor-element-7f04d9a elementor-absolute elementor-widget elementor-widget-text-editor\" data-id=\"7f04d9a\" data-element_type=\"widget\" data-settings=\"{&quot;_position&quot;:&quot;absolute&quot;}\" data-widget_type=\"text-editor.default\">\n\t\t\t\t<div class=\"elementor-widget-container\">\n\t\t\t\t\t\t\t<p style=\"text-align: center\"><a href=\"https:\/\/www.ufsm.br\/laboratorios\/lem\/didatica-musical\"><strong>Did\u00e1tica Musical<\/strong><\/a><\/p>\t\t\t\t\t\t<\/div>\n\t\t\t\t<\/div>\n\t\t\t\t\t<\/div>\n\t\t<\/div>\n\t\t\t\t<div class=\"elementor-column elementor-col-33 elementor-top-column elementor-element elementor-element-0726c57\" data-id=\"0726c57\" data-element_type=\"column\">\n\t\t\t<div class=\"elementor-widget-wrap elementor-element-populated\">\n\t\t\t\t\t\t<div class=\"elementor-element elementor-element-cfb5327 elementor-absolute elementor-widget elementor-widget-text-editor\" data-id=\"cfb5327\" data-element_type=\"widget\" data-settings=\"{&quot;_position&quot;:&quot;absolute&quot;}\" data-widget_type=\"text-editor.default\">\n\t\t\t\t<div class=\"elementor-widget-container\">\n\t\t\t\t\t\t\t<p style=\"text-align: center\"><strong><a href=\"https:\/\/www.ufsm.br\/laboratorios\/lem\/estagio-supervisionado\/\">Est\u00e1gio Supervisionado<\/a><\/strong><\/p>\t\t\t\t\t\t<\/div>\n\t\t\t\t<\/div>\n\t\t\t\t\t<\/div>\n\t\t<\/div>\n\t\t\t\t\t<\/div>\n\t\t<\/section>\n\t\t\t\t<\/div>\n\t\t","protected":false},"excerpt":{"rendered":"<p>No Laborat\u00f3rio de Educa\u00e7\u00e3o Musical s\u00e3o ministradas disciplinas vinculadas \u00e0 gradua\u00e7\u00e3o e ao p\u00f3s-gradua\u00e7\u00e3o, envolvendo os cursos de Pedagogia, Educa\u00e7\u00e3o Especial e M\u00fasica &#8211; Licenciatura, al\u00e9m de Semin\u00e1rios da Linha de Pesquisa Educa\u00e7\u00e3o e Artes (Educa\u00e7\u00e3o Musical), do PPGE. Como laborat\u00f3rio, o espa\u00e7o conta com instrumentos musicais tradicionais e alternativos, equipamento de som, jogos e [&hellip;]<\/p>\n","protected":false},"author":867,"featured_media":0,"parent":0,"menu_order":0,"comment_status":"closed","ping_status":"closed","template":"","meta":{"footnotes":""},"categories":[],"tags":[],"class_list":["post-70","page","type-page","status-publish","hentry"],"acf":[],"_links":{"self":[{"href":"https:\/\/www.ufsm.br\/laboratorios\/lem\/wp-json\/wp\/v2\/pages\/70","targetHints":{"allow":["GET"]}}],"collection":[{"href":"https:\/\/www.ufsm.br\/laboratorios\/lem\/wp-json\/wp\/v2\/pages"}],"about":[{"href":"https:\/\/www.ufsm.br\/laboratorios\/lem\/wp-json\/wp\/v2\/types\/page"}],"author":[{"embeddable":true,"href":"https:\/\/www.ufsm.br\/laboratorios\/lem\/wp-json\/wp\/v2\/users\/867"}],"replies":[{"embeddable":true,"href":"https:\/\/www.ufsm.br\/laboratorios\/lem\/wp-json\/wp\/v2\/comments?post=70"}],"version-history":[{"count":0,"href":"https:\/\/www.ufsm.br\/laboratorios\/lem\/wp-json\/wp\/v2\/pages\/70\/revisions"}],"wp:attachment":[{"href":"https:\/\/www.ufsm.br\/laboratorios\/lem\/wp-json\/wp\/v2\/media?parent=70"}],"wp:term":[{"taxonomy":"category","embeddable":true,"href":"https:\/\/www.ufsm.br\/laboratorios\/lem\/wp-json\/wp\/v2\/categories?post=70"},{"taxonomy":"post_tag","embeddable":true,"href":"https:\/\/www.ufsm.br\/laboratorios\/lem\/wp-json\/wp\/v2\/tags?post=70"}],"curies":[{"name":"wp","href":"https:\/\/api.w.org\/{rel}","templated":true}]}}