{"id":116,"date":"2022-09-09T08:59:55","date_gmt":"2022-09-09T11:59:55","guid":{"rendered":"https:\/\/www.ufsm.br\/laboratorios\/lema-ct\/?page_id=116"},"modified":"2025-01-21T08:22:40","modified_gmt":"2025-01-21T11:22:40","slug":"setores","status":"publish","type":"page","link":"https:\/\/www.ufsm.br\/laboratorios\/lema-ct\/setores","title":{"rendered":"Setores"},"content":{"rendered":"\t\t<div data-elementor-type=\"wp-page\" data-elementor-id=\"116\" class=\"elementor elementor-116\">\n\t\t\t\t\t\t<section class=\"elementor-section elementor-top-section elementor-element elementor-element-c3c6f96 elementor-section-boxed elementor-section-height-default elementor-section-height-default\" data-id=\"c3c6f96\" data-element_type=\"section\">\n\t\t\t\t\t\t<div class=\"elementor-container elementor-column-gap-default\">\n\t\t\t\t\t<div class=\"elementor-column elementor-col-100 elementor-top-column elementor-element elementor-element-492b6e5\" data-id=\"492b6e5\" data-element_type=\"column\">\n\t\t\t<div class=\"elementor-widget-wrap elementor-element-populated\">\n\t\t\t\t\t\t<div class=\"elementor-element elementor-element-a8fa0b7 elementor-widget elementor-widget-heading\" data-id=\"a8fa0b7\" data-element_type=\"widget\" data-widget_type=\"heading.default\">\n\t\t\t\t<div class=\"elementor-widget-container\">\n\t\t\t<h5 class=\"elementor-heading-title elementor-size-default\">O LEMA \u00e9 composto pelos seguintes setores:<\/h5>\t\t<\/div>\n\t\t\t\t<\/div>\n\t\t\t\t\t<\/div>\n\t\t<\/div>\n\t\t\t\t\t<\/div>\n\t\t<\/section>\n\t\t\t\t<section class=\"elementor-section elementor-top-section elementor-element elementor-element-091a0dc elementor-section-boxed elementor-section-height-default elementor-section-height-default\" data-id=\"091a0dc\" data-element_type=\"section\">\n\t\t\t\t\t\t<div class=\"elementor-container elementor-column-gap-default\">\n\t\t\t\t\t<div class=\"elementor-column elementor-col-100 elementor-top-column elementor-element elementor-element-0cb87dc\" data-id=\"0cb87dc\" data-element_type=\"column\">\n\t\t\t<div class=\"elementor-widget-wrap elementor-element-populated\">\n\t\t\t\t\t\t<div class=\"elementor-element elementor-element-bb9e2d4 elementor-widget elementor-widget-toggle\" data-id=\"bb9e2d4\" data-element_type=\"widget\" data-widget_type=\"toggle.default\">\n\t\t\t\t<div class=\"elementor-widget-container\">\n\t\t\t\t\t<div class=\"elementor-toggle\">\n\t\t\t\t\t\t\t<div class=\"elementor-toggle-item\">\n\t\t\t\t\t<div id=\"elementor-tab-title-1961\" class=\"elementor-tab-title\" data-tab=\"1\" role=\"button\" aria-controls=\"elementor-tab-content-1961\" aria-expanded=\"false\">\n\t\t\t\t\t\t\t\t\t\t\t\t<span class=\"elementor-toggle-icon elementor-toggle-icon-left\" aria-hidden=\"true\">\n\t\t\t\t\t\t\t\t\t\t\t\t\t\t\t<span class=\"elementor-toggle-icon-closed\"><i class=\"fas fa-caret-right\"><\/i><\/span>\n\t\t\t\t\t\t\t\t<span class=\"elementor-toggle-icon-opened\"><i class=\"elementor-toggle-icon-opened fas fa-caret-up\"><\/i><\/span>\n\t\t\t\t\t\t\t\t\t\t\t\t\t<\/span>\n\t\t\t\t\t\t\t\t\t\t\t\t<a class=\"elementor-toggle-title\" tabindex=\"0\">An\u00e1lises F\u00edsico-Qu\u00edmicas<\/a>\n\t\t\t\t\t<\/div>\n\n\t\t\t\t\t<div id=\"elementor-tab-content-1961\" class=\"elementor-tab-content elementor-clearfix\" data-tab=\"1\" role=\"region\" aria-labelledby=\"elementor-tab-title-1961\"><p>O Setor de An\u00e1lises F\u00edsico-Qu\u00edmicas realiza ensaios em \u00e1guas subterr\u00e2neas e superficiais, efluentes dom\u00e9sticos e industriais, divididos em 4 categorias:<\/p><p><strong>a) Par\u00e2metros Gravim\u00e9tricos<\/strong>: Determina\u00e7\u00e3o de s\u00f3lidos totais, s\u00f3lidos dissolvidos totais, s\u00f3lidos suspensos totais, s\u00f3lidos fixos e vol\u00e1teis e s\u00f3lidos sediment\u00e1veis.<\/p><p><strong>b) Par\u00e2metros F\u00edsicos<\/strong>: Determina\u00e7\u00e3o da temperatura, pH, cor, turbidez e condutividade.<\/p><p><strong>c) Par\u00e2metros Qu\u00edmicos Titulom\u00e9tricos<\/strong>: Determina\u00e7\u00e3o da DQO (demanda qu\u00edmica de oxig\u00eanio), acidez, alcalinidade e dureza.<\/p><p><strong>d) Par\u00e2metros Qu\u00edmicos Cromatogr\u00e1ficos<\/strong>: Determina\u00e7\u00e3o de fluoreto, cloreto, brometo, nitrito, nitrato, fosfato e sulfato via cromatografia i\u00f4nica.<\/p><\/div>\n\t\t\t\t<\/div>\n\t\t\t\t\t\t\t<div class=\"elementor-toggle-item\">\n\t\t\t\t\t<div id=\"elementor-tab-title-1962\" class=\"elementor-tab-title\" data-tab=\"2\" role=\"button\" aria-controls=\"elementor-tab-content-1962\" aria-expanded=\"false\">\n\t\t\t\t\t\t\t\t\t\t\t\t<span class=\"elementor-toggle-icon elementor-toggle-icon-left\" aria-hidden=\"true\">\n\t\t\t\t\t\t\t\t\t\t\t\t\t\t\t<span class=\"elementor-toggle-icon-closed\"><i class=\"fas fa-caret-right\"><\/i><\/span>\n\t\t\t\t\t\t\t\t<span class=\"elementor-toggle-icon-opened\"><i class=\"elementor-toggle-icon-opened fas fa-caret-up\"><\/i><\/span>\n\t\t\t\t\t\t\t\t\t\t\t\t\t<\/span>\n\t\t\t\t\t\t\t\t\t\t\t\t<a class=\"elementor-toggle-title\" tabindex=\"0\">Microbiolgia<\/a>\n\t\t\t\t\t<\/div>\n\n\t\t\t\t\t<div id=\"elementor-tab-content-1962\" class=\"elementor-tab-content elementor-clearfix\" data-tab=\"2\" role=\"region\" aria-labelledby=\"elementor-tab-title-1962\"><p>O Setor de Microbiologia realiza os seguintes ensaios em \u00e1guas subterr\u00e2neas e superficiais, efluentes dom\u00e9sticos e industriais: Determina\u00e7\u00e3o da DBO (demanda bioqu\u00edmica de oxig\u00eanio), determina\u00e7\u00e3o de coliformes totais e determina\u00e7\u00e3o de coliformes termotolerantes.<\/p><\/div>\n\t\t\t\t<\/div>\n\t\t\t\t\t\t\t<div class=\"elementor-toggle-item\">\n\t\t\t\t\t<div id=\"elementor-tab-title-1963\" class=\"elementor-tab-title\" data-tab=\"3\" role=\"button\" aria-controls=\"elementor-tab-content-1963\" aria-expanded=\"false\">\n\t\t\t\t\t\t\t\t\t\t\t\t<span class=\"elementor-toggle-icon elementor-toggle-icon-left\" aria-hidden=\"true\">\n\t\t\t\t\t\t\t\t\t\t\t\t\t\t\t<span class=\"elementor-toggle-icon-closed\"><i class=\"fas fa-caret-right\"><\/i><\/span>\n\t\t\t\t\t\t\t\t<span class=\"elementor-toggle-icon-opened\"><i class=\"elementor-toggle-icon-opened fas fa-caret-up\"><\/i><\/span>\n\t\t\t\t\t\t\t\t\t\t\t\t\t<\/span>\n\t\t\t\t\t\t\t\t\t\t\t\t<a class=\"elementor-toggle-title\" tabindex=\"0\">Processos<\/a>\n\t\t\t\t\t<\/div>\n\n\t\t\t\t\t<div id=\"elementor-tab-content-1963\" class=\"elementor-tab-content elementor-clearfix\" data-tab=\"3\" role=\"region\" aria-labelledby=\"elementor-tab-title-1963\"><p>O Setor de Processos destina-se a investiga\u00e7\u00e3o de par\u00e2metros de controle em opera\u00e7\u00f5es unit\u00e1rias visando, principalmente, o tratamento de \u00e1guas, efluentes l\u00edquidos e lodos industriais. O laborat\u00f3rio possui equipamentos de separa\u00e7\u00e3o de fases (sedimenta\u00e7\u00e3o, filtra\u00e7\u00e3o, osmose reversa, flota\u00e7\u00e3o a ar dissolvido) em regimes cont\u00ednuo e descont\u00ednuo. O laborat\u00f3rio possui capacidade para estudos de transfer\u00eancia de fase em regime cont\u00ednuo e descont\u00ednuo para polimento de efluentes industriais; estudos de oxida\u00e7\u00e3o qu\u00edmica via Processos Oxidativos Avan\u00e7ados (incluso reator para fot\u00f3lise); e estudos de adensamento e tratamento de lodos.<\/p><\/div>\n\t\t\t\t<\/div>\n\t\t\t\t\t\t\t<div class=\"elementor-toggle-item\">\n\t\t\t\t\t<div id=\"elementor-tab-title-1964\" class=\"elementor-tab-title\" data-tab=\"4\" role=\"button\" aria-controls=\"elementor-tab-content-1964\" aria-expanded=\"false\">\n\t\t\t\t\t\t\t\t\t\t\t\t<span class=\"elementor-toggle-icon elementor-toggle-icon-left\" aria-hidden=\"true\">\n\t\t\t\t\t\t\t\t\t\t\t\t\t\t\t<span class=\"elementor-toggle-icon-closed\"><i class=\"fas fa-caret-right\"><\/i><\/span>\n\t\t\t\t\t\t\t\t<span class=\"elementor-toggle-icon-opened\"><i class=\"elementor-toggle-icon-opened fas fa-caret-up\"><\/i><\/span>\n\t\t\t\t\t\t\t\t\t\t\t\t\t<\/span>\n\t\t\t\t\t\t\t\t\t\t\t\t<a class=\"elementor-toggle-title\" tabindex=\"0\">Gest\u00e3o de Recursos H\u00eddricos<\/a>\n\t\t\t\t\t<\/div>\n\n\t\t\t\t\t<div id=\"elementor-tab-content-1964\" class=\"elementor-tab-content elementor-clearfix\" data-tab=\"4\" role=\"region\" aria-labelledby=\"elementor-tab-title-1964\"><p>O setor de Gest\u00e3o dos Recursos H\u00eddricos realiza atividades junto a entidades p\u00fablicas e privadas, estudos e solu\u00e7\u00f5es de quest\u00f5es t\u00e9cnicas na \u00e1rea de engenharia do meio ambiente, tais como: aplica\u00e7\u00e3o e desenvolvimento de metodologias para os instrumentos de gest\u00e3o de recursos h\u00eddricos: Planos de Recursos H\u00eddricos; Enquadramento dos corpos de \u00e1gua; Outorga dos direitos de uso de recursos h\u00eddricos; Cobran\u00e7a pelo uso de recursos h\u00eddricos; e Sistema de Informa\u00e7\u00f5es sobre Recursos H\u00eddricos.<\/p><\/div>\n\t\t\t\t<\/div>\n\t\t\t\t\t\t\t<div class=\"elementor-toggle-item\">\n\t\t\t\t\t<div id=\"elementor-tab-title-1965\" class=\"elementor-tab-title\" data-tab=\"5\" role=\"button\" aria-controls=\"elementor-tab-content-1965\" aria-expanded=\"false\">\n\t\t\t\t\t\t\t\t\t\t\t\t<span class=\"elementor-toggle-icon elementor-toggle-icon-left\" aria-hidden=\"true\">\n\t\t\t\t\t\t\t\t\t\t\t\t\t\t\t<span class=\"elementor-toggle-icon-closed\"><i class=\"fas fa-caret-right\"><\/i><\/span>\n\t\t\t\t\t\t\t\t<span class=\"elementor-toggle-icon-opened\"><i class=\"elementor-toggle-icon-opened fas fa-caret-up\"><\/i><\/span>\n\t\t\t\t\t\t\t\t\t\t\t\t\t<\/span>\n\t\t\t\t\t\t\t\t\t\t\t\t<a class=\"elementor-toggle-title\" tabindex=\"0\">Hidrometria e Hidrossedimentometria<\/a>\n\t\t\t\t\t<\/div>\n\n\t\t\t\t\t<div id=\"elementor-tab-content-1965\" class=\"elementor-tab-content elementor-clearfix\" data-tab=\"5\" role=\"region\" aria-labelledby=\"elementor-tab-title-1965\"><p>As atividades realizadas no Setor de Hidrometria e Hidrossedimentometria envolvem as medi\u00e7\u00f5es de vaz\u00f5es l\u00edquidas para estabelecimento da curva chave, al\u00e9m do monitoramento da precipita\u00e7\u00e3o, n\u00edvel de \u00e1gua, descarga e concentra\u00e7\u00e3o de s\u00f3lidos em suspens\u00e3o. As medi\u00e7\u00f5es de descarga l\u00edquida s\u00e3o realizadas com o m\u00e9todo volum\u00e9trico, flutuadores, dispositivos regulares (vertedores e calhas), molinetes hidrom\u00e9tricos e equipamentos ac\u00fasticos. As descargas s\u00f3lidas s\u00e3o estimadas por meio de coletas em campo com amostradores de sedimentos e an\u00e1lises laboratoriais destas amostras.<\/p><\/div>\n\t\t\t\t<\/div>\n\t\t\t\t\t\t\t<div class=\"elementor-toggle-item\">\n\t\t\t\t\t<div id=\"elementor-tab-title-1966\" class=\"elementor-tab-title\" data-tab=\"6\" role=\"button\" aria-controls=\"elementor-tab-content-1966\" aria-expanded=\"false\">\n\t\t\t\t\t\t\t\t\t\t\t\t<span class=\"elementor-toggle-icon elementor-toggle-icon-left\" aria-hidden=\"true\">\n\t\t\t\t\t\t\t\t\t\t\t\t\t\t\t<span class=\"elementor-toggle-icon-closed\"><i class=\"fas fa-caret-right\"><\/i><\/span>\n\t\t\t\t\t\t\t\t<span class=\"elementor-toggle-icon-opened\"><i class=\"elementor-toggle-icon-opened fas fa-caret-up\"><\/i><\/span>\n\t\t\t\t\t\t\t\t\t\t\t\t\t<\/span>\n\t\t\t\t\t\t\t\t\t\t\t\t<a class=\"elementor-toggle-title\" tabindex=\"0\">Mec\u00e2nica dos Flu\u00eddos e Hidr\u00e1ulica<\/a>\n\t\t\t\t\t<\/div>\n\n\t\t\t\t\t<div id=\"elementor-tab-content-1966\" class=\"elementor-tab-content elementor-clearfix\" data-tab=\"6\" role=\"region\" aria-labelledby=\"elementor-tab-title-1966\"><p>O Setor de Mec\u00e2nica dos Fluidos e Hidr\u00e1ulica conta com um reservat\u00f3rio de 130 m\u00b3 que abastece um circuito fechado para escoamento em canal. Conta tamb\u00e9m com caixas calibradas e canais de retorno. O canal tem capacidade de circula\u00e7\u00e3o de uma vaz\u00e3o de at\u00e9 1 m\u00b3.s<sup>-1<\/sup>, com medi\u00e7\u00e3o feita atrav\u00e9s de vertedouro e de at\u00e9 0,5 m\u00b3.s<sup>-1<\/sup>, com medi\u00e7\u00e3o volum\u00e9trica de vaz\u00e3o na caixa calibrada.<\/p>\n<p>Atualmente encontra-se com o canal e as caixas calibradas em opera\u00e7\u00e3o, equipado com bomba IMBIL, tipo 250 290, 1750 RPM, vaz\u00e3o: 300 m\u00b3.h<sup>-1<\/sup> e inversor de frequ\u00eancia que possibilita o seu funcionamento com diferentes vaz\u00f5es.&nbsp;<\/p>\n<p>O laborat\u00f3rio conta ainda com bancadas para ensaio de bombas centr\u00edfugas, Turbinas Pelton e Francis, e de turbina tipo H\u00e9lice Revers\u00edvel (\u00e1gua), para estudo de perda de carga em l\u00edquidos em movimento (\u00e1gua) e de Hidr\u00e1ulica; condutos for\u00e7ados e canais (\u00e1gua).<\/p><p>O laborat\u00f3rio tamb\u00e9m possui capacidade para simula\u00e7\u00e3o CFD em computadores de \u00faltima gera\u00e7\u00e3o, utilizando softwares como ANSYS e OPENFOAM. Esses computadores de alta capacidade processam c\u00e1lculos com alto desempenho, assegurando rapidez e precis\u00e3o. A integra\u00e7\u00e3o de um supercomputador em projetos de pesquisa proporciona uma infraestrutura robusta para a execu\u00e7\u00e3o de simula\u00e7\u00f5es em larga escala, oferecendo a alunos e pesquisadores a oportunidade de desenvolver habilidades essenciais para trabalhar com sistemas de ponta e se preparar para os desafios tecnol\u00f3gicos do futuro.<br><\/p><\/div>\n\t\t\t\t<\/div>\n\t\t\t\t\t\t\t<div class=\"elementor-toggle-item\">\n\t\t\t\t\t<div id=\"elementor-tab-title-1967\" class=\"elementor-tab-title\" data-tab=\"7\" role=\"button\" aria-controls=\"elementor-tab-content-1967\" aria-expanded=\"false\">\n\t\t\t\t\t\t\t\t\t\t\t\t<span class=\"elementor-toggle-icon elementor-toggle-icon-left\" aria-hidden=\"true\">\n\t\t\t\t\t\t\t\t\t\t\t\t\t\t\t<span class=\"elementor-toggle-icon-closed\"><i class=\"fas fa-caret-right\"><\/i><\/span>\n\t\t\t\t\t\t\t\t<span class=\"elementor-toggle-icon-opened\"><i class=\"elementor-toggle-icon-opened fas fa-caret-up\"><\/i><\/span>\n\t\t\t\t\t\t\t\t\t\t\t\t\t<\/span>\n\t\t\t\t\t\t\t\t\t\t\t\t<a class=\"elementor-toggle-title\" tabindex=\"0\">Ecotecnologias e Instala\u00e7\u00f5es Prediais<\/a>\n\t\t\t\t\t<\/div>\n\n\t\t\t\t\t<div id=\"elementor-tab-content-1967\" class=\"elementor-tab-content elementor-clearfix\" data-tab=\"7\" role=\"region\" aria-labelledby=\"elementor-tab-title-1967\"><p>O Setor de Ecotecnologias e Instala\u00e7\u00f5es Prediais se destina ao desenvolvimento de atividades voltadas \u00e0s tecnologias inovadoras, com vistas \u00e0 sustentabilidade em \u00e1reas urbanas e rurais, incluindo a infraestrutura verde (telhados verdes, biorreten\u00e7\u00f5es, pavimentos perme\u00e1veis, brises vegetais, entre outros) com foco no controle do escoamento pluvial, conforto t\u00e9rmico e ac\u00fastico, al\u00e9m de t\u00e9cnicas para a capta\u00e7\u00e3o, aproveitamento e tratamento das \u00e1guas da chuva, utiliza\u00e7\u00e3o de res\u00edduos para a produ\u00e7\u00e3o de novos materiais e utiliza\u00e7\u00e3o de fontes energ\u00e9ticas alternativas.<\/p><\/div>\n\t\t\t\t<\/div>\n\t\t\t\t\t\t\t<div class=\"elementor-toggle-item\">\n\t\t\t\t\t<div id=\"elementor-tab-title-1968\" class=\"elementor-tab-title\" data-tab=\"8\" role=\"button\" aria-controls=\"elementor-tab-content-1968\" aria-expanded=\"false\">\n\t\t\t\t\t\t\t\t\t\t\t\t<span class=\"elementor-toggle-icon elementor-toggle-icon-left\" aria-hidden=\"true\">\n\t\t\t\t\t\t\t\t\t\t\t\t\t\t\t<span class=\"elementor-toggle-icon-closed\"><i class=\"fas fa-caret-right\"><\/i><\/span>\n\t\t\t\t\t\t\t\t<span class=\"elementor-toggle-icon-opened\"><i class=\"elementor-toggle-icon-opened fas fa-caret-up\"><\/i><\/span>\n\t\t\t\t\t\t\t\t\t\t\t\t\t<\/span>\n\t\t\t\t\t\t\t\t\t\t\t\t<a class=\"elementor-toggle-title\" tabindex=\"0\">Geoprocessamento<\/a>\n\t\t\t\t\t<\/div>\n\n\t\t\t\t\t<div id=\"elementor-tab-content-1968\" class=\"elementor-tab-content elementor-clearfix\" data-tab=\"8\" role=\"region\" aria-labelledby=\"elementor-tab-title-1968\"><p>O Setor de Geoprocessamento realiza atividades junto a entidades p\u00fablicas e privadas, estudos e solu\u00e7\u00f5es de quest\u00f5es t\u00e9cnicas na \u00e1rea de engenharia do meio ambiente, tais como: levantamentos topogr\u00e1ficos, desenvolvimento de sistemas de informa\u00e7\u00f5es geogr\u00e1ficas e aplica\u00e7\u00e3o de ferramentas de an\u00e1lise espacial para os mais diversos problemas ambientais.<\/p><\/div>\n\t\t\t\t<\/div>\n\t\t\t\t\t\t\t<div class=\"elementor-toggle-item\">\n\t\t\t\t\t<div id=\"elementor-tab-title-1969\" class=\"elementor-tab-title\" data-tab=\"9\" role=\"button\" aria-controls=\"elementor-tab-content-1969\" aria-expanded=\"false\">\n\t\t\t\t\t\t\t\t\t\t\t\t<span class=\"elementor-toggle-icon elementor-toggle-icon-left\" aria-hidden=\"true\">\n\t\t\t\t\t\t\t\t\t\t\t\t\t\t\t<span class=\"elementor-toggle-icon-closed\"><i class=\"fas fa-caret-right\"><\/i><\/span>\n\t\t\t\t\t\t\t\t<span class=\"elementor-toggle-icon-opened\"><i class=\"elementor-toggle-icon-opened fas fa-caret-up\"><\/i><\/span>\n\t\t\t\t\t\t\t\t\t\t\t\t\t<\/span>\n\t\t\t\t\t\t\t\t\t\t\t\t<a class=\"elementor-toggle-title\" tabindex=\"0\">Log\u00edstica<\/a>\n\t\t\t\t\t<\/div>\n\n\t\t\t\t\t<div id=\"elementor-tab-content-1969\" class=\"elementor-tab-content elementor-clearfix\" data-tab=\"9\" role=\"region\" aria-labelledby=\"elementor-tab-title-1969\"><p>O Setor de Log\u00edstica objetiva assessorar e viabilizar as atividades de coletas e de deslocamento de equipamentos, alunos e funcion\u00e1rios no trabalho de campo, ou seja, em \u00e1reas externas ao LEMA. Atualmente este setor possui dois ve\u00edculos, uma Fiat Dobl\u00f4 com capacidade para 7 pessoas e uma Wolksvagem Kombi, com capacidade de transportar at\u00e9 8 pessoas, al\u00e9m de um barco de alum\u00ednio com motor de 15 hp e um reboque para aux\u00edlio no transporte de equipamentos.<\/p><\/div>\n\t\t\t\t<\/div>\n\t\t\t\t\t\t\t\t<\/div>\n\t\t\t\t<\/div>\n\t\t\t\t<\/div>\n\t\t\t\t\t<\/div>\n\t\t<\/div>\n\t\t\t\t\t<\/div>\n\t\t<\/section>\n\t\t\t\t<\/div>\n\t\t","protected":false},"excerpt":{"rendered":"<p>O LEMA \u00e9 composto pelos seguintes setores: An\u00e1lises F\u00edsico-Qu\u00edmicas O Setor de An\u00e1lises F\u00edsico-Qu\u00edmicas realiza ensaios em \u00e1guas subterr\u00e2neas e superficiais, efluentes dom\u00e9sticos e industriais, divididos em 4 categorias: a) Par\u00e2metros Gravim\u00e9tricos: Determina\u00e7\u00e3o de s\u00f3lidos totais, s\u00f3lidos dissolvidos totais, s\u00f3lidos suspensos totais, s\u00f3lidos fixos e vol\u00e1teis e s\u00f3lidos sediment\u00e1veis. b) Par\u00e2metros F\u00edsicos: Determina\u00e7\u00e3o da temperatura, [&hellip;]<\/p>\n","protected":false},"author":5766,"featured_media":0,"parent":0,"menu_order":0,"comment_status":"closed","ping_status":"closed","template":"","meta":{"footnotes":""},"categories":[],"tags":[],"class_list":["post-116","page","type-page","status-publish","hentry"],"acf":[],"_links":{"self":[{"href":"https:\/\/www.ufsm.br\/laboratorios\/lema-ct\/wp-json\/wp\/v2\/pages\/116","targetHints":{"allow":["GET"]}}],"collection":[{"href":"https:\/\/www.ufsm.br\/laboratorios\/lema-ct\/wp-json\/wp\/v2\/pages"}],"about":[{"href":"https:\/\/www.ufsm.br\/laboratorios\/lema-ct\/wp-json\/wp\/v2\/types\/page"}],"author":[{"embeddable":true,"href":"https:\/\/www.ufsm.br\/laboratorios\/lema-ct\/wp-json\/wp\/v2\/users\/5766"}],"replies":[{"embeddable":true,"href":"https:\/\/www.ufsm.br\/laboratorios\/lema-ct\/wp-json\/wp\/v2\/comments?post=116"}],"version-history":[{"count":0,"href":"https:\/\/www.ufsm.br\/laboratorios\/lema-ct\/wp-json\/wp\/v2\/pages\/116\/revisions"}],"wp:attachment":[{"href":"https:\/\/www.ufsm.br\/laboratorios\/lema-ct\/wp-json\/wp\/v2\/media?parent=116"}],"wp:term":[{"taxonomy":"category","embeddable":true,"href":"https:\/\/www.ufsm.br\/laboratorios\/lema-ct\/wp-json\/wp\/v2\/categories?post=116"},{"taxonomy":"post_tag","embeddable":true,"href":"https:\/\/www.ufsm.br\/laboratorios\/lema-ct\/wp-json\/wp\/v2\/tags?post=116"}],"curies":[{"name":"wp","href":"https:\/\/api.w.org\/{rel}","templated":true}]}}