{"id":2,"date":"2019-05-14T15:59:30","date_gmt":"2019-05-14T18:59:30","guid":{"rendered":"https:\/\/www.ufsm.br\/laboratorios-larp\/?page_id=2"},"modified":"2019-10-23T17:24:41","modified_gmt":"2019-10-23T20:24:41","slug":"pagina-inicial","status":"publish","type":"page","link":"https:\/\/www.ufsm.br\/laboratorios\/lep\/","title":{"rendered":"P\u00e1gina inicial"},"content":{"rendered":"\t\t<div data-elementor-type=\"wp-post\" data-elementor-id=\"2\" class=\"elementor elementor-2\">\n\t\t\t\t\t\t<section class=\"elementor-section elementor-top-section elementor-element elementor-element-6e6b627 elementor-section-boxed elementor-section-height-default elementor-section-height-default\" data-id=\"6e6b627\" data-element_type=\"section\">\n\t\t\t\t\t\t<div class=\"elementor-container elementor-column-gap-default\">\n\t\t\t\t\t<div class=\"elementor-column elementor-col-100 elementor-top-column elementor-element elementor-element-e6a3f8d\" data-id=\"e6a3f8d\" data-element_type=\"column\">\n\t\t\t<div class=\"elementor-widget-wrap elementor-element-populated\">\n\t\t\t\t\t\t<div class=\"elementor-element elementor-element-e48e5ed elementor-widget elementor-widget-wp-widget-ufsm_noticias_widget\" data-id=\"e48e5ed\" data-element_type=\"widget\" data-widget_type=\"wp-widget-ufsm_noticias_widget.default\">\n\t\t\t\t<div class=\"elementor-widget-container\">\n\t\t\t<div id='ufsm-carousel-1775310675-548883475' class='carousel slide carousel-ufsm' data-bs-ride='carousel' aria-hidden='true'>\n    <div class='carousel-inner'>\n                    \n\n            <div class='carousel-item active' data-bs-interval='4000'>\n                                    <!-- Slider Image -->\n                    <img class='w-100'  style='max-height:250px; object-fit:cover;' alt=\"\" srcset=\"https:\/\/www.ufsm.br\/app\/uploads\/sites\/659\/2019\/07\/marca2-300x99.jpg 300w, https:\/\/www.ufsm.br\/app\/uploads\/sites\/659\/2019\/07\/marca2-768x253.jpg 768w, https:\/\/www.ufsm.br\/app\/uploads\/sites\/659\/2019\/07\/marca2-1024x338.jpg 1024w, https:\/\/www.ufsm.br\/app\/uploads\/sites\/659\/2019\/07\/marca2.jpg 1170w\">\n                \n                \n                                                            <\/div>\n                    \n\n            <div class='carousel-item ' data-bs-interval='4000'>\n                                    <!-- Slider Image -->\n                    <img class='w-100'  style='max-height:250px; object-fit:cover;' alt=\"\" srcset=\"https:\/\/www.ufsm.br\/app\/uploads\/sites\/659\/2019\/07\/1170x308-crop-90-images_estrutura_site_galeria_banner1-300x79.jpg 300w, https:\/\/www.ufsm.br\/app\/uploads\/sites\/659\/2019\/07\/1170x308-crop-90-images_estrutura_site_galeria_banner1-768x202.jpg 768w, https:\/\/www.ufsm.br\/app\/uploads\/sites\/659\/2019\/07\/1170x308-crop-90-images_estrutura_site_galeria_banner1-1024x270.jpg 1024w, https:\/\/www.ufsm.br\/app\/uploads\/sites\/659\/2019\/07\/1170x308-crop-90-images_estrutura_site_galeria_banner1.jpg 1170w\">\n                \n                \n                                                            <\/div>\n                    \n\n            <div class='carousel-item ' data-bs-interval='4000'>\n                                    <!-- Slider Image -->\n                    <img class='w-100'  style='max-height:250px; object-fit:cover;' alt=\"\" srcset=\"https:\/\/www.ufsm.br\/app\/uploads\/sites\/659\/2019\/07\/1170x308-crop-90-images_estrutura_site_galeria_banner6-300x79.jpg 300w, https:\/\/www.ufsm.br\/app\/uploads\/sites\/659\/2019\/07\/1170x308-crop-90-images_estrutura_site_galeria_banner6-768x202.jpg 768w, https:\/\/www.ufsm.br\/app\/uploads\/sites\/659\/2019\/07\/1170x308-crop-90-images_estrutura_site_galeria_banner6-1024x270.jpg 1024w, https:\/\/www.ufsm.br\/app\/uploads\/sites\/659\/2019\/07\/1170x308-crop-90-images_estrutura_site_galeria_banner6.jpg 1170w\">\n                \n                \n                                                            <\/div>\n                    \n\n            <div class='carousel-item ' data-bs-interval='4000'>\n                                    <!-- Slider Image -->\n                    <img class='w-100'  style='max-height:250px; object-fit:cover;' alt=\"\" srcset=\"https:\/\/www.ufsm.br\/app\/uploads\/sites\/659\/2019\/07\/1170x308-crop-90-images_estrutura_site_galeria_banner5-300x79.jpg 300w, https:\/\/www.ufsm.br\/app\/uploads\/sites\/659\/2019\/07\/1170x308-crop-90-images_estrutura_site_galeria_banner5-768x202.jpg 768w, https:\/\/www.ufsm.br\/app\/uploads\/sites\/659\/2019\/07\/1170x308-crop-90-images_estrutura_site_galeria_banner5-1024x270.jpg 1024w, https:\/\/www.ufsm.br\/app\/uploads\/sites\/659\/2019\/07\/1170x308-crop-90-images_estrutura_site_galeria_banner5.jpg 1170w\">\n                \n                \n                                                            <\/div>\n                    \n\n            <div class='carousel-item ' data-bs-interval='4000'>\n                                    <!-- Slider Image -->\n                    <img class='w-100'  style='max-height:250px; object-fit:cover;' alt=\"\" srcset=\"https:\/\/www.ufsm.br\/app\/uploads\/sites\/659\/2019\/07\/1170x308-crop-90-images_estrutura_site_galeria_banner3-300x79.jpg 300w, https:\/\/www.ufsm.br\/app\/uploads\/sites\/659\/2019\/07\/1170x308-crop-90-images_estrutura_site_galeria_banner3-768x202.jpg 768w, https:\/\/www.ufsm.br\/app\/uploads\/sites\/659\/2019\/07\/1170x308-crop-90-images_estrutura_site_galeria_banner3-1024x270.jpg 1024w, https:\/\/www.ufsm.br\/app\/uploads\/sites\/659\/2019\/07\/1170x308-crop-90-images_estrutura_site_galeria_banner3.jpg 1170w\">\n                \n                \n                                                            <\/div>\n                    <!-- Exibi Indicadores -->\n                    <ol class='carousel-indicators carousel-indicators-numbers d-none d-md-flex align-self-end m-0'>\n                <li data-bs-target='#ufsm-carousel-1775310675-548883475' data-bs-slide-to='0' class='d-flex rounded-circle active'><span class='m-auto fw-bold'>1<\/span><\/li><li data-bs-target='#ufsm-carousel-1775310675-548883475' data-bs-slide-to='1' class='d-flex rounded-circle '><span class='m-auto fw-bold'>2<\/span><\/li><li data-bs-target='#ufsm-carousel-1775310675-548883475' data-bs-slide-to='2' class='d-flex rounded-circle '><span class='m-auto fw-bold'>3<\/span><\/li><li data-bs-target='#ufsm-carousel-1775310675-548883475' data-bs-slide-to='3' class='d-flex rounded-circle '><span class='m-auto fw-bold'>4<\/span><\/li><li data-bs-target='#ufsm-carousel-1775310675-548883475' data-bs-slide-to='4' class='d-flex rounded-circle '><span class='m-auto fw-bold'>5<\/span><\/li>            <\/ol>\n            <a class='carousel-control-prev' href='#ufsm-carousel-1775310675-548883475' role='button' data-bs-slide='prev'>\n                <span class='carousel-control-prev-icon' aria-hidden='true'><\/span>\n                <span class='visually-hidden'>Previous<\/span>\n            <\/a>\n            <a class='carousel-control-next' href='#ufsm-carousel-1775310675-548883475' role='button' data-bs-slide='next'>\n                <span class='carousel-control-next-icon' aria-hidden='true'><\/span>\n                <span class='visually-hidden'>Next<\/span>\n            <\/a>\n            <\/div>\n<\/div>\n<!-- Acessibilidade, apenas leitor de tela -->\n<ul class='visually-hidden'>\n    <li><a href='https:\/\/www.ufsm.br\/laboratorios\/lep\/2019\/07\/09\/marca'>marca<\/a><\/li><li><a href='https:\/\/www.ufsm.br\/laboratorios\/lep\/2019\/07\/09\/banner5'>banner5<\/a><\/li><li><a href='https:\/\/www.ufsm.br\/laboratorios\/lep\/2019\/07\/09\/banner4'>banner4<\/a><\/li><li><a href='https:\/\/www.ufsm.br\/laboratorios\/lep\/2019\/07\/09\/banner3'>banner3<\/a><\/li><li><a href='https:\/\/www.ufsm.br\/laboratorios\/lep\/2019\/07\/09\/banner1-2'>banner1<\/a><\/li><\/ul>\n\t\t<\/div>\n\t\t\t\t<\/div>\n\t\t\t\t\t<\/div>\n\t\t<\/div>\n\t\t\t\t\t<\/div>\n\t\t<\/section>\n\t\t\t\t<section class=\"elementor-section elementor-top-section elementor-element elementor-element-31fda3f1 elementor-section-boxed elementor-section-height-default elementor-section-height-default\" data-id=\"31fda3f1\" data-element_type=\"section\">\n\t\t\t\t\t\t<div class=\"elementor-container elementor-column-gap-default\">\n\t\t\t\t\t<div class=\"elementor-column elementor-col-100 elementor-top-column elementor-element elementor-element-7c1b024\" data-id=\"7c1b024\" data-element_type=\"column\">\n\t\t\t<div class=\"elementor-widget-wrap elementor-element-populated\">\n\t\t\t\t\t\t<div class=\"elementor-element elementor-element-8d9b83a elementor-widget elementor-widget-heading\" data-id=\"8d9b83a\" data-element_type=\"widget\" data-widget_type=\"heading.default\">\n\t\t\t\t<div class=\"elementor-widget-container\">\n\t\t\t<h5 class=\"elementor-heading-title elementor-size-default\">Apresenta\u00e7\u00e3o<\/h5>\t\t<\/div>\n\t\t\t\t<\/div>\n\t\t\t\t<div class=\"elementor-element elementor-element-c8da605 elementor-widget elementor-widget-text-editor\" data-id=\"c8da605\" data-element_type=\"widget\" data-widget_type=\"text-editor.default\">\n\t\t\t\t<div class=\"elementor-widget-container\">\n\t\t\t\t\t\t\t<p>O Laborat\u00f3rio de Estratigrafia e Paleobiologia (LEP) foi revitalizado em 1998, contendo a cole\u00e7\u00e3o paleontol\u00f3gica da UFSM, baseada principalmente em vertebrados e plantas do Tri\u00e1ssico da regi\u00e3o central do Rio Grande do Sul. A cole\u00e7\u00e3o apresenta cerca de 1500 f\u00f3sseis descritos, entre vertebrados, invertebrados, plantas e icnof\u00f3sseis. O LEP est\u00e1 localizado na sala 1019, subsolo do pr\u00e9dio 17, Departamento de Geoci\u00eancias.<\/p>\t\t\t\t\t\t<\/div>\n\t\t\t\t<\/div>\n\t\t\t\t\t<\/div>\n\t\t<\/div>\n\t\t\t\t\t<\/div>\n\t\t<\/section>\n\t\t\t\t<section class=\"elementor-section elementor-top-section elementor-element elementor-element-7416eee elementor-section-boxed elementor-section-height-default elementor-section-height-default\" data-id=\"7416eee\" data-element_type=\"section\">\n\t\t\t\t\t\t<div class=\"elementor-container elementor-column-gap-default\">\n\t\t\t\t\t<div class=\"elementor-column elementor-col-100 elementor-top-column elementor-element elementor-element-fff47c8\" data-id=\"fff47c8\" data-element_type=\"column\">\n\t\t\t<div class=\"elementor-widget-wrap elementor-element-populated\">\n\t\t\t\t\t\t<div class=\"elementor-element elementor-element-203a095 elementor-widget elementor-widget-wp-widget-ufsm_utilidades\" data-id=\"203a095\" data-element_type=\"widget\" data-widget_type=\"wp-widget-ufsm_utilidades.default\">\n\t\t\t\t<div class=\"elementor-widget-container\">\n\t\t\t\t\t<h5 class=\"card-title titulo-conteudos\">Utilidades<\/h5>\n\t\t\t\t\n\t\t<div class=\"row d-flex justify-content-around\">\n\t\t\t\t\t\t\t<div class=\"col-12 col-sm-6 col-md-2 mt-4 text-center\">\n\t\t\t\t\t\t\t\t\t\t\t<a href=\"https:\/\/www.ufsm.br\/laboratorios\/lep\/equipe\" class=\"item-utilidades d-block\">\n\t\t\t\t\t\t\t\t\t\t<i class=\"fa fa-group animation-pulse\" aria-hidden=\"true\"><\/i><b>Equipe<\/b><\/a>\n\t\t\t\t<\/div>\n\t\t\t\t\t\t\t<div class=\"col-12 col-sm-6 col-md-2 mt-4 text-center\">\n\t\t\t\t\t\t\t\t\t\t\t<a href=\"https:\/\/www.ufsm.br\/laboratorios\/lep\/producao-cientifica\" class=\"item-utilidades d-block\">\n\t\t\t\t\t\t\t\t\t\t<i class=\"fa fa-quote-right animation-pulse\" aria-hidden=\"true\"><\/i><b>Produ\u00e7\u00e3o Cient\u00edfica<\/b><\/a>\n\t\t\t\t<\/div>\n\t\t\t\t\t\t\t<div class=\"col-12 col-sm-6 col-md-2 mt-4 text-center\">\n\t\t\t\t\t\t\t\t\t\t\t<a href=\"https:\/\/www.ufsm.br\/laboratorios\/lep\/projetos\" class=\"item-utilidades d-block\">\n\t\t\t\t\t\t\t\t\t\t<i class=\"fa fa-thumb-tack animation-pulse\" aria-hidden=\"true\"><\/i><b>Projetos<\/b><\/a>\n\t\t\t\t<\/div>\n\t\t\t\t\t\t\t<div class=\"col-12 col-sm-6 col-md-2 mt-4 text-center\">\n\t\t\t\t\t\t\t\t\t\t\t<a href=\"https:\/\/www.ufsm.br\/laboratorios\/lep\/infraestrutura\" class=\"item-utilidades d-block\">\n\t\t\t\t\t\t\t\t\t\t<i class=\"fa fa-university animation-pulse\" aria-hidden=\"true\"><\/i><b>Infraestrutura<\/b><\/a>\n\t\t\t\t<\/div>\n\t\t\t\t\t<\/div>\n\t\t\t\t<\/div>\n\t\t\t\t<\/div>\n\t\t\t\t\t<\/div>\n\t\t<\/div>\n\t\t\t\t\t<\/div>\n\t\t<\/section>\n\t\t\t\t<section class=\"elementor-section elementor-top-section elementor-element elementor-element-399195b elementor-section-boxed elementor-section-height-default elementor-section-height-default\" data-id=\"399195b\" data-element_type=\"section\">\n\t\t\t\t\t\t<div class=\"elementor-container elementor-column-gap-default\">\n\t\t\t\t\t<div class=\"elementor-column elementor-col-100 elementor-top-column elementor-element elementor-element-8759219\" data-id=\"8759219\" data-element_type=\"column\">\n\t\t\t<div class=\"elementor-widget-wrap elementor-element-populated\">\n\t\t\t\t\t\t<div class=\"elementor-element elementor-element-b327021 elementor-widget elementor-widget-wp-widget-ufsm_noticias_widget\" data-id=\"b327021\" data-element_type=\"widget\" data-widget_type=\"wp-widget-ufsm_noticias_widget.default\">\n\t\t\t\t<div class=\"elementor-widget-container\">\n\t\t\t<h5 class='titulo-conteudos'>Not\u00edcias<\/h5><div class='widget-noticias-inside'>\n                        <div class=\"row\">\n                                    <div class=\"col-12 col-lg-12 pb-4\">\n                                        \n                                        \n                    \n                    <a class=\"noticias-widget-title d-block \"  title=\"Ol\u00e1, mundo!\" href=\"https:\/\/www.ufsm.br\/laboratorios\/lep\/2019\/05\/14\/ola-mundo\">\n                                                Ol\u00e1, mundo!                    <\/a>\n                    \n                                            <div class=\"noticias-widget-introtext\">\n                            Bem-vindo ao UFSM. Esse \u00e9 o seu primeiro post. Edite-o ou exclua-o, e ent\u00e3o comece a escrever!                        <\/div>\n                    \n                                        \n                                        \n                                            \n                                                    <div title=\"Publicado em 14\/05\/2019 \" class=\"data-publicacao-widget\">\n                                <i  class=\"far fa-clock\"><\/i>\n                                14\/05\/2019                             <\/div>\n                                                                <\/div>\n                            <\/div>\n                    <div class=\"row\">\n                                    <div class=\"col-12 col-lg-12 pb-4\">\n                                        \n                                        \n                    \n                    <a class=\"noticias-widget-title d-block \"  title=\"Um pouco sobre o Tri\u00e1ssico da Tanz\u00e2nia.\" href=\"https:\/\/www.ufsm.br\/laboratorios\/lep\/2017\/11\/17\/um-pouco-sobre-o-triassico-da-tanzania\">\n                                                Um pouco sobre o Tri\u00e1ssico da Tanz\u00e2nia.                    <\/a>\n                    \n                                            <div class=\"noticias-widget-introtext\">\n                            Fruto de parceria com o Prof. Max Langer (USP - Ribeir\u00e3o Preto) e Prof. Felipe Montefeltro (UNESP - Campus Ilha Solteira), segue abaixo o link do arquivo:                        <\/div>\n                    \n                                        \n                                        \n                                            \n                                                    <div title=\"Publicado em 17\/11\/2017 \" class=\"data-publicacao-widget\">\n                                <i  class=\"far fa-clock\"><\/i>\n                                17\/11\/2017                             <\/div>\n                                                                <\/div>\n                            <\/div>\n                    <div class=\"row\">\n                                    <div class=\"col-12 col-lg-12 pb-4\">\n                                        \n                                        \n                    \n                    <a class=\"noticias-widget-title d-block \"  title=\"Nova publica\u00e7\u00e3o da import\u00e2ncia bioestratigr\u00e1fica da Supersequ\u00eancia Sanga do Cabral.\" href=\"https:\/\/www.ufsm.br\/laboratorios\/lep\/2017\/11\/17\/nova-publicacao-da-importancia-bioestratigrafica-da-supersequencia-sanga-do-cabral\">\n                                                Nova publica\u00e7\u00e3o da import\u00e2ncia bioestratigr\u00e1fica da Supersequ\u00eancia Sanga do Cabral.                    <\/a>\n                    \n                                            <div class=\"noticias-widget-introtext\">\n                            Saindo do forno a publica\u00e7\u00e3o conjunta com queridos colegas de diversas institui\u00e7\u00f5es, sobre a import\u00e2ncia bioestratigr\u00e1fica da Supersequ\u00eancia Sanga do Cabral, do Tri\u00e1ssico Inferior do Brasil e Uruguai                        <\/div>\n                    \n                                        \n                                        \n                                            \n                                                    <div title=\"Publicado em 17\/11\/2017 \" class=\"data-publicacao-widget\">\n                                <i  class=\"far fa-clock\"><\/i>\n                                17\/11\/2017                             <\/div>\n                                                                <\/div>\n                            <\/div>\n                    <div class=\"row\">\n                                    <div class=\"col-12 col-lg-12 pb-4\">\n                                        \n                                        \n                    \n                    <a class=\"noticias-widget-title d-block \"  title=\"PaleoRS 2016\" href=\"https:\/\/www.ufsm.br\/laboratorios\/lep\/2016\/10\/10\/paleors-2016\">\n                                                PaleoRS 2016                    <\/a>\n                    \n                                            <div class=\"noticias-widget-introtext\">\n                            Este ano, a Reuni\u00e3o Anual da Sociedade Brasileira de Paleontologia, n\u00facleo RS, acontecer\u00e1 em Santa Maria no Campus da UFSM, nos dias 02, 03 e 04 de Dezembro.                        <\/div>\n                    \n                                        \n                                        \n                                            \n                                                    <div title=\"Publicado em 10\/10\/2016 \" class=\"data-publicacao-widget\">\n                                <i  class=\"far fa-clock\"><\/i>\n                                10\/10\/2016                             <\/div>\n                                                                <\/div>\n                            <\/div>\n                    <div class=\"row\">\n                                    <div class=\"col-12 col-lg-12 pb-4\">\n                                        \n                                        \n                    \n                    <a class=\"noticias-widget-title d-block \"  title=\"Descobertos os mais antigos f\u00f3sseis de seres multicelulares da Am\u00e9rica do Sul\" href=\"https:\/\/www.ufsm.br\/laboratorios\/lep\/2016\/09\/05\/descobertos-os-mais-antigos-fosseis-de-seres-multicelulares-da-america-do-sul\">\n                                                Descobertos os mais antigos f\u00f3sseis de seres multicelulares da Am\u00e9rica do Sul                    <\/a>\n                    \n                                            <div class=\"noticias-widget-introtext\">\n                            De longe, parecem bolhas achatadas brotando da rocha. Vistas de perto, as centenas de discos de tamanhos variados que estampam as placas de arenito encontradas na Forma\u00e7\u00e3o Cerro Negro, no interior da Argentina, apresentam detalhes que s\u00f3 os corpos de&hellip;                        <\/div>\n                    \n                                        \n                                        \n                                            \n                                                    <div title=\"Publicado em 05\/09\/2016 \" class=\"data-publicacao-widget\">\n                                <i  class=\"far fa-clock\"><\/i>\n                                05\/09\/2016                             <\/div>\n                                                                <\/div>\n                            <\/div>\n            <\/div>\n<div class=\"leia-mais p-1\">\n                <a href=\"https:\/\/www.ufsm.br\/laboratorios\/lep\/busca\/?q=&area=post&orderby=date&sites%5B%5D=659\">\n            LEIA MAIS            <span class=\"icon-box\">\n                <span class=\"bg-ufsm-widget-icon\">\n                    <i class=\"fas fa-chevron-right\" aria-hidden=\"true\"><\/i>\n                <\/span>\n            <\/span>\n        <\/a>\n    <\/div>\n\t\t<\/div>\n\t\t\t\t<\/div>\n\t\t\t\t\t<\/div>\n\t\t<\/div>\n\t\t\t\t\t<\/div>\n\t\t<\/section>\n\t\t\t\t<\/div>\n\t\t","protected":false},"excerpt":{"rendered":"<p>Apresenta\u00e7\u00e3o O Laborat\u00f3rio de Estratigrafia e Paleobiologia (LEP) foi revitalizado em 1998, contendo a cole\u00e7\u00e3o paleontol\u00f3gica da UFSM, baseada principalmente em vertebrados e plantas do Tri\u00e1ssico da regi\u00e3o central do Rio Grande do Sul. A cole\u00e7\u00e3o apresenta cerca de 1500 f\u00f3sseis descritos, entre vertebrados, invertebrados, plantas e icnof\u00f3sseis. O LEP est\u00e1 localizado na sala 1019, [&hellip;]<\/p>\n","protected":false},"author":26,"featured_media":0,"parent":0,"menu_order":0,"comment_status":"closed","ping_status":"open","template":"","meta":{"footnotes":""},"categories":[],"tags":[],"class_list":["post-2","page","type-page","status-publish","hentry"],"acf":[],"_links":{"self":[{"href":"https:\/\/www.ufsm.br\/laboratorios\/lep\/wp-json\/wp\/v2\/pages\/2","targetHints":{"allow":["GET"]}}],"collection":[{"href":"https:\/\/www.ufsm.br\/laboratorios\/lep\/wp-json\/wp\/v2\/pages"}],"about":[{"href":"https:\/\/www.ufsm.br\/laboratorios\/lep\/wp-json\/wp\/v2\/types\/page"}],"author":[{"embeddable":true,"href":"https:\/\/www.ufsm.br\/laboratorios\/lep\/wp-json\/wp\/v2\/users\/26"}],"replies":[{"embeddable":true,"href":"https:\/\/www.ufsm.br\/laboratorios\/lep\/wp-json\/wp\/v2\/comments?post=2"}],"version-history":[{"count":0,"href":"https:\/\/www.ufsm.br\/laboratorios\/lep\/wp-json\/wp\/v2\/pages\/2\/revisions"}],"wp:attachment":[{"href":"https:\/\/www.ufsm.br\/laboratorios\/lep\/wp-json\/wp\/v2\/media?parent=2"}],"wp:term":[{"taxonomy":"category","embeddable":true,"href":"https:\/\/www.ufsm.br\/laboratorios\/lep\/wp-json\/wp\/v2\/categories?post=2"},{"taxonomy":"post_tag","embeddable":true,"href":"https:\/\/www.ufsm.br\/laboratorios\/lep\/wp-json\/wp\/v2\/tags?post=2"}],"curies":[{"name":"wp","href":"https:\/\/api.w.org\/{rel}","templated":true}]}}