{"id":32,"date":"2019-05-24T15:38:39","date_gmt":"2019-05-24T18:38:39","guid":{"rendered":"https:\/\/www.ufsm.br\/template-laboratprio\/?page_id=32"},"modified":"2019-07-09T17:40:24","modified_gmt":"2019-07-09T20:40:24","slug":"projetos","status":"publish","type":"page","link":"https:\/\/www.ufsm.br\/laboratorios\/lep\/projetos","title":{"rendered":"Projetos"},"content":{"rendered":"\n<h4>Ensino<\/h4>\n<p>O LEP d\u00e1 apoio \u00e0s aulas pr\u00e1ticas de disciplinas do curso de Biologia (<a href=\"https:\/\/portal.ufsm.br\/ementario\/disciplina.html?idDisciplina=35568\" target=\"_blank\" rel=\"noopener noreferrer\">GCC1007<\/a>\u00a0e\u00a0<a href=\"https:\/\/portal.ufsm.br\/ementario\/disciplina.html?idDisciplina=35586\" target=\"_blank\" rel=\"noopener noreferrer\">GCC1008<\/a>) e Geografia (<a href=\"https:\/\/portal.ufsm.br\/ementario\/disciplina.html?idDisciplina=38700\" target=\"_blank\" rel=\"noopener noreferrer\">GCC1018<\/a>). Al\u00e9m disso, ap\u00f3ia disciplinas de p\u00f3s-gradua\u00e7\u00e3o (<a href=\"https:\/\/portal.ufsm.br\/ementario\/disciplina.html?idDisciplina=54821\" target=\"_blank\" rel=\"noopener noreferrer\">GCC867<\/a>).<\/p>\n<p><a href=\"https:\/\/portal.ufsm.br\/ementario\/disciplina.html?idDisciplina=35568\" target=\"_blank\" rel=\"noopener noreferrer\">GCC 1007: Geologia Geral<\/a><\/p>\n<p><a href=\"https:\/\/portal.ufsm.br\/ementario\/disciplina.html?idDisciplina=35586\" target=\"_blank\" rel=\"noopener noreferrer\">GCC 1008: Paleontologia Geral<\/a><\/p>\n<p><a href=\"https:\/\/portal.ufsm.br\/ementario\/disciplina.html?idDisciplina=38700\" target=\"_blank\" rel=\"noopener noreferrer\">GCC 1018: Paleontologia e Turismo, A\u00e7\u00f5es para o Desenvolvimento Regional<\/a><\/p>\n<p><a href=\"https:\/\/portal.ufsm.br\/ementario\/disciplina.html?idDisciplina=54821\" target=\"_blank\" rel=\"noopener noreferrer\">GCC 867: Patrim\u00f4nio Paleontol\u00f3gico<\/a><\/p>\n<h4>Pesquisa<\/h4>\n<p>As atividades de pesquisa do LEP est\u00e3o relacionadas a estudos paleontol\u00f3gicos e geol\u00f3gicos do Tri\u00e1ssico e Pleistoceno da Regi\u00e3o Central do RS, como publica\u00e7\u00f5es cient\u00edficas, orienta\u00e7\u00f5es de gradua\u00e7\u00e3o e p\u00f3s-gradua\u00e7\u00e3o; e participa\u00e7\u00e3o em projetos de pesquisa de outras institui\u00e7\u00f5es.<\/p>\n<h4>Extens\u00e3o<\/h4>\n<p>Desde sua cria\u00e7\u00e3o o LEP prioriza a\u00e7\u00f5es de conscientiza\u00e7\u00e3o e valoriza\u00e7\u00e3o do patrim\u00f4nio paleontol\u00f3gico junto a escolas e a comunidade n\u00e3o acad\u00eamica.<\/p>\n<p>Atividades realizadas durante 2016:<\/p>\n<p>Janela Aberta \u2013 Recep\u00e7\u00e3o de escolas de Ensino B\u00e1sico no N\u00facleo Ci\u00eancia Viva, Mostra de Paleontologia.<\/p>\n<p>Atividades realizadas durante 2015:<\/p>\n<p>Janela Aberta \u2013 Recep\u00e7\u00e3o de escolas de Ensino B\u00e1sico no LEP.<\/p>\n","protected":false},"excerpt":{"rendered":"<p>Ensino O LEP d\u00e1 apoio \u00e0s aulas pr\u00e1ticas de disciplinas do curso de Biologia (GCC1007\u00a0e\u00a0GCC1008) e Geografia (GCC1018). Al\u00e9m disso, ap\u00f3ia disciplinas de p\u00f3s-gradua\u00e7\u00e3o (GCC867). GCC 1007: Geologia Geral GCC 1008: Paleontologia Geral GCC 1018: Paleontologia e Turismo, A\u00e7\u00f5es para o Desenvolvimento Regional GCC 867: Patrim\u00f4nio Paleontol\u00f3gico Pesquisa As atividades de pesquisa do LEP est\u00e3o [&hellip;]<\/p>\n","protected":false},"author":25,"featured_media":0,"parent":0,"menu_order":0,"comment_status":"closed","ping_status":"closed","template":"","meta":{"footnotes":""},"categories":[],"tags":[],"class_list":["post-32","page","type-page","status-publish","hentry"],"acf":[],"_links":{"self":[{"href":"https:\/\/www.ufsm.br\/laboratorios\/lep\/wp-json\/wp\/v2\/pages\/32","targetHints":{"allow":["GET"]}}],"collection":[{"href":"https:\/\/www.ufsm.br\/laboratorios\/lep\/wp-json\/wp\/v2\/pages"}],"about":[{"href":"https:\/\/www.ufsm.br\/laboratorios\/lep\/wp-json\/wp\/v2\/types\/page"}],"author":[{"embeddable":true,"href":"https:\/\/www.ufsm.br\/laboratorios\/lep\/wp-json\/wp\/v2\/users\/25"}],"replies":[{"embeddable":true,"href":"https:\/\/www.ufsm.br\/laboratorios\/lep\/wp-json\/wp\/v2\/comments?post=32"}],"version-history":[{"count":0,"href":"https:\/\/www.ufsm.br\/laboratorios\/lep\/wp-json\/wp\/v2\/pages\/32\/revisions"}],"wp:attachment":[{"href":"https:\/\/www.ufsm.br\/laboratorios\/lep\/wp-json\/wp\/v2\/media?parent=32"}],"wp:term":[{"taxonomy":"category","embeddable":true,"href":"https:\/\/www.ufsm.br\/laboratorios\/lep\/wp-json\/wp\/v2\/categories?post=32"},{"taxonomy":"post_tag","embeddable":true,"href":"https:\/\/www.ufsm.br\/laboratorios\/lep\/wp-json\/wp\/v2\/tags?post=32"}],"curies":[{"name":"wp","href":"https:\/\/api.w.org\/{rel}","templated":true}]}}