{"id":50,"date":"2019-07-09T17:48:30","date_gmt":"2019-07-09T20:48:30","guid":{"rendered":"https:\/\/www.ufsm.br\/laboratorios\/lep\/?page_id=50"},"modified":"2019-07-09T17:48:32","modified_gmt":"2019-07-09T20:48:32","slug":"viagens-de-campo","status":"publish","type":"page","link":"https:\/\/www.ufsm.br\/laboratorios\/lep\/viagens-de-campo","title":{"rendered":"Viagens de Campo"},"content":{"rendered":"\n<p style=\"margin-bottom: 10px;color: #666666;font-family: Helvetica, Arial, sans-serif;font-size: 13px;text-align: justify\">Seguem abaixo algumas informa\u00e7\u00f5es sobre trabalhos de campo da equipe do LEP\/UFSM, no Brasil e exterior (em breve ser\u00e3o adicionadas fotos):<\/p>\n<p style=\"margin-top: 0px;margin-bottom: 10px;color: #666666;font-family: Helvetica, Arial, sans-serif;font-size: 13px;text-align: justify\"><span style=\"font-weight: bold;color: #0f7360\">Brasil<\/span><br \/><em>Tri\u00e1ssico RS<\/em>\u00a0&#8211; prospec\u00e7\u00e3o e coleta de vertebrados e lenhos f\u00f3sseis, prospec\u00e7\u00e3o e descri\u00e7\u00e3o de novos afloramentos na regi\u00e3o central do RS, pela equipe do LEP\/UFSM, e em conjunto com pesquisadores do CAPPA\/UFSM, UFRGS e USP &#8211; Ribeir\u00e3o Preto<br \/><em>Pleistoceno RS<\/em><span>\u00a0&#8211; prospec\u00e7\u00e3o e coleta de vertebrados e lenhos f\u00f3sseis, prospec\u00e7\u00e3o e descri\u00e7\u00e3o de novos afloramentos na regi\u00e3o oeste do RS, pela equipe do LEP\/UFSM, e em conjunto com pesquisadores da FSZBRS<\/span><br \/><em>Permiano RS<\/em>\u00a0&#8211;\u00a0<span>prospec\u00e7\u00e3o e coleta de lenhos f\u00f3sseis, prospec\u00e7\u00e3o e descri\u00e7\u00e3o de novos afloramentos na regi\u00e3o central do RS, pela equipe do LEP\/UFSM, e em conjunto com pesquisadores da UNIVATES<\/span><\/p>\n<p style=\"margin-top: 0px;margin-bottom: 10px;color: #666666;font-family: Helvetica, Arial, sans-serif;font-size: 13px;text-align: justify\"><span style=\"font-weight: bold;color: #0f7360\">Argentina<br \/><\/span>Tri\u00e1ssico Argentina<span>\u00a0&#8211; prospec\u00e7\u00e3o e coleta de vertebrados f\u00f3sseis, prospec\u00e7\u00e3o e descri\u00e7\u00e3o de novos afloramentos no noroeste da Argentina (Prov\u00edncia de La Rioja), em conjunto com pesquisadores do Museu Argentino de Ciencias Naturales Bernardino Rivadavia (MACN)<\/span><br \/>Pleistoceno Argentina<span>\u00a0&#8211; prospec\u00e7\u00e3o e coleta de vertebrados f\u00f3sseis, prospec\u00e7\u00e3o e descri\u00e7\u00e3o de novos afloramentos na regi\u00e3o nordeste da Argentina (Prov\u00edncias de Misiones e Entre Rios), em conjunto com pesquisadores CONICET de diversas institui\u00e7\u00f5es<\/span><\/p>\n<p style=\"margin-top: 0px;margin-bottom: 10px;color: #666666;font-family: Helvetica, Arial, sans-serif;font-size: 13px;text-align: justify\"><span style=\"font-weight: bold;color: #0f7360\">Uruguai<\/span><br \/>Tri\u00e1ssico Uruguai<span>\u00a0&#8211; prospec\u00e7\u00e3o e coleta de vertebrados f\u00f3sseis, prospec\u00e7\u00e3o e descri\u00e7\u00e3o de novos afloramentos na regi\u00e3o de Melo, em conjunto com a Dra. Graciela Pi\u00f1eiro (UDELAR)<\/span><br \/>Pleistoceno Uruguai &#8211;\u00a0<span>\u00a0&#8211; prospec\u00e7\u00e3o e coleta de vertebrados f\u00f3sseis, prospec\u00e7\u00e3o e descri\u00e7\u00e3o de novos afloramentos na regi\u00e3o noroeste, em conjunto com pesquisadores da UDELAR<\/span><\/p>\n<p style=\"margin-top: 0px;margin-bottom: 10px;color: #666666;font-family: Helvetica, Arial, sans-serif;font-size: 13px;text-align: justify\"><span style=\"font-weight: bold;color: #0f7360\">Nam\u00edbia<br \/><\/span>Tri\u00e1ssico<\/p>\n<p style=\"margin-top: 0px;margin-bottom: 10px;color: #666666;font-family: Helvetica, Arial, sans-serif;font-size: 13px;text-align: justify\"><span style=\"font-weight: bold;color: #0f7360\">Tanz\u00e2nia<br \/><\/span>Tri\u00e1ssico<span>\u00a0&#8211; prospec\u00e7\u00e3o e coleta de vertebrados f\u00f3sseis, prospec\u00e7\u00e3o e descri\u00e7\u00e3o de novos afloramentos na regi\u00e3o de Tunduru (Selous Basin), em conjunto com pesquisadores da USP &#8211; Ribeir\u00e3o Preto<\/span><\/p>\n<p style=\"margin-top: 0px;margin-bottom: 10px;color: #666666;font-family: Helvetica, Arial, sans-serif;font-size: 13px;text-align: justify\"><span style=\"font-weight: bold;color: #0f7360\">\u00cdndia<br \/><\/span>Permiano e\u00a0Tri\u00e1ssico<span>\u00a0&#8211; prospec\u00e7\u00e3o e coleta de carv\u00e3o vegetal macrosc\u00f3pico (<em>charcoal<\/em>), e em conjunto com pesquisadores da UNIVATES, UFT, Birbal Sahni Institute of Paleosciences (BSIP) e Senckenberg\u00a0Forschungsinstitut und Naturmuseum<\/span><\/p>\n<p style=\"margin-top: 0px;margin-bottom: 10px;color: #666666;font-family: Helvetica, Arial, sans-serif;font-size: 13px;text-align: justify\"><br \/><span style=\"font-weight: bold;color: #0f7360\">Alemanha<br \/><\/span>Permiano e Tri\u00e1ssico<\/p>\n","protected":false},"excerpt":{"rendered":"<p>Seguem abaixo algumas informa\u00e7\u00f5es sobre trabalhos de campo da equipe do LEP\/UFSM, no Brasil e exterior (em breve ser\u00e3o adicionadas fotos): BrasilTri\u00e1ssico RS\u00a0&#8211; prospec\u00e7\u00e3o e coleta de vertebrados e lenhos f\u00f3sseis, prospec\u00e7\u00e3o e descri\u00e7\u00e3o de novos afloramentos na regi\u00e3o central do RS, pela equipe do LEP\/UFSM, e em conjunto com pesquisadores do CAPPA\/UFSM, UFRGS e [&hellip;]<\/p>\n","protected":false},"author":115,"featured_media":0,"parent":0,"menu_order":0,"comment_status":"closed","ping_status":"closed","template":"","meta":{"footnotes":""},"categories":[],"tags":[],"class_list":["post-50","page","type-page","status-publish","hentry"],"acf":[],"_links":{"self":[{"href":"https:\/\/www.ufsm.br\/laboratorios\/lep\/wp-json\/wp\/v2\/pages\/50","targetHints":{"allow":["GET"]}}],"collection":[{"href":"https:\/\/www.ufsm.br\/laboratorios\/lep\/wp-json\/wp\/v2\/pages"}],"about":[{"href":"https:\/\/www.ufsm.br\/laboratorios\/lep\/wp-json\/wp\/v2\/types\/page"}],"author":[{"embeddable":true,"href":"https:\/\/www.ufsm.br\/laboratorios\/lep\/wp-json\/wp\/v2\/users\/115"}],"replies":[{"embeddable":true,"href":"https:\/\/www.ufsm.br\/laboratorios\/lep\/wp-json\/wp\/v2\/comments?post=50"}],"version-history":[{"count":0,"href":"https:\/\/www.ufsm.br\/laboratorios\/lep\/wp-json\/wp\/v2\/pages\/50\/revisions"}],"wp:attachment":[{"href":"https:\/\/www.ufsm.br\/laboratorios\/lep\/wp-json\/wp\/v2\/media?parent=50"}],"wp:term":[{"taxonomy":"category","embeddable":true,"href":"https:\/\/www.ufsm.br\/laboratorios\/lep\/wp-json\/wp\/v2\/categories?post=50"},{"taxonomy":"post_tag","embeddable":true,"href":"https:\/\/www.ufsm.br\/laboratorios\/lep\/wp-json\/wp\/v2\/tags?post=50"}],"curies":[{"name":"wp","href":"https:\/\/api.w.org\/{rel}","templated":true}]}}