{"id":53,"date":"2019-07-09T17:50:25","date_gmt":"2019-07-09T20:50:25","guid":{"rendered":"https:\/\/www.ufsm.br\/laboratorios\/lep\/?page_id=53"},"modified":"2019-07-09T17:50:27","modified_gmt":"2019-07-09T20:50:27","slug":"fosseis-estudados","status":"publish","type":"page","link":"https:\/\/www.ufsm.br\/laboratorios\/lep\/fosseis-estudados","title":{"rendered":"F\u00f3sseis Estudados"},"content":{"rendered":"\n<p style=\"margin-bottom: 10px;color: #666666;font-family: Helvetica, Arial, sans-serif;font-size: 13px\">A cole\u00e7\u00e3o paleontol\u00f3gica da UFSM \u00e9 composta por 13 livros tombo, correspondendo a invertebrados (livros 1 a 10), vertebrados (livro 11), plantas (livro 12) e rochas &amp; minerais (livro 13). Dentre os f\u00f3sseis catalogados na UFSM, ressaltam-se:<\/p>\n<p style=\"margin-top: 0px;margin-bottom: 10px;color: #666666;font-family: Helvetica, Arial, sans-serif;font-size: 13px;text-align: justify\"><em>Unaysaurus tolentinoi<\/em>\u00a0\u2013 Esp\u00e9cime UFSM 11069, classificado como dinossauro sauropodomorfo, encontrado em 1998 no distrito de \u00c1gua Negra, munic\u00edpio de S\u00e3o Martinho da Serra, pelo Sr. Tolentino Marafiga. Foi estudado por Luciano Artemio Leal (ex-aluno da UFSM, hoje professor da UESB), que fez sua disserta\u00e7\u00e3o de mestrado e tese de doutorado no Museu Nacional &#8211; UFRJ.<\/p>\n<p style=\"margin-top: 0px;margin-bottom: 10px;color: #666666;font-family: Helvetica, Arial, sans-serif;font-size: 13px;text-align: justify\"><em>Candelaria barbouri<\/em>\u00a0\u2013 Esp\u00e9cimes UFSM 11076 e UFSM 11131, considerado como parar\u00e9ptil procolofon\u00f3ide, cr\u00e2nio e p\u00f3s-cr\u00e2nio encontrados em 2002 no s\u00edtio Cortado, munic\u00edpio de Novo Cabrais.<\/p>\n<p style=\"margin-top: 0px;margin-bottom: 10px;color: #666666;font-family: Helvetica, Arial, sans-serif;font-size: 13px;text-align: justify\"><em>Aetosauroides scagliai<\/em>\u00a0\u2013 \u00a0Aetossauro (arcossauro encoura\u00e7ado,\u00a0<span>UFSM 11070<\/span>), com primeiro registro de cr\u00e2nio (<span>UFSM 11505)<\/span>, encontrado em 2009 no s\u00edtio Faixa Nova \u2013 Cerrito I, munic\u00edpio de Santa Maria.<\/p>\n","protected":false},"excerpt":{"rendered":"<p>A cole\u00e7\u00e3o paleontol\u00f3gica da UFSM \u00e9 composta por 13 livros tombo, correspondendo a invertebrados (livros 1 a 10), vertebrados (livro 11), plantas (livro 12) e rochas &amp; minerais (livro 13). Dentre os f\u00f3sseis catalogados na UFSM, ressaltam-se: Unaysaurus tolentinoi\u00a0\u2013 Esp\u00e9cime UFSM 11069, classificado como dinossauro sauropodomorfo, encontrado em 1998 no distrito de \u00c1gua Negra, munic\u00edpio [&hellip;]<\/p>\n","protected":false},"author":115,"featured_media":0,"parent":0,"menu_order":0,"comment_status":"closed","ping_status":"closed","template":"","meta":{"footnotes":""},"categories":[],"tags":[],"class_list":["post-53","page","type-page","status-publish","hentry"],"acf":[],"_links":{"self":[{"href":"https:\/\/www.ufsm.br\/laboratorios\/lep\/wp-json\/wp\/v2\/pages\/53","targetHints":{"allow":["GET"]}}],"collection":[{"href":"https:\/\/www.ufsm.br\/laboratorios\/lep\/wp-json\/wp\/v2\/pages"}],"about":[{"href":"https:\/\/www.ufsm.br\/laboratorios\/lep\/wp-json\/wp\/v2\/types\/page"}],"author":[{"embeddable":true,"href":"https:\/\/www.ufsm.br\/laboratorios\/lep\/wp-json\/wp\/v2\/users\/115"}],"replies":[{"embeddable":true,"href":"https:\/\/www.ufsm.br\/laboratorios\/lep\/wp-json\/wp\/v2\/comments?post=53"}],"version-history":[{"count":0,"href":"https:\/\/www.ufsm.br\/laboratorios\/lep\/wp-json\/wp\/v2\/pages\/53\/revisions"}],"wp:attachment":[{"href":"https:\/\/www.ufsm.br\/laboratorios\/lep\/wp-json\/wp\/v2\/media?parent=53"}],"wp:term":[{"taxonomy":"category","embeddable":true,"href":"https:\/\/www.ufsm.br\/laboratorios\/lep\/wp-json\/wp\/v2\/categories?post=53"},{"taxonomy":"post_tag","embeddable":true,"href":"https:\/\/www.ufsm.br\/laboratorios\/lep\/wp-json\/wp\/v2\/tags?post=53"}],"curies":[{"name":"wp","href":"https:\/\/api.w.org\/{rel}","templated":true}]}}