{"id":23,"date":"2019-05-14T17:02:03","date_gmt":"2019-05-14T20:02:03","guid":{"rendered":"https:\/\/www.ufsm.br\/template-laboratprio\/?page_id=23"},"modified":"2019-07-16T16:09:44","modified_gmt":"2019-07-16T19:09:44","slug":"equipe","status":"publish","type":"page","link":"https:\/\/www.ufsm.br\/laboratorios\/lepan\/equipe","title":{"rendered":"Equipe"},"content":{"rendered":"\t\t<div data-elementor-type=\"wp-post\" data-elementor-id=\"23\" class=\"elementor elementor-23\">\n\t\t\t\t\t\t<section class=\"elementor-section elementor-top-section elementor-element elementor-element-f909963 elementor-section-boxed elementor-section-height-default elementor-section-height-default\" data-id=\"f909963\" data-element_type=\"section\">\n\t\t\t\t\t\t<div class=\"elementor-container elementor-column-gap-default\">\n\t\t\t\t\t<div class=\"elementor-column elementor-col-100 elementor-top-column elementor-element elementor-element-a0b0870\" data-id=\"a0b0870\" data-element_type=\"column\">\n\t\t\t<div class=\"elementor-widget-wrap elementor-element-populated\">\n\t\t\t\t\t\t<div class=\"elementor-element elementor-element-d41f191 elementor-widget elementor-widget-text-editor\" data-id=\"d41f191\" data-element_type=\"widget\" data-widget_type=\"text-editor.default\">\n\t\t\t\t<div class=\"elementor-widget-container\">\n\t\t\t\t\t\t\t<p><span style=\"font-size: 14pt;\"><strong>Para desenvolver suas atividades de pesquisa\/extens\u00e3o e ensino, o Lepan conta com uma equipe formada por:<\/strong><\/span><\/p>\n<p><strong>Professores<\/strong><\/p>\n<ul>\n<li>Fernando L. F. de Quadros<\/li>\n<\/ul>\n<p><strong>P\u00f3s-doutorandos<\/strong><\/p>\n<ul>\n<li>Felipe Jochims<\/li>\n<\/ul>\n<p><strong>Doutorandos<\/strong><\/p>\n<ul>\n<li>Jorge Dubal Martins<\/li>\n<li>Leandro<\/li>\n<li>Thiago<\/li>\n<\/ul>\n<p><strong>Mestrandos<\/strong><\/p>\n<ul>\n<li>\u00c9merson Mendes Soares<\/li>\n<li>R\u00e9gis<\/li>\n<li>Carolina<\/li>\n<li>Cezar Wancura Barbieri<\/li>\n<\/ul>\n<p><strong>Graduandos<\/strong><\/p>\n<ul>\n<li>Bento<\/li>\n<\/ul>\n<p><strong>Ex-alunos<\/strong><\/p>\n<ul>\n<li>Bento<\/li>\n<\/ul>\t\t\t\t\t\t<\/div>\n\t\t\t\t<\/div>\n\t\t\t\t\t<\/div>\n\t\t<\/div>\n\t\t\t\t\t<\/div>\n\t\t<\/section>\n\t\t\t\t<\/div>\n\t\t","protected":false},"excerpt":{"rendered":"<p>Para desenvolver suas atividades de pesquisa\/extens\u00e3o e ensino, o Lepan conta com uma equipe formada por: Professores Fernando L. F. de Quadros P\u00f3s-doutorandos Felipe Jochims Doutorandos Jorge Dubal Martins Leandro Thiago Mestrandos \u00c9merson Mendes Soares R\u00e9gis Carolina Cezar Wancura Barbieri Graduandos Bento Ex-alunos Bento<\/p>\n","protected":false},"author":124,"featured_media":0,"parent":0,"menu_order":0,"comment_status":"closed","ping_status":"closed","template":"","meta":{"footnotes":""},"categories":[],"tags":[],"class_list":["post-23","page","type-page","status-publish","hentry"],"acf":[],"_links":{"self":[{"href":"https:\/\/www.ufsm.br\/laboratorios\/lepan\/wp-json\/wp\/v2\/pages\/23","targetHints":{"allow":["GET"]}}],"collection":[{"href":"https:\/\/www.ufsm.br\/laboratorios\/lepan\/wp-json\/wp\/v2\/pages"}],"about":[{"href":"https:\/\/www.ufsm.br\/laboratorios\/lepan\/wp-json\/wp\/v2\/types\/page"}],"author":[{"embeddable":true,"href":"https:\/\/www.ufsm.br\/laboratorios\/lepan\/wp-json\/wp\/v2\/users\/124"}],"replies":[{"embeddable":true,"href":"https:\/\/www.ufsm.br\/laboratorios\/lepan\/wp-json\/wp\/v2\/comments?post=23"}],"version-history":[{"count":0,"href":"https:\/\/www.ufsm.br\/laboratorios\/lepan\/wp-json\/wp\/v2\/pages\/23\/revisions"}],"wp:attachment":[{"href":"https:\/\/www.ufsm.br\/laboratorios\/lepan\/wp-json\/wp\/v2\/media?parent=23"}],"wp:term":[{"taxonomy":"category","embeddable":true,"href":"https:\/\/www.ufsm.br\/laboratorios\/lepan\/wp-json\/wp\/v2\/categories?post=23"},{"taxonomy":"post_tag","embeddable":true,"href":"https:\/\/www.ufsm.br\/laboratorios\/lepan\/wp-json\/wp\/v2\/tags?post=23"}],"curies":[{"name":"wp","href":"https:\/\/api.w.org\/{rel}","templated":true}]}}