{"id":33,"date":"2019-05-24T15:38:58","date_gmt":"2019-05-24T18:38:58","guid":{"rendered":"https:\/\/www.ufsm.br\/template-laboratprio\/?page_id=33"},"modified":"2019-07-18T14:29:41","modified_gmt":"2019-07-18T17:29:41","slug":"producao-cientifica","status":"publish","type":"page","link":"https:\/\/www.ufsm.br\/laboratorios\/lepan\/producao-cientifica","title":{"rendered":"Produ\u00e7\u00e3o Cient\u00edfica"},"content":{"rendered":"\t\t<div data-elementor-type=\"wp-post\" data-elementor-id=\"33\" class=\"elementor elementor-33\">\n\t\t\t\t\t\t<section class=\"elementor-section elementor-top-section elementor-element elementor-element-f33eea1 elementor-section-boxed elementor-section-height-default elementor-section-height-default\" data-id=\"f33eea1\" data-element_type=\"section\">\n\t\t\t\t\t\t<div class=\"elementor-container elementor-column-gap-default\">\n\t\t\t\t\t<div class=\"elementor-column elementor-col-100 elementor-top-column elementor-element elementor-element-4cc10be\" data-id=\"4cc10be\" data-element_type=\"column\">\n\t\t\t<div class=\"elementor-widget-wrap elementor-element-populated\">\n\t\t\t\t\t\t<div class=\"elementor-element elementor-element-620fe1b elementor-widget elementor-widget-text-editor\" data-id=\"620fe1b\" data-element_type=\"widget\" data-widget_type=\"text-editor.default\">\n\t\t\t\t<div class=\"elementor-widget-container\">\n\t\t\t\t\t\t\t<p><strong><span class=\"item-title\">Disserta\u00e7\u00f5es<\/span><\/strong><\/p><dl><dt><\/dt><\/dl><ul><li><a href=\"https:\/\/www.ufsm.br\/laboratorios\/lepan\/wp-content\/uploads\/sites\/640\/2019\/07\/Sward-Structural-Characteristics-Barbieri_2014.pdf\">Sward Structural Characteristics and Performance of Beef Heifers Reared under Rotational Grazing Management on Campos Grassland<\/a><\/li><li><a href=\"https:\/\/www.ufsm.br\/laboratorios\/lepan\/wp-content\/uploads\/sites\/640\/2019\/07\/Cezar_Wancura_Barbieri_Dissertao_de_Mestrado.pdf\" target=\"_blank\" rel=\"noopener\">UTILIZA\u00c7\u00c3O DE DOIS INTERVALOS DE DESCANSO ENTRE PASTOREIOS EM PASTAGEM NATURAL COM NOVILHAS DE CORTE NA ESTA\u00c7\u00c3O QUENTE<\/a>\u00a0<\/li><li><a href=\"https:\/\/www.ufsm.br\/laboratorios\/lepan\/wp-content\/uploads\/sites\/640\/2019\/07\/CARVALHOTHIAGOHENRIQUENICOLADE.pdf\" target=\"_blank\" rel=\"noopener\">COMPORTAMENTO INGESTIVO DE NOVILHAS E TERNEIRAS DE CORTE RECRIADAS EM CAMPO NATIVO NO PER\u00cdODO DE OUTONO-INVERNO<\/a><\/li><li><a href=\"https:\/\/www.ufsm.br\/laboratorios\/lepan\/wp-content\/uploads\/sites\/640\/2019\/07\/DISSERTAO_FINAL_Aline_Bosak_dos_Santos_.pdf\" target=\"_blank\" rel=\"noopener\">MORFOG\u00caNESE DE GRAM\u00cdNEAS NATIVAS DO RIO GRANDE DO SUL (BRASIL) SUBMETIDAS A PASTOREIO ROTATIVO<\/a><\/li><li><a href=\"https:\/\/www.ufsm.br\/laboratorios\/lepan\/wp-content\/uploads\/sites\/640\/2019\/07\/Bruno_Castro_Kuinchtner_Dissertao.pdf\" target=\"_blank\" rel=\"noopener\">MANEJO DE PASTAGEM NATURAL EM PASTOREIO ROTATIVO NO PER\u00cdODO DE OUTONO\/INVERNO<\/a><\/li><\/ul><p><strong><span class=\"item-title\">Teses<\/span><\/strong><\/p><ul><li><a href=\"https:\/\/www.ufsm.br\/laboratorios\/lepan\/wp-content\/uploads\/sites\/640\/2019\/07\/Anna-Carolina-Cerato-Confortin_Tese-de-Doutorado.pdf\" target=\"_blank\" rel=\"noopener\">DIN\u00c2MICA DE CRESCIMENTO DE GRAM\u00cdNEAS<\/a><\/li><li><a href=\"https:\/\/www.ufsm.br\/laboratorios\/lepan\/wp-content\/uploads\/sites\/640\/2019\/07\/MARTINS-CARLOS-EDUARDO-NOGUEIRA.pdf\" target=\"_blank\" rel=\"noopener\">UTILIZA\u00c7\u00c3O DE MODELOS MATEM\u00c1TICOS NA BUSCA DO MANEJO SUSTENT\u00c1VEL DAS PASTAGENS NATURAIS<\/a><\/li><li><a href=\"https:\/\/www.ufsm.br\/laboratorios\/lepan\/wp-content\/uploads\/sites\/640\/2019\/07\/GARAGORRYFABIOCERVO.pdf\" target=\"_blank\" rel=\"noopener\">ALTERNATIVAS DE MANEJO DE PASTAGEM NATURAL SUBMETIDA A PASTOREIO ROTATIVO<\/a><\/li><\/ul><dl><dd><\/dd><\/dl>\t\t\t\t\t\t<\/div>\n\t\t\t\t<\/div>\n\t\t\t\t\t<\/div>\n\t\t<\/div>\n\t\t\t\t\t<\/div>\n\t\t<\/section>\n\t\t\t\t<section class=\"elementor-section elementor-top-section elementor-element elementor-element-126c7f7 elementor-section-boxed elementor-section-height-default elementor-section-height-default\" data-id=\"126c7f7\" data-element_type=\"section\">\n\t\t\t\t\t\t<div class=\"elementor-container elementor-column-gap-default\">\n\t\t\t\t\t<div class=\"elementor-column elementor-col-100 elementor-top-column elementor-element elementor-element-cc64a4b\" data-id=\"cc64a4b\" data-element_type=\"column\">\n\t\t\t<div class=\"elementor-widget-wrap\">\n\t\t\t\t\t\t\t<\/div>\n\t\t<\/div>\n\t\t\t\t\t<\/div>\n\t\t<\/section>\n\t\t\t\t<\/div>\n\t\t","protected":false},"excerpt":{"rendered":"<p>Disserta\u00e7\u00f5es Sward Structural Characteristics and Performance of Beef Heifers Reared under Rotational Grazing Management on Campos Grassland UTILIZA\u00c7\u00c3O DE DOIS INTERVALOS DE DESCANSO ENTRE PASTOREIOS EM PASTAGEM NATURAL COM NOVILHAS DE CORTE NA ESTA\u00c7\u00c3O QUENTE\u00a0 COMPORTAMENTO INGESTIVO DE NOVILHAS E TERNEIRAS DE CORTE RECRIADAS EM CAMPO NATIVO NO PER\u00cdODO DE OUTONO-INVERNO MORFOG\u00caNESE DE GRAM\u00cdNEAS NATIVAS [&hellip;]<\/p>\n","protected":false},"author":25,"featured_media":0,"parent":0,"menu_order":0,"comment_status":"closed","ping_status":"closed","template":"","meta":{"footnotes":""},"categories":[],"tags":[],"class_list":["post-33","page","type-page","status-publish","hentry"],"acf":[],"_links":{"self":[{"href":"https:\/\/www.ufsm.br\/laboratorios\/lepan\/wp-json\/wp\/v2\/pages\/33","targetHints":{"allow":["GET"]}}],"collection":[{"href":"https:\/\/www.ufsm.br\/laboratorios\/lepan\/wp-json\/wp\/v2\/pages"}],"about":[{"href":"https:\/\/www.ufsm.br\/laboratorios\/lepan\/wp-json\/wp\/v2\/types\/page"}],"author":[{"embeddable":true,"href":"https:\/\/www.ufsm.br\/laboratorios\/lepan\/wp-json\/wp\/v2\/users\/25"}],"replies":[{"embeddable":true,"href":"https:\/\/www.ufsm.br\/laboratorios\/lepan\/wp-json\/wp\/v2\/comments?post=33"}],"version-history":[{"count":0,"href":"https:\/\/www.ufsm.br\/laboratorios\/lepan\/wp-json\/wp\/v2\/pages\/33\/revisions"}],"wp:attachment":[{"href":"https:\/\/www.ufsm.br\/laboratorios\/lepan\/wp-json\/wp\/v2\/media?parent=33"}],"wp:term":[{"taxonomy":"category","embeddable":true,"href":"https:\/\/www.ufsm.br\/laboratorios\/lepan\/wp-json\/wp\/v2\/categories?post=33"},{"taxonomy":"post_tag","embeddable":true,"href":"https:\/\/www.ufsm.br\/laboratorios\/lepan\/wp-json\/wp\/v2\/tags?post=33"}],"curies":[{"name":"wp","href":"https:\/\/api.w.org\/{rel}","templated":true}]}}