{"id":3260,"date":"2020-11-10T20:56:45","date_gmt":"2020-11-10T23:56:45","guid":{"rendered":"https:\/\/www.ufsm.br\/laboratorios\/lex\/?page_id=3260"},"modified":"2021-07-05T11:17:48","modified_gmt":"2021-07-05T14:17:48","slug":"publicacoes","status":"publish","type":"page","link":"https:\/\/www.ufsm.br\/laboratorios\/lex\/publicacoes","title":{"rendered":"Publica\u00e7\u00f5es"},"content":{"rendered":"\t\t<div data-elementor-type=\"wp-page\" data-elementor-id=\"3260\" class=\"elementor elementor-3260\">\n\t\t\t\t\t\t<section class=\"elementor-section elementor-top-section elementor-element elementor-element-d7bd157 elementor-section-boxed elementor-section-height-default elementor-section-height-default\" data-id=\"d7bd157\" data-element_type=\"section\">\n\t\t\t\t\t\t<div class=\"elementor-container elementor-column-gap-default\">\n\t\t\t\t\t<div class=\"elementor-column elementor-col-100 elementor-top-column elementor-element elementor-element-1b55b36\" data-id=\"1b55b36\" data-element_type=\"column\">\n\t\t\t<div class=\"elementor-widget-wrap elementor-element-populated\">\n\t\t\t\t\t\t<div class=\"elementor-element elementor-element-b06b42f elementor-widget elementor-widget-text-editor\" data-id=\"b06b42f\" data-element_type=\"widget\" data-widget_type=\"text-editor.default\">\n\t\t\t\t<div class=\"elementor-widget-container\">\n\t\t\t\t\t\t\t<ul style=\"list-style-type: circle\">\n<li><b>Livros e cap\u00edtulos de livros<\/b><\/li>\n<\/ul>\n<p><b>2020<\/b><\/p>\n<p><b style=\"background-image: none;background-position: 0px 0px;background-size: initial;background-attachment: scroll;border: 0px none;font-size: 11px;margin: 0px;padding: 0px;vertical-align: baseline;color: #326c99;font-family: Tahoma, Geneva, sans-serif\"><a style=\"background-image: none;background-position: 0px 0px;background-size: initial;background-attachment: scroll;border: 0px none;font-size: 11px;padding: 0px;vertical-align: baseline;color: #3399ff\" href=\"http:\/\/lattes.cnpq.br\/6310041149833315\" target=\"_blank\" rel=\"noopener\">D\u00dcRR MISSAU, L.<\/a><\/b><span style=\"color: #326c99;font-family: Tahoma, Geneva, sans-serif;font-size: 11px\">;<b> STORCH, Laura<\/b>. Inovac\u0327a\u0303o Aplicada a\u0300 Narrativa em A\u0301udio: Desenho de Interface para uma Plataforma de Podcasts Hipermi\u0301dia. In: Longhi, Raquel; Lovato, Anahi\u0301; Gifreu, Arnau. (Org.). Narrativas complexas. 1ed.Aveiro: Ria Editorial, 2020, v. 1, p. 229-250<\/span><b><br><\/b><\/p>\n<p><b>2019<\/b><\/p>\n<p><span style=\"color: #326c99;font-family: Tahoma, Geneva, sans-serif;font-size: 11px\">MARTINEZ, M. (Org.) ; SILVA, M. P. (Org.) ;&nbsp;<\/span><b style=\"background-image: none;background-position: 0px 0px;background-size: initial;background-attachment: scroll;border: 0px none;font-size: 11px;margin: 0px;padding: 0px;vertical-align: baseline;color: #326c99;font-family: Tahoma, Geneva, sans-serif\"><a style=\"background-image: none;background-position: 0px 0px;background-size: initial;background-attachment: scroll;border: 0px none;font-size: 11px;padding: 0px;vertical-align: baseline;color: #0066cc\" href=\"http:\/\/lattes.cnpq.br\/2030145751550956\" target=\"_blank\" rel=\"noopener\">STORCH, Laura<\/a><\/b><span style=\"color: #326c99;font-family: Tahoma, Geneva, sans-serif;font-size: 11px\">&nbsp;(Org.) . Pesquisa em Jornalismo: Dos conflitos em pauta aos conflitos do campo. 1. ed. Bras\u00edlia: SBPJor, 2019. 92p.<\/span><b><br><\/b><\/p>\n<p><b style=\"background-image: none;background-position: 0px 0px;background-size: initial;background-attachment: scroll;border: 0px none;font-size: 11px;margin: 0px;padding: 0px;vertical-align: baseline;color: #326c99;font-family: Tahoma, Geneva, sans-serif\"><a style=\"background-image: none;background-position: 0px 0px;background-size: initial;background-attachment: scroll;border: 0px none;font-size: 11px;padding: 0px;vertical-align: baseline;color: #0066cc\" href=\"http:\/\/lattes.cnpq.br\/2030145751550956\" target=\"_blank\" rel=\"noopener\">STORCH, Laura<\/a><\/b><span style=\"color: #326c99;font-family: Tahoma, Geneva, sans-serif;font-size: 11px\">. Outros jornalismos, ainda jornalismo: novos agentes do campo profissional e a institucionaliza\u00e7\u00e3o das incertezas. In: Daiane Scheid; Jones Machado; Patr\u00edcia M. P\u00e9rsigo. (Org.). Tend\u00eancias em Comunica\u00e7\u00e3o Organizacional: Temas emergentes no contexto das organiza\u00e7\u00f5es. 1ed.Santa Maria: Editora Facos &#8211; SM, 2019, v. , p. 182-197.<\/span><span style=\"color: #326c99;font-family: Tahoma, Geneva, sans-serif;font-size: 11px\"><br><\/span><\/p>\n<p><b>2018<\/b><\/p>\n<p><span style=\"color: #326c99;font-family: Tahoma, Geneva, sans-serif;font-size: 11px\">MARTINEZ, M. (Org.) ; LAGO, C. (Org.) ;&nbsp;<\/span><b style=\"background-image: none;background-position: 0px 0px;background-size: initial;background-attachment: scroll;border: 0px none;font-size: 11px;margin: 0px;padding: 0px;vertical-align: baseline;color: #326c99;font-family: Tahoma, Geneva, sans-serif\"><a style=\"background-image: none;background-position: 0px 0px;background-size: initial;background-attachment: scroll;border: 0px none;font-size: 11px;padding: 0px;vertical-align: baseline;color: #0066cc\" href=\"http:\/\/lattes.cnpq.br\/2030145751550956\" target=\"_blank\" rel=\"noopener\">STORCH, Laura<\/a><\/b><span style=\"color: #326c99;font-family: Tahoma, Geneva, sans-serif;font-size: 11px\">&nbsp;(Org.) . Direitos humanos e a pesquisa em jornalismo. 1. ed. S\u00e3o Jos\u00e9 do Rio Preto: Bal\u00e3o Editorial, 2018. v. 1. 196p.<\/span><b><br><\/b><\/p>\n<p><b>2015<\/b><\/p>\n<p><b style=\"background-image: none;background-position: 0px 0px;background-size: initial;background-attachment: scroll;border: 0px none;font-size: 11px;margin: 0px;padding: 0px;vertical-align: baseline;color: #326c99;font-family: Tahoma, Geneva, sans-serif\"><a style=\"background-image: none;background-position: 0px 0px;background-size: initial;background-attachment: scroll;border: 0px none;font-size: 11px;padding: 0px;vertical-align: baseline;color: #0066cc\" href=\"http:\/\/lattes.cnpq.br\/6310041149833315\" target=\"_blank\" rel=\"noopener\">DURR MISSAU, L.<\/a><\/b><span style=\"color: #326c99;font-family: Tahoma, Geneva, sans-serif;font-size: 11px\">. Periodismo en dispositivos m\u00f3viles: una contribuci\u00f3n para la movilidad urbana por medio del paradigma de la religancia. In: Irigaray, Fernando; Lovato, Anah\u00ed. (Org.). Producciones transmedia de no ficci\u00f3n. An\u00e1lisis, experiencias y tecnolog\u00edas. 1ed.Rosario, Argentina: Editorial de la Universidad Nacional de Rosario (UNR), 2015, v. , p. 91-99.<\/span><b><br><\/b><\/p>\n<p><b style=\"background-image: none;background-position: 0px 0px;background-size: initial;background-attachment: scroll;border: 0px none;font-size: 11px;margin: 0px;padding: 0px;vertical-align: baseline;color: #326c99;font-family: Tahoma, Geneva, sans-serif\"><a style=\"background-image: none;background-position: 0px 0px;background-size: initial;background-attachment: scroll;border: 0px none;font-size: 11px;padding: 0px;vertical-align: baseline;color: #3399ff\" href=\"http:\/\/lattes.cnpq.br\/2030145751550956\" target=\"_blank\" rel=\"noopener\">STORCH, Laura<\/a><\/b><span style=\"color: #326c99;font-family: Tahoma, Geneva, sans-serif;font-size: 11px\">; REGINATO, G. D. . A celebridade como personagem de Vogue: negocia\u00e7\u00f5es de sentido entre leitor imaginado e leitores reais do jornalismo. In: Simone Pereira de S\u00e1, Rodrigo Carreiro, Rogerio Ferraz. (Org.). Cultura pop. 1ed.Salvador\/Bras\u00edlia: EDUFBA\/Comp\u00f3s, 2015, v. 1, p. 165-186.<\/span><\/p>\n<p><span style=\"color: #326c99;font-family: Tahoma, Geneva, sans-serif;font-size: 11px\">RONSINI, V. V. M. ; BRIGNOL, Liliane ;&nbsp;<\/span><b style=\"background-image: none;background-position: 0px 0px;background-size: initial;background-attachment: scroll;border: 0px none;font-size: 11px;margin: 0px;padding: 0px;vertical-align: baseline;color: #326c99;font-family: Tahoma, Geneva, sans-serif\"><a style=\"background-image: none;background-position: 0px 0px;background-size: initial;background-attachment: scroll;border: 0px none;font-size: 11px;padding: 0px;vertical-align: baseline;color: #0066cc\" href=\"http:\/\/lattes.cnpq.br\/2030145751550956\" target=\"_blank\" rel=\"noopener\">STORCH, Laura<\/a><\/b><span style=\"color: #326c99;font-family: Tahoma, Geneva, sans-serif;font-size: 11px\">&nbsp;; MARQUES, Camila da Silva ; FOLLETO, Laura ; CORREA, Luiza Betat . Ativismo de f\u00e3s e disputas de sentidos de g\u00eanero nas intera\u00e7\u00f5es da audi\u00eancia de Em Fam\u00edlia nas redes sociais. In: Maria Immacolata Vassallo de Lopes. (Org.). Por uma teoria de f\u00e3s da fic\u00e7\u00e3o televisiva brasileira. 1ed.Porto Alegre: Editora Sulina, 2015, v. , p. 197-238.<\/span><span style=\"color: #326c99;font-family: Tahoma, Geneva, sans-serif;font-size: 11px\"><br><\/span><\/p>\n<ul style=\"font-size: 16px;color: #000000;list-style-type: circle\">\n<li><b>Artigos publicados<\/b><\/li>\n<\/ul>\n<div>\n<div style=\"font-size: 16px\"><span style=\"font-size: 16px;font-weight: bold\">2021<\/span><br><span style=\"font-size: 16px;font-weight: bold\"><br><\/span><\/div>\n<p><span style=\"font-size: 11px;font-weight: 700;font-family: Tahoma, Geneva, sans-serif;background-image: none;background-position: 0px 0px;background-size: initial;background-attachment: scroll;border: 0px none;margin: 0px;padding: 0px;vertical-align: baseline\"><a href=\"http:\/\/lattes.cnpq.br\/2030145751550956\" target=\"_blank\" rel=\"noopener\" style=\"font-size: 11px;background-image: none;background-position: 0px 0px;background-size: initial;background-attachment: scroll;border: 0px none;padding: 0px;vertical-align: baseline\">DURR MISSAU, Lu<\/a>cas<\/span><span style=\"font-size: 11px;font-family: Tahoma, Geneva, sans-serif\">. Communication and Mobility: M<\/span>obile-Mediated Displacement Experiences in Buenos Aires<font color=\"#326c99\" face=\"Tahoma, Geneva, sans-serif\"><span style=\"font-size: 11px\">. <\/span><\/font>Revista Lus\u00f3fona de Estudos Culturais\/ Lusophone Journal of Cultural Studies, v. 8, n. 1, p. 105-122, 2021.&nbsp;<\/p>\n<\/div>\n<div><b><br><\/b><\/div>\n<div><span style=\"font-weight: bold;color: #000000;font-size: 16px\">2019<\/span><\/div>\n<p><b style=\"background-image: none;background-position: 0px 0px;background-size: initial;background-attachment: scroll;border: 0px none;font-size: 11px;margin: 0px;padding: 0px;vertical-align: baseline;color: #326c99;font-family: Tahoma, Geneva, sans-serif\"><a style=\"background-image: none;background-position: 0px 0px;background-size: initial;background-attachment: scroll;border: 0px none;font-size: 11px;padding: 0px;vertical-align: baseline;color: #0066cc\" href=\"http:\/\/lattes.cnpq.br\/2030145751550956\" target=\"_blank\" rel=\"noopener\">STORCH, Laura<\/a><\/b><span style=\"color: #326c99;font-family: Tahoma, Geneva, sans-serif;font-size: 11px\">; FEIL, B. E. M. . Jornalismo Automatizado e imparcialidade: uma an\u00e1lise das not\u00edcias da startup Knowhere. In: 17\u00ba Encontro Nacional de Pesquisadores em Jornalismo, 2019, Goi\u00e1s. Anais do 17\u00ba Encontro Nacional de Pesquisadores em Jornalismo. Bras\u00edlia: SBPJor, 2019.<\/span><\/p>\n<div><span style=\"font-weight: bold;color: #000000;font-size: 16px\">2018<\/span><span style=\"font-weight: bold;color: #000000;font-size: 16px\"><br><\/span><span style=\"font-weight: bold;color: #000000;font-size: 16px\"><br><\/span><\/div>\n<div><span style=\"color: #326c99;font-family: Tahoma, Geneva, sans-serif;font-size: 11px\">STORCH, Laura ;&nbsp;<\/span><b style=\"background-image: none;background-position: 0px 0px;background-size: initial;background-attachment: scroll;border: 0px none;font-size: 11px;margin: 0px;padding: 0px;vertical-align: baseline;color: #326c99;font-family: Tahoma, Geneva, sans-serif\"><a style=\"background-image: none;background-position: 0px 0px;background-size: initial;background-attachment: scroll;border: 0px none;font-size: 11px;padding: 0px;vertical-align: baseline;color: #0066cc\" href=\"http:\/\/lattes.cnpq.br\/6310041149833315\" target=\"_blank\" rel=\"noopener\">MISSAU, L. D.<\/a><\/b><span style=\"color: #326c99;font-family: Tahoma, Geneva, sans-serif;font-size: 11px\">&nbsp;; ROMERO, L. M. ; CACERES, S. . Mit\u00f4metro: a constru\u00e7\u00e3o de um m\u00e9todo de checagem em ambiente de aprendizado. REBEJ (BRAS\u00cdLIA)<\/span><span style=\"color: #326c99;font-family: Tahoma, Geneva, sans-serif;font-size: 11px\">, v. 8, p. 69-86, 2018.<\/span><span style=\"font-weight: bold;color: #000000;font-size: 16px\"><br><\/span><\/div>\n<div><span style=\"color: #326c99;font-family: Tahoma, Geneva, sans-serif;font-size: 11px\">&nbsp;<\/span><\/div>\n<div><span style=\"color: #000000;font-size: 16px;font-weight: bold\">2017<\/span><\/div>\n<div><span style=\"color: #000000;font-size: 16px;font-weight: bold\">&nbsp;<\/span><\/div>\n<p><b style=\"background-image: none;background-position: 0px 0px;background-size: initial;background-attachment: scroll;border: 0px none;font-size: 11px;margin: 0px;padding: 0px;vertical-align: baseline;color: #326c99;font-family: Tahoma, Geneva, sans-serif\"><a style=\"background-image: none;background-position: 0px 0px;background-size: initial;background-attachment: scroll;border: 0px none;font-size: 11px;padding: 0px;vertical-align: baseline;color: #3399ff\" href=\"http:\/\/lattes.cnpq.br\/2030145751550956\" target=\"_blank\" rel=\"noopener\">STORCH, Laura<\/a><\/b><span style=\"color: #326c99;font-family: Tahoma, Geneva, sans-serif;font-size: 11px\">. Bases de Dados como paradigma no Jornalismo: apontamentos preliminares para uma compreens\u00e3o discursiva. In: XV Encontro Nacional de Pesquisadores em Jornalismo, 2017, S\u00e3o Paulo. Anais do XV Encontro Nacional de Pesquisadores em Jornalismo, 2017.<\/span><\/p>\n<div><span style=\"color: #000000;font-size: 16px;font-weight: bold\">2016<\/span><\/div>\n<div><span style=\"color: #000000;font-size: 16px;font-weight: bold\">&nbsp;<\/span><\/div>\n<div><b style=\"background-image: none;background-position: 0px 0px;background-size: initial;background-attachment: scroll;border: 0px none;font-size: 11px;margin: 0px;padding: 0px;vertical-align: baseline;color: #326c99;font-family: Tahoma, Geneva, sans-serif\"><a style=\"background-image: none;background-position: 0px 0px;background-size: initial;background-attachment: scroll;border: 0px none;font-size: 11px;padding: 0px;vertical-align: baseline;color: #0066cc\" href=\"http:\/\/lattes.cnpq.br\/6310041149833315\" target=\"_blank\" rel=\"noopener\">D\u00dcRR MISSAU, L.<\/a><\/b><span style=\"color: #326c99;font-family: Tahoma, Geneva, sans-serif;font-size: 11px\">. Mujeres en venta (2015) y (des)Iguales (2015-2016): un an\u00e1lisis cr\u00edtico de dos propuestas de documentales transmedia. Doc On-Line: revista digital de cinema documentario<\/span><span style=\"color: #326c99;font-family: Tahoma, Geneva, sans-serif;font-size: 11px\">, v. 19, p. 171-186, 2016.<\/span><span style=\"color: #000000;font-size: 16px;font-weight: bold\"><br><\/span><br><b style=\"background-image: none;background-position: 0px 0px;background-size: initial;background-attachment: scroll;border: 0px none;font-size: 11px;margin: 0px;padding: 0px;vertical-align: baseline;color: #326c99;font-family: Tahoma, Geneva, sans-serif\"><a style=\"background-image: none;background-position: 0px 0px;background-size: initial;background-attachment: scroll;border: 0px none;font-size: 11px;padding: 0px;vertical-align: baseline;color: #3399ff\" href=\"http:\/\/lattes.cnpq.br\/6310041149833315\" target=\"_blank\" rel=\"noopener\">D\u00dcRR MISSAU, L.<\/a><\/b><span style=\"color: #326c99;font-family: Tahoma, Geneva, sans-serif;font-size: 11px\">. Comunicaci\u00f3n y movilidad urbana: de rutas a encuentros, de (hiper)medios a (hiper)mediaciones. REVCOM &#8211; Revista cient\u00edfica de la Red de Carreras de Comunicaci\u00f3n Social<\/span><span style=\"color: #326c99;font-family: Tahoma, Geneva, sans-serif;font-size: 11px\">, v. 3, p. 99-109, 2016.<\/span><br><span style=\"color: #326c99;font-family: Tahoma, Geneva, sans-serif;font-size: 11px\"><br><\/span><\/div>\n<div><span style=\"color: #000000;font-size: 16px;font-weight: bold\">2015<\/span><span style=\"color: #326c99;font-family: Tahoma, Geneva, sans-serif;font-size: 11px\"><br><\/span><\/div>\n<p><\/p>\n<p><b style=\"background-image: none;background-position: 0px 0px;background-size: initial;background-attachment: scroll;border: 0px none;font-size: 11px;margin: 0px;padding: 0px;vertical-align: baseline;color: #326c99;font-family: Tahoma, Geneva, sans-serif\"><a style=\"background-image: none;background-position: 0px 0px;background-size: initial;background-attachment: scroll;border: 0px none;font-size: 11px;padding: 0px;vertical-align: baseline;color: #0066cc\" href=\"http:\/\/lattes.cnpq.br\/2030145751550956\" target=\"_blank\" rel=\"noopener\">STORCH, Laura<\/a><\/b><span style=\"color: #326c99;font-family: Tahoma, Geneva, sans-serif;font-size: 11px\">. Com quem a Folha fala sobre que a Folha pensa:o leitor imaginado no jornalismo a partir da \u201cpublicidade de si\u201d. In: XIII Encontro Nacional de Pesquisadores em Jornalismo, 2015, Campo Grande. Anais do XIII Encontro Nacional de Pesquisadores em Jornalismo, 2015.<\/span><\/p>\n<p><b style=\"font-family: Tahoma, Geneva, sans-serif;color: #326c99;font-size: 11px;background-image: none;background-position: 0px 0px;background-size: initial;background-attachment: scroll;border: 0px none;margin: 0px;padding: 0px;vertical-align: baseline\"><a style=\"background-image: none;background-position: 0px 0px;background-size: initial;background-attachment: scroll;border: 0px none;font-size: 11px;padding: 0px;vertical-align: baseline;color: #3399ff\" href=\"http:\/\/lattes.cnpq.br\/2030145751550956\" target=\"_blank\" rel=\"noopener\">STORCH, Laura<\/a><\/b><span style=\"font-family: Tahoma, Geneva, sans-serif;color: #326c99;font-size: 11px\">; ELMAN, D. . Segmenta\u00e7\u00e3o editorial nas revistas de moda: a constru\u00e7\u00e3o do leitor imaginado do jornalismo na publicidade de Estilo e Elle. L\u00edbero (FACASPER)<\/span><span style=\"font-family: Tahoma, Geneva, sans-serif;color: #326c99;font-size: 11px\">, v. 18, p. 145-154, 2015.<\/span><\/p>\n<div><b style=\"background-image: none;background-position: 0px 0px;background-size: initial;background-attachment: scroll;border: 0px none;font-size: 11px;margin: 0px;padding: 0px;vertical-align: baseline;color: #326c99;font-family: Tahoma, Geneva, sans-serif\"><a style=\"background-image: none;background-position: 0px 0px;background-size: initial;background-attachment: scroll;border: 0px none;font-size: 11px;padding: 0px;vertical-align: baseline;color: #0066cc\" href=\"http:\/\/lattes.cnpq.br\/6310041149833315\" target=\"_blank\" rel=\"noopener\">D\u00dcRR MISSAU, L.<\/a><\/b><span style=\"color: #326c99;font-family: Tahoma, Geneva, sans-serif;font-size: 11px\">. Comunica\u00e7\u00e3o e mobilidade urbana: propostas de conte\u00fado informativo e jornal\u00edstico para dispositivos m\u00f3veis em Buenos Aires, Argentina. In: III Jornada de Pesquisas sobre Tecnologias Comunicacionais Contempor\u00e2neas, 2015, Porto Alegre. III Jornada de Pesquisas sobre Tecnologias Comunicacionais Contempor\u00e2neas, 2015.<\/span><span style=\"color: #326c99;font-family: Tahoma, Geneva, sans-serif;font-size: 11px\"><br><\/span><br><span style=\"color: #326c99;font-family: Tahoma, Geneva, sans-serif;font-size: 11px\"><b>2014<\/b><\/span><br><span style=\"color: #326c99;font-family: Tahoma, Geneva, sans-serif;font-size: 11px\"><b><br><\/b><\/span><\/div>\n<p><b style=\"background-image: none;background-position: 0px 0px;background-size: initial;background-attachment: scroll;border: 0px none;font-size: 11px;margin: 0px;padding: 0px;vertical-align: baseline;color: #326c99;font-family: Tahoma, Geneva, sans-serif\"><a style=\"background-image: none;background-position: 0px 0px;background-size: initial;background-attachment: scroll;border: 0px none;font-size: 11px;padding: 0px;vertical-align: baseline;color: #0066cc\" href=\"http:\/\/lattes.cnpq.br\/2030145751550956\" target=\"_blank\" rel=\"noopener\">STORCH, Laura<\/a><\/b><span style=\"color: #326c99;font-family: Tahoma, Geneva, sans-serif;font-size: 11px\">; FONTANA, Mariana C. . A mulher na revista Playboy: o feminino como personagem na revista e as marcas do leitor imaginado. In: XV Congresso de Ci\u00eancias da Comunica\u00e7\u00e3o na Regi\u00e3o Sul, 2014, Palho\u00e7a\/SC. Anais do XV Congresso de Ci\u00eancias da Comunica\u00e7\u00e3o na Regi\u00e3o Sul. Palho\u00e7a\/SC: Unisul, 2014.<\/span><\/p>\n<p><b style=\"background-image: none;background-position: 0px 0px;background-size: initial;background-attachment: scroll;border: 0px none;font-size: 11px;margin: 0px;padding: 0px;vertical-align: baseline;color: #326c99;font-family: Tahoma, Geneva, sans-serif\"><a style=\"background-image: none;background-position: 0px 0px;background-size: initial;background-attachment: scroll;border: 0px none;font-size: 11px;padding: 0px;vertical-align: baseline;color: #0066cc\" title=\"Clique para visualizar o curr\u00edculo\" href=\"http:\/\/lattes.cnpq.br\/2030145751550956\" target=\"_blank\" rel=\"noopener\">STORCH, Laura<\/a><\/b><span style=\"color: #326c99;font-family: Tahoma, Geneva, sans-serif;font-size: 11px\">; REGINATO, G. D. . O leitor imaginado e o leitor real de Vogue: negocia\u00e7\u00f5es sobre Valesca Popozuda como personagem da revista. In: XII Encontro Nacional de Pesquisadores em Jornalismo, 2014, Santa Cruz do Sul. Anais do XII Encontro Nacional de Pesquisadores em Jornalismo, 2014.<\/span><\/p>\t\t\t\t\t\t<\/div>\n\t\t\t\t<\/div>\n\t\t\t\t\t<\/div>\n\t\t<\/div>\n\t\t\t\t\t<\/div>\n\t\t<\/section>\n\t\t\t\t<\/div>\n\t\t","protected":false},"excerpt":{"rendered":"<p>Livros e cap\u00edtulos de livros 2020 D\u00dcRR MISSAU, L.; STORCH, Laura. Inovac\u0327a\u0303o Aplicada a\u0300 Narrativa em A\u0301udio: Desenho de Interface para uma Plataforma de Podcasts Hipermi\u0301dia. In: Longhi, Raquel; Lovato, Anahi\u0301; Gifreu, Arnau. (Org.). Narrativas complexas. 1ed.Aveiro: Ria Editorial, 2020, v. 1, p. 229-250 2019 MARTINEZ, M. (Org.) ; SILVA, M. P. (Org.) ;&nbsp;STORCH, Laura&nbsp;(Org.) [&hellip;]<\/p>\n","protected":false},"author":3581,"featured_media":0,"parent":0,"menu_order":0,"comment_status":"closed","ping_status":"closed","template":"","meta":{"episode_type":"","audio_file":"","cover_image":"","cover_image_id":"","duration":"","filesize":"","date_recorded":"","explicit":"","block":"","filesize_raw":"","footnotes":""},"categories":[],"tags":[],"class_list":["post-3260","page","type-page","status-publish","hentry"],"acf":[],"_links":{"self":[{"href":"https:\/\/www.ufsm.br\/laboratorios\/lex\/wp-json\/wp\/v2\/pages\/3260","targetHints":{"allow":["GET"]}}],"collection":[{"href":"https:\/\/www.ufsm.br\/laboratorios\/lex\/wp-json\/wp\/v2\/pages"}],"about":[{"href":"https:\/\/www.ufsm.br\/laboratorios\/lex\/wp-json\/wp\/v2\/types\/page"}],"author":[{"embeddable":true,"href":"https:\/\/www.ufsm.br\/laboratorios\/lex\/wp-json\/wp\/v2\/users\/3581"}],"replies":[{"embeddable":true,"href":"https:\/\/www.ufsm.br\/laboratorios\/lex\/wp-json\/wp\/v2\/comments?post=3260"}],"version-history":[{"count":0,"href":"https:\/\/www.ufsm.br\/laboratorios\/lex\/wp-json\/wp\/v2\/pages\/3260\/revisions"}],"wp:attachment":[{"href":"https:\/\/www.ufsm.br\/laboratorios\/lex\/wp-json\/wp\/v2\/media?parent=3260"}],"wp:term":[{"taxonomy":"category","embeddable":true,"href":"https:\/\/www.ufsm.br\/laboratorios\/lex\/wp-json\/wp\/v2\/categories?post=3260"},{"taxonomy":"post_tag","embeddable":true,"href":"https:\/\/www.ufsm.br\/laboratorios\/lex\/wp-json\/wp\/v2\/tags?post=3260"}],"curies":[{"name":"wp","href":"https:\/\/api.w.org\/{rel}","templated":true}]}}