{"id":3261,"date":"2020-11-10T20:57:17","date_gmt":"2020-11-10T23:57:17","guid":{"rendered":"https:\/\/www.ufsm.br\/laboratorios\/lex\/?page_id=3261"},"modified":"2021-04-26T15:44:06","modified_gmt":"2021-04-26T18:44:06","slug":"pesquisa","status":"publish","type":"page","link":"https:\/\/www.ufsm.br\/laboratorios\/lex\/pesquisa","title":{"rendered":"Pesquisa"},"content":{"rendered":"\n<p>Atualmente, trabalhamos nos seguintes projetos de pesquisa:<\/p>\n<ul>\n<li><strong>Comunica\u00e7\u00e3o e Inova\u00e7\u00e3o: contribui\u00e7\u00f5es epistemol\u00f3gicas das Ci\u00eancias Sociais para a constitui\u00e7\u00e3o de um campo de pesquisa aplicada em Jornalismo<\/strong><\/li>\n<\/ul>\n<div class=\"layout-cell layout-cell-3 text-align-right\">\n<div class=\"layout-cell-pad-5 text-align-right\"><span style=\"font-family: -apple-system, BlinkMacSystemFont, 'Segoe UI', Roboto, Oxygen-Sans, Ubuntu, Cantarell, 'Helvetica Neue', sans-serif\">Esta pesquisa tem como objetivo central o estudo da no\u00e7\u00e3o de inova\u00e7\u00e3o aplicada ao contexto da Comunica\u00e7\u00e3o. Tomando o Jornalismo como objeto particular, discutimos a necessidade de constru\u00e7\u00e3o de um campo de pesquisa aplicada, com especial repercuss\u00e3o em processos metodol\u00f3gicos e programas de forma\u00e7\u00e3o profissional. O v\u00ednculo entre academia e mercado \u00e9 tensionado a partir do debate te\u00f3rico das Ci\u00eancias Sociais, visto que compreendemos que este campo t\u00eam papel fundamental no desenvolvimento de uma agenda de pesquisa aplicada, podendo colaborar na consolida\u00e7\u00e3o de \u00edndices e par\u00e2metros para a inova\u00e7\u00e3o com foco em uma matriz normativa, de um dever-ser socialmente constru\u00eddo referente \u00e0 Comunica\u00e7\u00e3o. Neste sentido, buscamos o aporte dos communication innovation studies (CIS), que tem como fundamento a compreens\u00e3o de que o campo da Comunica\u00e7\u00e3o se estrutura historicamente a partir de um conjunto de valores vinculados ao esp\u00edrito democr\u00e1tico. A inova\u00e7\u00e3o, retirada de uma perspectiva essencialista que a vincula ao desenvolvimento tecnol\u00f3gico e ao rendimento econ\u00f4mico, recobre tamb\u00e9m as condi\u00e7\u00f5es sociais de seu desenvolvimento e os recursos s\u00f3cio-culturais de sua assimila\u00e7\u00e3o na cultura organizacional e na esfera p\u00fablica.<\/span><\/div>\n<\/div>\n<div class=\"layout-cell layout-cell-9\">\n<div class=\"layout-cell-pad-5\">Coordenador: Laura Strelow Storch<\/div>\n<div>\u00a0<\/div>\n<\/div>\n<ul>\n<li><strong>Comunica\u00e7\u00e3o e mobilidade urbana: estudo da experi\u00eancia cotidiana de deslocamento mediada por dispositivos m\u00f3veis<\/strong><\/li>\n<\/ul>\n<p>Esta pesquisa prop\u00f5e uma reflex\u00e3o sobre as contribui\u00e7\u00f5es da comunica\u00e7\u00e3o m\u00f3vel e do jornalismo para a mobilidade urbana. Nosso objetivo \u00e9 pensar como o conte\u00fado informativo produzido para dispositivos m\u00f3veis pode contribuir para uma experi\u00eancia cotidiana equitativa e eficiente de mobilidade urbana nas cidades de Santa Maria-RS, Porto Alegre-RS e Buenos Aires-ARG.\u00a0<br class=\"clear\" \/>Coordenador: Lucas Durr Missau\u00a0<\/p>\n<ul>\n<li><strong>Jornalismo e narrativa transm\u00eddia: as potencialidades de inova\u00e7\u00e3o na modelagem de conte\u00fado informativo<\/strong><\/li>\n<\/ul>\n<p>O projeto pretende investigar as perspectivas te\u00f3ricas sobre narrativa transm\u00eddia, o processo de produ\u00e7\u00e3o de conte\u00fados em m\u00faltiplas plataformas e a modelagem de produtos experimentais em m\u00faltiplas plataformas a partir da perspectiva do Jornalismo. A inova\u00e7\u00e3o narrativa no Jornalismo, para que seja consistente e agregue valor informativo, est\u00e9tico e de leiturabilidade, precisa reconhecer as particularidades da produ\u00e7\u00e3o jornal\u00edstica: na configura\u00e7\u00e3o dos acontecimentos jornal\u00edsticos, nas rotinas de trabalho e nas demandas por especializa\u00e7\u00e3o t\u00e9cnica, nos modos de consumo e participa\u00e7\u00e3o das audi\u00eancias, entre outros.\u00a0<br class=\"clear\" \/>Coordenadores: Laura Strelow Storch e Lucas Durr Missau<\/p>\n","protected":false},"excerpt":{"rendered":"<p>Atualmente, trabalhamos nos seguintes projetos de pesquisa: Comunica\u00e7\u00e3o e Inova\u00e7\u00e3o: contribui\u00e7\u00f5es epistemol\u00f3gicas das Ci\u00eancias Sociais para a constitui\u00e7\u00e3o de um campo de pesquisa aplicada em Jornalismo Esta pesquisa tem como objetivo central o estudo da no\u00e7\u00e3o de inova\u00e7\u00e3o aplicada ao contexto da Comunica\u00e7\u00e3o. Tomando o Jornalismo como objeto particular, discutimos a necessidade de constru\u00e7\u00e3o de [&hellip;]<\/p>\n","protected":false},"author":3581,"featured_media":0,"parent":0,"menu_order":0,"comment_status":"closed","ping_status":"closed","template":"","meta":{"episode_type":"","audio_file":"","cover_image":"","cover_image_id":"","duration":"","filesize":"","date_recorded":"","explicit":"","block":"","filesize_raw":"","footnotes":""},"categories":[],"tags":[],"class_list":["post-3261","page","type-page","status-publish","hentry"],"acf":[],"_links":{"self":[{"href":"https:\/\/www.ufsm.br\/laboratorios\/lex\/wp-json\/wp\/v2\/pages\/3261","targetHints":{"allow":["GET"]}}],"collection":[{"href":"https:\/\/www.ufsm.br\/laboratorios\/lex\/wp-json\/wp\/v2\/pages"}],"about":[{"href":"https:\/\/www.ufsm.br\/laboratorios\/lex\/wp-json\/wp\/v2\/types\/page"}],"author":[{"embeddable":true,"href":"https:\/\/www.ufsm.br\/laboratorios\/lex\/wp-json\/wp\/v2\/users\/3581"}],"replies":[{"embeddable":true,"href":"https:\/\/www.ufsm.br\/laboratorios\/lex\/wp-json\/wp\/v2\/comments?post=3261"}],"version-history":[{"count":0,"href":"https:\/\/www.ufsm.br\/laboratorios\/lex\/wp-json\/wp\/v2\/pages\/3261\/revisions"}],"wp:attachment":[{"href":"https:\/\/www.ufsm.br\/laboratorios\/lex\/wp-json\/wp\/v2\/media?parent=3261"}],"wp:term":[{"taxonomy":"category","embeddable":true,"href":"https:\/\/www.ufsm.br\/laboratorios\/lex\/wp-json\/wp\/v2\/categories?post=3261"},{"taxonomy":"post_tag","embeddable":true,"href":"https:\/\/www.ufsm.br\/laboratorios\/lex\/wp-json\/wp\/v2\/tags?post=3261"}],"curies":[{"name":"wp","href":"https:\/\/api.w.org\/{rel}","templated":true}]}}