{"id":226,"date":"2022-04-04T16:36:36","date_gmt":"2022-04-04T19:36:36","guid":{"rendered":"https:\/\/www.ufsm.br\/laboratorios\/lgsr\/?page_id=226"},"modified":"2022-04-08T08:16:13","modified_gmt":"2022-04-08T11:16:13","slug":"palestra-uea","status":"publish","type":"page","link":"https:\/\/www.ufsm.br\/laboratorios\/lgsr\/palestra-uea","title":{"rendered":"Palestra UEA"},"content":{"rendered":"\t\t<div data-elementor-type=\"wp-page\" data-elementor-id=\"226\" class=\"elementor elementor-226\">\n\t\t\t\t\t\t<section class=\"elementor-section elementor-top-section elementor-element elementor-element-1bd2a234 elementor-section-boxed elementor-section-height-default elementor-section-height-default\" data-id=\"1bd2a234\" data-element_type=\"section\">\n\t\t\t\t\t\t<div class=\"elementor-container elementor-column-gap-default\">\n\t\t\t\t\t<div class=\"elementor-column elementor-col-100 elementor-top-column elementor-element elementor-element-15fc0963\" data-id=\"15fc0963\" data-element_type=\"column\">\n\t\t\t<div class=\"elementor-widget-wrap elementor-element-populated\">\n\t\t\t\t\t\t<div class=\"elementor-element elementor-element-7664ba8c elementor-widget elementor-widget-text-editor\" data-id=\"7664ba8c\" data-element_type=\"widget\" data-widget_type=\"text-editor.default\">\n\t\t\t\t<div class=\"elementor-widget-container\">\n\t\t\t\t\t\t\t<p>\u00a0<\/p>\n<p><!-- wp:tadv\/classic-paragraph --><\/p>\n<p><a href=\"https:\/\/www.ufsm.br\/app\/uploads\/sites\/664\/2022\/04\/Importancia-das-geotecnologias-na-formacao-academica-3.pdf\">Breunig, F.M. <strong>Import\u00e2ncia das geotecnologias na forma\u00e7\u00e3o acad\u00eamica.<\/strong> Frederico Westphalen, RS: UFSM\/LGSR. dispon\u00edvel em: https:\/\/www.ufsm.br\/app\/uploads\/sites\/664\/2022\/04\/Importancia-das-geotecnologias-na-formacao-academica.pdf.\u00a0<\/a><\/p>\n<p><!-- \/wp:tadv\/classic-paragraph --><\/p>\t\t\t\t\t\t<\/div>\n\t\t\t\t<\/div>\n\t\t\t\t\t<\/div>\n\t\t<\/div>\n\t\t\t\t\t<\/div>\n\t\t<\/section>\n\t\t\t\t<\/div>\n\t\t","protected":false},"excerpt":{"rendered":"<p>\u00a0 Breunig, F.M. Import\u00e2ncia das geotecnologias na forma\u00e7\u00e3o acad\u00eamica. Frederico Westphalen, RS: UFSM\/LGSR. dispon\u00edvel em: https:\/\/www.ufsm.br\/app\/uploads\/sites\/664\/2022\/04\/Importancia-das-geotecnologias-na-formacao-academica.pdf.\u00a0<\/p>\n","protected":false},"author":3637,"featured_media":0,"parent":0,"menu_order":0,"comment_status":"closed","ping_status":"closed","template":"","meta":{"footnotes":""},"categories":[],"tags":[],"class_list":["post-226","page","type-page","status-publish","hentry"],"acf":[],"_links":{"self":[{"href":"https:\/\/www.ufsm.br\/laboratorios\/lgsr\/wp-json\/wp\/v2\/pages\/226","targetHints":{"allow":["GET"]}}],"collection":[{"href":"https:\/\/www.ufsm.br\/laboratorios\/lgsr\/wp-json\/wp\/v2\/pages"}],"about":[{"href":"https:\/\/www.ufsm.br\/laboratorios\/lgsr\/wp-json\/wp\/v2\/types\/page"}],"author":[{"embeddable":true,"href":"https:\/\/www.ufsm.br\/laboratorios\/lgsr\/wp-json\/wp\/v2\/users\/3637"}],"replies":[{"embeddable":true,"href":"https:\/\/www.ufsm.br\/laboratorios\/lgsr\/wp-json\/wp\/v2\/comments?post=226"}],"version-history":[{"count":0,"href":"https:\/\/www.ufsm.br\/laboratorios\/lgsr\/wp-json\/wp\/v2\/pages\/226\/revisions"}],"wp:attachment":[{"href":"https:\/\/www.ufsm.br\/laboratorios\/lgsr\/wp-json\/wp\/v2\/media?parent=226"}],"wp:term":[{"taxonomy":"category","embeddable":true,"href":"https:\/\/www.ufsm.br\/laboratorios\/lgsr\/wp-json\/wp\/v2\/categories?post=226"},{"taxonomy":"post_tag","embeddable":true,"href":"https:\/\/www.ufsm.br\/laboratorios\/lgsr\/wp-json\/wp\/v2\/tags?post=226"}],"curies":[{"name":"wp","href":"https:\/\/api.w.org\/{rel}","templated":true}]}}