{"id":232,"date":"2022-04-18T18:33:07","date_gmt":"2022-04-18T21:33:07","guid":{"rendered":"https:\/\/www.ufsm.br\/laboratorios\/lgsr\/?page_id=232"},"modified":"2022-04-18T18:33:08","modified_gmt":"2022-04-18T21:33:08","slug":"aulas","status":"publish","type":"page","link":"https:\/\/www.ufsm.br\/laboratorios\/lgsr\/aulas","title":{"rendered":"Aulas"},"content":{"rendered":"\n<p>Est\u00e1 p\u00e1gina concentra as atividades de doc\u00eancia de alguns professores e pesquisadores vinculados ao LGSR.<\/p>\n<p>\u00a0<\/p>\n","protected":false},"excerpt":{"rendered":"<p>Est\u00e1 p\u00e1gina concentra as atividades de doc\u00eancia de alguns professores e pesquisadores vinculados ao LGSR. \u00a0<\/p>\n","protected":false},"author":3637,"featured_media":0,"parent":0,"menu_order":0,"comment_status":"closed","ping_status":"closed","template":"","meta":{"footnotes":""},"categories":[],"tags":[],"class_list":["post-232","page","type-page","status-publish","hentry"],"acf":[],"_links":{"self":[{"href":"https:\/\/www.ufsm.br\/laboratorios\/lgsr\/wp-json\/wp\/v2\/pages\/232","targetHints":{"allow":["GET"]}}],"collection":[{"href":"https:\/\/www.ufsm.br\/laboratorios\/lgsr\/wp-json\/wp\/v2\/pages"}],"about":[{"href":"https:\/\/www.ufsm.br\/laboratorios\/lgsr\/wp-json\/wp\/v2\/types\/page"}],"author":[{"embeddable":true,"href":"https:\/\/www.ufsm.br\/laboratorios\/lgsr\/wp-json\/wp\/v2\/users\/3637"}],"replies":[{"embeddable":true,"href":"https:\/\/www.ufsm.br\/laboratorios\/lgsr\/wp-json\/wp\/v2\/comments?post=232"}],"version-history":[{"count":0,"href":"https:\/\/www.ufsm.br\/laboratorios\/lgsr\/wp-json\/wp\/v2\/pages\/232\/revisions"}],"wp:attachment":[{"href":"https:\/\/www.ufsm.br\/laboratorios\/lgsr\/wp-json\/wp\/v2\/media?parent=232"}],"wp:term":[{"taxonomy":"category","embeddable":true,"href":"https:\/\/www.ufsm.br\/laboratorios\/lgsr\/wp-json\/wp\/v2\/categories?post=232"},{"taxonomy":"post_tag","embeddable":true,"href":"https:\/\/www.ufsm.br\/laboratorios\/lgsr\/wp-json\/wp\/v2\/tags?post=232"}],"curies":[{"name":"wp","href":"https:\/\/api.w.org\/{rel}","templated":true}]}}